{"id":4616,"date":"2024-03-12T10:43:44","date_gmt":"2024-03-12T10:43:44","guid":{"rendered":"https:\/\/www.worldmeetings.com\/?page_id=4616"},"modified":"2024-03-12T10:45:56","modified_gmt":"2024-03-12T10:45:56","slug":"hoe-krijgt-mijn-locatie-aanvragen-binnen","status":"publish","type":"page","link":"https:\/\/www.worldmeetings.com\/fr\/over-ons\/faq\/hoe-krijgt-mijn-locatie-aanvragen-binnen\/","title":{"rendered":"Comment mon \u00e9tablissement re\u00e7oit-il les candidatures ?"},"content":{"rendered":"<div data-elementor-type=\"wp-page\" data-elementor-id=\"4616\" class=\"elementor elementor-4616\" data-elementor-post-type=\"page\">\n\t\t\t\t<div class=\"elementor-element elementor-element-4a70a6ac e-con-full e-flex e-con e-parent\" data-id=\"4a70a6ac\" data-element_type=\"container\" data-e-type=\"container\" data-settings=\"{&quot;background_background&quot;:&quot;classic&quot;,&quot;jet_parallax_layout_list&quot;:[]}\">\n\t\t<div class=\"elementor-element elementor-element-6c88f910 e-con-full e-flex e-con e-child\" data-id=\"6c88f910\" data-element_type=\"container\" data-e-type=\"container\" data-settings=\"{&quot;background_background&quot;:&quot;classic&quot;,&quot;jet_parallax_layout_list&quot;:[]}\">\n\t\t<div class=\"elementor-element elementor-element-7efc6414 e-flex e-con-boxed e-con e-child\" data-id=\"7efc6414\" data-element_type=\"container\" data-e-type=\"container\" data-settings=\"{&quot;jet_parallax_layout_list&quot;:[]}\">\n\t\t\t\t\t<div class=\"e-con-inner\">\n\t\t\t\t\t<\/div>\n\t\t\t\t<\/div>\n\t\t\t\t<div class=\"elementor-element elementor-element-8e0d1d8 elementor-widget elementor-widget-heading\" data-id=\"8e0d1d8\" data-element_type=\"widget\" data-e-type=\"widget\" data-widget_type=\"heading.default\">\n\t\t\t\t<div class=\"elementor-widget-container\">\n\t\t\t\t\t<h1 class=\"elementor-heading-title elementor-size-default\">Comment mon lieu d'habitation devient-il <br><br><br><br><strong>dans ?<\/strong><\/h1>\t\t\t\t<\/div>\n\t\t\t\t<\/div>\n\t\t\t\t<\/div>\n\t\t\t\t<\/div>\n\t\t<div class=\"elementor-element elementor-element-c6bdb52 e-flex e-con-boxed elementor-invisible e-con e-parent\" data-id=\"c6bdb52\" data-element_type=\"container\" data-e-type=\"container\" data-settings=\"{&quot;jet_parallax_layout_list&quot;:[],&quot;background_background&quot;:&quot;classic&quot;,&quot;animation&quot;:&quot;fadeInUp&quot;}\">\n\t\t\t\t\t<div class=\"e-con-inner\">\n\t\t<div class=\"elementor-element elementor-element-250ac5aa e-con-full e-flex e-con e-child\" data-id=\"250ac5aa\" data-element_type=\"container\" data-e-type=\"container\" data-settings=\"{&quot;jet_parallax_layout_list&quot;:[]}\">\n\t\t\t\t<div class=\"elementor-element elementor-element-66061ad4 elementor-widget elementor-widget-heading\" data-id=\"66061ad4\" data-element_type=\"widget\" data-e-type=\"widget\" data-widget_type=\"heading.default\">\n\t\t\t\t<div class=\"elementor-widget-container\">\n\t\t\t\t\t<h2 class=\"elementor-heading-title elementor-size-default\">C'est ainsi que votre site re\u00e7oit les candidatures :<\/h2>\t\t\t\t<\/div>\n\t\t\t\t<\/div>\n\t\t\t\t<div class=\"elementor-element elementor-element-1954025d elementor-widget elementor-widget-text-editor\" data-id=\"1954025d\" data-element_type=\"widget\" data-e-type=\"widget\" data-widget_type=\"text-editor.default\">\n\t\t\t\t<div class=\"elementor-widget-container\">\n\t\t\t\t\t\t\t\t\t<p>En tant que lieu de r\u00e9union, vous recevrez des demandes d'h\u00e9bergement \u00e0 l'h\u00f4tel, de r\u00e9unions d'une journ\u00e9e, de r\u00e9unions de plusieurs jours et de r\u00e9unions de plusieurs jours avec h\u00e9bergement \u00e0 l'h\u00f4tel. Pour chaque type de demande, nous expliquons comment traiter la demande.<\/p><h3>Demande de nuit\u00e9e<\/h3><p>Vous avez un gestionnaire de canal li\u00e9 \u00e0 nous ? Dans ce cas, vous n'\u00eates pas concern\u00e9. Sauf s'il s'agit d'une demande de groupe ou si votre gestionnaire de canal est proche, auquel cas vous recevrez quand m\u00eame un eBird.<\/p><p>Nous expliquons en 4 \u00e9tapes comment traiter la demande de nuit\u00e9e.<\/p><ol><li>Cliquez sur le lien dans le courrier<\/li><li>Se connecter \u00e0 l'espace <a href=\"https:\/\/cms.worldmeetings.com\/accommodationtool\/dispatcher\/LoginAction\">Outil CMS<\/a> et cliquez sur l'ouverture d'eBird.<\/li><li>Ouvrez l'application la plus r\u00e9cente, qui se trouve en haut de l'\u00e9cran.<\/li><li>Examiner les d\u00e9tails de la demande, l'accepter ou la rejeter<\/li><\/ol><p>Si vous acceptez la demande, vous recevrez une confirmation par e-mail. N'oubliez pas d'enregistrer la r\u00e9servation dans votre propre syst\u00e8me.<\/p><p><strong>Attention ! Il existe un d\u00e9lai pour rejeter ou accepter la demande. Pour les chambres, ce d\u00e9lai est de 2 heures en semaine.<\/strong><\/p><h3>Demande de r\u00e9union ou de r\u00e9union avec nuit\u00e9e<\/h3><p>Vous avez une demande pour une r\u00e9union d'une journ\u00e9e ou de plusieurs jours, avec ou sans nuit\u00e9e ? En 7 \u00e9tapes, nous vous expliquons comment traiter votre demande<\/p><ol><li>Cliquez sur le lien dans le courrier<\/li><li>Se connecter \u00e0 l'espace <a href=\"https:\/\/cms.worldmeetings.com\/accommodationtool\/dispatcher\/LoginAction\">CMS-Too<\/a>l et cliquez sur la fen\u00eatre ouverte d'eBird<\/li><li>Ouvrez l'application la plus r\u00e9cente, qui se trouve en haut.<\/li><li>Sous la rubrique Info application, vous trouverez des informations g\u00e9n\u00e9rales sur l'application.<\/li><li>Saisissez vos tarifs, sous la rubrique Tarifs<\/li><li>R\u00e9pondre aux questions de la rubrique Questions<\/li><li>Vous pouvez maintenant accepter ou rejeter la demande<\/li><\/ol><p>Si vous acceptez la demande, vous recevrez une confirmation par e-mail. N'oubliez pas d'enregistrer la r\u00e9servation dans votre propre syst\u00e8me.<\/p><p><strong>Attention ! Il existe un d\u00e9lai pour rejeter ou accepter la demande. Pour les r\u00e9unions, ce d\u00e9lai est de 24 heures en semaine.<\/strong><\/p>\t\t\t\t\t\t\t\t<\/div>\n\t\t\t\t<\/div>\n\t\t\t\t<div class=\"elementor-element elementor-element-4cc4e369 elementor-align-left elementor-widget elementor-widget-button\" data-id=\"4cc4e369\" data-element_type=\"widget\" data-e-type=\"widget\" data-widget_type=\"button.default\">\n\t\t\t\t<div class=\"elementor-widget-container\">\n\t\t\t\t\t\t\t\t\t<div class=\"elementor-button-wrapper\">\n\t\t\t\t\t<a class=\"elementor-button elementor-button-link elementor-size-sm\" href=\"https:\/\/www.worldmeetings.com\/fr\/over-ons\/faq\/\">\n\t\t\t\t\t\t<span class=\"elementor-button-content-wrapper\">\n\t\t\t\t\t\t\t\t\t<span class=\"elementor-button-text\">Retour \u00e0 l'aper\u00e7u<\/span>\n\t\t\t\t\t<\/span>\n\t\t\t\t\t<\/a>\n\t\t\t\t<\/div>\n\t\t\t\t\t\t\t\t<\/div>\n\t\t\t\t<\/div>\n\t\t\t\t<\/div>\n\t\t\t\t\t<\/div>\n\t\t\t\t<\/div>\n\t\t<div class=\"elementor-element elementor-element-627fc38 e-flex e-con-boxed e-con e-parent\" data-id=\"627fc38\" data-element_type=\"container\" data-e-type=\"container\" data-settings=\"{&quot;background_background&quot;:&quot;classic&quot;,&quot;jet_parallax_layout_list&quot;:[]}\">\n\t\t\t\t\t<div class=\"e-con-inner\">\n\t\t\t\t<div class=\"elementor-element elementor-element-b62f94d elementor-widget elementor-widget-heading\" data-id=\"b62f94d\" data-element_type=\"widget\" data-e-type=\"widget\" data-widget_type=\"heading.default\">\n\t\t\t\t<div class=\"elementor-widget-container\">\n\t\t\t\t\t<h2 class=\"elementor-heading-title elementor-size-default\"><br><br><br><br><br><br><br><br><br><br><br>Consultez notre FAQ pour d'autres questions<\/h2>\t\t\t\t<\/div>\n\t\t\t\t<\/div>\n\t\t\t\t<div class=\"elementor-element elementor-element-7416754 elementor-align-right elementor-widget elementor-widget-button\" data-id=\"7416754\" data-element_type=\"widget\" data-e-type=\"widget\" data-widget_type=\"button.default\">\n\t\t\t\t<div class=\"elementor-widget-container\">\n\t\t\t\t\t\t\t\t\t<div class=\"elementor-button-wrapper\">\n\t\t\t\t\t<a class=\"elementor-button elementor-button-link elementor-size-sm\" href=\"https:\/\/www.worldmeetings.com\/fr\/over-ons\/faq\/\">\n\t\t\t\t\t\t<span class=\"elementor-button-content-wrapper\">\n\t\t\t\t\t\t\t\t\t<span class=\"elementor-button-text\">        FAQ<\/span>\n\t\t\t\t\t<\/span>\n\t\t\t\t\t<\/a>\n\t\t\t\t<\/div>\n\t\t\t\t\t\t\t\t<\/div>\n\t\t\t\t<\/div>\n\t\t\t\t\t<\/div>\n\t\t\t\t<\/div>\n\t\t\t\t<\/div>","protected":false},"excerpt":{"rendered":"<p>Hoe krijgt mijn locatie aanvragen binnen? Zo krijgt uw locatie aanvragen binnen: Als locatie zult u aanvragen ontvangen voor hotelovernachtingen, eendaagse vergaderingen, meerdaagse vergaderingen en meerdaagse vergaderingen met hotelovernachting. We leggen per type uit hoe u de aanvraag in behandeling neemt. Aanvraag voor een overnachting Heeft u een channelmanager die met ons gekoppeld is? Dan [&hellip;]<\/p>\n","protected":false},"author":10,"featured_media":0,"parent":2769,"menu_order":0,"comment_status":"closed","ping_status":"closed","template":"","meta":{"_acf_changed":false,"footnotes":""},"class_list":["post-4616","page","type-page","status-publish","hentry"],"acf":[],"yoast_head":"<!-- This site is optimized with the Yoast SEO plugin v27.3 - https:\/\/yoast.com\/product\/yoast-seo-wordpress\/ -->\n<title>Hoe krijgt mijn locatie aanvragen binnen? - Worldmeetings<\/title>\n<meta name=\"robots\" content=\"index, follow, max-snippet:-1, max-image-preview:large, max-video-preview:-1\" \/>\n<link rel=\"canonical\" href=\"https:\/\/www.worldmeetings.com\/fr\/over-ons\/faq\/hoe-krijgt-mijn-locatie-aanvragen-binnen\/\" \/>\n<meta property=\"og:locale\" content=\"fr_FR\" \/>\n<meta property=\"og:type\" content=\"article\" \/>\n<meta property=\"og:title\" content=\"Hoe krijgt mijn locatie aanvragen binnen? - Worldmeetings\" \/>\n<meta property=\"og:description\" content=\"Hoe krijgt mijn locatie aanvragen binnen? Zo krijgt uw locatie aanvragen binnen: Als locatie zult u aanvragen ontvangen voor hotelovernachtingen, eendaagse vergaderingen, meerdaagse vergaderingen en meerdaagse vergaderingen met hotelovernachting. We leggen per type uit hoe u de aanvraag in behandeling neemt. Aanvraag voor een overnachting Heeft u een channelmanager die met ons gekoppeld is? Dan [&hellip;]\" \/>\n<meta property=\"og:url\" content=\"https:\/\/www.worldmeetings.com\/fr\/over-ons\/faq\/hoe-krijgt-mijn-locatie-aanvragen-binnen\/\" \/>\n<meta property=\"og:site_name\" content=\"Worldmeetings\" \/>\n<meta property=\"article:modified_time\" content=\"2024-03-12T10:45:56+00:00\" \/>\n<meta name=\"twitter:card\" content=\"summary_large_image\" \/>\n<meta name=\"twitter:label1\" content=\"Est. reading time\" \/>\n\t<meta name=\"twitter:data1\" content=\"1 minute\" \/>\n<script type=\"application\/ld+json\" class=\"yoast-schema-graph\">{\"@context\":\"https:\\\/\\\/schema.org\",\"@graph\":[{\"@type\":\"WebPage\",\"@id\":\"https:\\\/\\\/www.worldmeetings.com\\\/over-ons\\\/faq\\\/hoe-krijgt-mijn-locatie-aanvragen-binnen\\\/\",\"url\":\"https:\\\/\\\/www.worldmeetings.com\\\/over-ons\\\/faq\\\/hoe-krijgt-mijn-locatie-aanvragen-binnen\\\/\",\"name\":\"Hoe krijgt mijn locatie aanvragen binnen? - Worldmeetings\",\"isPartOf\":{\"@id\":\"https:\\\/\\\/www.worldmeetings.com\\\/nl\\\/#website\"},\"datePublished\":\"2024-03-12T10:43:44+00:00\",\"dateModified\":\"2024-03-12T10:45:56+00:00\",\"breadcrumb\":{\"@id\":\"https:\\\/\\\/www.worldmeetings.com\\\/over-ons\\\/faq\\\/hoe-krijgt-mijn-locatie-aanvragen-binnen\\\/#breadcrumb\"},\"inLanguage\":\"fr-FR\",\"potentialAction\":[{\"@type\":\"ReadAction\",\"target\":[\"https:\\\/\\\/www.worldmeetings.com\\\/over-ons\\\/faq\\\/hoe-krijgt-mijn-locatie-aanvragen-binnen\\\/\"]}]},{\"@type\":\"BreadcrumbList\",\"@id\":\"https:\\\/\\\/www.worldmeetings.com\\\/over-ons\\\/faq\\\/hoe-krijgt-mijn-locatie-aanvragen-binnen\\\/#breadcrumb\",\"itemListElement\":[{\"@type\":\"ListItem\",\"position\":1,\"name\":\"Home\",\"item\":\"https:\\\/\\\/www.worldmeetings.com\\\/nl\\\/\"},{\"@type\":\"ListItem\",\"position\":2,\"name\":\"Over ons\",\"item\":\"https:\\\/\\\/www.worldmeetings.com\\\/over-ons\\\/\"},{\"@type\":\"ListItem\",\"position\":3,\"name\":\"FAQ\",\"item\":\"https:\\\/\\\/www.worldmeetings.com\\\/over-ons\\\/faq\\\/\"},{\"@type\":\"ListItem\",\"position\":4,\"name\":\"Hoe krijgt mijn locatie aanvragen binnen?\"}]},{\"@type\":\"WebSite\",\"@id\":\"https:\\\/\\\/www.worldmeetings.com\\\/nl\\\/#website\",\"url\":\"https:\\\/\\\/www.worldmeetings.com\\\/nl\\\/\",\"name\":\"Worldmeetings\",\"description\":\"\",\"publisher\":{\"@id\":\"https:\\\/\\\/www.worldmeetings.com\\\/nl\\\/#organization\"},\"potentialAction\":[{\"@type\":\"SearchAction\",\"target\":{\"@type\":\"EntryPoint\",\"urlTemplate\":\"https:\\\/\\\/www.worldmeetings.com\\\/nl\\\/?s={search_term_string}\"},\"query-input\":{\"@type\":\"PropertyValueSpecification\",\"valueRequired\":true,\"valueName\":\"search_term_string\"}}],\"inLanguage\":\"fr-FR\"},{\"@type\":\"Organization\",\"@id\":\"https:\\\/\\\/www.worldmeetings.com\\\/nl\\\/#organization\",\"name\":\"Worldmeetings\",\"url\":\"https:\\\/\\\/www.worldmeetings.com\\\/nl\\\/\",\"logo\":{\"@type\":\"ImageObject\",\"inLanguage\":\"fr-FR\",\"@id\":\"https:\\\/\\\/www.worldmeetings.com\\\/nl\\\/#\\\/schema\\\/logo\\\/image\\\/\",\"url\":\"https:\\\/\\\/www.worldmeetings.com\\\/app\\\/uploads\\\/2024\\\/01\\\/worldmeetings.svg\",\"contentUrl\":\"https:\\\/\\\/www.worldmeetings.com\\\/app\\\/uploads\\\/2024\\\/01\\\/worldmeetings.svg\",\"width\":208,\"height\":79,\"caption\":\"Worldmeetings\"},\"image\":{\"@id\":\"https:\\\/\\\/www.worldmeetings.com\\\/nl\\\/#\\\/schema\\\/logo\\\/image\\\/\"}}]}<\/script>\n<!-- \/ Yoast SEO plugin. -->","yoast_head_json":{"title":"Hoe krijgt mijn locatie aanvragen binnen? - Worldmeetings","robots":{"index":"index","follow":"follow","max-snippet":"max-snippet:-1","max-image-preview":"max-image-preview:large","max-video-preview":"max-video-preview:-1"},"canonical":"https:\/\/www.worldmeetings.com\/fr\/over-ons\/faq\/hoe-krijgt-mijn-locatie-aanvragen-binnen\/","og_locale":"fr_FR","og_type":"article","og_title":"Hoe krijgt mijn locatie aanvragen binnen? - Worldmeetings","og_description":"Hoe krijgt mijn locatie aanvragen binnen? Zo krijgt uw locatie aanvragen binnen: Als locatie zult u aanvragen ontvangen voor hotelovernachtingen, eendaagse vergaderingen, meerdaagse vergaderingen en meerdaagse vergaderingen met hotelovernachting. We leggen per type uit hoe u de aanvraag in behandeling neemt. Aanvraag voor een overnachting Heeft u een channelmanager die met ons gekoppeld is? Dan [&hellip;]","og_url":"https:\/\/www.worldmeetings.com\/fr\/over-ons\/faq\/hoe-krijgt-mijn-locatie-aanvragen-binnen\/","og_site_name":"Worldmeetings","article_modified_time":"2024-03-12T10:45:56+00:00","twitter_card":"summary_large_image","twitter_misc":{"Est. reading time":"1 minute"},"schema":{"@context":"https:\/\/schema.org","@graph":[{"@type":"WebPage","@id":"https:\/\/www.worldmeetings.com\/over-ons\/faq\/hoe-krijgt-mijn-locatie-aanvragen-binnen\/","url":"https:\/\/www.worldmeetings.com\/over-ons\/faq\/hoe-krijgt-mijn-locatie-aanvragen-binnen\/","name":"Hoe krijgt mijn locatie aanvragen binnen? - Worldmeetings","isPartOf":{"@id":"https:\/\/www.worldmeetings.com\/nl\/#website"},"datePublished":"2024-03-12T10:43:44+00:00","dateModified":"2024-03-12T10:45:56+00:00","breadcrumb":{"@id":"https:\/\/www.worldmeetings.com\/over-ons\/faq\/hoe-krijgt-mijn-locatie-aanvragen-binnen\/#breadcrumb"},"inLanguage":"fr-FR","potentialAction":[{"@type":"ReadAction","target":["https:\/\/www.worldmeetings.com\/over-ons\/faq\/hoe-krijgt-mijn-locatie-aanvragen-binnen\/"]}]},{"@type":"BreadcrumbList","@id":"https:\/\/www.worldmeetings.com\/over-ons\/faq\/hoe-krijgt-mijn-locatie-aanvragen-binnen\/#breadcrumb","itemListElement":[{"@type":"ListItem","position":1,"name":"Home","item":"https:\/\/www.worldmeetings.com\/nl\/"},{"@type":"ListItem","position":2,"name":"Over ons","item":"https:\/\/www.worldmeetings.com\/over-ons\/"},{"@type":"ListItem","position":3,"name":"FAQ","item":"https:\/\/www.worldmeetings.com\/over-ons\/faq\/"},{"@type":"ListItem","position":4,"name":"Hoe krijgt mijn locatie aanvragen binnen?"}]},{"@type":"WebSite","@id":"https:\/\/www.worldmeetings.com\/nl\/#website","url":"https:\/\/www.worldmeetings.com\/nl\/","name":"Rencontres mondiales","description":"","publisher":{"@id":"https:\/\/www.worldmeetings.com\/nl\/#organization"},"potentialAction":[{"@type":"SearchAction","target":{"@type":"EntryPoint","urlTemplate":"https:\/\/www.worldmeetings.com\/nl\/?s={search_term_string}"},"query-input":{"@type":"PropertyValueSpecification","valueRequired":true,"valueName":"search_term_string"}}],"inLanguage":"fr-FR"},{"@type":"Organization","@id":"https:\/\/www.worldmeetings.com\/nl\/#organization","name":"Rencontres mondiales","url":"https:\/\/www.worldmeetings.com\/nl\/","logo":{"@type":"ImageObject","inLanguage":"fr-FR","@id":"https:\/\/www.worldmeetings.com\/nl\/#\/schema\/logo\/image\/","url":"https:\/\/www.worldmeetings.com\/app\/uploads\/2024\/01\/worldmeetings.svg","contentUrl":"https:\/\/www.worldmeetings.com\/app\/uploads\/2024\/01\/worldmeetings.svg","width":208,"height":79,"caption":"Worldmeetings"},"image":{"@id":"https:\/\/www.worldmeetings.com\/nl\/#\/schema\/logo\/image\/"}}]}},"_links":{"self":[{"href":"https:\/\/www.worldmeetings.com\/fr\/wp-json\/wp\/v2\/pages\/4616","targetHints":{"allow":["GET"]}}],"collection":[{"href":"https:\/\/www.worldmeetings.com\/fr\/wp-json\/wp\/v2\/pages"}],"about":[{"href":"https:\/\/www.worldmeetings.com\/fr\/wp-json\/wp\/v2\/types\/page"}],"author":[{"embeddable":true,"href":"https:\/\/www.worldmeetings.com\/fr\/wp-json\/wp\/v2\/users\/10"}],"replies":[{"embeddable":true,"href":"https:\/\/www.worldmeetings.com\/fr\/wp-json\/wp\/v2\/comments?post=4616"}],"version-history":[{"count":4,"href":"https:\/\/www.worldmeetings.com\/fr\/wp-json\/wp\/v2\/pages\/4616\/revisions"}],"predecessor-version":[{"id":4620,"href":"https:\/\/www.worldmeetings.com\/fr\/wp-json\/wp\/v2\/pages\/4616\/revisions\/4620"}],"up":[{"embeddable":true,"href":"https:\/\/www.worldmeetings.com\/fr\/wp-json\/wp\/v2\/pages\/2769"}],"wp:attachment":[{"href":"https:\/\/www.worldmeetings.com\/fr\/wp-json\/wp\/v2\/media?parent=4616"}],"curies":[{"name":"wp","href":"https:\/\/api.w.org\/{rel}","templated":true}]}}