{"id":4608,"date":"2024-03-12T10:37:11","date_gmt":"2024-03-12T10:37:11","guid":{"rendered":"https:\/\/www.worldmeetings.com\/?page_id=4608"},"modified":"2024-03-12T13:08:08","modified_gmt":"2024-03-12T13:08:08","slug":"hoe-meld-ik-mijn-locatie-aan","status":"publish","type":"page","link":"https:\/\/www.worldmeetings.com\/fr\/over-ons\/faq\/hoe-meld-ik-mijn-locatie-aan\/","title":{"rendered":"Comment enregistrer mon lieu de r\u00e9sidence ?"},"content":{"rendered":"<div data-elementor-type=\"wp-page\" data-elementor-id=\"4608\" class=\"elementor elementor-4608\" data-elementor-post-type=\"page\">\n\t\t\t\t<div class=\"elementor-element elementor-element-4a70a6ac e-con-full e-flex e-con e-parent\" data-id=\"4a70a6ac\" data-element_type=\"container\" data-e-type=\"container\" data-settings=\"{&quot;background_background&quot;:&quot;classic&quot;,&quot;jet_parallax_layout_list&quot;:[]}\">\n\t\t<div class=\"elementor-element elementor-element-6c88f910 e-con-full e-flex e-con e-child\" data-id=\"6c88f910\" data-element_type=\"container\" data-e-type=\"container\" data-settings=\"{&quot;background_background&quot;:&quot;classic&quot;,&quot;jet_parallax_layout_list&quot;:[]}\">\n\t\t<div class=\"elementor-element elementor-element-7efc6414 e-flex e-con-boxed e-con e-child\" data-id=\"7efc6414\" data-element_type=\"container\" data-e-type=\"container\" data-settings=\"{&quot;jet_parallax_layout_list&quot;:[]}\">\n\t\t\t\t\t<div class=\"e-con-inner\">\n\t\t\t\t\t<\/div>\n\t\t\t\t<\/div>\n\t\t\t\t<div class=\"elementor-element elementor-element-8e0d1d8 elementor-widget elementor-widget-heading\" data-id=\"8e0d1d8\" data-element_type=\"widget\" data-e-type=\"widget\" data-widget_type=\"heading.default\">\n\t\t\t\t<div class=\"elementor-widget-container\">\n\t\t\t\t\t<h1 class=\"elementor-heading-title elementor-size-default\">Comment puis-je signaler mon<br><br><br><br><strong>Localisation sur ?<\/strong><\/h1>\t\t\t\t<\/div>\n\t\t\t\t<\/div>\n\t\t\t\t<\/div>\n\t\t\t\t<\/div>\n\t\t<div class=\"elementor-element elementor-element-c6bdb52 e-flex e-con-boxed elementor-invisible e-con e-parent\" data-id=\"c6bdb52\" data-element_type=\"container\" data-e-type=\"container\" data-settings=\"{&quot;jet_parallax_layout_list&quot;:[],&quot;background_background&quot;:&quot;classic&quot;,&quot;animation&quot;:&quot;fadeInUp&quot;}\">\n\t\t\t\t\t<div class=\"e-con-inner\">\n\t\t<div class=\"elementor-element elementor-element-250ac5aa e-con-full e-flex e-con e-child\" data-id=\"250ac5aa\" data-element_type=\"container\" data-e-type=\"container\" data-settings=\"{&quot;jet_parallax_layout_list&quot;:[]}\">\n\t\t\t\t<div class=\"elementor-element elementor-element-66061ad4 elementor-widget elementor-widget-heading\" data-id=\"66061ad4\" data-element_type=\"widget\" data-e-type=\"widget\" data-widget_type=\"heading.default\">\n\t\t\t\t<div class=\"elementor-widget-container\">\n\t\t\t\t\t<h2 class=\"elementor-heading-title elementor-size-default\">C'est ainsi que vous enregistrez votre emplacement :<\/h2>\t\t\t\t<\/div>\n\t\t\t\t<\/div>\n\t\t\t\t<div class=\"elementor-element elementor-element-1954025d elementor-widget elementor-widget-text-editor\" data-id=\"1954025d\" data-element_type=\"widget\" data-e-type=\"widget\" data-widget_type=\"text-editor.default\">\n\t\t\t\t<div class=\"elementor-widget-container\">\n\t\t\t\t\t\t\t\t\t<p>Avec Worldmeetings, vous disposez d'un canal de distribution suppl\u00e9mentaire qui vous permet d'atteindre un large groupe cible. Apr\u00e8s tout, nous avons d\u00e9j\u00e0 effectu\u00e9 plus d'un million de r\u00e9servations. Les professionnels recherchent en permanence sur notre site des salles de r\u00e9union et des chambres d'h\u00f4tel. Il en va de m\u00eame pour votre lieu de r\u00e9union.<\/p><p>Vous souhaitez contacter notre service des contrats ? Envoyez un courriel \u00e0 <a href=\"mailto:contracting@worldmeetings.nl\">contracting@worldmeetings.nl<\/a>. Ou faire un <a href=\"https:\/\/www.worldmeetings.com\/fr\/afspraak-page-myrthe\/\">rendez-vous.<\/a><\/p><h3><strong>Les prochaines \u00e9tapes<\/strong><\/h3><p>Une fois que nous avons pris contact et que votre site a accept\u00e9 de coop\u00e9rer, nous pr\u00e9parons un assistant. Toutes les informations requises peuvent \u00eatre introduites dans cet assistant. Il peut s'agir, par exemple, d'une description et de photos du lieu, ainsi que des tarifs des chambres d'h\u00f4tel et\/ou des forfaits de r\u00e9union.<\/p><h3><strong>Est-il possible de regarder plus loin en arri\u00e8re ?<\/strong><\/h3><p>Outre le fait de remplir l'Assistant, nous ne vous demandons de remplir les tarifs pour l'ann\u00e9e suivante qu'une fois par an. En dehors de cela, il n'y a pas d'autres actions \u00e0 entreprendre pour un site. En cas de changements ou d'ajustements ult\u00e9rieurs, des mesures peuvent toujours \u00eatre prises et nous sommes pr\u00eats \u00e0 aider le lieu.<\/p>\t\t\t\t\t\t\t\t<\/div>\n\t\t\t\t<\/div>\n\t\t\t\t<div class=\"elementor-element elementor-element-4cc4e369 elementor-align-left elementor-widget elementor-widget-button\" data-id=\"4cc4e369\" data-element_type=\"widget\" data-e-type=\"widget\" data-widget_type=\"button.default\">\n\t\t\t\t<div class=\"elementor-widget-container\">\n\t\t\t\t\t\t\t\t\t<div class=\"elementor-button-wrapper\">\n\t\t\t\t\t<a class=\"elementor-button elementor-button-link elementor-size-sm\" href=\"https:\/\/www.worldmeetings.com\/fr\/voor-wie\/locatiepartners\/\">\n\t\t\t\t\t\t<span class=\"elementor-button-content-wrapper\">\n\t\t\t\t\t\t\t\t\t<span class=\"elementor-button-text\">En savoir plus<\/span>\n\t\t\t\t\t<\/span>\n\t\t\t\t\t<\/a>\n\t\t\t\t<\/div>\n\t\t\t\t\t\t\t\t<\/div>\n\t\t\t\t<\/div>\n\t\t\t\t<\/div>\n\t\t\t\t\t<\/div>\n\t\t\t\t<\/div>\n\t\t<div class=\"elementor-element elementor-element-627fc38 e-flex e-con-boxed e-con e-parent\" data-id=\"627fc38\" data-element_type=\"container\" data-e-type=\"container\" data-settings=\"{&quot;background_background&quot;:&quot;classic&quot;,&quot;jet_parallax_layout_list&quot;:[]}\">\n\t\t\t\t\t<div class=\"e-con-inner\">\n\t\t\t\t<div class=\"elementor-element elementor-element-b62f94d elementor-widget elementor-widget-heading\" data-id=\"b62f94d\" data-element_type=\"widget\" data-e-type=\"widget\" data-widget_type=\"heading.default\">\n\t\t\t\t<div class=\"elementor-widget-container\">\n\t\t\t\t\t<h2 class=\"elementor-heading-title elementor-size-default\"><br><br><br><br><br><br><br><br><br><br><br>Consultez notre FAQ pour d'autres questions<\/h2>\t\t\t\t<\/div>\n\t\t\t\t<\/div>\n\t\t\t\t<div class=\"elementor-element elementor-element-7416754 elementor-align-right elementor-widget elementor-widget-button\" data-id=\"7416754\" data-element_type=\"widget\" data-e-type=\"widget\" data-widget_type=\"button.default\">\n\t\t\t\t<div class=\"elementor-widget-container\">\n\t\t\t\t\t\t\t\t\t<div class=\"elementor-button-wrapper\">\n\t\t\t\t\t<a class=\"elementor-button elementor-button-link elementor-size-sm\" href=\"https:\/\/www.worldmeetings.com\/fr\/over-ons\/faq\/\">\n\t\t\t\t\t\t<span class=\"elementor-button-content-wrapper\">\n\t\t\t\t\t\t\t\t\t<span class=\"elementor-button-text\">        FAQ<\/span>\n\t\t\t\t\t<\/span>\n\t\t\t\t\t<\/a>\n\t\t\t\t<\/div>\n\t\t\t\t\t\t\t\t<\/div>\n\t\t\t\t<\/div>\n\t\t\t\t\t<\/div>\n\t\t\t\t<\/div>\n\t\t\t\t<\/div>","protected":false},"excerpt":{"rendered":"<p>Hoe meld ik mijn Locatie aan? Dit is hoe u uw locatie aanmeld: Met Worldmeetings heeft u een extra distributiekanaal waarmee u een grote doelgroep bereikt. Want we hebben inmiddels al meer dan een miljoen boekingen gemaakt. En voortdurend zoeken business professionals via onze website naar vergaderruimte en hotelkamers. Dus ook naar uw locatie. Wilt [&hellip;]<\/p>\n","protected":false},"author":10,"featured_media":0,"parent":2769,"menu_order":0,"comment_status":"closed","ping_status":"closed","template":"","meta":{"_acf_changed":false,"footnotes":""},"class_list":["post-4608","page","type-page","status-publish","hentry"],"acf":[],"yoast_head":"<!-- This site is optimized with the Yoast SEO plugin v27.3 - https:\/\/yoast.com\/product\/yoast-seo-wordpress\/ -->\n<title>Hoe meld ik mijn locatie aan? - Worldmeetings<\/title>\n<meta name=\"robots\" content=\"index, follow, max-snippet:-1, max-image-preview:large, max-video-preview:-1\" \/>\n<link rel=\"canonical\" href=\"https:\/\/www.worldmeetings.com\/fr\/over-ons\/faq\/hoe-meld-ik-mijn-locatie-aan\/\" \/>\n<meta property=\"og:locale\" content=\"fr_FR\" \/>\n<meta property=\"og:type\" content=\"article\" \/>\n<meta property=\"og:title\" content=\"Hoe meld ik mijn locatie aan? - Worldmeetings\" \/>\n<meta property=\"og:description\" content=\"Hoe meld ik mijn Locatie aan? Dit is hoe u uw locatie aanmeld: Met Worldmeetings heeft u een extra distributiekanaal waarmee u een grote doelgroep bereikt. Want we hebben inmiddels al meer dan een miljoen boekingen gemaakt. En voortdurend zoeken business professionals via onze website naar vergaderruimte en hotelkamers. Dus ook naar uw locatie. Wilt [&hellip;]\" \/>\n<meta property=\"og:url\" content=\"https:\/\/www.worldmeetings.com\/fr\/over-ons\/faq\/hoe-meld-ik-mijn-locatie-aan\/\" \/>\n<meta property=\"og:site_name\" content=\"Worldmeetings\" \/>\n<meta property=\"article:modified_time\" content=\"2024-03-12T13:08:08+00:00\" \/>\n<meta name=\"twitter:card\" content=\"summary_large_image\" \/>\n<meta name=\"twitter:label1\" content=\"Est. reading time\" \/>\n\t<meta name=\"twitter:data1\" content=\"1 minute\" \/>\n<script type=\"application\/ld+json\" class=\"yoast-schema-graph\">{\"@context\":\"https:\\\/\\\/schema.org\",\"@graph\":[{\"@type\":\"WebPage\",\"@id\":\"https:\\\/\\\/www.worldmeetings.com\\\/over-ons\\\/faq\\\/hoe-meld-ik-mijn-locatie-aan\\\/\",\"url\":\"https:\\\/\\\/www.worldmeetings.com\\\/over-ons\\\/faq\\\/hoe-meld-ik-mijn-locatie-aan\\\/\",\"name\":\"Hoe meld ik mijn locatie aan? - Worldmeetings\",\"isPartOf\":{\"@id\":\"https:\\\/\\\/www.worldmeetings.com\\\/nl\\\/#website\"},\"datePublished\":\"2024-03-12T10:37:11+00:00\",\"dateModified\":\"2024-03-12T13:08:08+00:00\",\"breadcrumb\":{\"@id\":\"https:\\\/\\\/www.worldmeetings.com\\\/over-ons\\\/faq\\\/hoe-meld-ik-mijn-locatie-aan\\\/#breadcrumb\"},\"inLanguage\":\"fr-FR\",\"potentialAction\":[{\"@type\":\"ReadAction\",\"target\":[\"https:\\\/\\\/www.worldmeetings.com\\\/over-ons\\\/faq\\\/hoe-meld-ik-mijn-locatie-aan\\\/\"]}]},{\"@type\":\"BreadcrumbList\",\"@id\":\"https:\\\/\\\/www.worldmeetings.com\\\/over-ons\\\/faq\\\/hoe-meld-ik-mijn-locatie-aan\\\/#breadcrumb\",\"itemListElement\":[{\"@type\":\"ListItem\",\"position\":1,\"name\":\"Home\",\"item\":\"https:\\\/\\\/www.worldmeetings.com\\\/nl\\\/\"},{\"@type\":\"ListItem\",\"position\":2,\"name\":\"Over ons\",\"item\":\"https:\\\/\\\/www.worldmeetings.com\\\/over-ons\\\/\"},{\"@type\":\"ListItem\",\"position\":3,\"name\":\"FAQ\",\"item\":\"https:\\\/\\\/www.worldmeetings.com\\\/over-ons\\\/faq\\\/\"},{\"@type\":\"ListItem\",\"position\":4,\"name\":\"Hoe meld ik mijn locatie aan?\"}]},{\"@type\":\"WebSite\",\"@id\":\"https:\\\/\\\/www.worldmeetings.com\\\/nl\\\/#website\",\"url\":\"https:\\\/\\\/www.worldmeetings.com\\\/nl\\\/\",\"name\":\"Worldmeetings\",\"description\":\"\",\"publisher\":{\"@id\":\"https:\\\/\\\/www.worldmeetings.com\\\/nl\\\/#organization\"},\"potentialAction\":[{\"@type\":\"SearchAction\",\"target\":{\"@type\":\"EntryPoint\",\"urlTemplate\":\"https:\\\/\\\/www.worldmeetings.com\\\/nl\\\/?s={search_term_string}\"},\"query-input\":{\"@type\":\"PropertyValueSpecification\",\"valueRequired\":true,\"valueName\":\"search_term_string\"}}],\"inLanguage\":\"fr-FR\"},{\"@type\":\"Organization\",\"@id\":\"https:\\\/\\\/www.worldmeetings.com\\\/nl\\\/#organization\",\"name\":\"Worldmeetings\",\"url\":\"https:\\\/\\\/www.worldmeetings.com\\\/nl\\\/\",\"logo\":{\"@type\":\"ImageObject\",\"inLanguage\":\"fr-FR\",\"@id\":\"https:\\\/\\\/www.worldmeetings.com\\\/nl\\\/#\\\/schema\\\/logo\\\/image\\\/\",\"url\":\"https:\\\/\\\/www.worldmeetings.com\\\/app\\\/uploads\\\/2024\\\/01\\\/worldmeetings.svg\",\"contentUrl\":\"https:\\\/\\\/www.worldmeetings.com\\\/app\\\/uploads\\\/2024\\\/01\\\/worldmeetings.svg\",\"width\":208,\"height\":79,\"caption\":\"Worldmeetings\"},\"image\":{\"@id\":\"https:\\\/\\\/www.worldmeetings.com\\\/nl\\\/#\\\/schema\\\/logo\\\/image\\\/\"}}]}<\/script>\n<!-- \/ Yoast SEO plugin. -->","yoast_head_json":{"title":"Hoe meld ik mijn locatie aan? - Worldmeetings","robots":{"index":"index","follow":"follow","max-snippet":"max-snippet:-1","max-image-preview":"max-image-preview:large","max-video-preview":"max-video-preview:-1"},"canonical":"https:\/\/www.worldmeetings.com\/fr\/over-ons\/faq\/hoe-meld-ik-mijn-locatie-aan\/","og_locale":"fr_FR","og_type":"article","og_title":"Hoe meld ik mijn locatie aan? - Worldmeetings","og_description":"Hoe meld ik mijn Locatie aan? Dit is hoe u uw locatie aanmeld: Met Worldmeetings heeft u een extra distributiekanaal waarmee u een grote doelgroep bereikt. Want we hebben inmiddels al meer dan een miljoen boekingen gemaakt. En voortdurend zoeken business professionals via onze website naar vergaderruimte en hotelkamers. Dus ook naar uw locatie. Wilt [&hellip;]","og_url":"https:\/\/www.worldmeetings.com\/fr\/over-ons\/faq\/hoe-meld-ik-mijn-locatie-aan\/","og_site_name":"Worldmeetings","article_modified_time":"2024-03-12T13:08:08+00:00","twitter_card":"summary_large_image","twitter_misc":{"Est. reading time":"1 minute"},"schema":{"@context":"https:\/\/schema.org","@graph":[{"@type":"WebPage","@id":"https:\/\/www.worldmeetings.com\/over-ons\/faq\/hoe-meld-ik-mijn-locatie-aan\/","url":"https:\/\/www.worldmeetings.com\/over-ons\/faq\/hoe-meld-ik-mijn-locatie-aan\/","name":"Hoe meld ik mijn locatie aan? - Worldmeetings","isPartOf":{"@id":"https:\/\/www.worldmeetings.com\/nl\/#website"},"datePublished":"2024-03-12T10:37:11+00:00","dateModified":"2024-03-12T13:08:08+00:00","breadcrumb":{"@id":"https:\/\/www.worldmeetings.com\/over-ons\/faq\/hoe-meld-ik-mijn-locatie-aan\/#breadcrumb"},"inLanguage":"fr-FR","potentialAction":[{"@type":"ReadAction","target":["https:\/\/www.worldmeetings.com\/over-ons\/faq\/hoe-meld-ik-mijn-locatie-aan\/"]}]},{"@type":"BreadcrumbList","@id":"https:\/\/www.worldmeetings.com\/over-ons\/faq\/hoe-meld-ik-mijn-locatie-aan\/#breadcrumb","itemListElement":[{"@type":"ListItem","position":1,"name":"Home","item":"https:\/\/www.worldmeetings.com\/nl\/"},{"@type":"ListItem","position":2,"name":"Over ons","item":"https:\/\/www.worldmeetings.com\/over-ons\/"},{"@type":"ListItem","position":3,"name":"FAQ","item":"https:\/\/www.worldmeetings.com\/over-ons\/faq\/"},{"@type":"ListItem","position":4,"name":"Hoe meld ik mijn locatie aan?"}]},{"@type":"WebSite","@id":"https:\/\/www.worldmeetings.com\/nl\/#website","url":"https:\/\/www.worldmeetings.com\/nl\/","name":"Rencontres mondiales","description":"","publisher":{"@id":"https:\/\/www.worldmeetings.com\/nl\/#organization"},"potentialAction":[{"@type":"SearchAction","target":{"@type":"EntryPoint","urlTemplate":"https:\/\/www.worldmeetings.com\/nl\/?s={search_term_string}"},"query-input":{"@type":"PropertyValueSpecification","valueRequired":true,"valueName":"search_term_string"}}],"inLanguage":"fr-FR"},{"@type":"Organization","@id":"https:\/\/www.worldmeetings.com\/nl\/#organization","name":"Rencontres mondiales","url":"https:\/\/www.worldmeetings.com\/nl\/","logo":{"@type":"ImageObject","inLanguage":"fr-FR","@id":"https:\/\/www.worldmeetings.com\/nl\/#\/schema\/logo\/image\/","url":"https:\/\/www.worldmeetings.com\/app\/uploads\/2024\/01\/worldmeetings.svg","contentUrl":"https:\/\/www.worldmeetings.com\/app\/uploads\/2024\/01\/worldmeetings.svg","width":208,"height":79,"caption":"Worldmeetings"},"image":{"@id":"https:\/\/www.worldmeetings.com\/nl\/#\/schema\/logo\/image\/"}}]}},"_links":{"self":[{"href":"https:\/\/www.worldmeetings.com\/fr\/wp-json\/wp\/v2\/pages\/4608","targetHints":{"allow":["GET"]}}],"collection":[{"href":"https:\/\/www.worldmeetings.com\/fr\/wp-json\/wp\/v2\/pages"}],"about":[{"href":"https:\/\/www.worldmeetings.com\/fr\/wp-json\/wp\/v2\/types\/page"}],"author":[{"embeddable":true,"href":"https:\/\/www.worldmeetings.com\/fr\/wp-json\/wp\/v2\/users\/10"}],"replies":[{"embeddable":true,"href":"https:\/\/www.worldmeetings.com\/fr\/wp-json\/wp\/v2\/comments?post=4608"}],"version-history":[{"count":7,"href":"https:\/\/www.worldmeetings.com\/fr\/wp-json\/wp\/v2\/pages\/4608\/revisions"}],"predecessor-version":[{"id":4634,"href":"https:\/\/www.worldmeetings.com\/fr\/wp-json\/wp\/v2\/pages\/4608\/revisions\/4634"}],"up":[{"embeddable":true,"href":"https:\/\/www.worldmeetings.com\/fr\/wp-json\/wp\/v2\/pages\/2769"}],"wp:attachment":[{"href":"https:\/\/www.worldmeetings.com\/fr\/wp-json\/wp\/v2\/media?parent=4608"}],"curies":[{"name":"wp","href":"https:\/\/api.w.org\/{rel}","templated":true}]}}