{"id":4598,"date":"2024-03-12T10:31:05","date_gmt":"2024-03-12T10:31:05","guid":{"rendered":"https:\/\/www.worldmeetings.com\/?page_id=4598"},"modified":"2024-03-12T10:34:01","modified_gmt":"2024-03-12T10:34:01","slug":"wat-doet-worlmdeetings","status":"publish","type":"page","link":"https:\/\/www.worldmeetings.com\/fr\/over-ons\/faq\/wat-doet-worlmdeetings\/","title":{"rendered":"Que fait Worldmeetings ?"},"content":{"rendered":"<div data-elementor-type=\"wp-page\" data-elementor-id=\"4598\" class=\"elementor elementor-4598\" data-elementor-post-type=\"page\">\n\t\t\t\t<div class=\"elementor-element elementor-element-4a70a6ac e-con-full e-flex e-con e-parent\" data-id=\"4a70a6ac\" data-element_type=\"container\" data-settings=\"{&quot;background_background&quot;:&quot;classic&quot;,&quot;jet_parallax_layout_list&quot;:[]}\">\n\t\t<div class=\"elementor-element elementor-element-6c88f910 e-con-full e-flex e-con e-child\" data-id=\"6c88f910\" data-element_type=\"container\" data-settings=\"{&quot;background_background&quot;:&quot;classic&quot;,&quot;jet_parallax_layout_list&quot;:[]}\">\n\t\t<div class=\"elementor-element elementor-element-7efc6414 e-flex e-con-boxed e-con e-child\" data-id=\"7efc6414\" data-element_type=\"container\" data-settings=\"{&quot;jet_parallax_layout_list&quot;:[]}\">\n\t\t\t\t\t<div class=\"e-con-inner\">\n\t\t\t\t\t<\/div>\n\t\t\t\t<\/div>\n\t\t\t\t<div class=\"elementor-element elementor-element-8e0d1d8 elementor-widget elementor-widget-heading\" data-id=\"8e0d1d8\" data-element_type=\"widget\" data-widget_type=\"heading.default\">\n\t\t\t\t<div class=\"elementor-widget-container\">\n\t\t\t\t\t<h1 class=\"elementor-heading-title elementor-size-default\">Qu'est-ce que<br><br><br><br><strong>rencontres mondiales ?<\/strong><\/h1>\t\t\t\t<\/div>\n\t\t\t\t<\/div>\n\t\t\t\t<\/div>\n\t\t\t\t<\/div>\n\t\t<div class=\"elementor-element elementor-element-c6bdb52 e-flex e-con-boxed elementor-invisible e-con e-parent\" data-id=\"c6bdb52\" data-element_type=\"container\" data-settings=\"{&quot;jet_parallax_layout_list&quot;:[],&quot;background_background&quot;:&quot;classic&quot;,&quot;animation&quot;:&quot;fadeInUp&quot;}\">\n\t\t\t\t\t<div class=\"e-con-inner\">\n\t\t<div class=\"elementor-element elementor-element-250ac5aa e-con-full e-flex e-con e-child\" data-id=\"250ac5aa\" data-element_type=\"container\" data-settings=\"{&quot;jet_parallax_layout_list&quot;:[]}\">\n\t\t\t\t<div class=\"elementor-element elementor-element-66061ad4 elementor-widget elementor-widget-heading\" data-id=\"66061ad4\" data-element_type=\"widget\" data-widget_type=\"heading.default\">\n\t\t\t\t<div class=\"elementor-widget-container\">\n\t\t\t\t\t<h2 class=\"elementor-heading-title elementor-size-default\">C'est ce que fait Worldmeetings : <\/h2>\t\t\t\t<\/div>\n\t\t\t\t<\/div>\n\t\t\t\t<div class=\"elementor-element elementor-element-1954025d elementor-widget elementor-widget-text-editor\" data-id=\"1954025d\" data-element_type=\"widget\" data-widget_type=\"text-editor.default\">\n\t\t\t\t<div class=\"elementor-widget-container\">\n\t\t\t\t\t\t\t\t\t<p>Worldmeetings est un interm\u00e9diaire pour toutes vos r\u00e9unions d'affaires. Pensez \u00e0 la r\u00e9servation de salles de r\u00e9union \u00e0 l'ext\u00e9rieur du bureau, de chambres d'h\u00f4tel, d'\u00e9v\u00e9nements et d'une table dans un restaurant. Nous d\u00e9chargeons les organisations des soucis li\u00e9s \u00e0 la recherche, \u00e0 la r\u00e9servation, \u00e0 l'administration et au paiement des r\u00e9unions.<\/p><p>Avec Worldmeetings, les organisations disposent d'un point de contact unique pour la recherche, la r\u00e9servation et la facturation des lieux de r\u00e9union. En outre, nous offrons \u00e0 nos clients des informations de gestion compl\u00e8tes, qui leur permettent d'avoir un aper\u00e7u de leurs d\u00e9penses en mati\u00e8re de r\u00e9unions hors site.<\/p><p>Travailler avec Worldmeetings \u00e9limine les tracas et l'ambigu\u00eft\u00e9 qui surgissent lorsque les d\u00e9partements r\u00e9servent leurs r\u00e9unions eux-m\u00eames. Il en r\u00e9sulte clart\u00e9 et simplicit\u00e9. Les clients \u00e9conomisent \u00e9galement de l'argent parce que nous convenons de r\u00e9ductions avec les lieux. Nous pouvons les offrir parce que nous faisons beaucoup de r\u00e9servations en tant qu'interm\u00e9diaire.<\/p><p>Les sites affili\u00e9s peuvent \u00e0 leur tour obtenir des r\u00e9servations de la part de clients importants par l'interm\u00e9diaire de Worldmeetings.com. Le partenariat avec Worldmeetings.com est donc une situation gagnant-gagnant pour les clients comme pour les lieux de r\u00e9union.<\/p><h3>Plateforme en ligne pour la recherche, la r\u00e9servation et l'administration d'espaces de r\u00e9union externes<\/h3><p>Notre plateforme relie l'offre et la demande. Lorsqu'un lieu est connect\u00e9 \u00e0 nous, il appara\u00eet dans l'outil de r\u00e9servation du r\u00e9servataire. L'\u00e9tablissement d\u00e9cide lui-m\u00eame des textes et des photos qui seront affich\u00e9s dans l'outil de r\u00e9servation.<\/p><p>Les r\u00e9servataires recherchent, trouvent et r\u00e9servent un lieu de r\u00e9union dans notre outil. Plus de 2 000 lieux sont connect\u00e9s. Si le lieu souhait\u00e9 n'est pas r\u00e9pertori\u00e9, Worldmeetings contactera le lieu pour le connecter.<\/p><p>Worldmeetings se charge \u00e9galement de l'ensemble du traitement financier. Nous sommes un point de contact unique pour toutes les r\u00e9unions externes du client. Ainsi, il n'y a qu'un seul cr\u00e9ancier pour toutes les r\u00e9unions externes, au lieu d'un nouveau cr\u00e9ancier pour chaque r\u00e9union.<\/p><p>Pour les clients comme pour les sites, nous nous connectons \u00e0 la demande aux gestionnaires de canaux, aux syst\u00e8mes d'approvisionnement et de facturation.<\/p>\t\t\t\t\t\t\t\t<\/div>\n\t\t\t\t<\/div>\n\t\t\t\t<div class=\"elementor-element elementor-element-4cc4e369 elementor-align-left elementor-widget elementor-widget-button\" data-id=\"4cc4e369\" data-element_type=\"widget\" data-widget_type=\"button.default\">\n\t\t\t\t<div class=\"elementor-widget-container\">\n\t\t\t\t\t\t\t\t\t<div class=\"elementor-button-wrapper\">\n\t\t\t\t\t<a class=\"elementor-button elementor-button-link elementor-size-sm\" href=\"https:\/\/www.worldmeetings.com\/fr\/voor-wie\/\">\n\t\t\t\t\t\t<span class=\"elementor-button-content-wrapper\">\n\t\t\t\t\t\t\t\t\t<span class=\"elementor-button-text\">En savoir plus<\/span>\n\t\t\t\t\t<\/span>\n\t\t\t\t\t<\/a>\n\t\t\t\t<\/div>\n\t\t\t\t\t\t\t\t<\/div>\n\t\t\t\t<\/div>\n\t\t\t\t<\/div>\n\t\t\t\t\t<\/div>\n\t\t\t\t<\/div>\n\t\t<div class=\"elementor-element elementor-element-627fc38 e-flex e-con-boxed e-con e-parent\" data-id=\"627fc38\" data-element_type=\"container\" data-settings=\"{&quot;background_background&quot;:&quot;classic&quot;,&quot;jet_parallax_layout_list&quot;:[]}\">\n\t\t\t\t\t<div class=\"e-con-inner\">\n\t\t\t\t<div class=\"elementor-element elementor-element-b62f94d elementor-widget elementor-widget-heading\" data-id=\"b62f94d\" data-element_type=\"widget\" data-widget_type=\"heading.default\">\n\t\t\t\t<div class=\"elementor-widget-container\">\n\t\t\t\t\t<h2 class=\"elementor-heading-title elementor-size-default\"><br><br><br><br><br><br><br><br><br><br><br>Consultez notre FAQ pour d'autres questions<\/h2>\t\t\t\t<\/div>\n\t\t\t\t<\/div>\n\t\t\t\t<div class=\"elementor-element elementor-element-7416754 elementor-align-right elementor-widget elementor-widget-button\" data-id=\"7416754\" data-element_type=\"widget\" data-widget_type=\"button.default\">\n\t\t\t\t<div class=\"elementor-widget-container\">\n\t\t\t\t\t\t\t\t\t<div class=\"elementor-button-wrapper\">\n\t\t\t\t\t<a class=\"elementor-button elementor-button-link elementor-size-sm\" href=\"https:\/\/www.worldmeetings.com\/fr\/over-ons\/faq\/\">\n\t\t\t\t\t\t<span class=\"elementor-button-content-wrapper\">\n\t\t\t\t\t\t\t\t\t<span class=\"elementor-button-text\">        FAQ<\/span>\n\t\t\t\t\t<\/span>\n\t\t\t\t\t<\/a>\n\t\t\t\t<\/div>\n\t\t\t\t\t\t\t\t<\/div>\n\t\t\t\t<\/div>\n\t\t\t\t\t<\/div>\n\t\t\t\t<\/div>\n\t\t\t\t<\/div>","protected":false},"excerpt":{"rendered":"<p>Que fait worldmeetings ? Voici ce que fait Worldmeetings : Worldmeetings est un interm\u00e9diaire pour toutes vos r\u00e9unions d'affaires. Pensez \u00e0 la r\u00e9servation de salles de r\u00e9union \u00e0 l'ext\u00e9rieur du bureau, de chambres d'h\u00f4tel, d'\u00e9v\u00e9nements et d'une table dans un restaurant. Nous d\u00e9barrassons les organisations des soucis li\u00e9s \u00e0 la recherche, \u00e0 la r\u00e9servation, \u00e0 l'administration et au paiement des r\u00e9unions. Les organisations disposent d'un point de contact unique avec Worldmeetings. [...]<\/p>","protected":false},"author":10,"featured_media":0,"parent":2769,"menu_order":0,"comment_status":"closed","ping_status":"closed","template":"","meta":{"_acf_changed":false,"footnotes":""},"class_list":["post-4598","page","type-page","status-publish","hentry"],"acf":[],"yoast_head":"<!-- This site is optimized with the Yoast SEO plugin v26.5 - https:\/\/yoast.com\/wordpress\/plugins\/seo\/ -->\n<title>Wat doet Worldmeetings? - Worldmeetings<\/title>\n<meta name=\"robots\" content=\"index, follow, max-snippet:-1, max-image-preview:large, max-video-preview:-1\" \/>\n<link rel=\"canonical\" href=\"https:\/\/www.worldmeetings.com\/fr\/over-ons\/faq\/wat-doet-worlmdeetings\/\" \/>\n<meta property=\"og:locale\" content=\"fr_FR\" \/>\n<meta property=\"og:type\" content=\"article\" \/>\n<meta property=\"og:title\" content=\"Wat doet Worldmeetings? - Worldmeetings\" \/>\n<meta property=\"og:description\" content=\"Wat doet worldmeetings? Dit doet worldmeetings: Worldmeetings is een intermediair voor al uw zakelijke bijeenkomsten. Denk aan het boeken van vergaderruimtes buiten kantoor, hotelovernachtingen, events en een tafeltje in een restaurant. We nemen organisaties zorgen uit handen die komen kijken bij het zoeken, boeken, administreren en betalen van vergaderingen. Organisaties hebben met Worldmeetings. \u00e9\u00e9n aanspreekpunt [&hellip;]\" \/>\n<meta property=\"og:url\" content=\"https:\/\/www.worldmeetings.com\/fr\/over-ons\/faq\/wat-doet-worlmdeetings\/\" \/>\n<meta property=\"og:site_name\" content=\"Worldmeetings\" \/>\n<meta property=\"article:modified_time\" content=\"2024-03-12T10:34:01+00:00\" \/>\n<meta name=\"twitter:card\" content=\"summary_large_image\" \/>\n<meta name=\"twitter:label1\" content=\"Est. reading time\" \/>\n\t<meta name=\"twitter:data1\" content=\"2 minutes\" \/>\n<script type=\"application\/ld+json\" class=\"yoast-schema-graph\">{\"@context\":\"https:\/\/schema.org\",\"@graph\":[{\"@type\":\"WebPage\",\"@id\":\"https:\/\/www.worldmeetings.com\/over-ons\/faq\/wat-doet-worlmdeetings\/\",\"url\":\"https:\/\/www.worldmeetings.com\/over-ons\/faq\/wat-doet-worlmdeetings\/\",\"name\":\"Wat doet Worldmeetings? - Worldmeetings\",\"isPartOf\":{\"@id\":\"https:\/\/www.worldmeetings.com\/nl\/#website\"},\"datePublished\":\"2024-03-12T10:31:05+00:00\",\"dateModified\":\"2024-03-12T10:34:01+00:00\",\"breadcrumb\":{\"@id\":\"https:\/\/www.worldmeetings.com\/over-ons\/faq\/wat-doet-worlmdeetings\/#breadcrumb\"},\"inLanguage\":\"fr-FR\",\"potentialAction\":[{\"@type\":\"ReadAction\",\"target\":[\"https:\/\/www.worldmeetings.com\/over-ons\/faq\/wat-doet-worlmdeetings\/\"]}]},{\"@type\":\"BreadcrumbList\",\"@id\":\"https:\/\/www.worldmeetings.com\/over-ons\/faq\/wat-doet-worlmdeetings\/#breadcrumb\",\"itemListElement\":[{\"@type\":\"ListItem\",\"position\":1,\"name\":\"Home\",\"item\":\"https:\/\/www.worldmeetings.com\/nl\/\"},{\"@type\":\"ListItem\",\"position\":2,\"name\":\"Over ons\",\"item\":\"https:\/\/www.worldmeetings.com\/over-ons\/\"},{\"@type\":\"ListItem\",\"position\":3,\"name\":\"FAQ\",\"item\":\"https:\/\/www.worldmeetings.com\/over-ons\/faq\/\"},{\"@type\":\"ListItem\",\"position\":4,\"name\":\"Wat doet Worldmeetings?\"}]},{\"@type\":\"WebSite\",\"@id\":\"https:\/\/www.worldmeetings.com\/nl\/#website\",\"url\":\"https:\/\/www.worldmeetings.com\/nl\/\",\"name\":\"Worldmeetings\",\"description\":\"\",\"publisher\":{\"@id\":\"https:\/\/www.worldmeetings.com\/nl\/#organization\"},\"potentialAction\":[{\"@type\":\"SearchAction\",\"target\":{\"@type\":\"EntryPoint\",\"urlTemplate\":\"https:\/\/www.worldmeetings.com\/nl\/?s={search_term_string}\"},\"query-input\":{\"@type\":\"PropertyValueSpecification\",\"valueRequired\":true,\"valueName\":\"search_term_string\"}}],\"inLanguage\":\"fr-FR\"},{\"@type\":\"Organization\",\"@id\":\"https:\/\/www.worldmeetings.com\/nl\/#organization\",\"name\":\"Worldmeetings\",\"url\":\"https:\/\/www.worldmeetings.com\/nl\/\",\"logo\":{\"@type\":\"ImageObject\",\"inLanguage\":\"fr-FR\",\"@id\":\"https:\/\/www.worldmeetings.com\/nl\/#\/schema\/logo\/image\/\",\"url\":\"https:\/\/www.worldmeetings.com\/app\/uploads\/2024\/01\/worldmeetings.svg\",\"contentUrl\":\"https:\/\/www.worldmeetings.com\/app\/uploads\/2024\/01\/worldmeetings.svg\",\"width\":208,\"height\":79,\"caption\":\"Worldmeetings\"},\"image\":{\"@id\":\"https:\/\/www.worldmeetings.com\/nl\/#\/schema\/logo\/image\/\"}}]}<\/script>\n<!-- \/ Yoast SEO plugin. -->","yoast_head_json":{"title":"Wat doet Worldmeetings? - Worldmeetings","robots":{"index":"index","follow":"follow","max-snippet":"max-snippet:-1","max-image-preview":"max-image-preview:large","max-video-preview":"max-video-preview:-1"},"canonical":"https:\/\/www.worldmeetings.com\/fr\/over-ons\/faq\/wat-doet-worlmdeetings\/","og_locale":"fr_FR","og_type":"article","og_title":"Wat doet Worldmeetings? - Worldmeetings","og_description":"Wat doet worldmeetings? Dit doet worldmeetings: Worldmeetings is een intermediair voor al uw zakelijke bijeenkomsten. Denk aan het boeken van vergaderruimtes buiten kantoor, hotelovernachtingen, events en een tafeltje in een restaurant. We nemen organisaties zorgen uit handen die komen kijken bij het zoeken, boeken, administreren en betalen van vergaderingen. Organisaties hebben met Worldmeetings. \u00e9\u00e9n aanspreekpunt [&hellip;]","og_url":"https:\/\/www.worldmeetings.com\/fr\/over-ons\/faq\/wat-doet-worlmdeetings\/","og_site_name":"Worldmeetings","article_modified_time":"2024-03-12T10:34:01+00:00","twitter_card":"summary_large_image","twitter_misc":{"Est. reading time":"2 minutes"},"schema":{"@context":"https:\/\/schema.org","@graph":[{"@type":"WebPage","@id":"https:\/\/www.worldmeetings.com\/over-ons\/faq\/wat-doet-worlmdeetings\/","url":"https:\/\/www.worldmeetings.com\/over-ons\/faq\/wat-doet-worlmdeetings\/","name":"Wat doet Worldmeetings? - Worldmeetings","isPartOf":{"@id":"https:\/\/www.worldmeetings.com\/nl\/#website"},"datePublished":"2024-03-12T10:31:05+00:00","dateModified":"2024-03-12T10:34:01+00:00","breadcrumb":{"@id":"https:\/\/www.worldmeetings.com\/over-ons\/faq\/wat-doet-worlmdeetings\/#breadcrumb"},"inLanguage":"fr-FR","potentialAction":[{"@type":"ReadAction","target":["https:\/\/www.worldmeetings.com\/over-ons\/faq\/wat-doet-worlmdeetings\/"]}]},{"@type":"BreadcrumbList","@id":"https:\/\/www.worldmeetings.com\/over-ons\/faq\/wat-doet-worlmdeetings\/#breadcrumb","itemListElement":[{"@type":"ListItem","position":1,"name":"Home","item":"https:\/\/www.worldmeetings.com\/nl\/"},{"@type":"ListItem","position":2,"name":"Over ons","item":"https:\/\/www.worldmeetings.com\/over-ons\/"},{"@type":"ListItem","position":3,"name":"FAQ","item":"https:\/\/www.worldmeetings.com\/over-ons\/faq\/"},{"@type":"ListItem","position":4,"name":"Wat doet Worldmeetings?"}]},{"@type":"WebSite","@id":"https:\/\/www.worldmeetings.com\/nl\/#website","url":"https:\/\/www.worldmeetings.com\/nl\/","name":"Rencontres mondiales","description":"","publisher":{"@id":"https:\/\/www.worldmeetings.com\/nl\/#organization"},"potentialAction":[{"@type":"SearchAction","target":{"@type":"EntryPoint","urlTemplate":"https:\/\/www.worldmeetings.com\/nl\/?s={search_term_string}"},"query-input":{"@type":"PropertyValueSpecification","valueRequired":true,"valueName":"search_term_string"}}],"inLanguage":"fr-FR"},{"@type":"Organization","@id":"https:\/\/www.worldmeetings.com\/nl\/#organization","name":"Rencontres mondiales","url":"https:\/\/www.worldmeetings.com\/nl\/","logo":{"@type":"ImageObject","inLanguage":"fr-FR","@id":"https:\/\/www.worldmeetings.com\/nl\/#\/schema\/logo\/image\/","url":"https:\/\/www.worldmeetings.com\/app\/uploads\/2024\/01\/worldmeetings.svg","contentUrl":"https:\/\/www.worldmeetings.com\/app\/uploads\/2024\/01\/worldmeetings.svg","width":208,"height":79,"caption":"Worldmeetings"},"image":{"@id":"https:\/\/www.worldmeetings.com\/nl\/#\/schema\/logo\/image\/"}}]}},"_links":{"self":[{"href":"https:\/\/www.worldmeetings.com\/fr\/wp-json\/wp\/v2\/pages\/4598","targetHints":{"allow":["GET"]}}],"collection":[{"href":"https:\/\/www.worldmeetings.com\/fr\/wp-json\/wp\/v2\/pages"}],"about":[{"href":"https:\/\/www.worldmeetings.com\/fr\/wp-json\/wp\/v2\/types\/page"}],"author":[{"embeddable":true,"href":"https:\/\/www.worldmeetings.com\/fr\/wp-json\/wp\/v2\/users\/10"}],"replies":[{"embeddable":true,"href":"https:\/\/www.worldmeetings.com\/fr\/wp-json\/wp\/v2\/comments?post=4598"}],"version-history":[{"count":5,"href":"https:\/\/www.worldmeetings.com\/fr\/wp-json\/wp\/v2\/pages\/4598\/revisions"}],"predecessor-version":[{"id":4604,"href":"https:\/\/www.worldmeetings.com\/fr\/wp-json\/wp\/v2\/pages\/4598\/revisions\/4604"}],"up":[{"embeddable":true,"href":"https:\/\/www.worldmeetings.com\/fr\/wp-json\/wp\/v2\/pages\/2769"}],"wp:attachment":[{"href":"https:\/\/www.worldmeetings.com\/fr\/wp-json\/wp\/v2\/media?parent=4598"}],"curies":[{"name":"wp","href":"https:\/\/api.w.org\/{rel}","templated":true}]}}