{"id":4590,"date":"2024-03-12T09:45:26","date_gmt":"2024-03-12T09:45:26","guid":{"rendered":"https:\/\/www.worldmeetings.com\/?page_id=4590"},"modified":"2024-03-12T09:56:00","modified_gmt":"2024-03-12T09:56:00","slug":"wat-is-een-ebird","status":"publish","type":"page","link":"https:\/\/www.worldmeetings.com\/fr\/over-ons\/faq\/wat-is-een-ebird\/","title":{"rendered":"Qu'est-ce qu'un eBird ?"},"content":{"rendered":"<div data-elementor-type=\"wp-page\" data-elementor-id=\"4590\" class=\"elementor elementor-4590\" data-elementor-post-type=\"page\">\n\t\t\t\t<div class=\"elementor-element elementor-element-4a70a6ac e-con-full e-flex e-con e-parent\" data-id=\"4a70a6ac\" data-element_type=\"container\" data-e-type=\"container\" data-settings=\"{&quot;background_background&quot;:&quot;classic&quot;,&quot;jet_parallax_layout_list&quot;:[]}\">\n\t\t<div class=\"elementor-element elementor-element-6c88f910 e-con-full e-flex e-con e-child\" data-id=\"6c88f910\" data-element_type=\"container\" data-e-type=\"container\" data-settings=\"{&quot;background_background&quot;:&quot;classic&quot;,&quot;jet_parallax_layout_list&quot;:[]}\">\n\t\t<div class=\"elementor-element elementor-element-7efc6414 e-flex e-con-boxed e-con e-child\" data-id=\"7efc6414\" data-element_type=\"container\" data-e-type=\"container\" data-settings=\"{&quot;jet_parallax_layout_list&quot;:[]}\">\n\t\t\t\t\t<div class=\"e-con-inner\">\n\t\t\t\t\t<\/div>\n\t\t\t\t<\/div>\n\t\t\t\t<div class=\"elementor-element elementor-element-8e0d1d8 elementor-widget elementor-widget-heading\" data-id=\"8e0d1d8\" data-element_type=\"widget\" data-e-type=\"widget\" data-widget_type=\"heading.default\">\n\t\t\t\t<div class=\"elementor-widget-container\">\n\t\t\t\t\t<h1 class=\"elementor-heading-title elementor-size-default\">Qu'est-ce qu'un<br><br><br><br><strong>Ebird ?<\/strong><\/h1>\t\t\t\t<\/div>\n\t\t\t\t<\/div>\n\t\t\t\t<\/div>\n\t\t\t\t<\/div>\n\t\t<div class=\"elementor-element elementor-element-c6bdb52 e-flex e-con-boxed elementor-invisible e-con e-parent\" data-id=\"c6bdb52\" data-element_type=\"container\" data-e-type=\"container\" data-settings=\"{&quot;jet_parallax_layout_list&quot;:[],&quot;background_background&quot;:&quot;classic&quot;,&quot;animation&quot;:&quot;fadeInUp&quot;}\">\n\t\t\t\t\t<div class=\"e-con-inner\">\n\t\t<div class=\"elementor-element elementor-element-250ac5aa e-con-full e-flex e-con e-child\" data-id=\"250ac5aa\" data-element_type=\"container\" data-e-type=\"container\" data-settings=\"{&quot;jet_parallax_layout_list&quot;:[]}\">\n\t\t\t\t<div class=\"elementor-element elementor-element-66061ad4 elementor-widget elementor-widget-heading\" data-id=\"66061ad4\" data-element_type=\"widget\" data-e-type=\"widget\" data-widget_type=\"heading.default\">\n\t\t\t\t<div class=\"elementor-widget-container\">\n\t\t\t\t\t<h2 class=\"elementor-heading-title elementor-size-default\">Il s'agit d'un ebird : <\/h2>\t\t\t\t<\/div>\n\t\t\t\t<\/div>\n\t\t\t\t<div class=\"elementor-element elementor-element-1954025d elementor-widget elementor-widget-text-editor\" data-id=\"1954025d\" data-element_type=\"widget\" data-e-type=\"widget\" data-widget_type=\"text-editor.default\">\n\t\t\t\t<div class=\"elementor-widget-container\">\n\t\t\t\t\t\t\t\t\t<p>eBird est un syst\u00e8me de chat qui vous permet de communiquer facilement avec Worldmeetings. Gr\u00e2ce \u00e0 eBird, toutes les communications relatives \u00e0 une r\u00e9servation sont regroup\u00e9es en un seul endroit.<\/p>\n<h3><strong>Comment envoyer des eBirds ?<\/strong><\/h3>\n<p>Vous \u00eates client et vous avez des questions sur une r\u00e9servation ou une facture ? Dans ce cas, vous pouvez nous contacter via eBird. Connectez-vous et allez dans Mon dossier. Trouvez votre r\u00e9servation et ouvrez-la. Cliquez sur le bouton \"eBird\". Vous le trouverez sur l'\u00e9cran de la r\u00e9servation.<\/p>\n<p>Vous \u00eates un site et vous souhaitez envoyer un eBird ? Connectez-vous \u00e0 l'outil CMS et allez dans les r\u00e9servations, les factures et les paiements. Trouvez la r\u00e9servation ou la facture dont il s'agit. Ouvrez-la. Un \u00e9cran s'ouvrira o\u00f9 vous trouverez le bouton \"eBird\". En cliquant sur ce bouton, vous entrez en contact avec notre \u00e9quipe de service.<\/p>\n<h3><strong>Comment puis-je recevoir des eBirds ?<\/strong><\/h3>\n<p>Si nous avons besoin d'informations de votre part, nous vous enverrons un eBird. Vous en serez inform\u00e9 par courrier \u00e9lectronique. L'e-mail contient un lien. Cliquez sur le lien et connectez-vous. Vous acc\u00e9derez alors \u00e0 Mon dossier (pour les clients) ou \u00e0 l'outil CMS (pour les sites). Vous pouvez y introduire les informations dont nous avons actuellement besoin pour une r\u00e9servation ou une facture<\/p>\n<h3><strong>Comment cela fonctionne-t-il ?<\/strong><\/h3>\n<p>Vous avez effectu\u00e9 une r\u00e9servation via l'outil de r\u00e9servation. Ensuite, nous avons souvent besoin d'informations suppl\u00e9mentaires de votre part. Pensez \u00e0 l'\u00e9quipement que vous souhaitez utiliser. Ou aux exigences en mati\u00e8re de nourriture et de boissons. L'outil eBird vous pose automatiquement des questions importantes pour votre r\u00e9servation. Il vous avertit \u00e9galement de la date limite d'annulation, par exemple.<\/p>\n<p>En outre, eBird est important pour poser des questions. Gr\u00e2ce \u00e0 eBird, vous pouvez discuter directement avec notre \u00e9quipe de service. Elle r\u00e9pondra imm\u00e9diatement \u00e0 votre demande. L'eBird rend les appels inutiles. En fait, il est plus rapide d'envoyer un eBird que de t\u00e9l\u00e9phoner. De plus, c'est plus efficace car toutes les informations sont r\u00e9unies en un seul endroit.<\/p>\n<p><strong>Pour les lieux<\/strong><\/p>\n<p>Lorsqu'un eBird est envoy\u00e9 \u00e0 votre emplacement, vous recevrez une notification \u00e0 ce sujet par courrier. Apr\u00e8s vous \u00eatre connect\u00e9, vous verrez imm\u00e9diatement sur l'\u00e9cran principal la notification qu'un eBird est pr\u00eat. Lorsque vous l'ouvrirez, vous verrez imm\u00e9diatement un aper\u00e7u de tous les chats eBird. Vous pouvez ainsi r\u00e9agir \u00e0 ces eBirds.<\/p>\n<p>Les sites peuvent \u00e9galement lancer eux-m\u00eames un chat eBird. Cela peut se faire de deux mani\u00e8res.<\/p>\n<ul>\n<li><em>Questions sur une r\u00e9servation<\/em><br>Lorsqu'une r\u00e9servation est confirm\u00e9e, il est possible d'envoyer un eBird \u00e0 partir de la r\u00e9servation. Lorsque vous recherchez le num\u00e9ro de r\u00e9servation dans vos r\u00e9servations et que vous ouvrez la r\u00e9servation, vous verrez le bouton Start eBird chat en haut \u00e0 droite. Ainsi, votre question sur la r\u00e9servation sera directement adress\u00e9e \u00e0 la bonne personne.<\/li>\n<li><em>Questions g\u00e9n\u00e9rales<\/em><br>Si vous avez une question g\u00e9n\u00e9rale qui n'est pas li\u00e9e \u00e0 une r\u00e9servation, vous pouvez envoyer un eBird g\u00e9n\u00e9ral. Ce bouton se trouve sur l'\u00e9cran principal, sous la rubrique \"Autres\".<br>Les mutations sont \u00e9galement envoy\u00e9es via eBird. En cas de modification d'une rencontre, par exemple, notre \u00e9quipe de service transmettra une mutation \u00e0 ce sujet. Vous recevrez \u00e9galement une notification par courrier.<\/li>\n<\/ul>\n<p><strong><em>Veuillez noter qu'il n'est pas possible d'envoyer un eBird pour les r\u00e9servations facultatives. Les commentaires peuvent \u00eatre plac\u00e9s dans le champ commentaires de l'offre.<\/em><\/strong><\/p>\n<h3>Types d'eBirds<\/h3>\n<p>Lorsque vous nous envoyez un eBird, il nous parvient imm\u00e9diatement. Nous pouvons donc commencer \u00e0 travailler sur votre demande imm\u00e9diatement. Nous envoyons les eBirds en fonction de l'urgence : il y a 3 types d'eBirds que nous envoyons :<\/p>\n<ul>\n<li><strong>Normal eBirds<\/strong> sont envoy\u00e9s une fois par jour \u00e0 6 heures.<\/li>\n<li><strong>Prio eBirds<\/strong> sont utilis\u00e9s pour les nouvelles demandes. Nous les envoyons trois fois par jour. Vous obtiendrez ainsi une r\u00e9ponse plus rapide \u00e0 votre demande.<\/li>\n<li><strong>Vitesse eBirds<\/strong> vous sont envoy\u00e9s directement si le message ne peut pas attendre le tour normal ou prioritaire d'eBird.<\/li>\n<\/ul>\n<h3>eBird au lieu du courrier \u00e9lectronique<\/h3>\n<p>Les eBirds ont remplac\u00e9 les nombreux courriels \u00e9chang\u00e9s entre le client, Worldmeetings et les lieux de r\u00e9union. Le syst\u00e8me eBird regroupe les communications relatives \u00e0 une r\u00e9servation en un seul endroit. Pour les clients, il s'agit de My Dossier, pour les organisateurs, de l'outil CMS.<\/p>\n<p>Il n'est donc plus n\u00e9cessaire d'envoyer un courrier \u00e9lectronique. Nous n'envoyons un courriel que lorsqu'un nouvel eBird est pr\u00eat pour vous. Cet e-mail contient \u00e9galement un lien vers vos eBirds, afin que vous puissiez y acc\u00e9der rapidement.<\/p>\t\t\t\t\t\t\t\t<\/div>\n\t\t\t\t<\/div>\n\t\t\t\t<div class=\"elementor-element elementor-element-4cc4e369 elementor-align-left elementor-widget elementor-widget-button\" data-id=\"4cc4e369\" data-element_type=\"widget\" data-e-type=\"widget\" data-widget_type=\"button.default\">\n\t\t\t\t<div class=\"elementor-widget-container\">\n\t\t\t\t\t\t\t\t\t<div class=\"elementor-button-wrapper\">\n\t\t\t\t\t<a class=\"elementor-button elementor-button-link elementor-size-sm\" href=\"https:\/\/www.worldmeetings.com\/fr\/over-ons\/faq\/\">\n\t\t\t\t\t\t<span class=\"elementor-button-content-wrapper\">\n\t\t\t\t\t\t\t\t\t<span class=\"elementor-button-text\">Retour \u00e0 l'aper\u00e7u<\/span>\n\t\t\t\t\t<\/span>\n\t\t\t\t\t<\/a>\n\t\t\t\t<\/div>\n\t\t\t\t\t\t\t\t<\/div>\n\t\t\t\t<\/div>\n\t\t\t\t<\/div>\n\t\t\t\t\t<\/div>\n\t\t\t\t<\/div>\n\t\t<div class=\"elementor-element elementor-element-627fc38 e-flex e-con-boxed e-con e-parent\" data-id=\"627fc38\" data-element_type=\"container\" data-e-type=\"container\" data-settings=\"{&quot;background_background&quot;:&quot;classic&quot;,&quot;jet_parallax_layout_list&quot;:[]}\">\n\t\t\t\t\t<div class=\"e-con-inner\">\n\t\t\t\t<div class=\"elementor-element elementor-element-b62f94d elementor-widget elementor-widget-heading\" data-id=\"b62f94d\" data-element_type=\"widget\" data-e-type=\"widget\" data-widget_type=\"heading.default\">\n\t\t\t\t<div class=\"elementor-widget-container\">\n\t\t\t\t\t<h2 class=\"elementor-heading-title elementor-size-default\"><br><br><br><br><br><br><br><br><br><br><br>Consultez notre FAQ pour d'autres questions<\/h2>\t\t\t\t<\/div>\n\t\t\t\t<\/div>\n\t\t\t\t<div class=\"elementor-element elementor-element-7416754 elementor-align-right elementor-widget elementor-widget-button\" data-id=\"7416754\" data-element_type=\"widget\" data-e-type=\"widget\" data-widget_type=\"button.default\">\n\t\t\t\t<div class=\"elementor-widget-container\">\n\t\t\t\t\t\t\t\t\t<div class=\"elementor-button-wrapper\">\n\t\t\t\t\t<a class=\"elementor-button elementor-button-link elementor-size-sm\" href=\"https:\/\/www.worldmeetings.com\/fr\/over-ons\/faq\/\">\n\t\t\t\t\t\t<span class=\"elementor-button-content-wrapper\">\n\t\t\t\t\t\t\t\t\t<span class=\"elementor-button-text\">        FAQ<\/span>\n\t\t\t\t\t<\/span>\n\t\t\t\t\t<\/a>\n\t\t\t\t<\/div>\n\t\t\t\t\t\t\t\t<\/div>\n\t\t\t\t<\/div>\n\t\t\t\t\t<\/div>\n\t\t\t\t<\/div>\n\t\t\t\t<\/div>","protected":false},"excerpt":{"rendered":"<p>Wat is een Ebird? Dit is een ebird: eBird is een chatsysteem waarmee u makkelijk kunt communiceren met Worldmeetings. Dankzij eBird staat de hele communicatie over een reservering op \u00e9\u00e9n plek. Hoe kan ik eBirds versturen? Bent u opdrachtgever en heeft u vragen over een reservering of factuur? Dan kunt u via eBird contact met [&hellip;]<\/p>\n","protected":false},"author":10,"featured_media":0,"parent":2769,"menu_order":0,"comment_status":"closed","ping_status":"closed","template":"","meta":{"_acf_changed":false,"footnotes":""},"class_list":["post-4590","page","type-page","status-publish","hentry"],"acf":[],"yoast_head":"<!-- This site is optimized with the Yoast SEO plugin v27.3 - https:\/\/yoast.com\/product\/yoast-seo-wordpress\/ -->\n<title>Wat is een eBird? - Worldmeetings<\/title>\n<meta name=\"robots\" content=\"index, follow, max-snippet:-1, max-image-preview:large, max-video-preview:-1\" \/>\n<link rel=\"canonical\" href=\"https:\/\/www.worldmeetings.com\/fr\/over-ons\/faq\/wat-is-een-ebird\/\" \/>\n<meta property=\"og:locale\" content=\"fr_FR\" \/>\n<meta property=\"og:type\" content=\"article\" \/>\n<meta property=\"og:title\" content=\"Wat is een eBird? - Worldmeetings\" \/>\n<meta property=\"og:description\" content=\"Wat is een Ebird? Dit is een ebird: eBird is een chatsysteem waarmee u makkelijk kunt communiceren met Worldmeetings. Dankzij eBird staat de hele communicatie over een reservering op \u00e9\u00e9n plek. Hoe kan ik eBirds versturen? Bent u opdrachtgever en heeft u vragen over een reservering of factuur? Dan kunt u via eBird contact met [&hellip;]\" \/>\n<meta property=\"og:url\" content=\"https:\/\/www.worldmeetings.com\/fr\/over-ons\/faq\/wat-is-een-ebird\/\" \/>\n<meta property=\"og:site_name\" content=\"Worldmeetings\" \/>\n<meta property=\"article:modified_time\" content=\"2024-03-12T09:56:00+00:00\" \/>\n<meta name=\"twitter:card\" content=\"summary_large_image\" \/>\n<meta name=\"twitter:label1\" content=\"Est. reading time\" \/>\n\t<meta name=\"twitter:data1\" content=\"4 minutes\" \/>\n<script type=\"application\/ld+json\" class=\"yoast-schema-graph\">{\"@context\":\"https:\\\/\\\/schema.org\",\"@graph\":[{\"@type\":\"WebPage\",\"@id\":\"https:\\\/\\\/www.worldmeetings.com\\\/over-ons\\\/faq\\\/wat-is-een-ebird\\\/\",\"url\":\"https:\\\/\\\/www.worldmeetings.com\\\/over-ons\\\/faq\\\/wat-is-een-ebird\\\/\",\"name\":\"Wat is een eBird? - Worldmeetings\",\"isPartOf\":{\"@id\":\"https:\\\/\\\/www.worldmeetings.com\\\/nl\\\/#website\"},\"datePublished\":\"2024-03-12T09:45:26+00:00\",\"dateModified\":\"2024-03-12T09:56:00+00:00\",\"breadcrumb\":{\"@id\":\"https:\\\/\\\/www.worldmeetings.com\\\/over-ons\\\/faq\\\/wat-is-een-ebird\\\/#breadcrumb\"},\"inLanguage\":\"fr-FR\",\"potentialAction\":[{\"@type\":\"ReadAction\",\"target\":[\"https:\\\/\\\/www.worldmeetings.com\\\/over-ons\\\/faq\\\/wat-is-een-ebird\\\/\"]}]},{\"@type\":\"BreadcrumbList\",\"@id\":\"https:\\\/\\\/www.worldmeetings.com\\\/over-ons\\\/faq\\\/wat-is-een-ebird\\\/#breadcrumb\",\"itemListElement\":[{\"@type\":\"ListItem\",\"position\":1,\"name\":\"Home\",\"item\":\"https:\\\/\\\/www.worldmeetings.com\\\/nl\\\/\"},{\"@type\":\"ListItem\",\"position\":2,\"name\":\"Over ons\",\"item\":\"https:\\\/\\\/www.worldmeetings.com\\\/over-ons\\\/\"},{\"@type\":\"ListItem\",\"position\":3,\"name\":\"FAQ\",\"item\":\"https:\\\/\\\/www.worldmeetings.com\\\/over-ons\\\/faq\\\/\"},{\"@type\":\"ListItem\",\"position\":4,\"name\":\"Wat is een eBird?\"}]},{\"@type\":\"WebSite\",\"@id\":\"https:\\\/\\\/www.worldmeetings.com\\\/nl\\\/#website\",\"url\":\"https:\\\/\\\/www.worldmeetings.com\\\/nl\\\/\",\"name\":\"Worldmeetings\",\"description\":\"\",\"publisher\":{\"@id\":\"https:\\\/\\\/www.worldmeetings.com\\\/nl\\\/#organization\"},\"potentialAction\":[{\"@type\":\"SearchAction\",\"target\":{\"@type\":\"EntryPoint\",\"urlTemplate\":\"https:\\\/\\\/www.worldmeetings.com\\\/nl\\\/?s={search_term_string}\"},\"query-input\":{\"@type\":\"PropertyValueSpecification\",\"valueRequired\":true,\"valueName\":\"search_term_string\"}}],\"inLanguage\":\"fr-FR\"},{\"@type\":\"Organization\",\"@id\":\"https:\\\/\\\/www.worldmeetings.com\\\/nl\\\/#organization\",\"name\":\"Worldmeetings\",\"url\":\"https:\\\/\\\/www.worldmeetings.com\\\/nl\\\/\",\"logo\":{\"@type\":\"ImageObject\",\"inLanguage\":\"fr-FR\",\"@id\":\"https:\\\/\\\/www.worldmeetings.com\\\/nl\\\/#\\\/schema\\\/logo\\\/image\\\/\",\"url\":\"https:\\\/\\\/www.worldmeetings.com\\\/app\\\/uploads\\\/2024\\\/01\\\/worldmeetings.svg\",\"contentUrl\":\"https:\\\/\\\/www.worldmeetings.com\\\/app\\\/uploads\\\/2024\\\/01\\\/worldmeetings.svg\",\"width\":208,\"height\":79,\"caption\":\"Worldmeetings\"},\"image\":{\"@id\":\"https:\\\/\\\/www.worldmeetings.com\\\/nl\\\/#\\\/schema\\\/logo\\\/image\\\/\"}}]}<\/script>\n<!-- \/ Yoast SEO plugin. -->","yoast_head_json":{"title":"Wat is een eBird? - Worldmeetings","robots":{"index":"index","follow":"follow","max-snippet":"max-snippet:-1","max-image-preview":"max-image-preview:large","max-video-preview":"max-video-preview:-1"},"canonical":"https:\/\/www.worldmeetings.com\/fr\/over-ons\/faq\/wat-is-een-ebird\/","og_locale":"fr_FR","og_type":"article","og_title":"Wat is een eBird? - Worldmeetings","og_description":"Wat is een Ebird? Dit is een ebird: eBird is een chatsysteem waarmee u makkelijk kunt communiceren met Worldmeetings. Dankzij eBird staat de hele communicatie over een reservering op \u00e9\u00e9n plek. Hoe kan ik eBirds versturen? Bent u opdrachtgever en heeft u vragen over een reservering of factuur? Dan kunt u via eBird contact met [&hellip;]","og_url":"https:\/\/www.worldmeetings.com\/fr\/over-ons\/faq\/wat-is-een-ebird\/","og_site_name":"Worldmeetings","article_modified_time":"2024-03-12T09:56:00+00:00","twitter_card":"summary_large_image","twitter_misc":{"Est. reading time":"4 minutes"},"schema":{"@context":"https:\/\/schema.org","@graph":[{"@type":"WebPage","@id":"https:\/\/www.worldmeetings.com\/over-ons\/faq\/wat-is-een-ebird\/","url":"https:\/\/www.worldmeetings.com\/over-ons\/faq\/wat-is-een-ebird\/","name":"Wat is een eBird? - Worldmeetings","isPartOf":{"@id":"https:\/\/www.worldmeetings.com\/nl\/#website"},"datePublished":"2024-03-12T09:45:26+00:00","dateModified":"2024-03-12T09:56:00+00:00","breadcrumb":{"@id":"https:\/\/www.worldmeetings.com\/over-ons\/faq\/wat-is-een-ebird\/#breadcrumb"},"inLanguage":"fr-FR","potentialAction":[{"@type":"ReadAction","target":["https:\/\/www.worldmeetings.com\/over-ons\/faq\/wat-is-een-ebird\/"]}]},{"@type":"BreadcrumbList","@id":"https:\/\/www.worldmeetings.com\/over-ons\/faq\/wat-is-een-ebird\/#breadcrumb","itemListElement":[{"@type":"ListItem","position":1,"name":"Home","item":"https:\/\/www.worldmeetings.com\/nl\/"},{"@type":"ListItem","position":2,"name":"Over ons","item":"https:\/\/www.worldmeetings.com\/over-ons\/"},{"@type":"ListItem","position":3,"name":"FAQ","item":"https:\/\/www.worldmeetings.com\/over-ons\/faq\/"},{"@type":"ListItem","position":4,"name":"Wat is een eBird?"}]},{"@type":"WebSite","@id":"https:\/\/www.worldmeetings.com\/nl\/#website","url":"https:\/\/www.worldmeetings.com\/nl\/","name":"Rencontres mondiales","description":"","publisher":{"@id":"https:\/\/www.worldmeetings.com\/nl\/#organization"},"potentialAction":[{"@type":"SearchAction","target":{"@type":"EntryPoint","urlTemplate":"https:\/\/www.worldmeetings.com\/nl\/?s={search_term_string}"},"query-input":{"@type":"PropertyValueSpecification","valueRequired":true,"valueName":"search_term_string"}}],"inLanguage":"fr-FR"},{"@type":"Organization","@id":"https:\/\/www.worldmeetings.com\/nl\/#organization","name":"Rencontres mondiales","url":"https:\/\/www.worldmeetings.com\/nl\/","logo":{"@type":"ImageObject","inLanguage":"fr-FR","@id":"https:\/\/www.worldmeetings.com\/nl\/#\/schema\/logo\/image\/","url":"https:\/\/www.worldmeetings.com\/app\/uploads\/2024\/01\/worldmeetings.svg","contentUrl":"https:\/\/www.worldmeetings.com\/app\/uploads\/2024\/01\/worldmeetings.svg","width":208,"height":79,"caption":"Worldmeetings"},"image":{"@id":"https:\/\/www.worldmeetings.com\/nl\/#\/schema\/logo\/image\/"}}]}},"_links":{"self":[{"href":"https:\/\/www.worldmeetings.com\/fr\/wp-json\/wp\/v2\/pages\/4590","targetHints":{"allow":["GET"]}}],"collection":[{"href":"https:\/\/www.worldmeetings.com\/fr\/wp-json\/wp\/v2\/pages"}],"about":[{"href":"https:\/\/www.worldmeetings.com\/fr\/wp-json\/wp\/v2\/types\/page"}],"author":[{"embeddable":true,"href":"https:\/\/www.worldmeetings.com\/fr\/wp-json\/wp\/v2\/users\/10"}],"replies":[{"embeddable":true,"href":"https:\/\/www.worldmeetings.com\/fr\/wp-json\/wp\/v2\/comments?post=4590"}],"version-history":[{"count":4,"href":"https:\/\/www.worldmeetings.com\/fr\/wp-json\/wp\/v2\/pages\/4590\/revisions"}],"predecessor-version":[{"id":4597,"href":"https:\/\/www.worldmeetings.com\/fr\/wp-json\/wp\/v2\/pages\/4590\/revisions\/4597"}],"up":[{"embeddable":true,"href":"https:\/\/www.worldmeetings.com\/fr\/wp-json\/wp\/v2\/pages\/2769"}],"wp:attachment":[{"href":"https:\/\/www.worldmeetings.com\/fr\/wp-json\/wp\/v2\/media?parent=4590"}],"curies":[{"name":"wp","href":"https:\/\/api.w.org\/{rel}","templated":true}]}}