{"id":2865,"date":"2024-02-23T15:33:41","date_gmt":"2024-02-23T15:33:41","guid":{"rendered":"https:\/\/www.worldmeetings.com\/?page_id=2865"},"modified":"2025-10-15T10:07:24","modified_gmt":"2025-10-15T10:07:24","slug":"business-cases","status":"publish","type":"page","link":"https:\/\/www.worldmeetings.com\/fr\/kennis\/business-cases\/","title":{"rendered":"Cas d'entreprise"},"content":{"rendered":"<div data-elementor-type=\"wp-page\" data-elementor-id=\"2865\" class=\"elementor elementor-2865\" data-elementor-post-type=\"page\">\n\t\t\t\t<div class=\"elementor-element elementor-element-4a70a6ac e-con-full e-flex e-con e-parent\" data-id=\"4a70a6ac\" data-element_type=\"container\" data-e-type=\"container\" data-settings=\"{&quot;background_background&quot;:&quot;classic&quot;,&quot;jet_parallax_layout_list&quot;:[]}\">\n\t\t<div class=\"elementor-element elementor-element-6c88f910 e-con-full e-flex e-con e-child\" data-id=\"6c88f910\" data-element_type=\"container\" data-e-type=\"container\" data-settings=\"{&quot;background_background&quot;:&quot;classic&quot;,&quot;jet_parallax_layout_list&quot;:[]}\">\n\t\t<div class=\"elementor-element elementor-element-7efc6414 e-flex e-con-boxed e-con e-child\" data-id=\"7efc6414\" data-element_type=\"container\" data-e-type=\"container\" data-settings=\"{&quot;jet_parallax_layout_list&quot;:[]}\">\n\t\t\t\t\t<div class=\"e-con-inner\">\n\t\t\t\t\t<\/div>\n\t\t\t\t<\/div>\n\t\t\t\t<div class=\"elementor-element elementor-element-8e0d1d8 elementor-widget elementor-widget-heading\" data-id=\"8e0d1d8\" data-element_type=\"widget\" data-e-type=\"widget\" data-widget_type=\"heading.default\">\n\t\t\t\t<div class=\"elementor-widget-container\">\n\t\t\t\t\t<h1 class=\"elementor-heading-title elementor-size-default\">Entreprises <br><br><br><br><strong>cas.<\/strong><\/h1>\t\t\t\t<\/div>\n\t\t\t\t<\/div>\n\t\t\t\t<\/div>\n\t\t\t\t<\/div>\n\t\t<div class=\"elementor-element elementor-element-6be93f26 e-flex e-con-boxed elementor-invisible e-con e-parent\" data-id=\"6be93f26\" data-element_type=\"container\" data-e-type=\"container\" data-settings=\"{&quot;jet_parallax_layout_list&quot;:[],&quot;background_background&quot;:&quot;classic&quot;,&quot;animation&quot;:&quot;fadeInUp&quot;}\">\n\t\t\t\t\t<div class=\"e-con-inner\">\n\t\t<div class=\"elementor-element elementor-element-4a0d952d e-con-full e-flex e-con e-child\" data-id=\"4a0d952d\" data-element_type=\"container\" data-e-type=\"container\" data-settings=\"{&quot;jet_parallax_layout_list&quot;:[]}\">\n\t\t\t\t<div class=\"elementor-element elementor-element-64aa7c7f elementor-widget elementor-widget-heading\" data-id=\"64aa7c7f\" data-element_type=\"widget\" data-e-type=\"widget\" data-widget_type=\"heading.default\">\n\t\t\t\t<div class=\"elementor-widget-container\">\n\t\t\t\t\t<h2 class=\"elementor-heading-title elementor-size-default\">Lire les t\u00e9moignages de nos partenaires<\/h2>\t\t\t\t<\/div>\n\t\t\t\t<\/div>\n\t\t\t\t<div class=\"elementor-element elementor-element-18169988 elementor-widget elementor-widget-text-editor\" data-id=\"18169988\" data-element_type=\"widget\" data-e-type=\"widget\" data-widget_type=\"text-editor.default\">\n\t\t\t\t<div class=\"elementor-widget-container\">\n\t\t\t\t\t\t\t\t\t<p>Worldmeetings a 34 ans d'exp\u00e9rience dans la r\u00e9servation de r\u00e9unions et de nuit\u00e9es. Bien entendu, nous ne pouvons pas faire cela sans nos clients et nos partenaires, avec lesquels nous entretenons une bonne coop\u00e9ration depuis de nombreuses ann\u00e9es. Les \u00e9tudes de cas illustrent cette bonne coop\u00e9ration\u00a0<span style=\"color: var( --e-global-color-text ); font-family: var( --e-global-typography-512ff75-font-family ), Sans-serif; font-size: var( --e-global-typography-512ff75-font-size ); font-weight: var( --e-global-typography-512ff75-font-weight ); letter-spacing: var( --e-global-typography-512ff75-letter-spacing ); word-spacing: var( --e-global-typography-512ff75-word-spacing );\">pour les nouveaux partenaires potentiels<\/span><span style=\"color: var( --e-global-color-text ); font-family: var( --e-global-typography-512ff75-font-family ), Sans-serif; font-size: var( --e-global-typography-512ff75-font-size ); font-weight: var( --e-global-typography-512ff75-font-weight ); letter-spacing: var( --e-global-typography-512ff75-letter-spacing ); word-spacing: var( --e-global-typography-512ff75-word-spacing );\">\u00a0<\/span><span style=\"color: var( --e-global-color-text ); font-family: var( --e-global-typography-512ff75-font-family ), Sans-serif; font-size: var( --e-global-typography-512ff75-font-size ); font-weight: var( --e-global-typography-512ff75-font-weight ); letter-spacing: var( --e-global-typography-512ff75-letter-spacing ); word-spacing: var( --e-global-typography-512ff75-word-spacing );\">.<\/span><\/p>\t\t\t\t\t\t\t\t<\/div>\n\t\t\t\t<\/div>\n\t\t\t\t<\/div>\n\t\t\t\t\t<\/div>\n\t\t\t\t<\/div>\n\t\t<div class=\"elementor-element elementor-element-4ef11e5a e-flex e-con-boxed e-con e-parent\" data-id=\"4ef11e5a\" data-element_type=\"container\" data-e-type=\"container\" data-settings=\"{&quot;jet_parallax_layout_list&quot;:[],&quot;background_background&quot;:&quot;classic&quot;}\">\n\t\t\t\t\t<div class=\"e-con-inner\">\n\t\t<div class=\"elementor-element elementor-element-38bc3808 e-con-full blokborder2 e-flex elementor-invisible e-con e-child\" data-id=\"38bc3808\" data-element_type=\"container\" data-e-type=\"container\" data-settings=\"{&quot;jet_parallax_layout_list&quot;:[],&quot;background_background&quot;:&quot;classic&quot;,&quot;animation&quot;:&quot;fadeInRight&quot;}\">\n\t\t\t\t<\/div>\n\t\t<div class=\"elementor-element elementor-element-331dc923 e-con-full e-flex e-con e-child\" data-id=\"331dc923\" data-element_type=\"container\" data-e-type=\"container\" data-settings=\"{&quot;jet_parallax_layout_list&quot;:[]}\">\n\t\t\t\t<div class=\"elementor-element elementor-element-3ff67b7e elementor-widget elementor-widget-heading\" data-id=\"3ff67b7e\" data-element_type=\"widget\" data-e-type=\"widget\" data-widget_type=\"heading.default\">\n\t\t\t\t<div class=\"elementor-widget-container\">\n\t\t\t\t\t<h2 class=\"elementor-heading-title elementor-size-default\">Clients<\/h2>\t\t\t\t<\/div>\n\t\t\t\t<\/div>\n\t\t\t\t<div class=\"elementor-element elementor-element-300bcf6a elementor-widget elementor-widget-text-editor\" data-id=\"300bcf6a\" data-element_type=\"widget\" data-e-type=\"widget\" data-widget_type=\"text-editor.default\">\n\t\t\t\t<div class=\"elementor-widget-container\">\n\t\t\t\t\t\t\t\t\t<p>Gr\u00e2ce aux bonnes relations que nous entretenons avec nos clients et nos partenaires, nous sommes le connecteur en ligne depuis plus de 34 ans. Eneco et UWV sont deux des 80 clients avec lesquels nous entretenons de bonnes relations. Ils sont heureux de partager leur exp\u00e9rience avec vous.<\/p>\t\t\t\t\t\t\t\t<\/div>\n\t\t\t\t<\/div>\n\t\t\t\t<div class=\"elementor-element elementor-element-7241c80e elementor-widget elementor-widget-button\" data-id=\"7241c80e\" data-element_type=\"widget\" data-e-type=\"widget\" data-widget_type=\"button.default\">\n\t\t\t\t<div class=\"elementor-widget-container\">\n\t\t\t\t\t\t\t\t\t<div class=\"elementor-button-wrapper\">\n\t\t\t\t\t<a class=\"elementor-button elementor-button-link elementor-size-sm\" href=\"https:\/\/www.worldmeetings.com\/fr\/kennis\/business-cases\/opdrachtgevers\/\">\n\t\t\t\t\t\t<span class=\"elementor-button-content-wrapper\">\n\t\t\t\t\t\t\t\t\t<span class=\"elementor-button-text\">Voir les cas clients<\/span>\n\t\t\t\t\t<\/span>\n\t\t\t\t\t<\/a>\n\t\t\t\t<\/div>\n\t\t\t\t\t\t\t\t<\/div>\n\t\t\t\t<\/div>\n\t\t\t\t<\/div>\n\t\t\t\t\t<\/div>\n\t\t\t\t<\/div>\n\t\t<div class=\"elementor-element elementor-element-1ad87cb e-flex e-con-boxed e-con e-parent\" data-id=\"1ad87cb\" data-element_type=\"container\" data-e-type=\"container\" data-settings=\"{&quot;jet_parallax_layout_list&quot;:[],&quot;background_background&quot;:&quot;classic&quot;}\">\n\t\t\t\t\t<div class=\"e-con-inner\">\n\t\t<div class=\"elementor-element elementor-element-0cdc9f7 e-con-full e-flex e-con e-child\" data-id=\"0cdc9f7\" data-element_type=\"container\" data-e-type=\"container\" data-settings=\"{&quot;jet_parallax_layout_list&quot;:[]}\">\n\t\t\t\t<div class=\"elementor-element elementor-element-ce7bc7b elementor-widget elementor-widget-heading\" data-id=\"ce7bc7b\" data-element_type=\"widget\" data-e-type=\"widget\" data-widget_type=\"heading.default\">\n\t\t\t\t<div class=\"elementor-widget-container\">\n\t\t\t\t\t<h2 class=\"elementor-heading-title elementor-size-default\">Partenaires du site<\/h2>\t\t\t\t<\/div>\n\t\t\t\t<\/div>\n\t\t\t\t<div class=\"elementor-element elementor-element-6abdea6 elementor-widget elementor-widget-text-editor\" data-id=\"6abdea6\" data-element_type=\"widget\" data-e-type=\"widget\" data-widget_type=\"text-editor.default\">\n\t\t\t\t<div class=\"elementor-widget-container\">\n\t\t\t\t\t\t\t\t\t<p>Pour \u00eatre le connecteur en ligne dans le domaine de l'h\u00e9bergement et des r\u00e9unions, nous avons besoin de nos partenaires. Nous entretenons de bonnes relations avec certains de ces partenaires depuis plus de 10 ans. Il s'agit aussi bien de grandes cha\u00eenes que d'\u00e9tablissements individuels. Ils sont heureux de partager leur exp\u00e9rience avec vous.<\/p>\t\t\t\t\t\t\t\t<\/div>\n\t\t\t\t<\/div>\n\t\t\t\t<div class=\"elementor-element elementor-element-33cb4b9 elementor-widget elementor-widget-button\" data-id=\"33cb4b9\" data-element_type=\"widget\" data-e-type=\"widget\" data-widget_type=\"button.default\">\n\t\t\t\t<div class=\"elementor-widget-container\">\n\t\t\t\t\t\t\t\t\t<div class=\"elementor-button-wrapper\">\n\t\t\t\t\t<a class=\"elementor-button elementor-button-link elementor-size-sm\" href=\"https:\/\/www.worldmeetings.com\/fr\/kennis\/business-cases\/locatiepartners\/\">\n\t\t\t\t\t\t<span class=\"elementor-button-content-wrapper\">\n\t\t\t\t\t\t\t\t\t<span class=\"elementor-button-text\">Voir les cas partenaires de localisation<\/span>\n\t\t\t\t\t<\/span>\n\t\t\t\t\t<\/a>\n\t\t\t\t<\/div>\n\t\t\t\t\t\t\t\t<\/div>\n\t\t\t\t<\/div>\n\t\t\t\t<\/div>\n\t\t<div class=\"elementor-element elementor-element-e34aa97 e-con-full blokborder2 e-flex elementor-invisible e-con e-child\" data-id=\"e34aa97\" data-element_type=\"container\" data-e-type=\"container\" data-settings=\"{&quot;jet_parallax_layout_list&quot;:[],&quot;background_background&quot;:&quot;classic&quot;,&quot;animation&quot;:&quot;fadeInRight&quot;}\">\n\t\t\t\t<\/div>\n\t\t\t\t\t<\/div>\n\t\t\t\t<\/div>\n\t\t\t\t<\/div>","protected":false},"excerpt":{"rendered":"<p>Business cases. Lees de verhalen van onze partners Worldmeetings heeft 34 jaar ervaring met het boeken van vergaderingen en overnachtingen. Dit kunnen wij natuurlijk niet zonder onze opdrachtgevers en locatie partners met wie wij al jarenlang een goede samenwerking hebben. De business cases laten deze goede samenwerking zien\u00a0voor potenti\u00eble nieuwe partners\u00a0. Opdrachtgevers Dankzij de goede [&hellip;]<\/p>\n","protected":false},"author":10,"featured_media":0,"parent":3042,"menu_order":0,"comment_status":"closed","ping_status":"closed","template":"","meta":{"_acf_changed":false,"footnotes":""},"class_list":["post-2865","page","type-page","status-publish","hentry"],"acf":[],"yoast_head":"<!-- This site is optimized with the Yoast SEO plugin v27.3 - https:\/\/yoast.com\/product\/yoast-seo-wordpress\/ -->\n<title>Business cases - Worldmeetings<\/title>\n<meta name=\"robots\" content=\"index, follow, max-snippet:-1, max-image-preview:large, max-video-preview:-1\" \/>\n<link rel=\"canonical\" href=\"https:\/\/www.worldmeetings.com\/fr\/kennis\/business-cases\/\" \/>\n<meta property=\"og:locale\" content=\"fr_FR\" \/>\n<meta property=\"og:type\" content=\"article\" \/>\n<meta property=\"og:title\" content=\"Business cases - Worldmeetings\" \/>\n<meta property=\"og:description\" content=\"Business cases. Lees de verhalen van onze partners Worldmeetings heeft 34 jaar ervaring met het boeken van vergaderingen en overnachtingen. Dit kunnen wij natuurlijk niet zonder onze opdrachtgevers en locatie partners met wie wij al jarenlang een goede samenwerking hebben. De business cases laten deze goede samenwerking zien\u00a0voor potenti\u00eble nieuwe partners\u00a0. Opdrachtgevers Dankzij de goede [&hellip;]\" \/>\n<meta property=\"og:url\" content=\"https:\/\/www.worldmeetings.com\/fr\/kennis\/business-cases\/\" \/>\n<meta property=\"og:site_name\" content=\"Worldmeetings\" \/>\n<meta property=\"article:modified_time\" content=\"2025-10-15T10:07:24+00:00\" \/>\n<meta name=\"twitter:card\" content=\"summary_large_image\" \/>\n<meta name=\"twitter:label1\" content=\"Est. reading time\" \/>\n\t<meta name=\"twitter:data1\" content=\"1 minute\" \/>\n<script type=\"application\/ld+json\" class=\"yoast-schema-graph\">{\"@context\":\"https:\\\/\\\/schema.org\",\"@graph\":[{\"@type\":\"WebPage\",\"@id\":\"https:\\\/\\\/www.worldmeetings.com\\\/fr\\\/kennis\\\/business-cases\\\/\",\"url\":\"https:\\\/\\\/www.worldmeetings.com\\\/fr\\\/kennis\\\/business-cases\\\/\",\"name\":\"Business cases - Worldmeetings\",\"isPartOf\":{\"@id\":\"https:\\\/\\\/www.worldmeetings.com\\\/nl\\\/#website\"},\"datePublished\":\"2024-02-23T15:33:41+00:00\",\"dateModified\":\"2025-10-15T10:07:24+00:00\",\"breadcrumb\":{\"@id\":\"https:\\\/\\\/www.worldmeetings.com\\\/fr\\\/kennis\\\/business-cases\\\/#breadcrumb\"},\"inLanguage\":\"fr-FR\",\"potentialAction\":[{\"@type\":\"ReadAction\",\"target\":[\"https:\\\/\\\/www.worldmeetings.com\\\/fr\\\/kennis\\\/business-cases\\\/\"]}]},{\"@type\":\"BreadcrumbList\",\"@id\":\"https:\\\/\\\/www.worldmeetings.com\\\/fr\\\/kennis\\\/business-cases\\\/#breadcrumb\",\"itemListElement\":[{\"@type\":\"ListItem\",\"position\":1,\"name\":\"Home\",\"item\":\"https:\\\/\\\/www.worldmeetings.com\\\/nl\\\/\"},{\"@type\":\"ListItem\",\"position\":2,\"name\":\"Kennis\",\"item\":\"https:\\\/\\\/www.worldmeetings.com\\\/nl\\\/kennis\\\/\"},{\"@type\":\"ListItem\",\"position\":3,\"name\":\"Business cases\"}]},{\"@type\":\"WebSite\",\"@id\":\"https:\\\/\\\/www.worldmeetings.com\\\/nl\\\/#website\",\"url\":\"https:\\\/\\\/www.worldmeetings.com\\\/nl\\\/\",\"name\":\"Worldmeetings\",\"description\":\"\",\"publisher\":{\"@id\":\"https:\\\/\\\/www.worldmeetings.com\\\/nl\\\/#organization\"},\"potentialAction\":[{\"@type\":\"SearchAction\",\"target\":{\"@type\":\"EntryPoint\",\"urlTemplate\":\"https:\\\/\\\/www.worldmeetings.com\\\/nl\\\/?s={search_term_string}\"},\"query-input\":{\"@type\":\"PropertyValueSpecification\",\"valueRequired\":true,\"valueName\":\"search_term_string\"}}],\"inLanguage\":\"fr-FR\"},{\"@type\":\"Organization\",\"@id\":\"https:\\\/\\\/www.worldmeetings.com\\\/nl\\\/#organization\",\"name\":\"Worldmeetings\",\"url\":\"https:\\\/\\\/www.worldmeetings.com\\\/nl\\\/\",\"logo\":{\"@type\":\"ImageObject\",\"inLanguage\":\"fr-FR\",\"@id\":\"https:\\\/\\\/www.worldmeetings.com\\\/nl\\\/#\\\/schema\\\/logo\\\/image\\\/\",\"url\":\"https:\\\/\\\/www.worldmeetings.com\\\/app\\\/uploads\\\/2024\\\/01\\\/worldmeetings.svg\",\"contentUrl\":\"https:\\\/\\\/www.worldmeetings.com\\\/app\\\/uploads\\\/2024\\\/01\\\/worldmeetings.svg\",\"width\":208,\"height\":79,\"caption\":\"Worldmeetings\"},\"image\":{\"@id\":\"https:\\\/\\\/www.worldmeetings.com\\\/nl\\\/#\\\/schema\\\/logo\\\/image\\\/\"}}]}<\/script>\n<!-- \/ Yoast SEO plugin. -->","yoast_head_json":{"title":"Cas d'entreprise - Worldmeetings","robots":{"index":"index","follow":"follow","max-snippet":"max-snippet:-1","max-image-preview":"max-image-preview:large","max-video-preview":"max-video-preview:-1"},"canonical":"https:\/\/www.worldmeetings.com\/fr\/kennis\/business-cases\/","og_locale":"fr_FR","og_type":"article","og_title":"Business cases - Worldmeetings","og_description":"Business cases. Lees de verhalen van onze partners Worldmeetings heeft 34 jaar ervaring met het boeken van vergaderingen en overnachtingen. Dit kunnen wij natuurlijk niet zonder onze opdrachtgevers en locatie partners met wie wij al jarenlang een goede samenwerking hebben. De business cases laten deze goede samenwerking zien\u00a0voor potenti\u00eble nieuwe partners\u00a0. Opdrachtgevers Dankzij de goede [&hellip;]","og_url":"https:\/\/www.worldmeetings.com\/fr\/kennis\/business-cases\/","og_site_name":"Worldmeetings","article_modified_time":"2025-10-15T10:07:24+00:00","twitter_card":"summary_large_image","twitter_misc":{"Est. reading time":"1 minute"},"schema":{"@context":"https:\/\/schema.org","@graph":[{"@type":"WebPage","@id":"https:\/\/www.worldmeetings.com\/fr\/kennis\/business-cases\/","url":"https:\/\/www.worldmeetings.com\/fr\/kennis\/business-cases\/","name":"Cas d'entreprise - Worldmeetings","isPartOf":{"@id":"https:\/\/www.worldmeetings.com\/nl\/#website"},"datePublished":"2024-02-23T15:33:41+00:00","dateModified":"2025-10-15T10:07:24+00:00","breadcrumb":{"@id":"https:\/\/www.worldmeetings.com\/fr\/kennis\/business-cases\/#breadcrumb"},"inLanguage":"fr-FR","potentialAction":[{"@type":"ReadAction","target":["https:\/\/www.worldmeetings.com\/fr\/kennis\/business-cases\/"]}]},{"@type":"BreadcrumbList","@id":"https:\/\/www.worldmeetings.com\/fr\/kennis\/business-cases\/#breadcrumb","itemListElement":[{"@type":"ListItem","position":1,"name":"Home","item":"https:\/\/www.worldmeetings.com\/nl\/"},{"@type":"ListItem","position":2,"name":"Kennis","item":"https:\/\/www.worldmeetings.com\/nl\/kennis\/"},{"@type":"ListItem","position":3,"name":"Business cases"}]},{"@type":"WebSite","@id":"https:\/\/www.worldmeetings.com\/nl\/#website","url":"https:\/\/www.worldmeetings.com\/nl\/","name":"Rencontres mondiales","description":"","publisher":{"@id":"https:\/\/www.worldmeetings.com\/nl\/#organization"},"potentialAction":[{"@type":"SearchAction","target":{"@type":"EntryPoint","urlTemplate":"https:\/\/www.worldmeetings.com\/nl\/?s={search_term_string}"},"query-input":{"@type":"PropertyValueSpecification","valueRequired":true,"valueName":"search_term_string"}}],"inLanguage":"fr-FR"},{"@type":"Organization","@id":"https:\/\/www.worldmeetings.com\/nl\/#organization","name":"Rencontres mondiales","url":"https:\/\/www.worldmeetings.com\/nl\/","logo":{"@type":"ImageObject","inLanguage":"fr-FR","@id":"https:\/\/www.worldmeetings.com\/nl\/#\/schema\/logo\/image\/","url":"https:\/\/www.worldmeetings.com\/app\/uploads\/2024\/01\/worldmeetings.svg","contentUrl":"https:\/\/www.worldmeetings.com\/app\/uploads\/2024\/01\/worldmeetings.svg","width":208,"height":79,"caption":"Worldmeetings"},"image":{"@id":"https:\/\/www.worldmeetings.com\/nl\/#\/schema\/logo\/image\/"}}]}},"_links":{"self":[{"href":"https:\/\/www.worldmeetings.com\/fr\/wp-json\/wp\/v2\/pages\/2865","targetHints":{"allow":["GET"]}}],"collection":[{"href":"https:\/\/www.worldmeetings.com\/fr\/wp-json\/wp\/v2\/pages"}],"about":[{"href":"https:\/\/www.worldmeetings.com\/fr\/wp-json\/wp\/v2\/types\/page"}],"author":[{"embeddable":true,"href":"https:\/\/www.worldmeetings.com\/fr\/wp-json\/wp\/v2\/users\/10"}],"replies":[{"embeddable":true,"href":"https:\/\/www.worldmeetings.com\/fr\/wp-json\/wp\/v2\/comments?post=2865"}],"version-history":[{"count":49,"href":"https:\/\/www.worldmeetings.com\/fr\/wp-json\/wp\/v2\/pages\/2865\/revisions"}],"predecessor-version":[{"id":8648,"href":"https:\/\/www.worldmeetings.com\/fr\/wp-json\/wp\/v2\/pages\/2865\/revisions\/8648"}],"up":[{"embeddable":true,"href":"https:\/\/www.worldmeetings.com\/fr\/wp-json\/wp\/v2\/pages\/3042"}],"wp:attachment":[{"href":"https:\/\/www.worldmeetings.com\/fr\/wp-json\/wp\/v2\/media?parent=2865"}],"curies":[{"name":"wp","href":"https:\/\/api.w.org\/{rel}","templated":true}]}}