{"id":2809,"date":"2024-02-22T23:18:02","date_gmt":"2024-02-22T23:18:02","guid":{"rendered":"https:\/\/www.worldmeetings.com\/?page_id=2809"},"modified":"2024-03-13T14:01:47","modified_gmt":"2024-03-13T14:01:47","slug":"klantenservice","status":"publish","type":"page","link":"https:\/\/www.worldmeetings.com\/fr\/over-ons\/klantenservice\/","title":{"rendered":"\u00c9quipe de service"},"content":{"rendered":"<div data-elementor-type=\"wp-page\" data-elementor-id=\"2809\" class=\"elementor elementor-2809\" data-elementor-post-type=\"page\">\n\t\t\t\t<div class=\"elementor-element elementor-element-4a70a6ac e-con-full e-flex e-con e-parent\" data-id=\"4a70a6ac\" data-element_type=\"container\" data-e-type=\"container\" data-settings=\"{&quot;background_background&quot;:&quot;classic&quot;,&quot;jet_parallax_layout_list&quot;:[]}\">\n\t\t<div class=\"elementor-element elementor-element-6c88f910 e-con-full e-flex e-con e-child\" data-id=\"6c88f910\" data-element_type=\"container\" data-e-type=\"container\" data-settings=\"{&quot;background_background&quot;:&quot;classic&quot;,&quot;jet_parallax_layout_list&quot;:[]}\">\n\t\t<div class=\"elementor-element elementor-element-7efc6414 e-flex e-con-boxed e-con e-child\" data-id=\"7efc6414\" data-element_type=\"container\" data-e-type=\"container\" data-settings=\"{&quot;jet_parallax_layout_list&quot;:[]}\">\n\t\t\t\t\t<div class=\"e-con-inner\">\n\t\t\t\t\t<\/div>\n\t\t\t\t<\/div>\n\t\t\t\t<div class=\"elementor-element elementor-element-8e0d1d8 elementor-widget elementor-widget-heading\" data-id=\"8e0d1d8\" data-element_type=\"widget\" data-e-type=\"widget\" data-widget_type=\"heading.default\">\n\t\t\t\t<div class=\"elementor-widget-container\">\n\t\t\t\t\t<h1 class=\"elementor-heading-title elementor-size-default\">Votre voix. <br><br><br><br><strong>NOTRE PRIORIT\u00c9<\/strong><\/h1>\t\t\t\t<\/div>\n\t\t\t\t<\/div>\n\t\t\t\t<\/div>\n\t\t\t\t<\/div>\n\t\t<div class=\"elementor-element elementor-element-5c96a9b8 e-flex e-con-boxed e-con e-parent\" data-id=\"5c96a9b8\" data-element_type=\"container\" data-e-type=\"container\" data-settings=\"{&quot;jet_parallax_layout_list&quot;:[]}\">\n\t\t\t\t\t<div class=\"e-con-inner\">\n\t\t<div class=\"elementor-element elementor-element-3c0faa39 e-con-full e-flex e-con e-child\" data-id=\"3c0faa39\" data-element_type=\"container\" data-e-type=\"container\" data-settings=\"{&quot;jet_parallax_layout_list&quot;:[]}\">\n\t\t\t\t<div class=\"elementor-element elementor-element-45e67b85 elementor-widget elementor-widget-heading\" data-id=\"45e67b85\" data-element_type=\"widget\" data-e-type=\"widget\" data-widget_type=\"heading.default\">\n\t\t\t\t<div class=\"elementor-widget-container\">\n\t\t\t\t\t<h2 class=\"elementor-heading-title elementor-size-default\">\u00c9quipe de service<\/h2>\t\t\t\t<\/div>\n\t\t\t\t<\/div>\n\t\t\t\t<div class=\"elementor-element elementor-element-c6f86a7 elementor-widget elementor-widget-text-editor\" data-id=\"c6f86a7\" data-element_type=\"widget\" data-e-type=\"widget\" data-widget_type=\"text-editor.default\">\n\t\t\t\t<div class=\"elementor-widget-container\">\n\t\t\t\t\t\t\t\t\t<p>Fournir des services. C'est le c\u0153ur de notre activit\u00e9. Aux acheteurs, des conditions ad\u00e9quates, des \u00e9conomies efficaces et des rapports de gestion clairs. Aux r\u00e9servataires, un seul outil pour toutes les r\u00e9servations, une vision instantan\u00e9e et une assistance professionnelle. Aux sites, avec un marketing intelligent, un chiffre d'affaires plus \u00e9lev\u00e9 et un meilleur taux d'occupation.<\/p>\n<p>Nous jouons donc un r\u00f4le essentiel dans l'ex\u00e9cution parfaite des r\u00e9unions d'affaires, des s\u00e9jours \u00e0 l'h\u00f4tel et des \u00e9v\u00e9nements professionnels. Pour ce faire, nous disposons de l'expertise et des comp\u00e9tences de communication ad\u00e9quates. Nous avons l'\u0153il pour chaque d\u00e9tail. Nous allons loin. Jusqu'\u00e0 ce que tout soit parfaitement organis\u00e9 autour de chaque r\u00e9servation. Vous pouvez compter sur nous.<\/p>\t\t\t\t\t\t\t\t<\/div>\n\t\t\t\t<\/div>\n\t\t\t\t<div class=\"elementor-element elementor-element-298db61f elementor-widget elementor-widget-button\" data-id=\"298db61f\" data-element_type=\"widget\" data-e-type=\"widget\" data-widget_type=\"button.default\">\n\t\t\t\t<div class=\"elementor-widget-container\">\n\t\t\t\t\t\t\t\t\t<div class=\"elementor-button-wrapper\">\n\t\t\t\t\t<a class=\"elementor-button elementor-button-link elementor-size-sm\" href=\"https:\/\/www.worldmeetings.com\/fr\/over-ons\/contact\/\">\n\t\t\t\t\t\t<span class=\"elementor-button-content-wrapper\">\n\t\t\t\t\t\t\t\t\t<span class=\"elementor-button-text\">Envoyez-nous votre question par courrier<\/span>\n\t\t\t\t\t<\/span>\n\t\t\t\t\t<\/a>\n\t\t\t\t<\/div>\n\t\t\t\t\t\t\t\t<\/div>\n\t\t\t\t<\/div>\n\t\t\t\t<\/div>\n\t\t<div class=\"elementor-element elementor-element-284ea2d e-con-full blokborder2 e-flex elementor-invisible e-con e-child\" data-id=\"284ea2d\" data-element_type=\"container\" data-e-type=\"container\" data-settings=\"{&quot;jet_parallax_layout_list&quot;:[],&quot;background_background&quot;:&quot;classic&quot;,&quot;animation&quot;:&quot;fadeInLeft&quot;}\">\n\t\t\t\t<\/div>\n\t\t\t\t\t<\/div>\n\t\t\t\t<\/div>\n\t\t<div class=\"elementor-element elementor-element-39589f0 e-flex e-con-boxed e-con e-parent\" data-id=\"39589f0\" data-element_type=\"container\" data-e-type=\"container\" data-settings=\"{&quot;jet_parallax_layout_list&quot;:[]}\">\n\t\t\t\t\t<div class=\"e-con-inner\">\n\t\t<div class=\"elementor-element elementor-element-8ecf718 e-con-full blokborder2 e-flex elementor-invisible e-con e-child\" data-id=\"8ecf718\" data-element_type=\"container\" data-e-type=\"container\" data-settings=\"{&quot;jet_parallax_layout_list&quot;:[],&quot;background_background&quot;:&quot;classic&quot;,&quot;animation&quot;:&quot;fadeInLeft&quot;}\">\n\t\t\t\t<\/div>\n\t\t<div class=\"elementor-element elementor-element-98a81d6 e-con-full e-flex e-con e-child\" data-id=\"98a81d6\" data-element_type=\"container\" data-e-type=\"container\" data-settings=\"{&quot;jet_parallax_layout_list&quot;:[]}\">\n\t\t\t\t<div class=\"elementor-element elementor-element-9abb327 elementor-widget elementor-widget-heading\" data-id=\"9abb327\" data-element_type=\"widget\" data-e-type=\"widget\" data-widget_type=\"heading.default\">\n\t\t\t\t<div class=\"elementor-widget-container\">\n\t\t\t\t\t<h2 class=\"elementor-heading-title elementor-size-default\">E BIRD<\/h2>\t\t\t\t<\/div>\n\t\t\t\t<\/div>\n\t\t\t\t<div class=\"elementor-element elementor-element-38f9d87 elementor-widget elementor-widget-text-editor\" data-id=\"38f9d87\" data-element_type=\"widget\" data-e-type=\"widget\" data-widget_type=\"text-editor.default\">\n\t\t\t\t<div class=\"elementor-widget-container\">\n\t\t\t\t\t\t\t\t\t<p>Si vous avez des questions ou si vous avez besoin d'aide \u00e0 n'importe quel moment du processus de r\u00e9servation, notre \u00e9quipe de service est l\u00e0 pour vous. Via eBird, vous pouvez discuter tr\u00e8s facilement avec l'\u00e9quipe de service. Elle traitera votre demande et vous en serez inform\u00e9. Nos coll\u00e8gues r\u00e9fl\u00e9chissent toujours avec vous, de sorte que vous b\u00e9n\u00e9ficiez d'un service auquel vous ne vous attendez pas.<\/p>\n<p>L'utilisation d'eBird garantit que toutes les communications relatives \u00e0 une r\u00e9servation sont stock\u00e9es directement avec la r\u00e9servation. Ainsi, tous les rendez-vous sont toujours disponibles imm\u00e9diatement et en un seul endroit. Connectez-vous et posez votre question dans votre portail, nous sommes pr\u00eats pour vous.<\/p>\t\t\t\t\t\t\t\t<\/div>\n\t\t\t\t<\/div>\n\t\t\t\t<div class=\"elementor-element elementor-element-70791da elementor-widget elementor-widget-button\" data-id=\"70791da\" data-element_type=\"widget\" data-e-type=\"widget\" data-widget_type=\"button.default\">\n\t\t\t\t<div class=\"elementor-widget-container\">\n\t\t\t\t\t\t\t\t\t<div class=\"elementor-button-wrapper\">\n\t\t\t\t\t<a class=\"elementor-button elementor-button-link elementor-size-sm\" href=\"https:\/\/booking.worldmeetings.com\/\">\n\t\t\t\t\t\t<span class=\"elementor-button-content-wrapper\">\n\t\t\t\t\t\t\t\t\t<span class=\"elementor-button-text\">connexion<\/span>\n\t\t\t\t\t<\/span>\n\t\t\t\t\t<\/a>\n\t\t\t\t<\/div>\n\t\t\t\t\t\t\t\t<\/div>\n\t\t\t\t<\/div>\n\t\t\t\t<\/div>\n\t\t\t\t\t<\/div>\n\t\t\t\t<\/div>\n\t\t<div class=\"elementor-element elementor-element-627fc38 e-flex e-con-boxed e-con e-parent\" data-id=\"627fc38\" data-element_type=\"container\" data-e-type=\"container\" data-settings=\"{&quot;background_background&quot;:&quot;classic&quot;,&quot;jet_parallax_layout_list&quot;:[]}\">\n\t\t\t\t\t<div class=\"e-con-inner\">\n\t\t\t\t<div class=\"elementor-element elementor-element-b62f94d elementor-widget elementor-widget-heading\" data-id=\"b62f94d\" data-element_type=\"widget\" data-e-type=\"widget\" data-widget_type=\"heading.default\">\n\t\t\t\t<div class=\"elementor-widget-container\">\n\t\t\t\t\t<h2 class=\"elementor-heading-title elementor-size-default\"><br><br><br><br><br><br><br><br><br><br><br>PEUT-\u00caTRE VOTRE R\u00c9PONSE FIGURE-T-ELLE PARMI NOS QUESTIONS LES PLUS FR\u00c9QUEMMENT POS\u00c9ES ?<\/h2>\t\t\t\t<\/div>\n\t\t\t\t<\/div>\n\t\t\t\t<div class=\"elementor-element elementor-element-7416754 elementor-align-right elementor-widget elementor-widget-button\" data-id=\"7416754\" data-element_type=\"widget\" data-e-type=\"widget\" data-widget_type=\"button.default\">\n\t\t\t\t<div class=\"elementor-widget-container\">\n\t\t\t\t\t\t\t\t\t<div class=\"elementor-button-wrapper\">\n\t\t\t\t\t<a class=\"elementor-button elementor-button-link elementor-size-sm\" href=\"https:\/\/www.worldmeetings.com\/fr\/over-ons\/faq\/\">\n\t\t\t\t\t\t<span class=\"elementor-button-content-wrapper\">\n\t\t\t\t\t\t\t\t\t<span class=\"elementor-button-text\">        FAQ<\/span>\n\t\t\t\t\t<\/span>\n\t\t\t\t\t<\/a>\n\t\t\t\t<\/div>\n\t\t\t\t\t\t\t\t<\/div>\n\t\t\t\t<\/div>\n\t\t\t\t\t<\/div>\n\t\t\t\t<\/div>\n\t\t\t\t<\/div>","protected":false},"excerpt":{"rendered":"<p>Uw stem. ONZE PRIORITEIT Service team Service verlenen. Dat is de kern van ons bedrijf. Naar inkopers met de juiste voorwaarden, met effici\u00ebnte besparingen en met heldere managementrapportages. Naar boekers met \u00e9\u00e9n tool voor alle boekingen, met direct inzicht en met professionele ondersteuning. Naar locaties met slimme marketing, met een hogere omzet en met een [&hellip;]<\/p>\n","protected":false},"author":9,"featured_media":0,"parent":2620,"menu_order":0,"comment_status":"closed","ping_status":"closed","template":"","meta":{"_acf_changed":false,"footnotes":""},"class_list":["post-2809","page","type-page","status-publish","hentry"],"acf":[],"yoast_head":"<!-- This site is optimized with the Yoast SEO plugin v27.3 - https:\/\/yoast.com\/product\/yoast-seo-wordpress\/ -->\n<title>Service Team - Worldmeetings<\/title>\n<meta name=\"robots\" content=\"index, follow, max-snippet:-1, max-image-preview:large, max-video-preview:-1\" \/>\n<link rel=\"canonical\" href=\"https:\/\/www.worldmeetings.com\/fr\/over-ons\/klantenservice\/\" \/>\n<meta property=\"og:locale\" content=\"fr_FR\" \/>\n<meta property=\"og:type\" content=\"article\" \/>\n<meta property=\"og:title\" content=\"Service Team - Worldmeetings\" \/>\n<meta property=\"og:description\" content=\"Uw stem. ONZE PRIORITEIT Service team Service verlenen. Dat is de kern van ons bedrijf. Naar inkopers met de juiste voorwaarden, met effici\u00ebnte besparingen en met heldere managementrapportages. Naar boekers met \u00e9\u00e9n tool voor alle boekingen, met direct inzicht en met professionele ondersteuning. Naar locaties met slimme marketing, met een hogere omzet en met een [&hellip;]\" \/>\n<meta property=\"og:url\" content=\"https:\/\/www.worldmeetings.com\/fr\/over-ons\/klantenservice\/\" \/>\n<meta property=\"og:site_name\" content=\"Worldmeetings\" \/>\n<meta property=\"article:modified_time\" content=\"2024-03-13T14:01:47+00:00\" \/>\n<meta name=\"twitter:card\" content=\"summary_large_image\" \/>\n<meta name=\"twitter:label1\" content=\"Est. reading time\" \/>\n\t<meta name=\"twitter:data1\" content=\"1 minute\" \/>\n<script type=\"application\/ld+json\" class=\"yoast-schema-graph\">{\"@context\":\"https:\\\/\\\/schema.org\",\"@graph\":[{\"@type\":\"WebPage\",\"@id\":\"https:\\\/\\\/www.worldmeetings.com\\\/over-ons\\\/klantenservice\\\/\",\"url\":\"https:\\\/\\\/www.worldmeetings.com\\\/over-ons\\\/klantenservice\\\/\",\"name\":\"Service Team - Worldmeetings\",\"isPartOf\":{\"@id\":\"https:\\\/\\\/www.worldmeetings.com\\\/nl\\\/#website\"},\"datePublished\":\"2024-02-22T23:18:02+00:00\",\"dateModified\":\"2024-03-13T14:01:47+00:00\",\"breadcrumb\":{\"@id\":\"https:\\\/\\\/www.worldmeetings.com\\\/over-ons\\\/klantenservice\\\/#breadcrumb\"},\"inLanguage\":\"fr-FR\",\"potentialAction\":[{\"@type\":\"ReadAction\",\"target\":[\"https:\\\/\\\/www.worldmeetings.com\\\/over-ons\\\/klantenservice\\\/\"]}]},{\"@type\":\"BreadcrumbList\",\"@id\":\"https:\\\/\\\/www.worldmeetings.com\\\/over-ons\\\/klantenservice\\\/#breadcrumb\",\"itemListElement\":[{\"@type\":\"ListItem\",\"position\":1,\"name\":\"Home\",\"item\":\"https:\\\/\\\/www.worldmeetings.com\\\/nl\\\/\"},{\"@type\":\"ListItem\",\"position\":2,\"name\":\"Over ons\",\"item\":\"https:\\\/\\\/www.worldmeetings.com\\\/over-ons\\\/\"},{\"@type\":\"ListItem\",\"position\":3,\"name\":\"Service Team\"}]},{\"@type\":\"WebSite\",\"@id\":\"https:\\\/\\\/www.worldmeetings.com\\\/nl\\\/#website\",\"url\":\"https:\\\/\\\/www.worldmeetings.com\\\/nl\\\/\",\"name\":\"Worldmeetings\",\"description\":\"\",\"publisher\":{\"@id\":\"https:\\\/\\\/www.worldmeetings.com\\\/nl\\\/#organization\"},\"potentialAction\":[{\"@type\":\"SearchAction\",\"target\":{\"@type\":\"EntryPoint\",\"urlTemplate\":\"https:\\\/\\\/www.worldmeetings.com\\\/nl\\\/?s={search_term_string}\"},\"query-input\":{\"@type\":\"PropertyValueSpecification\",\"valueRequired\":true,\"valueName\":\"search_term_string\"}}],\"inLanguage\":\"fr-FR\"},{\"@type\":\"Organization\",\"@id\":\"https:\\\/\\\/www.worldmeetings.com\\\/nl\\\/#organization\",\"name\":\"Worldmeetings\",\"url\":\"https:\\\/\\\/www.worldmeetings.com\\\/nl\\\/\",\"logo\":{\"@type\":\"ImageObject\",\"inLanguage\":\"fr-FR\",\"@id\":\"https:\\\/\\\/www.worldmeetings.com\\\/nl\\\/#\\\/schema\\\/logo\\\/image\\\/\",\"url\":\"https:\\\/\\\/www.worldmeetings.com\\\/app\\\/uploads\\\/2024\\\/01\\\/worldmeetings.svg\",\"contentUrl\":\"https:\\\/\\\/www.worldmeetings.com\\\/app\\\/uploads\\\/2024\\\/01\\\/worldmeetings.svg\",\"width\":208,\"height\":79,\"caption\":\"Worldmeetings\"},\"image\":{\"@id\":\"https:\\\/\\\/www.worldmeetings.com\\\/nl\\\/#\\\/schema\\\/logo\\\/image\\\/\"}}]}<\/script>\n<!-- \/ Yoast SEO plugin. -->","yoast_head_json":{"title":"Service Team - Worldmeetings","robots":{"index":"index","follow":"follow","max-snippet":"max-snippet:-1","max-image-preview":"max-image-preview:large","max-video-preview":"max-video-preview:-1"},"canonical":"https:\/\/www.worldmeetings.com\/fr\/over-ons\/klantenservice\/","og_locale":"fr_FR","og_type":"article","og_title":"Service Team - Worldmeetings","og_description":"Uw stem. ONZE PRIORITEIT Service team Service verlenen. Dat is de kern van ons bedrijf. Naar inkopers met de juiste voorwaarden, met effici\u00ebnte besparingen en met heldere managementrapportages. Naar boekers met \u00e9\u00e9n tool voor alle boekingen, met direct inzicht en met professionele ondersteuning. Naar locaties met slimme marketing, met een hogere omzet en met een [&hellip;]","og_url":"https:\/\/www.worldmeetings.com\/fr\/over-ons\/klantenservice\/","og_site_name":"Worldmeetings","article_modified_time":"2024-03-13T14:01:47+00:00","twitter_card":"summary_large_image","twitter_misc":{"Est. reading time":"1 minute"},"schema":{"@context":"https:\/\/schema.org","@graph":[{"@type":"WebPage","@id":"https:\/\/www.worldmeetings.com\/over-ons\/klantenservice\/","url":"https:\/\/www.worldmeetings.com\/over-ons\/klantenservice\/","name":"Service Team - Worldmeetings","isPartOf":{"@id":"https:\/\/www.worldmeetings.com\/nl\/#website"},"datePublished":"2024-02-22T23:18:02+00:00","dateModified":"2024-03-13T14:01:47+00:00","breadcrumb":{"@id":"https:\/\/www.worldmeetings.com\/over-ons\/klantenservice\/#breadcrumb"},"inLanguage":"fr-FR","potentialAction":[{"@type":"ReadAction","target":["https:\/\/www.worldmeetings.com\/over-ons\/klantenservice\/"]}]},{"@type":"BreadcrumbList","@id":"https:\/\/www.worldmeetings.com\/over-ons\/klantenservice\/#breadcrumb","itemListElement":[{"@type":"ListItem","position":1,"name":"Home","item":"https:\/\/www.worldmeetings.com\/nl\/"},{"@type":"ListItem","position":2,"name":"Over ons","item":"https:\/\/www.worldmeetings.com\/over-ons\/"},{"@type":"ListItem","position":3,"name":"Service Team"}]},{"@type":"WebSite","@id":"https:\/\/www.worldmeetings.com\/nl\/#website","url":"https:\/\/www.worldmeetings.com\/nl\/","name":"Rencontres mondiales","description":"","publisher":{"@id":"https:\/\/www.worldmeetings.com\/nl\/#organization"},"potentialAction":[{"@type":"SearchAction","target":{"@type":"EntryPoint","urlTemplate":"https:\/\/www.worldmeetings.com\/nl\/?s={search_term_string}"},"query-input":{"@type":"PropertyValueSpecification","valueRequired":true,"valueName":"search_term_string"}}],"inLanguage":"fr-FR"},{"@type":"Organization","@id":"https:\/\/www.worldmeetings.com\/nl\/#organization","name":"Rencontres mondiales","url":"https:\/\/www.worldmeetings.com\/nl\/","logo":{"@type":"ImageObject","inLanguage":"fr-FR","@id":"https:\/\/www.worldmeetings.com\/nl\/#\/schema\/logo\/image\/","url":"https:\/\/www.worldmeetings.com\/app\/uploads\/2024\/01\/worldmeetings.svg","contentUrl":"https:\/\/www.worldmeetings.com\/app\/uploads\/2024\/01\/worldmeetings.svg","width":208,"height":79,"caption":"Worldmeetings"},"image":{"@id":"https:\/\/www.worldmeetings.com\/nl\/#\/schema\/logo\/image\/"}}]}},"_links":{"self":[{"href":"https:\/\/www.worldmeetings.com\/fr\/wp-json\/wp\/v2\/pages\/2809","targetHints":{"allow":["GET"]}}],"collection":[{"href":"https:\/\/www.worldmeetings.com\/fr\/wp-json\/wp\/v2\/pages"}],"about":[{"href":"https:\/\/www.worldmeetings.com\/fr\/wp-json\/wp\/v2\/types\/page"}],"author":[{"embeddable":true,"href":"https:\/\/www.worldmeetings.com\/fr\/wp-json\/wp\/v2\/users\/9"}],"replies":[{"embeddable":true,"href":"https:\/\/www.worldmeetings.com\/fr\/wp-json\/wp\/v2\/comments?post=2809"}],"version-history":[{"count":34,"href":"https:\/\/www.worldmeetings.com\/fr\/wp-json\/wp\/v2\/pages\/2809\/revisions"}],"predecessor-version":[{"id":4701,"href":"https:\/\/www.worldmeetings.com\/fr\/wp-json\/wp\/v2\/pages\/2809\/revisions\/4701"}],"up":[{"embeddable":true,"href":"https:\/\/www.worldmeetings.com\/fr\/wp-json\/wp\/v2\/pages\/2620"}],"wp:attachment":[{"href":"https:\/\/www.worldmeetings.com\/fr\/wp-json\/wp\/v2\/media?parent=2809"}],"curies":[{"name":"wp","href":"https:\/\/api.w.org\/{rel}","templated":true}]}}