{"id":2743,"date":"2024-02-27T09:21:55","date_gmt":"2024-02-27T09:21:55","guid":{"rendered":"https:\/\/www.worldmeetings.com\/?page_id=2743"},"modified":"2024-04-08T14:44:24","modified_gmt":"2024-04-08T14:44:24","slug":"privacy-statement","status":"publish","type":"page","link":"https:\/\/www.worldmeetings.com\/fr\/privacy-statement\/","title":{"rendered":"D\u00e9claration de confidentialit\u00e9"},"content":{"rendered":"<div data-elementor-type=\"wp-page\" data-elementor-id=\"2743\" class=\"elementor elementor-2743\" data-elementor-post-type=\"page\">\n\t\t\t\t<div class=\"elementor-element elementor-element-bf1af52 e-con-full e-flex e-con e-parent\" data-id=\"bf1af52\" data-element_type=\"container\" data-e-type=\"container\" data-settings=\"{&quot;jet_parallax_layout_list&quot;:[]}\">\n\t\t<div class=\"elementor-element elementor-element-1f553a2 e-con-full e-flex e-con e-child\" data-id=\"1f553a2\" data-element_type=\"container\" data-e-type=\"container\" data-settings=\"{&quot;background_background&quot;:&quot;classic&quot;,&quot;jet_parallax_layout_list&quot;:[]}\">\n\t\t<div class=\"elementor-element elementor-element-ca5ae4a e-con-full e-flex e-con e-child\" data-id=\"ca5ae4a\" data-element_type=\"container\" data-e-type=\"container\" data-settings=\"{&quot;background_background&quot;:&quot;classic&quot;,&quot;jet_parallax_layout_list&quot;:[]}\">\n\t\t<div class=\"elementor-element elementor-element-831d203 e-flex e-con-boxed e-con e-child\" data-id=\"831d203\" data-element_type=\"container\" data-e-type=\"container\" data-settings=\"{&quot;jet_parallax_layout_list&quot;:[]}\">\n\t\t\t\t\t<div class=\"e-con-inner\">\n\t\t\t\t<div class=\"elementor-element elementor-element-6119a5d blokborder2 elementor-widget elementor-widget-heading\" data-id=\"6119a5d\" data-element_type=\"widget\" data-e-type=\"widget\" data-widget_type=\"heading.default\">\n\t\t\t\t<div class=\"elementor-widget-container\">\n\t\t\t\t\t<h1 class=\"elementor-heading-title elementor-size-default\">D\u00e9claration de confidentialit\u00e9<\/h1>\t\t\t\t<\/div>\n\t\t\t\t<\/div>\n\t\t\t\t\t<\/div>\n\t\t\t\t<\/div>\n\t\t\t\t<\/div>\n\t\t\t\t<\/div>\n\t\t\t\t<\/div>\n\t\t<div class=\"elementor-element elementor-element-3dc2821 e-flex e-con-boxed e-con e-parent\" data-id=\"3dc2821\" data-element_type=\"container\" data-e-type=\"container\" data-settings=\"{&quot;jet_parallax_layout_list&quot;:[]}\">\n\t\t\t\t\t<div class=\"e-con-inner\">\n\t\t\t\t<div class=\"elementor-element elementor-element-acc37b0 elementor-widget elementor-widget-text-editor\" data-id=\"acc37b0\" data-element_type=\"widget\" data-e-type=\"widget\" data-widget_type=\"text-editor.default\">\n\t\t\t\t<div class=\"elementor-widget-container\">\n\t\t\t\t\t\t\t\t\t<ol><li><p>Worldmeetings.com est conscient que le traitement appropri\u00e9 des donn\u00e9es personnelles est un aspect indispensable du droit \u00e0 la vie priv\u00e9e. Pour garantir ce droit, vous pouvez d\u00e9couvrir ce qu'il advient de vos donn\u00e9es dans la pr\u00e9sente d\u00e9claration. La ligne de conduite de Worldmeetings.com est bien entendu conforme au r\u00e8glement g\u00e9n\u00e9ral sur la protection des donn\u00e9es.<\/p><p>La pr\u00e9sente d\u00e9claration de confidentialit\u00e9 est structur\u00e9e comme suit :<\/p><ol><li>Quelles sont les donn\u00e9es personnelles que nous traitons ?<\/li><li>Worldmeetings.com traite-t-il \u00e9galement des donn\u00e9es personnelles particuli\u00e8res ?<\/li><li>Dans quel but traitons-nous vos donn\u00e9es personnelles ?<\/li><li>Comment prot\u00e9geons-nous votre vie priv\u00e9e ?<\/li><li>Combien de temps conservons-nous vos donn\u00e9es personnelles ?<\/li><li>Transmission de donn\u00e9es \u00e0 caract\u00e8re personnel \u00e0 des tiers<\/li><li>Vos droits en mati\u00e8re de protection de la vie priv\u00e9e<\/li><li>Utilisation de cookies<\/li><li>Coordonn\u00e9es de la personne \u00e0 contacter<\/li><li>Modifications de notre d\u00e9claration de confidentialit\u00e9<\/li><\/ol><p><strong>1. Quelles donn\u00e9es personnelles traitons-nous ?<\/strong><\/p><p>Worldmeetings.com peut traiter des donn\u00e9es personnelles parce que vous utilisez nos services et\/ou parce que vous nous les avez fournies vous-m\u00eame en remplissant un formulaire de contact. En utilisant ces services, vous consentez au traitement de vos donn\u00e9es personnelles. Worldmeetings.com peut traiter les donn\u00e9es personnelles suivantes vous concernant :<\/p><p><strong>Traiter les r\u00e9servations de salles et\/ou de r\u00e9unions pour nos clients :<\/strong><\/p><ul><li>Coordonn\u00e9es du r\u00e9servataire (nom, adresse \u00e9lectronique, num\u00e9ro de t\u00e9l\u00e9phone)<\/li><li>Noms des invit\u00e9s<\/li><li>Donn\u00e9es de connexion (si vous utilisez un site de r\u00e9servation en ligne)<\/li><li>Coordonn\u00e9es de paiement (si n\u00e9cessaire)<\/li><li>Genre<\/li><\/ul><p><strong>Traiter les r\u00e9servations dans les \u00e9tablissements (affili\u00e9s) :<\/strong><\/p><ul><li>Coordonn\u00e9es (nom, adresse \u00e9lectronique, num\u00e9ro de t\u00e9l\u00e9phone)<\/li><li>Mat\u00e9riel vid\u00e9o (le cas \u00e9ch\u00e9ant et apr\u00e8s autorisation)<\/li><li>Modalit\u00e9s de paiement<\/li><li>Genre<\/li><\/ul><p><strong>Dans le cadre d'op\u00e9rations commerciales (marketing, ressources humaines ou gestion des contrats) :<\/strong><\/p><ul><li>Coordonn\u00e9es du fournisseur (nom, adresse \u00e9lectronique, num\u00e9ro de t\u00e9l\u00e9phone)<\/li><li>Genre<\/li><li>Modalit\u00e9s de paiement<\/li><li>CV sur demande<\/li><\/ul><p><strong>2. Worldmeetings.com traite-t-il \u00e9galement des donn\u00e9es personnelles particuli\u00e8res ?<\/strong><\/p><p>Les donn\u00e9es personnelles particuli\u00e8res sont des donn\u00e9es sensibles, par exemple sur la sant\u00e9, la religion, le pass\u00e9 criminel ou le pays de naissance. Worldmeetings.com, en tant que responsable du traitement, ne traite les donn\u00e9es personnelles particuli\u00e8res que lorsque cela est n\u00e9cessaire sur la base d'une obligation l\u00e9gale ou suite \u00e0 un consentement pour l'ex\u00e9cution d'un accord ou d'un contrat.<\/p><p><strong>3. Dans quel but traitons-nous vos donn\u00e9es ?<\/strong><\/p><p>Worldmeetings.com traite vos donn\u00e9es aux fins suivantes :<\/p><ul><li>R\u00e9servations : nous utilisons vos donn\u00e9es personnelles pour compl\u00e9ter et g\u00e9rer vos r\u00e9servations de salles et\/ou de r\u00e9unions.<\/li><li>Marketing et communication : Si vous avez fourni votre adresse e-mail, par exemple pour recevoir une lettre d'information, elle peut \u00eatre utilis\u00e9e pour vous informer des services de Worldmeetings.com qui sont pertinents et similaires aux v\u00f4tres. Ceci est \u00e9galement possible si Worldmeetings.com a un accord et\/ou une relation de facturation avec votre organisation et que vous \u00eates d\u00e9sign\u00e9 comme r\u00e9servataire. Si vous n'appr\u00e9ciez pas (ou plus) de recevoir des informations, vous pouvez vous d\u00e9sinscrire \u00e0 tout moment.<\/li><li>Nous utilisons vos coordonn\u00e9es pour vous fournir des informations sur nos services et\/ou nos offres, entre autres<\/li><li>Am\u00e9lioration de nos services (en ligne) : nous utilisons \u00e9galement des donn\u00e9es \u00e0 caract\u00e8re personnel \u00e0 des fins d'analyse. Cela fait partie de nos efforts pour am\u00e9liorer nos services et l'exp\u00e9rience des utilisateurs, mais ces donn\u00e9es peuvent \u00e9galement \u00eatre utilis\u00e9es \u00e0 des fins de test, de d\u00e9pannage et d'am\u00e9lioration de la fonctionnalit\u00e9 et de la qualit\u00e9 de nos services en ligne. L'objectif principal est d'optimiser et d'adapter notre plateforme en ligne \u00e0 vos besoins et de rendre notre site web plus facile et plus agr\u00e9able \u00e0 utiliser.<\/li><li>Objectifs de gestion et de qualit\u00e9 : y compris les informations de gestion, la mise en place de contr\u00f4les internes et la s\u00e9curit\u00e9 de l'entreprise, ainsi que la r\u00e9alisation d'audits, de v\u00e9rifications et de certifications.<\/li><li>Recrutement et s\u00e9lection : le recrutement et la s\u00e9lection des employ\u00e9s internes de Worldmeetings.com<\/li><li>Administration du personnel : tenue des dossiers du personnel pour les employ\u00e9s internes de Worldmeetings.com et respect des lois et r\u00e9glementations en vigueur.<\/li><\/ul><p><strong>4. Comment prot\u00e9geons-nous votre vie priv\u00e9e ?<\/strong><\/p><p>Nous prenons au s\u00e9rieux la protection de vos donn\u00e9es et prenons des mesures appropri\u00e9es pour lutter contre les abus, les pertes, les acc\u00e8s non autoris\u00e9s, les divulgations non d\u00e9sir\u00e9es et les modifications non autoris\u00e9es. Worldmeetings.com a donc obtenu la certification ISO27001 pour la s\u00e9curit\u00e9 de l'information. Nos syst\u00e8mes et programmes sont bien s\u00e9curis\u00e9s. Nous avons mis en place des proc\u00e9dures pour garantir que les personnes non autoris\u00e9es ne puissent pas acc\u00e9der \u00e0 vos donn\u00e9es. En outre, tous nos employ\u00e9s ont un devoir de confidentialit\u00e9. Si vous pensez toujours que des donn\u00e9es ont \u00e9t\u00e9 utilis\u00e9es \u00e0 mauvais escient, veuillez nous contacter. Nos coordonn\u00e9es figurent au point 9.<\/p><p><strong>5. Combien de temps conservons-nous vos donn\u00e9es personnelles ?<\/strong><\/p><p>Nous conservons les donn\u00e9es personnelles avec soin et pas plus longtemps que n\u00e9cessaire \u00e0 la r\u00e9alisation des objectifs pour lesquels elles nous ont \u00e9t\u00e9 fournies. Bien entendu, nous respectons ainsi les d\u00e9lais l\u00e9gaux de conservation des donn\u00e9es \u00e0 caract\u00e8re personnel.<\/p><p><strong>6. Divulgation de donn\u00e9es \u00e0 caract\u00e8re personnel \u00e0 des tiers<\/strong><\/p><p>Nous ne fournissons vos donn\u00e9es personnelles que sur la base d'un int\u00e9r\u00eat l\u00e9gitime, d'une obligation l\u00e9gale et\/ou pour l'ex\u00e9cution de l'accord conform\u00e9ment aux objectifs mentionn\u00e9s au chapitre 3. Nous concluons un accord de sous-traitance avec les soci\u00e9t\u00e9s qui traitent vos donn\u00e9es en notre nom afin de garantir le m\u00eame niveau de s\u00e9curit\u00e9 et de confidentialit\u00e9 de vos donn\u00e9es.<\/p><p><strong>7. Vos droits en mati\u00e8re de protection de la vie priv\u00e9e<\/strong><\/p><p>Si vous souhaitez savoir si toutes les donn\u00e9es personnelles que Worldmeetings.com d\u00e9tient \u00e0 votre sujet sont correctes, vous pouvez nous demander de vous envoyer un r\u00e9sum\u00e9 de ces donn\u00e9es. Si vous estimez que les donn\u00e9es sont incorrectes, incompl\u00e8tes ou redondantes, vous pouvez nous demander de les modifier, de les compl\u00e9ter ou de les supprimer. Vous pouvez nous envoyer une demande de v\u00e9rification, de correction ou de suppression en utilisant les coordonn\u00e9es indiqu\u00e9es au chapitre 9. Nous r\u00e9pondrons \u00e0 votre demande le plus rapidement possible, mais en tout \u00e9tat de cause dans un d\u00e9lai de 4 semaines.  En outre, vous avez le droit de d\u00e9poser une plainte aupr\u00e8s de l'autorit\u00e9 de contr\u00f4le nationale, l'Autorit\u00e9 pour les donn\u00e9es personnelles. Vous pouvez le faire sur le site web de l'Autorit\u00e9 pour les donn\u00e9es personnelles.<\/p><p><strong>8. Utilisation de cookies<\/strong><\/p><p>En g\u00e9n\u00e9ral, notre site web peut \u00eatre visit\u00e9 sans que vos donn\u00e9es personnelles ne nous soient transmises. Toutefois, comme beaucoup d'autres sites web, celui-ci recueille automatiquement certaines informations non identifiables sur les utilisateurs du site, telles que l'adresse du protocole Internet (IP) de votre ordinateur. Ces informations techniques sont utilis\u00e9es \u00e0 des fins d'administration du site web et du syst\u00e8me, et pour am\u00e9liorer le site web et son utilisation. Ces donn\u00e9es techniques peuvent \u00eatre transmises \u00e0 des tiers et peuvent \u00eatre stock\u00e9es de mani\u00e8re permanente en vue d'une utilisation ult\u00e9rieure.<\/p><p>Worldmeetings.com utilise :<\/p><ul><li><strong>Javascripts<\/strong>; ils permettent \u00e0 votre navigateur de collecter des informations. Ces informations sont ensuite converties en ;<\/li><li><strong>Cookies<\/strong>; il s'agit de petits fichiers contenant des informations sur (entre autres) votre comportement de navigation qui sont stock\u00e9s dans le navigateur de votre ordinateur, tablette ou smartphone lors de votre premi\u00e8re visite sur notre site web. Il existe trois types de cookies, \u00e0 savoir les \"cookies fonctionnels\", les \"cookies analytiques\" et les \"cookies de suivi\". Les cookies fonctionnels garantissent que notre site web fonctionne correctement et que, par exemple, vos param\u00e8tres pr\u00e9f\u00e9r\u00e9s sont m\u00e9moris\u00e9s. Nous recueillons \u00e9galement des statistiques (analytiques) sur les utilisateurs de notre site web. Nous utilisons ces informations pour am\u00e9liorer continuellement notre site web. Enfin, nous pla\u00e7ons \u00e9galement des cookies qui suivent votre comportement de navigation (cookies de suivi), afin de pouvoir vous proposer un contenu et des publicit\u00e9s sur mesure. Lors de votre premi\u00e8re visite sur notre site web, nous vous informons de l'existence de ces cookies et vous avez la possibilit\u00e9 de les accepter ou non. Si vous choisissez de ne pas accepter les cookies, il se peut que vous ne puissiez pas utiliser pleinement notre site web. En outre, vous pouvez \u00e9galement supprimer les cookies via les param\u00e8tres de votre navigateur.<\/li><li><strong>Google Analytics ; <\/strong>pour analyser le comportement des visiteurs. <br \/>Pour plus d'informations, veuillez consulter les r\u00e8gles de confidentialit\u00e9 de Google. Vous trouverez \u00e9galement la politique de confidentialit\u00e9 de Google Analytics ici. Google utilise ces informations pour suivre l'utilisation de notre site web, pour fournir des rapports sur le site web et pour fournir \u00e0 ses annonceurs des informations sur l'efficacit\u00e9 de leurs campagnes. <br \/>Google peut fournir ces informations \u00e0 des tiers si Google y est l\u00e9galement oblig\u00e9 ou dans la mesure o\u00f9 ces tiers traitent les informations pour le compte de Google. Worldmeetings.com n'a aucune influence sur ce point. Worldmeetings.com n'a pas donn\u00e9 \u00e0 Google l'autorisation d'utiliser les donn\u00e9es d'analyse obtenues par l'interm\u00e9diaire de Google pour d'autres services de Google.<\/li><li><strong>Hubspot<\/strong>pour identifier et enrichir les profils des visiteurs. Vous y trouverez <a href=\"https:\/\/legal.hubspot.com\/privacy-policy\">ici<\/a> La politique de confidentialit\u00e9 de Hubspot \u00e9galement.\u00a0<\/li><\/ul><p><strong>9. Coordonn\u00e9es des personnes \u00e0 contacter<\/strong><\/p><p>Pour toute question ou plainte concernant le traitement de vos donn\u00e9es personnelles par Worldmeetings.com, veuillez contacter notre responsable de la s\u00e9curit\u00e9.<\/p><p>Nom : Marco Ingels<br \/>Adresse \u00e9lectronique :\u00a0<a href=\"mailto:privacy@worldmeetings.nl\">privacy@worldmeetings.nl<\/a><\/p><p><strong>10. Modifications de notre d\u00e9claration de confidentialit\u00e9<\/strong><\/p><p>Worldmeetings.com se r\u00e9serve le droit de modifier la d\u00e9claration de confidentialit\u00e9. La version la plus r\u00e9cente peut \u00eatre consult\u00e9e sur notre site web.<\/p><p>La Haye, 2024<\/p><\/li><\/ol>\t\t\t\t\t\t\t\t<\/div>\n\t\t\t\t<\/div>\n\t\t\t\t\t<\/div>\n\t\t\t\t<\/div>\n\t\t\t\t<\/div>","protected":false},"excerpt":{"rendered":"<p>Privacy Statement Worldmeetings.com is zich er van bewust dat een passende verwerking van persoonsgegevens een onmisbaar aspect is van het privacy recht. Om dit recht te waarborgen, kunt u in deze verklaring nagaan wat er met uw gegevens gebeurt. De handelswijze van Worldmeetings.com is vanzelfsprekend in overeenstemming met de Algemene Verordening Gegevensbescherming. Dit privacy statement [&hellip;]<\/p>\n","protected":false},"author":11,"featured_media":0,"parent":0,"menu_order":0,"comment_status":"closed","ping_status":"closed","template":"","meta":{"_acf_changed":false,"footnotes":""},"class_list":["post-2743","page","type-page","status-publish","hentry"],"acf":[],"yoast_head":"<!-- This site is optimized with the Yoast SEO plugin v27.3 - https:\/\/yoast.com\/product\/yoast-seo-wordpress\/ -->\n<title>Privacy Statement - Worldmeetings<\/title>\n<meta name=\"robots\" content=\"index, follow, max-snippet:-1, max-image-preview:large, max-video-preview:-1\" \/>\n<link rel=\"canonical\" href=\"https:\/\/www.worldmeetings.com\/fr\/privacy-statement\/\" \/>\n<meta property=\"og:locale\" content=\"fr_FR\" \/>\n<meta property=\"og:type\" content=\"article\" \/>\n<meta property=\"og:title\" content=\"Privacy Statement - Worldmeetings\" \/>\n<meta property=\"og:description\" content=\"Privacy Statement Worldmeetings.com is zich er van bewust dat een passende verwerking van persoonsgegevens een onmisbaar aspect is van het privacy recht. Om dit recht te waarborgen, kunt u in deze verklaring nagaan wat er met uw gegevens gebeurt. De handelswijze van Worldmeetings.com is vanzelfsprekend in overeenstemming met de Algemene Verordening Gegevensbescherming. Dit privacy statement [&hellip;]\" \/>\n<meta property=\"og:url\" content=\"https:\/\/www.worldmeetings.com\/fr\/privacy-statement\/\" \/>\n<meta property=\"og:site_name\" content=\"Worldmeetings\" \/>\n<meta property=\"article:modified_time\" content=\"2024-04-08T14:44:24+00:00\" \/>\n<meta name=\"twitter:card\" content=\"summary_large_image\" \/>\n<meta name=\"twitter:label1\" content=\"Est. reading time\" \/>\n\t<meta name=\"twitter:data1\" content=\"6 minutes\" \/>\n<script type=\"application\/ld+json\" class=\"yoast-schema-graph\">{\"@context\":\"https:\\\/\\\/schema.org\",\"@graph\":[{\"@type\":\"WebPage\",\"@id\":\"https:\\\/\\\/www.worldmeetings.com\\\/nl\\\/privacy-statement\\\/\",\"url\":\"https:\\\/\\\/www.worldmeetings.com\\\/nl\\\/privacy-statement\\\/\",\"name\":\"Privacy Statement - Worldmeetings\",\"isPartOf\":{\"@id\":\"https:\\\/\\\/www.worldmeetings.com\\\/nl\\\/#website\"},\"datePublished\":\"2024-02-27T09:21:55+00:00\",\"dateModified\":\"2024-04-08T14:44:24+00:00\",\"breadcrumb\":{\"@id\":\"https:\\\/\\\/www.worldmeetings.com\\\/nl\\\/privacy-statement\\\/#breadcrumb\"},\"inLanguage\":\"fr-FR\",\"potentialAction\":[{\"@type\":\"ReadAction\",\"target\":[\"https:\\\/\\\/www.worldmeetings.com\\\/nl\\\/privacy-statement\\\/\"]}]},{\"@type\":\"BreadcrumbList\",\"@id\":\"https:\\\/\\\/www.worldmeetings.com\\\/nl\\\/privacy-statement\\\/#breadcrumb\",\"itemListElement\":[{\"@type\":\"ListItem\",\"position\":1,\"name\":\"Home\",\"item\":\"https:\\\/\\\/www.worldmeetings.com\\\/nl\\\/\"},{\"@type\":\"ListItem\",\"position\":2,\"name\":\"Privacy Statement\"}]},{\"@type\":\"WebSite\",\"@id\":\"https:\\\/\\\/www.worldmeetings.com\\\/nl\\\/#website\",\"url\":\"https:\\\/\\\/www.worldmeetings.com\\\/nl\\\/\",\"name\":\"Worldmeetings\",\"description\":\"\",\"publisher\":{\"@id\":\"https:\\\/\\\/www.worldmeetings.com\\\/nl\\\/#organization\"},\"potentialAction\":[{\"@type\":\"SearchAction\",\"target\":{\"@type\":\"EntryPoint\",\"urlTemplate\":\"https:\\\/\\\/www.worldmeetings.com\\\/nl\\\/?s={search_term_string}\"},\"query-input\":{\"@type\":\"PropertyValueSpecification\",\"valueRequired\":true,\"valueName\":\"search_term_string\"}}],\"inLanguage\":\"fr-FR\"},{\"@type\":\"Organization\",\"@id\":\"https:\\\/\\\/www.worldmeetings.com\\\/nl\\\/#organization\",\"name\":\"Worldmeetings\",\"url\":\"https:\\\/\\\/www.worldmeetings.com\\\/nl\\\/\",\"logo\":{\"@type\":\"ImageObject\",\"inLanguage\":\"fr-FR\",\"@id\":\"https:\\\/\\\/www.worldmeetings.com\\\/nl\\\/#\\\/schema\\\/logo\\\/image\\\/\",\"url\":\"https:\\\/\\\/www.worldmeetings.com\\\/app\\\/uploads\\\/2024\\\/01\\\/worldmeetings.svg\",\"contentUrl\":\"https:\\\/\\\/www.worldmeetings.com\\\/app\\\/uploads\\\/2024\\\/01\\\/worldmeetings.svg\",\"width\":208,\"height\":79,\"caption\":\"Worldmeetings\"},\"image\":{\"@id\":\"https:\\\/\\\/www.worldmeetings.com\\\/nl\\\/#\\\/schema\\\/logo\\\/image\\\/\"}}]}<\/script>\n<!-- \/ Yoast SEO plugin. -->","yoast_head_json":{"title":"Privacy Statement - Worldmeetings","robots":{"index":"index","follow":"follow","max-snippet":"max-snippet:-1","max-image-preview":"max-image-preview:large","max-video-preview":"max-video-preview:-1"},"canonical":"https:\/\/www.worldmeetings.com\/fr\/privacy-statement\/","og_locale":"fr_FR","og_type":"article","og_title":"Privacy Statement - Worldmeetings","og_description":"Privacy Statement Worldmeetings.com is zich er van bewust dat een passende verwerking van persoonsgegevens een onmisbaar aspect is van het privacy recht. Om dit recht te waarborgen, kunt u in deze verklaring nagaan wat er met uw gegevens gebeurt. De handelswijze van Worldmeetings.com is vanzelfsprekend in overeenstemming met de Algemene Verordening Gegevensbescherming. Dit privacy statement [&hellip;]","og_url":"https:\/\/www.worldmeetings.com\/fr\/privacy-statement\/","og_site_name":"Worldmeetings","article_modified_time":"2024-04-08T14:44:24+00:00","twitter_card":"summary_large_image","twitter_misc":{"Est. reading time":"6 minutes"},"schema":{"@context":"https:\/\/schema.org","@graph":[{"@type":"WebPage","@id":"https:\/\/www.worldmeetings.com\/nl\/privacy-statement\/","url":"https:\/\/www.worldmeetings.com\/nl\/privacy-statement\/","name":"Privacy Statement - Worldmeetings","isPartOf":{"@id":"https:\/\/www.worldmeetings.com\/nl\/#website"},"datePublished":"2024-02-27T09:21:55+00:00","dateModified":"2024-04-08T14:44:24+00:00","breadcrumb":{"@id":"https:\/\/www.worldmeetings.com\/nl\/privacy-statement\/#breadcrumb"},"inLanguage":"fr-FR","potentialAction":[{"@type":"ReadAction","target":["https:\/\/www.worldmeetings.com\/nl\/privacy-statement\/"]}]},{"@type":"BreadcrumbList","@id":"https:\/\/www.worldmeetings.com\/nl\/privacy-statement\/#breadcrumb","itemListElement":[{"@type":"ListItem","position":1,"name":"Home","item":"https:\/\/www.worldmeetings.com\/nl\/"},{"@type":"ListItem","position":2,"name":"Privacy Statement"}]},{"@type":"WebSite","@id":"https:\/\/www.worldmeetings.com\/nl\/#website","url":"https:\/\/www.worldmeetings.com\/nl\/","name":"Rencontres mondiales","description":"","publisher":{"@id":"https:\/\/www.worldmeetings.com\/nl\/#organization"},"potentialAction":[{"@type":"SearchAction","target":{"@type":"EntryPoint","urlTemplate":"https:\/\/www.worldmeetings.com\/nl\/?s={search_term_string}"},"query-input":{"@type":"PropertyValueSpecification","valueRequired":true,"valueName":"search_term_string"}}],"inLanguage":"fr-FR"},{"@type":"Organization","@id":"https:\/\/www.worldmeetings.com\/nl\/#organization","name":"Rencontres mondiales","url":"https:\/\/www.worldmeetings.com\/nl\/","logo":{"@type":"ImageObject","inLanguage":"fr-FR","@id":"https:\/\/www.worldmeetings.com\/nl\/#\/schema\/logo\/image\/","url":"https:\/\/www.worldmeetings.com\/app\/uploads\/2024\/01\/worldmeetings.svg","contentUrl":"https:\/\/www.worldmeetings.com\/app\/uploads\/2024\/01\/worldmeetings.svg","width":208,"height":79,"caption":"Worldmeetings"},"image":{"@id":"https:\/\/www.worldmeetings.com\/nl\/#\/schema\/logo\/image\/"}}]}},"_links":{"self":[{"href":"https:\/\/www.worldmeetings.com\/fr\/wp-json\/wp\/v2\/pages\/2743","targetHints":{"allow":["GET"]}}],"collection":[{"href":"https:\/\/www.worldmeetings.com\/fr\/wp-json\/wp\/v2\/pages"}],"about":[{"href":"https:\/\/www.worldmeetings.com\/fr\/wp-json\/wp\/v2\/types\/page"}],"author":[{"embeddable":true,"href":"https:\/\/www.worldmeetings.com\/fr\/wp-json\/wp\/v2\/users\/11"}],"replies":[{"embeddable":true,"href":"https:\/\/www.worldmeetings.com\/fr\/wp-json\/wp\/v2\/comments?post=2743"}],"version-history":[{"count":17,"href":"https:\/\/www.worldmeetings.com\/fr\/wp-json\/wp\/v2\/pages\/2743\/revisions"}],"predecessor-version":[{"id":6874,"href":"https:\/\/www.worldmeetings.com\/fr\/wp-json\/wp\/v2\/pages\/2743\/revisions\/6874"}],"wp:attachment":[{"href":"https:\/\/www.worldmeetings.com\/fr\/wp-json\/wp\/v2\/media?parent=2743"}],"curies":[{"name":"wp","href":"https:\/\/api.w.org\/{rel}","templated":true}]}}