{"id":2149,"date":"2024-02-13T18:10:01","date_gmt":"2024-02-13T18:10:01","guid":{"rendered":"https:\/\/www.worldmeetings.com\/?page_id=2149"},"modified":"2024-03-21T11:11:16","modified_gmt":"2024-03-21T11:11:16","slug":"disclaimer","status":"publish","type":"page","link":"https:\/\/www.worldmeetings.com\/fr\/disclaimer\/","title":{"rendered":"Clause de non-responsabilit\u00e9"},"content":{"rendered":"<div data-elementor-type=\"wp-page\" data-elementor-id=\"2149\" class=\"elementor elementor-2149\" data-elementor-post-type=\"page\">\n\t\t\t\t<div class=\"elementor-element elementor-element-bf1af52 e-con-full e-flex e-con e-parent\" data-id=\"bf1af52\" data-element_type=\"container\" data-e-type=\"container\" data-settings=\"{&quot;jet_parallax_layout_list&quot;:[]}\">\n\t\t<div class=\"elementor-element elementor-element-1f553a2 e-con-full e-flex e-con e-child\" data-id=\"1f553a2\" data-element_type=\"container\" data-e-type=\"container\" data-settings=\"{&quot;background_background&quot;:&quot;classic&quot;,&quot;jet_parallax_layout_list&quot;:[]}\">\n\t\t<div class=\"elementor-element elementor-element-ca5ae4a e-con-full e-flex e-con e-child\" data-id=\"ca5ae4a\" data-element_type=\"container\" data-e-type=\"container\" data-settings=\"{&quot;background_background&quot;:&quot;classic&quot;,&quot;jet_parallax_layout_list&quot;:[]}\">\n\t\t<div class=\"elementor-element elementor-element-831d203 e-flex e-con-boxed e-con e-child\" data-id=\"831d203\" data-element_type=\"container\" data-e-type=\"container\" data-settings=\"{&quot;jet_parallax_layout_list&quot;:[]}\">\n\t\t\t\t\t<div class=\"e-con-inner\">\n\t\t\t\t<div class=\"elementor-element elementor-element-6119a5d blokborder2 elementor-widget elementor-widget-heading\" data-id=\"6119a5d\" data-element_type=\"widget\" data-e-type=\"widget\" data-widget_type=\"heading.default\">\n\t\t\t\t<div class=\"elementor-widget-container\">\n\t\t\t\t\t<h1 class=\"elementor-heading-title elementor-size-default\">Clause de non-responsabilit\u00e9<\/h1>\t\t\t\t<\/div>\n\t\t\t\t<\/div>\n\t\t\t\t\t<\/div>\n\t\t\t\t<\/div>\n\t\t\t\t<\/div>\n\t\t\t\t<\/div>\n\t\t\t\t<\/div>\n\t\t<div class=\"elementor-element elementor-element-3dc2821 e-flex e-con-boxed e-con e-parent\" data-id=\"3dc2821\" data-element_type=\"container\" data-e-type=\"container\" data-settings=\"{&quot;jet_parallax_layout_list&quot;:[]}\">\n\t\t\t\t\t<div class=\"e-con-inner\">\n\t\t\t\t<div class=\"elementor-element elementor-element-acc37b0 elementor-widget elementor-widget-text-editor\" data-id=\"acc37b0\" data-element_type=\"widget\" data-e-type=\"widget\" data-widget_type=\"text-editor.default\">\n\t\t\t\t<div class=\"elementor-widget-container\">\n\t\t\t\t\t\t\t\t\t<ol><li>Les d\u00e9finitions suivantes s'appliquent \u00e0 la pr\u00e9sente clause de non-responsabilit\u00e9 :<ul><li>le propri\u00e9taire : le propri\u00e9taire du site web ;<\/li><li>utilisation(s) : toutes les actions imaginables ;<\/li><li>vous : l'utilisateur (visiteur) du site web ;<\/li><li>le contenu : tout le contenu pr\u00e9sent sur le site web ;<\/li><\/ul><\/li><li>Les dispositions suivantes s'appliquent au site web que vous visitez actuellement. En utilisant le site web, vous acceptez cette clause de non-responsabilit\u00e9.<\/li><li>Le contenu a \u00e9t\u00e9 compil\u00e9 par le propri\u00e9taire avec le plus grand soin. Cependant, le propri\u00e9taire n'accepte aucune responsabilit\u00e9 quant \u00e0 d'\u00e9ventuelles inexactitudes dans le contenu affich\u00e9.<\/li><li>Le propri\u00e9taire n'est pas responsable du contenu affich\u00e9 sur les fichiers li\u00e9s \u00e0 ce site web.<\/li><li>L'utilisation non autoris\u00e9e ou abusive du contenu ou de parties de celui-ci porte atteinte aux droits intellectuels.<\/li><li>L'autorisation d'utiliser le contenu affich\u00e9 ou des parties de celui-ci dans d'autres lieux accessibles au public doit \u00eatre demand\u00e9e par \u00e9crit. Sans cette autorisation \u00e9crite, vous ne pouvez pas utiliser tout ou partie du contenu de ce site web.<\/li><\/ol>\t\t\t\t\t\t\t\t<\/div>\n\t\t\t\t<\/div>\n\t\t\t\t\t<\/div>\n\t\t\t\t<\/div>\n\t\t\t\t<\/div>","protected":false},"excerpt":{"rendered":"<p>Disclaimer In deze disclaimer wordt verstaan onder: de eigenaar: de eigenaar van de website; gebruik(en): alle denkbare handelingen; u: de gebruiker (bezoeker) van de website; de content: alle in de website aanwezige inhoud; Het onderstaande is van toepassing op de website die u thans bezoekt. Door de website te gebruiken stemt u in met deze [&hellip;]<\/p>\n","protected":false},"author":3,"featured_media":0,"parent":0,"menu_order":0,"comment_status":"closed","ping_status":"closed","template":"","meta":{"_acf_changed":false,"footnotes":""},"class_list":["post-2149","page","type-page","status-publish","hentry"],"acf":[],"yoast_head":"<!-- This site is optimized with the Yoast SEO plugin v27.3 - https:\/\/yoast.com\/product\/yoast-seo-wordpress\/ -->\n<title>Disclaimer - Worldmeetings<\/title>\n<meta name=\"robots\" content=\"index, follow, max-snippet:-1, max-image-preview:large, max-video-preview:-1\" \/>\n<link rel=\"canonical\" href=\"https:\/\/www.worldmeetings.com\/fr\/disclaimer\/\" \/>\n<meta property=\"og:locale\" content=\"fr_FR\" \/>\n<meta property=\"og:type\" content=\"article\" \/>\n<meta property=\"og:title\" content=\"Disclaimer - Worldmeetings\" \/>\n<meta property=\"og:description\" content=\"Disclaimer In deze disclaimer wordt verstaan onder: de eigenaar: de eigenaar van de website; gebruik(en): alle denkbare handelingen; u: de gebruiker (bezoeker) van de website; de content: alle in de website aanwezige inhoud; Het onderstaande is van toepassing op de website die u thans bezoekt. Door de website te gebruiken stemt u in met deze [&hellip;]\" \/>\n<meta property=\"og:url\" content=\"https:\/\/www.worldmeetings.com\/fr\/disclaimer\/\" \/>\n<meta property=\"og:site_name\" content=\"Worldmeetings\" \/>\n<meta property=\"article:modified_time\" content=\"2024-03-21T11:11:16+00:00\" \/>\n<meta name=\"twitter:card\" content=\"summary_large_image\" \/>\n<meta name=\"twitter:label1\" content=\"Est. reading time\" \/>\n\t<meta name=\"twitter:data1\" content=\"1 minute\" \/>\n<script type=\"application\/ld+json\" class=\"yoast-schema-graph\">{\"@context\":\"https:\\\/\\\/schema.org\",\"@graph\":[{\"@type\":\"WebPage\",\"@id\":\"https:\\\/\\\/www.worldmeetings.com\\\/nl\\\/disclaimer\\\/\",\"url\":\"https:\\\/\\\/www.worldmeetings.com\\\/nl\\\/disclaimer\\\/\",\"name\":\"Disclaimer - Worldmeetings\",\"isPartOf\":{\"@id\":\"https:\\\/\\\/www.worldmeetings.com\\\/nl\\\/#website\"},\"datePublished\":\"2024-02-13T18:10:01+00:00\",\"dateModified\":\"2024-03-21T11:11:16+00:00\",\"breadcrumb\":{\"@id\":\"https:\\\/\\\/www.worldmeetings.com\\\/nl\\\/disclaimer\\\/#breadcrumb\"},\"inLanguage\":\"fr-FR\",\"potentialAction\":[{\"@type\":\"ReadAction\",\"target\":[\"https:\\\/\\\/www.worldmeetings.com\\\/nl\\\/disclaimer\\\/\"]}]},{\"@type\":\"BreadcrumbList\",\"@id\":\"https:\\\/\\\/www.worldmeetings.com\\\/nl\\\/disclaimer\\\/#breadcrumb\",\"itemListElement\":[{\"@type\":\"ListItem\",\"position\":1,\"name\":\"Home\",\"item\":\"https:\\\/\\\/www.worldmeetings.com\\\/nl\\\/\"},{\"@type\":\"ListItem\",\"position\":2,\"name\":\"Disclaimer\"}]},{\"@type\":\"WebSite\",\"@id\":\"https:\\\/\\\/www.worldmeetings.com\\\/nl\\\/#website\",\"url\":\"https:\\\/\\\/www.worldmeetings.com\\\/nl\\\/\",\"name\":\"Worldmeetings\",\"description\":\"\",\"publisher\":{\"@id\":\"https:\\\/\\\/www.worldmeetings.com\\\/nl\\\/#organization\"},\"potentialAction\":[{\"@type\":\"SearchAction\",\"target\":{\"@type\":\"EntryPoint\",\"urlTemplate\":\"https:\\\/\\\/www.worldmeetings.com\\\/nl\\\/?s={search_term_string}\"},\"query-input\":{\"@type\":\"PropertyValueSpecification\",\"valueRequired\":true,\"valueName\":\"search_term_string\"}}],\"inLanguage\":\"fr-FR\"},{\"@type\":\"Organization\",\"@id\":\"https:\\\/\\\/www.worldmeetings.com\\\/nl\\\/#organization\",\"name\":\"Worldmeetings\",\"url\":\"https:\\\/\\\/www.worldmeetings.com\\\/nl\\\/\",\"logo\":{\"@type\":\"ImageObject\",\"inLanguage\":\"fr-FR\",\"@id\":\"https:\\\/\\\/www.worldmeetings.com\\\/nl\\\/#\\\/schema\\\/logo\\\/image\\\/\",\"url\":\"https:\\\/\\\/www.worldmeetings.com\\\/app\\\/uploads\\\/2024\\\/01\\\/worldmeetings.svg\",\"contentUrl\":\"https:\\\/\\\/www.worldmeetings.com\\\/app\\\/uploads\\\/2024\\\/01\\\/worldmeetings.svg\",\"width\":208,\"height\":79,\"caption\":\"Worldmeetings\"},\"image\":{\"@id\":\"https:\\\/\\\/www.worldmeetings.com\\\/nl\\\/#\\\/schema\\\/logo\\\/image\\\/\"}}]}<\/script>\n<!-- \/ Yoast SEO plugin. -->","yoast_head_json":{"title":"Disclaimer - Worldmeetings","robots":{"index":"index","follow":"follow","max-snippet":"max-snippet:-1","max-image-preview":"max-image-preview:large","max-video-preview":"max-video-preview:-1"},"canonical":"https:\/\/www.worldmeetings.com\/fr\/disclaimer\/","og_locale":"fr_FR","og_type":"article","og_title":"Disclaimer - Worldmeetings","og_description":"Disclaimer In deze disclaimer wordt verstaan onder: de eigenaar: de eigenaar van de website; gebruik(en): alle denkbare handelingen; u: de gebruiker (bezoeker) van de website; de content: alle in de website aanwezige inhoud; Het onderstaande is van toepassing op de website die u thans bezoekt. Door de website te gebruiken stemt u in met deze [&hellip;]","og_url":"https:\/\/www.worldmeetings.com\/fr\/disclaimer\/","og_site_name":"Worldmeetings","article_modified_time":"2024-03-21T11:11:16+00:00","twitter_card":"summary_large_image","twitter_misc":{"Est. reading time":"1 minute"},"schema":{"@context":"https:\/\/schema.org","@graph":[{"@type":"WebPage","@id":"https:\/\/www.worldmeetings.com\/nl\/disclaimer\/","url":"https:\/\/www.worldmeetings.com\/nl\/disclaimer\/","name":"Disclaimer - Worldmeetings","isPartOf":{"@id":"https:\/\/www.worldmeetings.com\/nl\/#website"},"datePublished":"2024-02-13T18:10:01+00:00","dateModified":"2024-03-21T11:11:16+00:00","breadcrumb":{"@id":"https:\/\/www.worldmeetings.com\/nl\/disclaimer\/#breadcrumb"},"inLanguage":"fr-FR","potentialAction":[{"@type":"ReadAction","target":["https:\/\/www.worldmeetings.com\/nl\/disclaimer\/"]}]},{"@type":"BreadcrumbList","@id":"https:\/\/www.worldmeetings.com\/nl\/disclaimer\/#breadcrumb","itemListElement":[{"@type":"ListItem","position":1,"name":"Home","item":"https:\/\/www.worldmeetings.com\/nl\/"},{"@type":"ListItem","position":2,"name":"Disclaimer"}]},{"@type":"WebSite","@id":"https:\/\/www.worldmeetings.com\/nl\/#website","url":"https:\/\/www.worldmeetings.com\/nl\/","name":"Rencontres mondiales","description":"","publisher":{"@id":"https:\/\/www.worldmeetings.com\/nl\/#organization"},"potentialAction":[{"@type":"SearchAction","target":{"@type":"EntryPoint","urlTemplate":"https:\/\/www.worldmeetings.com\/nl\/?s={search_term_string}"},"query-input":{"@type":"PropertyValueSpecification","valueRequired":true,"valueName":"search_term_string"}}],"inLanguage":"fr-FR"},{"@type":"Organization","@id":"https:\/\/www.worldmeetings.com\/nl\/#organization","name":"Rencontres mondiales","url":"https:\/\/www.worldmeetings.com\/nl\/","logo":{"@type":"ImageObject","inLanguage":"fr-FR","@id":"https:\/\/www.worldmeetings.com\/nl\/#\/schema\/logo\/image\/","url":"https:\/\/www.worldmeetings.com\/app\/uploads\/2024\/01\/worldmeetings.svg","contentUrl":"https:\/\/www.worldmeetings.com\/app\/uploads\/2024\/01\/worldmeetings.svg","width":208,"height":79,"caption":"Worldmeetings"},"image":{"@id":"https:\/\/www.worldmeetings.com\/nl\/#\/schema\/logo\/image\/"}}]}},"_links":{"self":[{"href":"https:\/\/www.worldmeetings.com\/fr\/wp-json\/wp\/v2\/pages\/2149","targetHints":{"allow":["GET"]}}],"collection":[{"href":"https:\/\/www.worldmeetings.com\/fr\/wp-json\/wp\/v2\/pages"}],"about":[{"href":"https:\/\/www.worldmeetings.com\/fr\/wp-json\/wp\/v2\/types\/page"}],"author":[{"embeddable":true,"href":"https:\/\/www.worldmeetings.com\/fr\/wp-json\/wp\/v2\/users\/3"}],"replies":[{"embeddable":true,"href":"https:\/\/www.worldmeetings.com\/fr\/wp-json\/wp\/v2\/comments?post=2149"}],"version-history":[{"count":11,"href":"https:\/\/www.worldmeetings.com\/fr\/wp-json\/wp\/v2\/pages\/2149\/revisions"}],"predecessor-version":[{"id":7214,"href":"https:\/\/www.worldmeetings.com\/fr\/wp-json\/wp\/v2\/pages\/2149\/revisions\/7214"}],"wp:attachment":[{"href":"https:\/\/www.worldmeetings.com\/fr\/wp-json\/wp\/v2\/media?parent=2149"}],"curies":[{"name":"wp","href":"https:\/\/api.w.org\/{rel}","templated":true}]}}