{"id":8787,"date":"2025-11-28T19:38:30","date_gmt":"2025-11-28T19:38:30","guid":{"rendered":"https:\/\/www.worldmeetings.com\/?page_id=8787"},"modified":"2025-11-28T20:49:25","modified_gmt":"2025-11-28T20:49:25","slug":"novartis-esc","status":"publish","type":"page","link":"https:\/\/www.worldmeetings.com\/es\/novartis-esc\/","title":{"rendered":"P\u00e1gina de destino de Novartis para el congreso ESC"},"content":{"rendered":"<div data-elementor-type=\"wp-page\" data-elementor-id=\"8787\" class=\"elementor elementor-8787\" data-elementor-post-type=\"page\">\n\t\t\t\t<div class=\"elementor-element elementor-element-454a5a7 e-con-full e-flex e-con e-parent\" data-id=\"454a5a7\" data-element_type=\"container\" data-e-type=\"container\" data-settings=\"{&quot;background_background&quot;:&quot;classic&quot;,&quot;shape_divider_bottom&quot;:&quot;tilt&quot;,&quot;jet_parallax_layout_list&quot;:[]}\">\n\t\t\t\t<div class=\"elementor-shape elementor-shape-bottom\" aria-hidden=\"true\" data-negative=\"false\">\n\t\t\t<svg xmlns=\"http:\/\/www.w3.org\/2000\/svg\" viewbox=\"0 0 1000 100\" preserveaspectratio=\"none\">\n\t<path class=\"elementor-shape-fill\" d=\"M0,6V0h1000v100L0,6z\"\/>\n<\/svg>\t\t<\/div>\n\t\t\t\t<div class=\"elementor-element elementor-element-cd98936 elementor-widget elementor-widget-spacer\" data-id=\"cd98936\" data-element_type=\"widget\" data-e-type=\"widget\" data-widget_type=\"spacer.default\">\n\t\t\t\t<div class=\"elementor-widget-container\">\n\t\t\t\t\t\t\t<div class=\"elementor-spacer\">\n\t\t\t<div class=\"elementor-spacer-inner\"><\/div>\n\t\t<\/div>\n\t\t\t\t\t\t<\/div>\n\t\t\t\t<\/div>\n\t\t<div class=\"elementor-element elementor-element-0699938 e-con-full e-flex e-con e-child\" data-id=\"0699938\" data-element_type=\"container\" data-e-type=\"container\" data-settings=\"{&quot;jet_parallax_layout_list&quot;:[]}\">\n\t\t\t\t<div class=\"elementor-element elementor-element-7725bdb elementor-widget elementor-widget-image\" data-id=\"7725bdb\" data-element_type=\"widget\" data-e-type=\"widget\" data-widget_type=\"image.default\">\n\t\t\t\t<div class=\"elementor-widget-container\">\n\t\t\t\t\t\t\t\t\t\t\t\t\t\t\t<img fetchpriority=\"high\" decoding=\"async\" width=\"800\" height=\"146\" src=\"https:\/\/www.worldmeetings.com\/app\/uploads\/2025\/11\/novartis-logo-transparent.png-1024x187.webp\" class=\"attachment-large size-large wp-image-8725\" alt=\"\" srcset=\"https:\/\/www.worldmeetings.com\/app\/uploads\/2025\/11\/novartis-logo-transparent.png-1024x187.webp 1024w, https:\/\/www.worldmeetings.com\/app\/uploads\/2025\/11\/novartis-logo-transparent.png-300x55.webp 300w, https:\/\/www.worldmeetings.com\/app\/uploads\/2025\/11\/novartis-logo-transparent.png-768x140.webp 768w, https:\/\/www.worldmeetings.com\/app\/uploads\/2025\/11\/novartis-logo-transparent.png-1536x280.webp 1536w, https:\/\/www.worldmeetings.com\/app\/uploads\/2025\/11\/novartis-logo-transparent.png-18x3.webp 18w, https:\/\/www.worldmeetings.com\/app\/uploads\/2025\/11\/novartis-logo-transparent.png.webp 1780w\" sizes=\"(max-width: 800px) 100vw, 800px\" \/>\t\t\t\t\t\t\t\t\t\t\t\t\t\t\t<\/div>\n\t\t\t\t<\/div>\n\t\t\t\t<div class=\"elementor-element elementor-element-9c81d1b elementor-widget__width-initial elementor-widget elementor-widget-heading\" data-id=\"9c81d1b\" data-element_type=\"widget\" data-e-type=\"widget\" data-widget_type=\"heading.default\">\n\t\t\t\t<div class=\"elementor-widget-container\">\n\t\t\t\t\t<h2 class=\"elementor-heading-title elementor-size-default\">ESC CONGRESS REGISTRATION PORTAL<\/h2>\t\t\t\t<\/div>\n\t\t\t\t<\/div>\n\t\t\t\t<div class=\"elementor-element elementor-element-8f59ade elementor-widget__width-initial elementor-widget elementor-widget-text-editor\" data-id=\"8f59ade\" data-element_type=\"widget\" data-e-type=\"widget\" data-widget_type=\"text-editor.default\">\n\t\t\t\t<div class=\"elementor-widget-container\">\n\t\t\t\t\t\t\t\t\t<p data-start=\"246\" data-end=\"421\">Please select the appropriate form below to submit your details for this project. All information will be handled confidentially and used exclusively for project coordination.<\/p>\t\t\t\t\t\t\t\t<\/div>\n\t\t\t\t<\/div>\n\t\t\t\t<div class=\"elementor-element elementor-element-fa9795f elementor-widget elementor-widget-spacer\" data-id=\"fa9795f\" data-element_type=\"widget\" data-e-type=\"widget\" data-widget_type=\"spacer.default\">\n\t\t\t\t<div class=\"elementor-widget-container\">\n\t\t\t\t\t\t\t<div class=\"elementor-spacer\">\n\t\t\t<div class=\"elementor-spacer-inner\"><\/div>\n\t\t<\/div>\n\t\t\t\t\t\t<\/div>\n\t\t\t\t<\/div>\n\t\t<div class=\"elementor-element elementor-element-2e3148a e-grid e-con-full e-con e-child\" data-id=\"2e3148a\" data-element_type=\"container\" data-e-type=\"container\" data-settings=\"{&quot;jet_parallax_layout_list&quot;:[]}\">\n\t\t\t\t<div class=\"elementor-element elementor-element-1c63030 elementor-align-right elementor-widget elementor-widget-button\" data-id=\"1c63030\" data-element_type=\"widget\" data-e-type=\"widget\" data-widget_type=\"button.default\">\n\t\t\t\t<div class=\"elementor-widget-container\">\n\t\t\t\t\t\t\t\t\t<div class=\"elementor-button-wrapper\">\n\t\t\t\t\t<a class=\"elementor-button elementor-button-link elementor-size-sm\" href=\"https:\/\/www.worldmeetings.com\/es\/novartis\/hcp-form\/\">\n\t\t\t\t\t\t<span class=\"elementor-button-content-wrapper\">\n\t\t\t\t\t\t\t\t\t<span class=\"elementor-button-text\">HCP Registration Form<\/span>\n\t\t\t\t\t<\/span>\n\t\t\t\t\t<\/a>\n\t\t\t\t<\/div>\n\t\t\t\t\t\t\t\t<\/div>\n\t\t\t\t<\/div>\n\t\t\t\t<div class=\"elementor-element elementor-element-387b401 elementor-align-left elementor-widget elementor-widget-button\" data-id=\"387b401\" data-element_type=\"widget\" data-e-type=\"widget\" data-widget_type=\"button.default\">\n\t\t\t\t<div class=\"elementor-widget-container\">\n\t\t\t\t\t\t\t\t\t<div class=\"elementor-button-wrapper\">\n\t\t\t\t\t<a class=\"elementor-button elementor-button-link elementor-size-sm\" href=\"https:\/\/www.worldmeetings.com\/es\/novartis\/employees-form\/\">\n\t\t\t\t\t\t<span class=\"elementor-button-content-wrapper\">\n\t\t\t\t\t\t\t\t\t<span class=\"elementor-button-text\">Novartis Employee Form<\/span>\n\t\t\t\t\t<\/span>\n\t\t\t\t\t<\/a>\n\t\t\t\t<\/div>\n\t\t\t\t\t\t\t\t<\/div>\n\t\t\t\t<\/div>\n\t\t\t\t<\/div>\n\t\t\t\t<div class=\"elementor-element elementor-element-814f68f elementor-widget elementor-widget-spacer\" data-id=\"814f68f\" data-element_type=\"widget\" data-e-type=\"widget\" data-widget_type=\"spacer.default\">\n\t\t\t\t<div class=\"elementor-widget-container\">\n\t\t\t\t\t\t\t<div class=\"elementor-spacer\">\n\t\t\t<div class=\"elementor-spacer-inner\"><\/div>\n\t\t<\/div>\n\t\t\t\t\t\t<\/div>\n\t\t\t\t<\/div>\n\t\t\t\t<\/div>\n\t\t\t\t<\/div>\n\t\t\t\t<\/div>","protected":false},"excerpt":{"rendered":"<p>PORTAL DE INSCRIPCI\u00d3N AL CONGRESO DE LA ESC Seleccione el formulario adecuado a continuaci\u00f3n para enviar sus datos para este proyecto. Toda la informaci\u00f3n se tratar\u00e1 de forma confidencial y se utilizar\u00e1 exclusivamente para la coordinaci\u00f3n del proyecto. Formulario de inscripci\u00f3n para profesionales sanitarios Formulario para empleados de Novartis<\/p>","protected":false},"author":11,"featured_media":0,"parent":0,"menu_order":0,"comment_status":"closed","ping_status":"closed","template":"elementor_canvas","meta":{"_acf_changed":false,"footnotes":""},"class_list":["post-8787","page","type-page","status-publish","hentry"],"acf":[],"yoast_head":"<!-- This site is optimized with the Yoast SEO plugin v27.3 - https:\/\/yoast.com\/product\/yoast-seo-wordpress\/ -->\n<title>Novartis landings page ESC congress - Worldmeetings<\/title>\n<meta name=\"robots\" content=\"index, follow, max-snippet:-1, max-image-preview:large, max-video-preview:-1\" \/>\n<link rel=\"canonical\" href=\"https:\/\/www.worldmeetings.com\/es\/novartis-esc\/\" \/>\n<meta property=\"og:locale\" content=\"es_ES\" \/>\n<meta property=\"og:type\" content=\"article\" \/>\n<meta property=\"og:title\" content=\"Novartis landings page ESC congress - Worldmeetings\" \/>\n<meta property=\"og:description\" content=\"ESC CONGRESS REGISTRATION PORTAL Please select the appropriate form below to submit your details for this project. All information will be handled confidentially and used exclusively for project coordination. HCP Registration Form Novartis Employee Form\" \/>\n<meta property=\"og:url\" content=\"https:\/\/www.worldmeetings.com\/es\/novartis-esc\/\" \/>\n<meta property=\"og:site_name\" content=\"Worldmeetings\" \/>\n<meta property=\"article:modified_time\" content=\"2025-11-28T20:49:25+00:00\" \/>\n<meta property=\"og:image\" content=\"https:\/\/www.worldmeetings.com\/app\/uploads\/2025\/11\/novartis-logo-transparent.png-1024x187.webp\" \/>\n<meta name=\"twitter:card\" content=\"summary_large_image\" \/>\n<meta name=\"twitter:label1\" content=\"Est. reading time\" \/>\n\t<meta name=\"twitter:data1\" content=\"1 minuto\" \/>\n<script type=\"application\/ld+json\" class=\"yoast-schema-graph\">{\"@context\":\"https:\\\/\\\/schema.org\",\"@graph\":[{\"@type\":\"WebPage\",\"@id\":\"https:\\\/\\\/www.worldmeetings.com\\\/nl\\\/novartis-esc\\\/\",\"url\":\"https:\\\/\\\/www.worldmeetings.com\\\/nl\\\/novartis-esc\\\/\",\"name\":\"Novartis landings page ESC congress - Worldmeetings\",\"isPartOf\":{\"@id\":\"https:\\\/\\\/www.worldmeetings.com\\\/nl\\\/#website\"},\"primaryImageOfPage\":{\"@id\":\"https:\\\/\\\/www.worldmeetings.com\\\/nl\\\/novartis-esc\\\/#primaryimage\"},\"image\":{\"@id\":\"https:\\\/\\\/www.worldmeetings.com\\\/nl\\\/novartis-esc\\\/#primaryimage\"},\"thumbnailUrl\":\"https:\\\/\\\/www.worldmeetings.com\\\/app\\\/uploads\\\/2025\\\/11\\\/novartis-logo-transparent.png-1024x187.webp\",\"datePublished\":\"2025-11-28T19:38:30+00:00\",\"dateModified\":\"2025-11-28T20:49:25+00:00\",\"breadcrumb\":{\"@id\":\"https:\\\/\\\/www.worldmeetings.com\\\/nl\\\/novartis-esc\\\/#breadcrumb\"},\"inLanguage\":\"es\",\"potentialAction\":[{\"@type\":\"ReadAction\",\"target\":[\"https:\\\/\\\/www.worldmeetings.com\\\/nl\\\/novartis-esc\\\/\"]}]},{\"@type\":\"ImageObject\",\"inLanguage\":\"es\",\"@id\":\"https:\\\/\\\/www.worldmeetings.com\\\/nl\\\/novartis-esc\\\/#primaryimage\",\"url\":\"https:\\\/\\\/www.worldmeetings.com\\\/app\\\/uploads\\\/2025\\\/11\\\/novartis-logo-transparent.png-1024x187.webp\",\"contentUrl\":\"https:\\\/\\\/www.worldmeetings.com\\\/app\\\/uploads\\\/2025\\\/11\\\/novartis-logo-transparent.png-1024x187.webp\"},{\"@type\":\"BreadcrumbList\",\"@id\":\"https:\\\/\\\/www.worldmeetings.com\\\/nl\\\/novartis-esc\\\/#breadcrumb\",\"itemListElement\":[{\"@type\":\"ListItem\",\"position\":1,\"name\":\"Home\",\"item\":\"https:\\\/\\\/www.worldmeetings.com\\\/nl\\\/\"},{\"@type\":\"ListItem\",\"position\":2,\"name\":\"Novartis landings page ESC congress\"}]},{\"@type\":\"WebSite\",\"@id\":\"https:\\\/\\\/www.worldmeetings.com\\\/nl\\\/#website\",\"url\":\"https:\\\/\\\/www.worldmeetings.com\\\/nl\\\/\",\"name\":\"Worldmeetings\",\"description\":\"\",\"publisher\":{\"@id\":\"https:\\\/\\\/www.worldmeetings.com\\\/nl\\\/#organization\"},\"potentialAction\":[{\"@type\":\"SearchAction\",\"target\":{\"@type\":\"EntryPoint\",\"urlTemplate\":\"https:\\\/\\\/www.worldmeetings.com\\\/nl\\\/?s={search_term_string}\"},\"query-input\":{\"@type\":\"PropertyValueSpecification\",\"valueRequired\":true,\"valueName\":\"search_term_string\"}}],\"inLanguage\":\"es\"},{\"@type\":\"Organization\",\"@id\":\"https:\\\/\\\/www.worldmeetings.com\\\/nl\\\/#organization\",\"name\":\"Worldmeetings\",\"url\":\"https:\\\/\\\/www.worldmeetings.com\\\/nl\\\/\",\"logo\":{\"@type\":\"ImageObject\",\"inLanguage\":\"es\",\"@id\":\"https:\\\/\\\/www.worldmeetings.com\\\/nl\\\/#\\\/schema\\\/logo\\\/image\\\/\",\"url\":\"https:\\\/\\\/www.worldmeetings.com\\\/app\\\/uploads\\\/2024\\\/01\\\/worldmeetings.svg\",\"contentUrl\":\"https:\\\/\\\/www.worldmeetings.com\\\/app\\\/uploads\\\/2024\\\/01\\\/worldmeetings.svg\",\"width\":208,\"height\":79,\"caption\":\"Worldmeetings\"},\"image\":{\"@id\":\"https:\\\/\\\/www.worldmeetings.com\\\/nl\\\/#\\\/schema\\\/logo\\\/image\\\/\"}}]}<\/script>\n<!-- \/ Yoast SEO plugin. -->","yoast_head_json":{"title":"Novartis landings page ESC congress - Worldmeetings","robots":{"index":"index","follow":"follow","max-snippet":"max-snippet:-1","max-image-preview":"max-image-preview:large","max-video-preview":"max-video-preview:-1"},"canonical":"https:\/\/www.worldmeetings.com\/es\/novartis-esc\/","og_locale":"es_ES","og_type":"article","og_title":"Novartis landings page ESC congress - Worldmeetings","og_description":"ESC CONGRESS REGISTRATION PORTAL Please select the appropriate form below to submit your details for this project. All information will be handled confidentially and used exclusively for project coordination. HCP Registration Form Novartis Employee Form","og_url":"https:\/\/www.worldmeetings.com\/es\/novartis-esc\/","og_site_name":"Worldmeetings","article_modified_time":"2025-11-28T20:49:25+00:00","og_image":[{"url":"https:\/\/www.worldmeetings.com\/app\/uploads\/2025\/11\/novartis-logo-transparent.png-1024x187.webp","type":"","width":"","height":""}],"twitter_card":"summary_large_image","twitter_misc":{"Est. reading time":"1 minuto"},"schema":{"@context":"https:\/\/schema.org","@graph":[{"@type":"WebPage","@id":"https:\/\/www.worldmeetings.com\/nl\/novartis-esc\/","url":"https:\/\/www.worldmeetings.com\/nl\/novartis-esc\/","name":"Novartis landings page ESC congress - Worldmeetings","isPartOf":{"@id":"https:\/\/www.worldmeetings.com\/nl\/#website"},"primaryImageOfPage":{"@id":"https:\/\/www.worldmeetings.com\/nl\/novartis-esc\/#primaryimage"},"image":{"@id":"https:\/\/www.worldmeetings.com\/nl\/novartis-esc\/#primaryimage"},"thumbnailUrl":"https:\/\/www.worldmeetings.com\/app\/uploads\/2025\/11\/novartis-logo-transparent.png-1024x187.webp","datePublished":"2025-11-28T19:38:30+00:00","dateModified":"2025-11-28T20:49:25+00:00","breadcrumb":{"@id":"https:\/\/www.worldmeetings.com\/nl\/novartis-esc\/#breadcrumb"},"inLanguage":"es","potentialAction":[{"@type":"ReadAction","target":["https:\/\/www.worldmeetings.com\/nl\/novartis-esc\/"]}]},{"@type":"ImageObject","inLanguage":"es","@id":"https:\/\/www.worldmeetings.com\/nl\/novartis-esc\/#primaryimage","url":"https:\/\/www.worldmeetings.com\/app\/uploads\/2025\/11\/novartis-logo-transparent.png-1024x187.webp","contentUrl":"https:\/\/www.worldmeetings.com\/app\/uploads\/2025\/11\/novartis-logo-transparent.png-1024x187.webp"},{"@type":"BreadcrumbList","@id":"https:\/\/www.worldmeetings.com\/nl\/novartis-esc\/#breadcrumb","itemListElement":[{"@type":"ListItem","position":1,"name":"Home","item":"https:\/\/www.worldmeetings.com\/nl\/"},{"@type":"ListItem","position":2,"name":"Novartis landings page ESC congress"}]},{"@type":"WebSite","@id":"https:\/\/www.worldmeetings.com\/nl\/#website","url":"https:\/\/www.worldmeetings.com\/nl\/","name":"Reuniones mundiales","description":"","publisher":{"@id":"https:\/\/www.worldmeetings.com\/nl\/#organization"},"potentialAction":[{"@type":"SearchAction","target":{"@type":"EntryPoint","urlTemplate":"https:\/\/www.worldmeetings.com\/nl\/?s={search_term_string}"},"query-input":{"@type":"PropertyValueSpecification","valueRequired":true,"valueName":"search_term_string"}}],"inLanguage":"es"},{"@type":"Organization","@id":"https:\/\/www.worldmeetings.com\/nl\/#organization","name":"Reuniones mundiales","url":"https:\/\/www.worldmeetings.com\/nl\/","logo":{"@type":"ImageObject","inLanguage":"es","@id":"https:\/\/www.worldmeetings.com\/nl\/#\/schema\/logo\/image\/","url":"https:\/\/www.worldmeetings.com\/app\/uploads\/2024\/01\/worldmeetings.svg","contentUrl":"https:\/\/www.worldmeetings.com\/app\/uploads\/2024\/01\/worldmeetings.svg","width":208,"height":79,"caption":"Worldmeetings"},"image":{"@id":"https:\/\/www.worldmeetings.com\/nl\/#\/schema\/logo\/image\/"}}]}},"_links":{"self":[{"href":"https:\/\/www.worldmeetings.com\/es\/wp-json\/wp\/v2\/pages\/8787","targetHints":{"allow":["GET"]}}],"collection":[{"href":"https:\/\/www.worldmeetings.com\/es\/wp-json\/wp\/v2\/pages"}],"about":[{"href":"https:\/\/www.worldmeetings.com\/es\/wp-json\/wp\/v2\/types\/page"}],"author":[{"embeddable":true,"href":"https:\/\/www.worldmeetings.com\/es\/wp-json\/wp\/v2\/users\/11"}],"replies":[{"embeddable":true,"href":"https:\/\/www.worldmeetings.com\/es\/wp-json\/wp\/v2\/comments?post=8787"}],"version-history":[{"count":38,"href":"https:\/\/www.worldmeetings.com\/es\/wp-json\/wp\/v2\/pages\/8787\/revisions"}],"predecessor-version":[{"id":8834,"href":"https:\/\/www.worldmeetings.com\/es\/wp-json\/wp\/v2\/pages\/8787\/revisions\/8834"}],"wp:attachment":[{"href":"https:\/\/www.worldmeetings.com\/es\/wp-json\/wp\/v2\/media?parent=8787"}],"curies":[{"name":"wp","href":"https:\/\/api.w.org\/{rel}","templated":true}]}}