{"id":4616,"date":"2024-03-12T10:43:44","date_gmt":"2024-03-12T10:43:44","guid":{"rendered":"https:\/\/www.worldmeetings.com\/?page_id=4616"},"modified":"2024-03-12T10:45:56","modified_gmt":"2024-03-12T10:45:56","slug":"hoe-krijgt-mijn-locatie-aanvragen-binnen","status":"publish","type":"page","link":"https:\/\/www.worldmeetings.com\/es\/over-ons\/faq\/hoe-krijgt-mijn-locatie-aanvragen-binnen\/","title":{"rendered":"\u00bfC\u00f3mo recibe mi centro las solicitudes?"},"content":{"rendered":"<div data-elementor-type=\"wp-page\" data-elementor-id=\"4616\" class=\"elementor elementor-4616\" data-elementor-post-type=\"page\">\n\t\t\t\t<div class=\"elementor-element elementor-element-4a70a6ac e-con-full e-flex e-con e-parent\" data-id=\"4a70a6ac\" data-element_type=\"container\" data-e-type=\"container\" data-settings=\"{&quot;background_background&quot;:&quot;classic&quot;,&quot;jet_parallax_layout_list&quot;:[]}\">\n\t\t<div class=\"elementor-element elementor-element-6c88f910 e-con-full e-flex e-con e-child\" data-id=\"6c88f910\" data-element_type=\"container\" data-e-type=\"container\" data-settings=\"{&quot;background_background&quot;:&quot;classic&quot;,&quot;jet_parallax_layout_list&quot;:[]}\">\n\t\t<div class=\"elementor-element elementor-element-7efc6414 e-flex e-con-boxed e-con e-child\" data-id=\"7efc6414\" data-element_type=\"container\" data-e-type=\"container\" data-settings=\"{&quot;jet_parallax_layout_list&quot;:[]}\">\n\t\t\t\t\t<div class=\"e-con-inner\">\n\t\t\t\t\t<\/div>\n\t\t\t\t<\/div>\n\t\t\t\t<div class=\"elementor-element elementor-element-8e0d1d8 elementor-widget elementor-widget-heading\" data-id=\"8e0d1d8\" data-element_type=\"widget\" data-e-type=\"widget\" data-widget_type=\"heading.default\">\n\t\t\t\t<div class=\"elementor-widget-container\">\n\t\t\t\t\t<h1 class=\"elementor-heading-title elementor-size-default\">\u00bfC\u00f3mo se obtiene mi ubicaci\u00f3n <br><br><br><br><strong>solicitudes?<\/strong><\/h1>\t\t\t\t<\/div>\n\t\t\t\t<\/div>\n\t\t\t\t<\/div>\n\t\t\t\t<\/div>\n\t\t<div class=\"elementor-element elementor-element-c6bdb52 e-flex e-con-boxed elementor-invisible e-con e-parent\" data-id=\"c6bdb52\" data-element_type=\"container\" data-e-type=\"container\" data-settings=\"{&quot;jet_parallax_layout_list&quot;:[],&quot;background_background&quot;:&quot;classic&quot;,&quot;animation&quot;:&quot;fadeInUp&quot;}\">\n\t\t\t\t\t<div class=\"e-con-inner\">\n\t\t<div class=\"elementor-element elementor-element-250ac5aa e-con-full e-flex e-con e-child\" data-id=\"250ac5aa\" data-element_type=\"container\" data-e-type=\"container\" data-settings=\"{&quot;jet_parallax_layout_list&quot;:[]}\">\n\t\t\t\t<div class=\"elementor-element elementor-element-66061ad4 elementor-widget elementor-widget-heading\" data-id=\"66061ad4\" data-element_type=\"widget\" data-e-type=\"widget\" data-widget_type=\"heading.default\">\n\t\t\t\t<div class=\"elementor-widget-container\">\n\t\t\t\t\t<h2 class=\"elementor-heading-title elementor-size-default\">As\u00ed es como su sede recibe las solicitudes:<\/h2>\t\t\t\t<\/div>\n\t\t\t\t<\/div>\n\t\t\t\t<div class=\"elementor-element elementor-element-1954025d elementor-widget elementor-widget-text-editor\" data-id=\"1954025d\" data-element_type=\"widget\" data-e-type=\"widget\" data-widget_type=\"text-editor.default\">\n\t\t\t\t<div class=\"elementor-widget-container\">\n\t\t\t\t\t\t\t\t\t<p>Como sede, recibir\u00e1 solicitudes de alojamiento en hoteles, reuniones de un d\u00eda, reuniones de varios d\u00edas y reuniones de varios d\u00edas con alojamiento en hoteles. Le explicamos para cada tipo c\u00f3mo tramitar la solicitud.<\/p><h3>Solicitud de pernoctaci\u00f3n<\/h3><p>\u00bfTiene un gestor de canales vinculado a nosotros? Entonces esto no se aplica a usted. A menos que se trate de una solicitud de grupo o su gestor de canal est\u00e9 cerca, en cuyo caso seguir\u00e1 recibiendo un eBird.<\/p><p>Le explicamos en s\u00f3lo 4 pasos c\u00f3mo tramitar la solicitud de pernoctaci\u00f3n.<\/p><ol><li>Haga clic en el enlace del correo<\/li><li>Inicie sesi\u00f3n en <a href=\"https:\/\/cms.worldmeetings.com\/accommodationtool\/dispatcher\/LoginAction\">Herramienta CMS<\/a> y haga clic en abrir eBird.<\/li><li>Abra la aplicaci\u00f3n m\u00e1s reciente, que se encuentra en la parte superior<\/li><li>Revisar los detalles de la solicitud, aceptarla o rechazarla<\/li><\/ol><p>Si acepta la solicitud, recibir\u00e1 una confirmaci\u00f3n de la misma en su correo electr\u00f3nico. No olvide poner tambi\u00e9n la reserva en su propio sistema.<\/p><p><strong>Atenci\u00f3n Hay un l\u00edmite de tiempo para rechazar o aceptar la solicitud. Para las habitaciones, es de 2 horas en d\u00edas laborables.<\/strong><\/p><h3>Solicitud de reuni\u00f3n o de reuni\u00f3n con pernoctaci\u00f3n<\/h3><p>\u00bfTiene una solicitud para una reuni\u00f3n de un d\u00eda o de varios con o sin pernoctaci\u00f3n? En 7 pasos, le explicamos c\u00f3mo gestionar su solicitud<\/p><ol><li>Haga clic en el enlace del correo<\/li><li>Inicie sesi\u00f3n en <a href=\"https:\/\/cms.worldmeetings.com\/accommodationtool\/dispatcher\/LoginAction\">CMS-Too<\/a>l y haga clic en abrir eBird<\/li><li>Abra la aplicaci\u00f3n m\u00e1s reciente, que se encuentra en la parte superior.<\/li><li>En el apartado Info aplicaci\u00f3n encontrar\u00e1 informaci\u00f3n general sobre la aplicaci\u00f3n<\/li><li>Introduzca sus tarifas, en el apartado Tarifas<\/li><li>Responda a las preguntas del apartado Preguntas<\/li><li>Ahora puede aceptar o rechazar la solicitud<\/li><\/ol><p>Si acepta la solicitud, recibir\u00e1 una confirmaci\u00f3n de la misma en su correo electr\u00f3nico. No olvide poner tambi\u00e9n la reserva en su propio sistema.<\/p><p><strong>Atenci\u00f3n Existe un plazo para rechazar o aceptar la solicitud. Para las reuniones, es de 24 horas en d\u00edas laborables.<\/strong><\/p>\t\t\t\t\t\t\t\t<\/div>\n\t\t\t\t<\/div>\n\t\t\t\t<div class=\"elementor-element elementor-element-4cc4e369 elementor-align-left elementor-widget elementor-widget-button\" data-id=\"4cc4e369\" data-element_type=\"widget\" data-e-type=\"widget\" data-widget_type=\"button.default\">\n\t\t\t\t<div class=\"elementor-widget-container\">\n\t\t\t\t\t\t\t\t\t<div class=\"elementor-button-wrapper\">\n\t\t\t\t\t<a class=\"elementor-button elementor-button-link elementor-size-sm\" href=\"https:\/\/www.worldmeetings.com\/es\/over-ons\/faq\/\">\n\t\t\t\t\t\t<span class=\"elementor-button-content-wrapper\">\n\t\t\t\t\t\t\t\t\t<span class=\"elementor-button-text\">Volver a la vista general<\/span>\n\t\t\t\t\t<\/span>\n\t\t\t\t\t<\/a>\n\t\t\t\t<\/div>\n\t\t\t\t\t\t\t\t<\/div>\n\t\t\t\t<\/div>\n\t\t\t\t<\/div>\n\t\t\t\t\t<\/div>\n\t\t\t\t<\/div>\n\t\t<div class=\"elementor-element elementor-element-627fc38 e-flex e-con-boxed e-con e-parent\" data-id=\"627fc38\" data-element_type=\"container\" data-e-type=\"container\" data-settings=\"{&quot;background_background&quot;:&quot;classic&quot;,&quot;jet_parallax_layout_list&quot;:[]}\">\n\t\t\t\t\t<div class=\"e-con-inner\">\n\t\t\t\t<div class=\"elementor-element elementor-element-b62f94d elementor-widget elementor-widget-heading\" data-id=\"b62f94d\" data-element_type=\"widget\" data-e-type=\"widget\" data-widget_type=\"heading.default\">\n\t\t\t\t<div class=\"elementor-widget-container\">\n\t\t\t\t\t<h2 class=\"elementor-heading-title elementor-size-default\"><br><br><br><br><br><br><br><br><br><br><br>Consulte nuestras FAQ para otras preguntas<\/h2>\t\t\t\t<\/div>\n\t\t\t\t<\/div>\n\t\t\t\t<div class=\"elementor-element elementor-element-7416754 elementor-align-right elementor-widget elementor-widget-button\" data-id=\"7416754\" data-element_type=\"widget\" data-e-type=\"widget\" data-widget_type=\"button.default\">\n\t\t\t\t<div class=\"elementor-widget-container\">\n\t\t\t\t\t\t\t\t\t<div class=\"elementor-button-wrapper\">\n\t\t\t\t\t<a class=\"elementor-button elementor-button-link elementor-size-sm\" href=\"https:\/\/www.worldmeetings.com\/es\/over-ons\/faq\/\">\n\t\t\t\t\t\t<span class=\"elementor-button-content-wrapper\">\n\t\t\t\t\t\t\t\t\t<span class=\"elementor-button-text\">        PREGUNTAS FRECUENTES<\/span>\n\t\t\t\t\t<\/span>\n\t\t\t\t\t<\/a>\n\t\t\t\t<\/div>\n\t\t\t\t\t\t\t\t<\/div>\n\t\t\t\t<\/div>\n\t\t\t\t\t<\/div>\n\t\t\t\t<\/div>\n\t\t\t\t<\/div>","protected":false},"excerpt":{"rendered":"<p>Hoe krijgt mijn locatie aanvragen binnen? Zo krijgt uw locatie aanvragen binnen: Als locatie zult u aanvragen ontvangen voor hotelovernachtingen, eendaagse vergaderingen, meerdaagse vergaderingen en meerdaagse vergaderingen met hotelovernachting. We leggen per type uit hoe u de aanvraag in behandeling neemt. Aanvraag voor een overnachting Heeft u een channelmanager die met ons gekoppeld is? Dan [&hellip;]<\/p>\n","protected":false},"author":10,"featured_media":0,"parent":2769,"menu_order":0,"comment_status":"closed","ping_status":"closed","template":"","meta":{"_acf_changed":false,"footnotes":""},"class_list":["post-4616","page","type-page","status-publish","hentry"],"acf":[],"yoast_head":"<!-- This site is optimized with the Yoast SEO plugin v27.3 - https:\/\/yoast.com\/product\/yoast-seo-wordpress\/ -->\n<title>Hoe krijgt mijn locatie aanvragen binnen? - Worldmeetings<\/title>\n<meta name=\"robots\" content=\"index, follow, max-snippet:-1, max-image-preview:large, max-video-preview:-1\" \/>\n<link rel=\"canonical\" href=\"https:\/\/www.worldmeetings.com\/es\/over-ons\/faq\/hoe-krijgt-mijn-locatie-aanvragen-binnen\/\" \/>\n<meta property=\"og:locale\" content=\"es_ES\" \/>\n<meta property=\"og:type\" content=\"article\" \/>\n<meta property=\"og:title\" content=\"Hoe krijgt mijn locatie aanvragen binnen? - Worldmeetings\" \/>\n<meta property=\"og:description\" content=\"Hoe krijgt mijn locatie aanvragen binnen? Zo krijgt uw locatie aanvragen binnen: Als locatie zult u aanvragen ontvangen voor hotelovernachtingen, eendaagse vergaderingen, meerdaagse vergaderingen en meerdaagse vergaderingen met hotelovernachting. We leggen per type uit hoe u de aanvraag in behandeling neemt. Aanvraag voor een overnachting Heeft u een channelmanager die met ons gekoppeld is? Dan [&hellip;]\" \/>\n<meta property=\"og:url\" content=\"https:\/\/www.worldmeetings.com\/es\/over-ons\/faq\/hoe-krijgt-mijn-locatie-aanvragen-binnen\/\" \/>\n<meta property=\"og:site_name\" content=\"Worldmeetings\" \/>\n<meta property=\"article:modified_time\" content=\"2024-03-12T10:45:56+00:00\" \/>\n<meta name=\"twitter:card\" content=\"summary_large_image\" \/>\n<meta name=\"twitter:label1\" content=\"Est. reading time\" \/>\n\t<meta name=\"twitter:data1\" content=\"1 minuto\" \/>\n<script type=\"application\/ld+json\" class=\"yoast-schema-graph\">{\"@context\":\"https:\\\/\\\/schema.org\",\"@graph\":[{\"@type\":\"WebPage\",\"@id\":\"https:\\\/\\\/www.worldmeetings.com\\\/over-ons\\\/faq\\\/hoe-krijgt-mijn-locatie-aanvragen-binnen\\\/\",\"url\":\"https:\\\/\\\/www.worldmeetings.com\\\/over-ons\\\/faq\\\/hoe-krijgt-mijn-locatie-aanvragen-binnen\\\/\",\"name\":\"Hoe krijgt mijn locatie aanvragen binnen? - Worldmeetings\",\"isPartOf\":{\"@id\":\"https:\\\/\\\/www.worldmeetings.com\\\/nl\\\/#website\"},\"datePublished\":\"2024-03-12T10:43:44+00:00\",\"dateModified\":\"2024-03-12T10:45:56+00:00\",\"breadcrumb\":{\"@id\":\"https:\\\/\\\/www.worldmeetings.com\\\/over-ons\\\/faq\\\/hoe-krijgt-mijn-locatie-aanvragen-binnen\\\/#breadcrumb\"},\"inLanguage\":\"es\",\"potentialAction\":[{\"@type\":\"ReadAction\",\"target\":[\"https:\\\/\\\/www.worldmeetings.com\\\/over-ons\\\/faq\\\/hoe-krijgt-mijn-locatie-aanvragen-binnen\\\/\"]}]},{\"@type\":\"BreadcrumbList\",\"@id\":\"https:\\\/\\\/www.worldmeetings.com\\\/over-ons\\\/faq\\\/hoe-krijgt-mijn-locatie-aanvragen-binnen\\\/#breadcrumb\",\"itemListElement\":[{\"@type\":\"ListItem\",\"position\":1,\"name\":\"Home\",\"item\":\"https:\\\/\\\/www.worldmeetings.com\\\/nl\\\/\"},{\"@type\":\"ListItem\",\"position\":2,\"name\":\"Over ons\",\"item\":\"https:\\\/\\\/www.worldmeetings.com\\\/over-ons\\\/\"},{\"@type\":\"ListItem\",\"position\":3,\"name\":\"FAQ\",\"item\":\"https:\\\/\\\/www.worldmeetings.com\\\/over-ons\\\/faq\\\/\"},{\"@type\":\"ListItem\",\"position\":4,\"name\":\"Hoe krijgt mijn locatie aanvragen binnen?\"}]},{\"@type\":\"WebSite\",\"@id\":\"https:\\\/\\\/www.worldmeetings.com\\\/nl\\\/#website\",\"url\":\"https:\\\/\\\/www.worldmeetings.com\\\/nl\\\/\",\"name\":\"Worldmeetings\",\"description\":\"\",\"publisher\":{\"@id\":\"https:\\\/\\\/www.worldmeetings.com\\\/nl\\\/#organization\"},\"potentialAction\":[{\"@type\":\"SearchAction\",\"target\":{\"@type\":\"EntryPoint\",\"urlTemplate\":\"https:\\\/\\\/www.worldmeetings.com\\\/nl\\\/?s={search_term_string}\"},\"query-input\":{\"@type\":\"PropertyValueSpecification\",\"valueRequired\":true,\"valueName\":\"search_term_string\"}}],\"inLanguage\":\"es\"},{\"@type\":\"Organization\",\"@id\":\"https:\\\/\\\/www.worldmeetings.com\\\/nl\\\/#organization\",\"name\":\"Worldmeetings\",\"url\":\"https:\\\/\\\/www.worldmeetings.com\\\/nl\\\/\",\"logo\":{\"@type\":\"ImageObject\",\"inLanguage\":\"es\",\"@id\":\"https:\\\/\\\/www.worldmeetings.com\\\/nl\\\/#\\\/schema\\\/logo\\\/image\\\/\",\"url\":\"https:\\\/\\\/www.worldmeetings.com\\\/app\\\/uploads\\\/2024\\\/01\\\/worldmeetings.svg\",\"contentUrl\":\"https:\\\/\\\/www.worldmeetings.com\\\/app\\\/uploads\\\/2024\\\/01\\\/worldmeetings.svg\",\"width\":208,\"height\":79,\"caption\":\"Worldmeetings\"},\"image\":{\"@id\":\"https:\\\/\\\/www.worldmeetings.com\\\/nl\\\/#\\\/schema\\\/logo\\\/image\\\/\"}}]}<\/script>\n<!-- \/ Yoast SEO plugin. -->","yoast_head_json":{"title":"Hoe krijgt mijn locatie aanvragen binnen? - Worldmeetings","robots":{"index":"index","follow":"follow","max-snippet":"max-snippet:-1","max-image-preview":"max-image-preview:large","max-video-preview":"max-video-preview:-1"},"canonical":"https:\/\/www.worldmeetings.com\/es\/over-ons\/faq\/hoe-krijgt-mijn-locatie-aanvragen-binnen\/","og_locale":"es_ES","og_type":"article","og_title":"Hoe krijgt mijn locatie aanvragen binnen? - Worldmeetings","og_description":"Hoe krijgt mijn locatie aanvragen binnen? Zo krijgt uw locatie aanvragen binnen: Als locatie zult u aanvragen ontvangen voor hotelovernachtingen, eendaagse vergaderingen, meerdaagse vergaderingen en meerdaagse vergaderingen met hotelovernachting. We leggen per type uit hoe u de aanvraag in behandeling neemt. Aanvraag voor een overnachting Heeft u een channelmanager die met ons gekoppeld is? Dan [&hellip;]","og_url":"https:\/\/www.worldmeetings.com\/es\/over-ons\/faq\/hoe-krijgt-mijn-locatie-aanvragen-binnen\/","og_site_name":"Worldmeetings","article_modified_time":"2024-03-12T10:45:56+00:00","twitter_card":"summary_large_image","twitter_misc":{"Est. reading time":"1 minuto"},"schema":{"@context":"https:\/\/schema.org","@graph":[{"@type":"WebPage","@id":"https:\/\/www.worldmeetings.com\/over-ons\/faq\/hoe-krijgt-mijn-locatie-aanvragen-binnen\/","url":"https:\/\/www.worldmeetings.com\/over-ons\/faq\/hoe-krijgt-mijn-locatie-aanvragen-binnen\/","name":"Hoe krijgt mijn locatie aanvragen binnen? - Worldmeetings","isPartOf":{"@id":"https:\/\/www.worldmeetings.com\/nl\/#website"},"datePublished":"2024-03-12T10:43:44+00:00","dateModified":"2024-03-12T10:45:56+00:00","breadcrumb":{"@id":"https:\/\/www.worldmeetings.com\/over-ons\/faq\/hoe-krijgt-mijn-locatie-aanvragen-binnen\/#breadcrumb"},"inLanguage":"es","potentialAction":[{"@type":"ReadAction","target":["https:\/\/www.worldmeetings.com\/over-ons\/faq\/hoe-krijgt-mijn-locatie-aanvragen-binnen\/"]}]},{"@type":"BreadcrumbList","@id":"https:\/\/www.worldmeetings.com\/over-ons\/faq\/hoe-krijgt-mijn-locatie-aanvragen-binnen\/#breadcrumb","itemListElement":[{"@type":"ListItem","position":1,"name":"Home","item":"https:\/\/www.worldmeetings.com\/nl\/"},{"@type":"ListItem","position":2,"name":"Over ons","item":"https:\/\/www.worldmeetings.com\/over-ons\/"},{"@type":"ListItem","position":3,"name":"FAQ","item":"https:\/\/www.worldmeetings.com\/over-ons\/faq\/"},{"@type":"ListItem","position":4,"name":"Hoe krijgt mijn locatie aanvragen binnen?"}]},{"@type":"WebSite","@id":"https:\/\/www.worldmeetings.com\/nl\/#website","url":"https:\/\/www.worldmeetings.com\/nl\/","name":"Reuniones mundiales","description":"","publisher":{"@id":"https:\/\/www.worldmeetings.com\/nl\/#organization"},"potentialAction":[{"@type":"SearchAction","target":{"@type":"EntryPoint","urlTemplate":"https:\/\/www.worldmeetings.com\/nl\/?s={search_term_string}"},"query-input":{"@type":"PropertyValueSpecification","valueRequired":true,"valueName":"search_term_string"}}],"inLanguage":"es"},{"@type":"Organization","@id":"https:\/\/www.worldmeetings.com\/nl\/#organization","name":"Reuniones mundiales","url":"https:\/\/www.worldmeetings.com\/nl\/","logo":{"@type":"ImageObject","inLanguage":"es","@id":"https:\/\/www.worldmeetings.com\/nl\/#\/schema\/logo\/image\/","url":"https:\/\/www.worldmeetings.com\/app\/uploads\/2024\/01\/worldmeetings.svg","contentUrl":"https:\/\/www.worldmeetings.com\/app\/uploads\/2024\/01\/worldmeetings.svg","width":208,"height":79,"caption":"Worldmeetings"},"image":{"@id":"https:\/\/www.worldmeetings.com\/nl\/#\/schema\/logo\/image\/"}}]}},"_links":{"self":[{"href":"https:\/\/www.worldmeetings.com\/es\/wp-json\/wp\/v2\/pages\/4616","targetHints":{"allow":["GET"]}}],"collection":[{"href":"https:\/\/www.worldmeetings.com\/es\/wp-json\/wp\/v2\/pages"}],"about":[{"href":"https:\/\/www.worldmeetings.com\/es\/wp-json\/wp\/v2\/types\/page"}],"author":[{"embeddable":true,"href":"https:\/\/www.worldmeetings.com\/es\/wp-json\/wp\/v2\/users\/10"}],"replies":[{"embeddable":true,"href":"https:\/\/www.worldmeetings.com\/es\/wp-json\/wp\/v2\/comments?post=4616"}],"version-history":[{"count":4,"href":"https:\/\/www.worldmeetings.com\/es\/wp-json\/wp\/v2\/pages\/4616\/revisions"}],"predecessor-version":[{"id":4620,"href":"https:\/\/www.worldmeetings.com\/es\/wp-json\/wp\/v2\/pages\/4616\/revisions\/4620"}],"up":[{"embeddable":true,"href":"https:\/\/www.worldmeetings.com\/es\/wp-json\/wp\/v2\/pages\/2769"}],"wp:attachment":[{"href":"https:\/\/www.worldmeetings.com\/es\/wp-json\/wp\/v2\/media?parent=4616"}],"curies":[{"name":"wp","href":"https:\/\/api.w.org\/{rel}","templated":true}]}}