{"id":4598,"date":"2024-03-12T10:31:05","date_gmt":"2024-03-12T10:31:05","guid":{"rendered":"https:\/\/www.worldmeetings.com\/?page_id=4598"},"modified":"2024-03-12T10:34:01","modified_gmt":"2024-03-12T10:34:01","slug":"wat-doet-worlmdeetings","status":"publish","type":"page","link":"https:\/\/www.worldmeetings.com\/es\/over-ons\/faq\/wat-doet-worlmdeetings\/","title":{"rendered":"\u00bfQu\u00e9 hace Worldmeetings?"},"content":{"rendered":"<div data-elementor-type=\"wp-page\" data-elementor-id=\"4598\" class=\"elementor elementor-4598\" data-elementor-post-type=\"page\">\n\t\t\t\t<div class=\"elementor-element elementor-element-4a70a6ac e-con-full e-flex e-con e-parent\" data-id=\"4a70a6ac\" data-element_type=\"container\" data-settings=\"{&quot;background_background&quot;:&quot;classic&quot;,&quot;jet_parallax_layout_list&quot;:[]}\">\n\t\t<div class=\"elementor-element elementor-element-6c88f910 e-con-full e-flex e-con e-child\" data-id=\"6c88f910\" data-element_type=\"container\" data-settings=\"{&quot;background_background&quot;:&quot;classic&quot;,&quot;jet_parallax_layout_list&quot;:[]}\">\n\t\t<div class=\"elementor-element elementor-element-7efc6414 e-flex e-con-boxed e-con e-child\" data-id=\"7efc6414\" data-element_type=\"container\" data-settings=\"{&quot;jet_parallax_layout_list&quot;:[]}\">\n\t\t\t\t\t<div class=\"e-con-inner\">\n\t\t\t\t\t<\/div>\n\t\t\t\t<\/div>\n\t\t\t\t<div class=\"elementor-element elementor-element-8e0d1d8 elementor-widget elementor-widget-heading\" data-id=\"8e0d1d8\" data-element_type=\"widget\" data-widget_type=\"heading.default\">\n\t\t\t\t<div class=\"elementor-widget-container\">\n\t\t\t\t\t<h1 class=\"elementor-heading-title elementor-size-default\">\u00bfQu\u00e9 significa<br><br><br><br><strong>\u00bfencuentros mundiales?<\/strong><\/h1>\t\t\t\t<\/div>\n\t\t\t\t<\/div>\n\t\t\t\t<\/div>\n\t\t\t\t<\/div>\n\t\t<div class=\"elementor-element elementor-element-c6bdb52 e-flex e-con-boxed elementor-invisible e-con e-parent\" data-id=\"c6bdb52\" data-element_type=\"container\" data-settings=\"{&quot;jet_parallax_layout_list&quot;:[],&quot;background_background&quot;:&quot;classic&quot;,&quot;animation&quot;:&quot;fadeInUp&quot;}\">\n\t\t\t\t\t<div class=\"e-con-inner\">\n\t\t<div class=\"elementor-element elementor-element-250ac5aa e-con-full e-flex e-con e-child\" data-id=\"250ac5aa\" data-element_type=\"container\" data-settings=\"{&quot;jet_parallax_layout_list&quot;:[]}\">\n\t\t\t\t<div class=\"elementor-element elementor-element-66061ad4 elementor-widget elementor-widget-heading\" data-id=\"66061ad4\" data-element_type=\"widget\" data-widget_type=\"heading.default\">\n\t\t\t\t<div class=\"elementor-widget-container\">\n\t\t\t\t\t<h2 class=\"elementor-heading-title elementor-size-default\">Esto es lo que hace worldmeetings: <\/h2>\t\t\t\t<\/div>\n\t\t\t\t<\/div>\n\t\t\t\t<div class=\"elementor-element elementor-element-1954025d elementor-widget elementor-widget-text-editor\" data-id=\"1954025d\" data-element_type=\"widget\" data-widget_type=\"text-editor.default\">\n\t\t\t\t<div class=\"elementor-widget-container\">\n\t\t\t\t\t\t\t\t\t<p>Worldmeetings es un intermediario para todas sus reuniones de negocios. Piense en reservar salas de reuniones fuera de la oficina, alojamiento en hoteles, eventos y una mesa en un restaurante. Eliminamos las preocupaciones de las organizaciones relacionadas con la b\u00fasqueda, reserva, administraci\u00f3n y pago de reuniones.<\/p><p>Con Worldmeetings, las organizaciones disponen de un \u00fanico punto de contacto para encontrar, reservar y facturar los lugares de reuni\u00f3n. Adem\u00e1s, ofrecemos a los clientes una informaci\u00f3n de gesti\u00f3n exhaustiva, que les permite conocer sus gastos en reuniones fuera de las instalaciones.<\/p><p>Trabajar con Worldmeetings elimina las molestias y la ambig\u00fcedad que surgen cuando los departamentos reservan sus reuniones por su cuenta. Lo que sigue es claridad y sencillez. Los clientes tambi\u00e9n ahorran dinero porque acordamos descuentos con los lugares. Podemos ofrecerlos porque hacemos muchas reservas como intermediarios.<\/p><p>Las sedes afiliadas pueden, a su vez, obtener reservas de grandes clientes a trav\u00e9s de Worldmeetings.com. Por lo tanto, asociarse con Worldmeetings.com es una situaci\u00f3n beneficiosa tanto para los clientes como para las sedes.<\/p><h3>Plataforma en l\u00ednea para buscar, reservar y administrar espacios de reuni\u00f3n externos<\/h3><p>Nuestra plataforma vincula la oferta y la demanda. Cuando un local se conecta a nosotros, aparece en la herramienta de reservas del cliente. El local decide por s\u00ed mismo qu\u00e9 textos y fotos se muestran en la herramienta de reservas.<\/p><p>Quienes reservan buscan, encuentran y reservan un lugar de reuni\u00f3n en nuestra herramienta. Hay m\u00e1s de 2.000 lugares conectados. Si el lugar deseado no aparece en la lista, Worldmeetings se pondr\u00e1 en contacto con el lugar para conectarlo.<\/p><p>Worldmeetings tambi\u00e9n se encarga de toda la tramitaci\u00f3n financiera. Somos un \u00fanico punto de contacto para todas las reuniones externas del cliente. De este modo, s\u00f3lo hay un acreedor para todas las reuniones externas, en lugar de un nuevo acreedor para cada reuni\u00f3n.<\/p><p>Tanto para los clientes como para las sedes, enlazamos con los gestores de canales y los sistemas de aprovisionamiento y facturaci\u00f3n bajo demanda.<\/p>\t\t\t\t\t\t\t\t<\/div>\n\t\t\t\t<\/div>\n\t\t\t\t<div class=\"elementor-element elementor-element-4cc4e369 elementor-align-left elementor-widget elementor-widget-button\" data-id=\"4cc4e369\" data-element_type=\"widget\" data-widget_type=\"button.default\">\n\t\t\t\t<div class=\"elementor-widget-container\">\n\t\t\t\t\t\t\t\t\t<div class=\"elementor-button-wrapper\">\n\t\t\t\t\t<a class=\"elementor-button elementor-button-link elementor-size-sm\" href=\"https:\/\/www.worldmeetings.com\/es\/voor-wie\/\">\n\t\t\t\t\t\t<span class=\"elementor-button-content-wrapper\">\n\t\t\t\t\t\t\t\t\t<span class=\"elementor-button-text\">Seguir leyendo<\/span>\n\t\t\t\t\t<\/span>\n\t\t\t\t\t<\/a>\n\t\t\t\t<\/div>\n\t\t\t\t\t\t\t\t<\/div>\n\t\t\t\t<\/div>\n\t\t\t\t<\/div>\n\t\t\t\t\t<\/div>\n\t\t\t\t<\/div>\n\t\t<div class=\"elementor-element elementor-element-627fc38 e-flex e-con-boxed e-con e-parent\" data-id=\"627fc38\" data-element_type=\"container\" data-settings=\"{&quot;background_background&quot;:&quot;classic&quot;,&quot;jet_parallax_layout_list&quot;:[]}\">\n\t\t\t\t\t<div class=\"e-con-inner\">\n\t\t\t\t<div class=\"elementor-element elementor-element-b62f94d elementor-widget elementor-widget-heading\" data-id=\"b62f94d\" data-element_type=\"widget\" data-widget_type=\"heading.default\">\n\t\t\t\t<div class=\"elementor-widget-container\">\n\t\t\t\t\t<h2 class=\"elementor-heading-title elementor-size-default\"><br><br><br><br><br><br><br><br><br><br><br>Consulte nuestras FAQ para otras preguntas<\/h2>\t\t\t\t<\/div>\n\t\t\t\t<\/div>\n\t\t\t\t<div class=\"elementor-element elementor-element-7416754 elementor-align-right elementor-widget elementor-widget-button\" data-id=\"7416754\" data-element_type=\"widget\" data-widget_type=\"button.default\">\n\t\t\t\t<div class=\"elementor-widget-container\">\n\t\t\t\t\t\t\t\t\t<div class=\"elementor-button-wrapper\">\n\t\t\t\t\t<a class=\"elementor-button elementor-button-link elementor-size-sm\" href=\"https:\/\/www.worldmeetings.com\/es\/over-ons\/faq\/\">\n\t\t\t\t\t\t<span class=\"elementor-button-content-wrapper\">\n\t\t\t\t\t\t\t\t\t<span class=\"elementor-button-text\">        PREGUNTAS FRECUENTES<\/span>\n\t\t\t\t\t<\/span>\n\t\t\t\t\t<\/a>\n\t\t\t\t<\/div>\n\t\t\t\t\t\t\t\t<\/div>\n\t\t\t\t<\/div>\n\t\t\t\t\t<\/div>\n\t\t\t\t<\/div>\n\t\t\t\t<\/div>","protected":false},"excerpt":{"rendered":"<p>\u00bfQu\u00e9 hace worldmeetings? Esto es lo que hace worldmeetings: Worldmeetings es un intermediario para todas sus reuniones de negocios. Piense en reservar salas de reuniones fuera de la oficina, alojamiento en hoteles, eventos y una mesa en un restaurante. Eliminamos las preocupaciones de las organizaciones relacionadas con la b\u00fasqueda, reserva, administraci\u00f3n y pago de las reuniones. Las organizaciones tienen un \u00fanico punto de contacto con Worldmeetings. [...]<\/p>","protected":false},"author":10,"featured_media":0,"parent":2769,"menu_order":0,"comment_status":"closed","ping_status":"closed","template":"","meta":{"_acf_changed":false,"footnotes":""},"class_list":["post-4598","page","type-page","status-publish","hentry"],"acf":[],"yoast_head":"<!-- This site is optimized with the Yoast SEO plugin v26.5 - https:\/\/yoast.com\/wordpress\/plugins\/seo\/ -->\n<title>Wat doet Worldmeetings? - Worldmeetings<\/title>\n<meta name=\"robots\" content=\"index, follow, max-snippet:-1, max-image-preview:large, max-video-preview:-1\" \/>\n<link rel=\"canonical\" href=\"https:\/\/www.worldmeetings.com\/es\/over-ons\/faq\/wat-doet-worlmdeetings\/\" \/>\n<meta property=\"og:locale\" content=\"es_ES\" \/>\n<meta property=\"og:type\" content=\"article\" \/>\n<meta property=\"og:title\" content=\"Wat doet Worldmeetings? - Worldmeetings\" \/>\n<meta property=\"og:description\" content=\"Wat doet worldmeetings? Dit doet worldmeetings: Worldmeetings is een intermediair voor al uw zakelijke bijeenkomsten. Denk aan het boeken van vergaderruimtes buiten kantoor, hotelovernachtingen, events en een tafeltje in een restaurant. We nemen organisaties zorgen uit handen die komen kijken bij het zoeken, boeken, administreren en betalen van vergaderingen. Organisaties hebben met Worldmeetings. \u00e9\u00e9n aanspreekpunt [&hellip;]\" \/>\n<meta property=\"og:url\" content=\"https:\/\/www.worldmeetings.com\/es\/over-ons\/faq\/wat-doet-worlmdeetings\/\" \/>\n<meta property=\"og:site_name\" content=\"Worldmeetings\" \/>\n<meta property=\"article:modified_time\" content=\"2024-03-12T10:34:01+00:00\" \/>\n<meta name=\"twitter:card\" content=\"summary_large_image\" \/>\n<meta name=\"twitter:label1\" content=\"Est. reading time\" \/>\n\t<meta name=\"twitter:data1\" content=\"2 minutos\" \/>\n<script type=\"application\/ld+json\" class=\"yoast-schema-graph\">{\"@context\":\"https:\/\/schema.org\",\"@graph\":[{\"@type\":\"WebPage\",\"@id\":\"https:\/\/www.worldmeetings.com\/over-ons\/faq\/wat-doet-worlmdeetings\/\",\"url\":\"https:\/\/www.worldmeetings.com\/over-ons\/faq\/wat-doet-worlmdeetings\/\",\"name\":\"Wat doet Worldmeetings? - Worldmeetings\",\"isPartOf\":{\"@id\":\"https:\/\/www.worldmeetings.com\/nl\/#website\"},\"datePublished\":\"2024-03-12T10:31:05+00:00\",\"dateModified\":\"2024-03-12T10:34:01+00:00\",\"breadcrumb\":{\"@id\":\"https:\/\/www.worldmeetings.com\/over-ons\/faq\/wat-doet-worlmdeetings\/#breadcrumb\"},\"inLanguage\":\"es\",\"potentialAction\":[{\"@type\":\"ReadAction\",\"target\":[\"https:\/\/www.worldmeetings.com\/over-ons\/faq\/wat-doet-worlmdeetings\/\"]}]},{\"@type\":\"BreadcrumbList\",\"@id\":\"https:\/\/www.worldmeetings.com\/over-ons\/faq\/wat-doet-worlmdeetings\/#breadcrumb\",\"itemListElement\":[{\"@type\":\"ListItem\",\"position\":1,\"name\":\"Home\",\"item\":\"https:\/\/www.worldmeetings.com\/nl\/\"},{\"@type\":\"ListItem\",\"position\":2,\"name\":\"Over ons\",\"item\":\"https:\/\/www.worldmeetings.com\/over-ons\/\"},{\"@type\":\"ListItem\",\"position\":3,\"name\":\"FAQ\",\"item\":\"https:\/\/www.worldmeetings.com\/over-ons\/faq\/\"},{\"@type\":\"ListItem\",\"position\":4,\"name\":\"Wat doet Worldmeetings?\"}]},{\"@type\":\"WebSite\",\"@id\":\"https:\/\/www.worldmeetings.com\/nl\/#website\",\"url\":\"https:\/\/www.worldmeetings.com\/nl\/\",\"name\":\"Worldmeetings\",\"description\":\"\",\"publisher\":{\"@id\":\"https:\/\/www.worldmeetings.com\/nl\/#organization\"},\"potentialAction\":[{\"@type\":\"SearchAction\",\"target\":{\"@type\":\"EntryPoint\",\"urlTemplate\":\"https:\/\/www.worldmeetings.com\/nl\/?s={search_term_string}\"},\"query-input\":{\"@type\":\"PropertyValueSpecification\",\"valueRequired\":true,\"valueName\":\"search_term_string\"}}],\"inLanguage\":\"es\"},{\"@type\":\"Organization\",\"@id\":\"https:\/\/www.worldmeetings.com\/nl\/#organization\",\"name\":\"Worldmeetings\",\"url\":\"https:\/\/www.worldmeetings.com\/nl\/\",\"logo\":{\"@type\":\"ImageObject\",\"inLanguage\":\"es\",\"@id\":\"https:\/\/www.worldmeetings.com\/nl\/#\/schema\/logo\/image\/\",\"url\":\"https:\/\/www.worldmeetings.com\/app\/uploads\/2024\/01\/worldmeetings.svg\",\"contentUrl\":\"https:\/\/www.worldmeetings.com\/app\/uploads\/2024\/01\/worldmeetings.svg\",\"width\":208,\"height\":79,\"caption\":\"Worldmeetings\"},\"image\":{\"@id\":\"https:\/\/www.worldmeetings.com\/nl\/#\/schema\/logo\/image\/\"}}]}<\/script>\n<!-- \/ Yoast SEO plugin. -->","yoast_head_json":{"title":"Wat doet Worldmeetings? - Worldmeetings","robots":{"index":"index","follow":"follow","max-snippet":"max-snippet:-1","max-image-preview":"max-image-preview:large","max-video-preview":"max-video-preview:-1"},"canonical":"https:\/\/www.worldmeetings.com\/es\/over-ons\/faq\/wat-doet-worlmdeetings\/","og_locale":"es_ES","og_type":"article","og_title":"Wat doet Worldmeetings? - Worldmeetings","og_description":"Wat doet worldmeetings? Dit doet worldmeetings: Worldmeetings is een intermediair voor al uw zakelijke bijeenkomsten. Denk aan het boeken van vergaderruimtes buiten kantoor, hotelovernachtingen, events en een tafeltje in een restaurant. We nemen organisaties zorgen uit handen die komen kijken bij het zoeken, boeken, administreren en betalen van vergaderingen. Organisaties hebben met Worldmeetings. \u00e9\u00e9n aanspreekpunt [&hellip;]","og_url":"https:\/\/www.worldmeetings.com\/es\/over-ons\/faq\/wat-doet-worlmdeetings\/","og_site_name":"Worldmeetings","article_modified_time":"2024-03-12T10:34:01+00:00","twitter_card":"summary_large_image","twitter_misc":{"Est. reading time":"2 minutos"},"schema":{"@context":"https:\/\/schema.org","@graph":[{"@type":"WebPage","@id":"https:\/\/www.worldmeetings.com\/over-ons\/faq\/wat-doet-worlmdeetings\/","url":"https:\/\/www.worldmeetings.com\/over-ons\/faq\/wat-doet-worlmdeetings\/","name":"Wat doet Worldmeetings? - Worldmeetings","isPartOf":{"@id":"https:\/\/www.worldmeetings.com\/nl\/#website"},"datePublished":"2024-03-12T10:31:05+00:00","dateModified":"2024-03-12T10:34:01+00:00","breadcrumb":{"@id":"https:\/\/www.worldmeetings.com\/over-ons\/faq\/wat-doet-worlmdeetings\/#breadcrumb"},"inLanguage":"es","potentialAction":[{"@type":"ReadAction","target":["https:\/\/www.worldmeetings.com\/over-ons\/faq\/wat-doet-worlmdeetings\/"]}]},{"@type":"BreadcrumbList","@id":"https:\/\/www.worldmeetings.com\/over-ons\/faq\/wat-doet-worlmdeetings\/#breadcrumb","itemListElement":[{"@type":"ListItem","position":1,"name":"Home","item":"https:\/\/www.worldmeetings.com\/nl\/"},{"@type":"ListItem","position":2,"name":"Over ons","item":"https:\/\/www.worldmeetings.com\/over-ons\/"},{"@type":"ListItem","position":3,"name":"FAQ","item":"https:\/\/www.worldmeetings.com\/over-ons\/faq\/"},{"@type":"ListItem","position":4,"name":"Wat doet Worldmeetings?"}]},{"@type":"WebSite","@id":"https:\/\/www.worldmeetings.com\/nl\/#website","url":"https:\/\/www.worldmeetings.com\/nl\/","name":"Reuniones mundiales","description":"","publisher":{"@id":"https:\/\/www.worldmeetings.com\/nl\/#organization"},"potentialAction":[{"@type":"SearchAction","target":{"@type":"EntryPoint","urlTemplate":"https:\/\/www.worldmeetings.com\/nl\/?s={search_term_string}"},"query-input":{"@type":"PropertyValueSpecification","valueRequired":true,"valueName":"search_term_string"}}],"inLanguage":"es"},{"@type":"Organization","@id":"https:\/\/www.worldmeetings.com\/nl\/#organization","name":"Reuniones mundiales","url":"https:\/\/www.worldmeetings.com\/nl\/","logo":{"@type":"ImageObject","inLanguage":"es","@id":"https:\/\/www.worldmeetings.com\/nl\/#\/schema\/logo\/image\/","url":"https:\/\/www.worldmeetings.com\/app\/uploads\/2024\/01\/worldmeetings.svg","contentUrl":"https:\/\/www.worldmeetings.com\/app\/uploads\/2024\/01\/worldmeetings.svg","width":208,"height":79,"caption":"Worldmeetings"},"image":{"@id":"https:\/\/www.worldmeetings.com\/nl\/#\/schema\/logo\/image\/"}}]}},"_links":{"self":[{"href":"https:\/\/www.worldmeetings.com\/es\/wp-json\/wp\/v2\/pages\/4598","targetHints":{"allow":["GET"]}}],"collection":[{"href":"https:\/\/www.worldmeetings.com\/es\/wp-json\/wp\/v2\/pages"}],"about":[{"href":"https:\/\/www.worldmeetings.com\/es\/wp-json\/wp\/v2\/types\/page"}],"author":[{"embeddable":true,"href":"https:\/\/www.worldmeetings.com\/es\/wp-json\/wp\/v2\/users\/10"}],"replies":[{"embeddable":true,"href":"https:\/\/www.worldmeetings.com\/es\/wp-json\/wp\/v2\/comments?post=4598"}],"version-history":[{"count":5,"href":"https:\/\/www.worldmeetings.com\/es\/wp-json\/wp\/v2\/pages\/4598\/revisions"}],"predecessor-version":[{"id":4604,"href":"https:\/\/www.worldmeetings.com\/es\/wp-json\/wp\/v2\/pages\/4598\/revisions\/4604"}],"up":[{"embeddable":true,"href":"https:\/\/www.worldmeetings.com\/es\/wp-json\/wp\/v2\/pages\/2769"}],"wp:attachment":[{"href":"https:\/\/www.worldmeetings.com\/es\/wp-json\/wp\/v2\/media?parent=4598"}],"curies":[{"name":"wp","href":"https:\/\/api.w.org\/{rel}","templated":true}]}}