{"id":2743,"date":"2024-02-27T09:21:55","date_gmt":"2024-02-27T09:21:55","guid":{"rendered":"https:\/\/www.worldmeetings.com\/?page_id=2743"},"modified":"2024-04-08T14:44:24","modified_gmt":"2024-04-08T14:44:24","slug":"privacy-statement","status":"publish","type":"page","link":"https:\/\/www.worldmeetings.com\/es\/privacy-statement\/","title":{"rendered":"Declaraci\u00f3n de confidencialidad"},"content":{"rendered":"<div data-elementor-type=\"wp-page\" data-elementor-id=\"2743\" class=\"elementor elementor-2743\" data-elementor-post-type=\"page\">\n\t\t\t\t<div class=\"elementor-element elementor-element-bf1af52 e-con-full e-flex e-con e-parent\" data-id=\"bf1af52\" data-element_type=\"container\" data-e-type=\"container\" data-settings=\"{&quot;jet_parallax_layout_list&quot;:[]}\">\n\t\t<div class=\"elementor-element elementor-element-1f553a2 e-con-full e-flex e-con e-child\" data-id=\"1f553a2\" data-element_type=\"container\" data-e-type=\"container\" data-settings=\"{&quot;background_background&quot;:&quot;classic&quot;,&quot;jet_parallax_layout_list&quot;:[]}\">\n\t\t<div class=\"elementor-element elementor-element-ca5ae4a e-con-full e-flex e-con e-child\" data-id=\"ca5ae4a\" data-element_type=\"container\" data-e-type=\"container\" data-settings=\"{&quot;background_background&quot;:&quot;classic&quot;,&quot;jet_parallax_layout_list&quot;:[]}\">\n\t\t<div class=\"elementor-element elementor-element-831d203 e-flex e-con-boxed e-con e-child\" data-id=\"831d203\" data-element_type=\"container\" data-e-type=\"container\" data-settings=\"{&quot;jet_parallax_layout_list&quot;:[]}\">\n\t\t\t\t\t<div class=\"e-con-inner\">\n\t\t\t\t<div class=\"elementor-element elementor-element-6119a5d blokborder2 elementor-widget elementor-widget-heading\" data-id=\"6119a5d\" data-element_type=\"widget\" data-e-type=\"widget\" data-widget_type=\"heading.default\">\n\t\t\t\t<div class=\"elementor-widget-container\">\n\t\t\t\t\t<h1 class=\"elementor-heading-title elementor-size-default\">Declaraci\u00f3n de confidencialidad<\/h1>\t\t\t\t<\/div>\n\t\t\t\t<\/div>\n\t\t\t\t\t<\/div>\n\t\t\t\t<\/div>\n\t\t\t\t<\/div>\n\t\t\t\t<\/div>\n\t\t\t\t<\/div>\n\t\t<div class=\"elementor-element elementor-element-3dc2821 e-flex e-con-boxed e-con e-parent\" data-id=\"3dc2821\" data-element_type=\"container\" data-e-type=\"container\" data-settings=\"{&quot;jet_parallax_layout_list&quot;:[]}\">\n\t\t\t\t\t<div class=\"e-con-inner\">\n\t\t\t\t<div class=\"elementor-element elementor-element-acc37b0 elementor-widget elementor-widget-text-editor\" data-id=\"acc37b0\" data-element_type=\"widget\" data-e-type=\"widget\" data-widget_type=\"text-editor.default\">\n\t\t\t\t<div class=\"elementor-widget-container\">\n\t\t\t\t\t\t\t\t\t<ol><li><p>Worldmeetings.com es consciente de que el tratamiento adecuado de los datos personales es un aspecto indispensable del derecho a la intimidad. Para garantizar este derecho, puede informarse de lo que ocurre con sus datos en esta declaraci\u00f3n. Por supuesto, la actuaci\u00f3n de Worldmeetings.com se ajusta al Reglamento General de Protecci\u00f3n de Datos.<\/p><p>La presente declaraci\u00f3n de privacidad est\u00e1 estructurada de la siguiente manera:<\/p><ol><li>\u00bfQu\u00e9 datos personales tratamos?<\/li><li>\u00bfWorldmeetings.com tambi\u00e9n procesa datos personales especiales?<\/li><li>\u00bfCon qu\u00e9 fin tratamos sus datos personales?<\/li><li>\u00bfC\u00f3mo protegemos su intimidad?<\/li><li>\u00bfCu\u00e1nto tiempo conservamos sus datos personales?<\/li><li>Suministro de datos personales a terceros<\/li><li>Su derecho a la intimidad<\/li><li>Uso de cookies<\/li><li>Datos de contacto<\/li><li>Cambios en nuestra declaraci\u00f3n de privacidad<\/li><\/ol><p><strong>1. \u00bfQu\u00e9 datos personales tratamos?<\/strong><\/p><p>Worldmeetings.com puede procesar datos personales porque usted utiliza nuestros servicios y\/o porque usted mismo nos los ha proporcionado al rellenar un formulario de contacto. Al utilizar estos servicios, usted consiente el tratamiento de sus datos personales. Worldmeetings.com puede procesar los siguientes datos personales sobre usted:<\/p><p><strong>Tramitar reservas y reservas de salas y\/o reuniones para nuestros clientes:<\/strong><\/p><ul><li>Datos de contacto del autor de la reserva (nombre, direcci\u00f3n de correo electr\u00f3nico, n\u00famero de tel\u00e9fono)<\/li><li>Nombres de los invitados<\/li><li>Datos de acceso (si utiliza el sitio web de reservas en l\u00ednea)<\/li><li>Datos de pago (si es necesario)<\/li><li>G\u00e9nero<\/li><\/ul><p><strong>Tramitar reservas en los locales (afiliados):<\/strong><\/p><ul><li>Datos de contacto (nombre, direcci\u00f3n de correo electr\u00f3nico, n\u00famero de tel\u00e9fono)<\/li><li>Material de v\u00eddeo (si procede y previa autorizaci\u00f3n)<\/li><li>Datos de pago<\/li><li>G\u00e9nero<\/li><\/ul><p><strong>A efectos de operaciones comerciales (piense en marketing, RRHH o gesti\u00f3n de contratos):<\/strong><\/p><ul><li>Datos de contacto del proveedor (nombre, direcci\u00f3n de correo electr\u00f3nico, n\u00famero de tel\u00e9fono)<\/li><li>G\u00e9nero<\/li><li>Datos de pago<\/li><li>CV en la solicitud<\/li><\/ul><p><strong>2. Worldmeetings.com, \u00bftrata tambi\u00e9n datos personales especiales?<\/strong><\/p><p>Los datos personales especiales son datos sensibles; por ejemplo, sobre la salud, la religi\u00f3n, el pasado delictivo o el pa\u00eds de nacimiento. Worldmeetings.com, como responsable del tratamiento, solo procesa datos personales especiales cuando es necesario en virtud de una obligaci\u00f3n legal o previo consentimiento para la ejecuci\u00f3n de un acuerdo o contrato.<\/p><p><strong>3. \u00bfCon qu\u00e9 finalidad tratamos sus datos?<\/strong><\/p><p>Worldmeetings.com procesa sus datos para los siguientes fines:<\/p><ul><li>Reservas y reservas: utilizamos sus datos personales para completar y gestionar sus reservas y reservas de salas y\/o reuniones.<\/li><li>Marketing y comunicaci\u00f3n: Si ha facilitado su direcci\u00f3n de correo electr\u00f3nico, por ejemplo para recibir un bolet\u00edn de noticias, \u00e9sta podr\u00e1 utilizarse para informarle de los servicios de Worldmeetings.com que sean relevantes y similares para usted. Esto tambi\u00e9n es posible si Worldmeetings.com tiene un acuerdo y\/o una relaci\u00f3n de facturaci\u00f3n con su organizaci\u00f3n y usted est\u00e1 designado como reservista. Si no desea (o ya no desea) recibir informaci\u00f3n, puede darse de baja en cualquier momento.<\/li><li>Utilizamos sus datos de contacto para proporcionarle informaci\u00f3n sobre nuestros servicios y ofertas, entre otras cosas<\/li><li>Mejora de nuestros servicios (en l\u00ednea): tambi\u00e9n utilizamos datos personales con fines anal\u00edticos. Esto forma parte de nuestros esfuerzos por mejorar nuestros servicios y la experiencia de los usuarios, pero tambi\u00e9n puede utilizarse con fines de prueba, resoluci\u00f3n de problemas y mejora de la funcionalidad y calidad de nuestros servicios en l\u00ednea. El objetivo principal es optimizar y adaptar nuestra plataforma en l\u00ednea a sus necesidades y hacer que nuestro sitio web sea m\u00e1s f\u00e1cil y agradable de usar.<\/li><li>fines de gesti\u00f3n y calidad: incluida la informaci\u00f3n de gesti\u00f3n, la provisi\u00f3n de controles internos y seguridad corporativa y la realizaci\u00f3n de auditor\u00edas, auditor\u00edas y certificaciones<\/li><li>Reclutamiento y selecci\u00f3n: el reclutamiento y la selecci\u00f3n de los empleados internos de Worldmeetings.com.<\/li><li>Administraci\u00f3n de personal: mantenimiento de los registros de personal de los empleados internos de Worldmeetings.com y cumplimiento de las leyes y reglamentos aplicables.<\/li><\/ul><p><strong>4. \u00bfC\u00f3mo protegemos su intimidad?<\/strong><\/p><p>Nos tomamos muy en serio la protecci\u00f3n de sus datos y adoptamos las medidas adecuadas para evitar el uso indebido, la p\u00e9rdida, el acceso no autorizado, la divulgaci\u00f3n no deseada y la modificaci\u00f3n no autorizada. Por ello, Worldmeetings.com ha obtenido la certificaci\u00f3n ISO27001 de seguridad de la informaci\u00f3n. Nuestros sistemas y programas est\u00e1n bien protegidos. Disponemos de procedimientos para garantizar que las personas no autorizadas no puedan acceder a sus datos. Adem\u00e1s, todos nuestros empleados tienen un deber de confidencialidad. Si a\u00fan as\u00ed piensa que se ha hecho un uso indebido de sus datos, p\u00f3ngase en contacto con nosotros. Nuestros datos de contacto figuran en el apartado 9.<\/p><p><strong>5. \u00bfCu\u00e1nto tiempo conservamos sus datos personales?<\/strong><\/p><p>Conservamos los datos personales con cuidado y no m\u00e1s tiempo del necesario para la realizaci\u00f3n de los fines para los que nos fueron facilitados. Por supuesto, de este modo tambi\u00e9n cumplimos los periodos legales de conservaci\u00f3n de datos personales.<\/p><p><strong>6. Divulgaci\u00f3n de datos personales a terceros<\/strong><\/p><p>Proporcionamos sus datos personales \u00fanicamente sobre la base de un inter\u00e9s leg\u00edtimo, una obligaci\u00f3n legal y\/o para la ejecuci\u00f3n del acuerdo de conformidad con los fines mencionados en el cap\u00edtulo 3. Celebramos un acuerdo de procesamiento con empresas que procesan sus datos en nuestro nombre para garantizar el mismo nivel de seguridad y confidencialidad de sus datos.<\/p><p><strong>7. Su derecho a la intimidad<\/strong><\/p><p>Si desea saber si todos los datos personales que Worldmeetings.com posee sobre usted son correctos, puede solicitarnos que le enviemos un resumen de los mismos. Si, en su opini\u00f3n, los datos son incorrectos, incompletos o redundantes, puede pedirnos que los modifiquemos, completemos o suprimamos. Puede enviarnos una solicitud de inspecci\u00f3n, correcci\u00f3n o supresi\u00f3n a trav\u00e9s de los datos de contacto que figuran en el cap\u00edtulo 9. Responderemos a su solicitud lo antes posible, pero en cualquier caso en un plazo de 4 semanas.  Tambi\u00e9n tiene derecho a presentar una reclamaci\u00f3n ante la autoridad nacional de control, la Autoridad de Datos Personales. Puede hacerlo en el sitio web de la Autoridad de Datos Personales.<\/p><p><strong>8. 8. Uso de cookies<\/strong><\/p><p>En general, nuestro sitio web puede visitarse sin que se nos transmitan sus datos personales. Sin embargo, como muchos otros sitios web, este sitio recopila autom\u00e1ticamente cierta informaci\u00f3n no identificable sobre los usuarios del sitio web, como la direcci\u00f3n de protocolo de Internet (IP) de su ordenador. Esta informaci\u00f3n t\u00e9cnica se utiliza con fines de administraci\u00f3n del sitio web y del sistema, y para mejorar el sitio web y su uso. Estos datos t\u00e9cnicos pueden transmitirse a terceros y almacenarse permanentemente para su uso futuro.<\/p><p>Worldmeetings.com utiliza:<\/p><ul><li><strong>Javascripts<\/strong>permiten a su navegador recopilar informaci\u00f3n. Esta informaci\u00f3n se convierte entonces en;<\/li><li><strong>Cookies<\/strong>; se trata de peque\u00f1os archivos que contienen informaci\u00f3n sobre (entre otras cosas) su comportamiento de navegaci\u00f3n y que se almacenan en el navegador de su ordenador, tableta o smartphone la primera vez que visita nuestro sitio web. Existen tres tipos de cookies: \"cookies funcionales\", \"cookies anal\u00edticas\" y \"cookies de seguimiento\". Las cookies funcionales garantizan que nuestro sitio web funcione correctamente y que, por ejemplo, se recuerden sus ajustes preferidos. Tambi\u00e9n recopilamos estad\u00edsticas (anal\u00edticas) de los usuarios de nuestro sitio web. Utilizamos esta informaci\u00f3n para mejorar continuamente nuestro sitio web. Por \u00faltimo, tambi\u00e9n colocamos cookies que rastrean su comportamiento de navegaci\u00f3n (cookies de seguimiento), para poder ofrecerle contenidos y anuncios adaptados. Durante su primera visita a nuestro sitio web, le informamos sobre estas cookies y usted tiene la opci\u00f3n de aceptarlas o no. Si decide no aceptar las cookies, es posible que no pueda hacer un uso completo de nuestro sitio web. Adem\u00e1s, tambi\u00e9n puede eliminar las cookies a trav\u00e9s de la configuraci\u00f3n de su navegador.<\/li><li><strong>Google Analytics; <\/strong>para analizar el comportamiento de los visitantes. <br \/>Lea la pol\u00edtica de privacidad de Google para obtener m\u00e1s informaci\u00f3n. Tambi\u00e9n encontrar\u00e1 la pol\u00edtica de privacidad de Google Analytics aqu\u00ed. Google utiliza esta informaci\u00f3n para rastrear c\u00f3mo se utiliza nuestro sitio web, para proporcionar informes sobre el sitio web y para proporcionar a sus anunciantes informaci\u00f3n sobre la eficacia de sus campa\u00f1as. <br \/>Google podr\u00e1 transmitir dicha informaci\u00f3n a terceros cuando as\u00ed se lo requiera la legislaci\u00f3n, o en la medida en que dichos terceros procesen la informaci\u00f3n por cuenta de Google. Worldmeetings.com no tiene ninguna influencia al respecto. Worldmeetings.com no ha dado permiso a Google para utilizar la informaci\u00f3n de Analytics obtenida a trav\u00e9s de Google para otros servicios de Google.<\/li><li><strong>Hubspot<\/strong>; para identificar y enriquecer los perfiles de los visitantes. Encontrar\u00e1 <a href=\"https:\/\/legal.hubspot.com\/privacy-policy\">aqu\u00ed<\/a> La pol\u00edtica de privacidad de Hubspot tambi\u00e9n.\u00a0<\/li><\/ul><p><strong>9. 9. Datos de contacto<\/strong><\/p><p>Si tiene preguntas o quejas sobre el tratamiento de sus datos personales por parte de Worldmeetings.com, p\u00f3ngase en contacto con nuestro responsable de seguridad.<\/p><p>Nombre: Marco Ingels<br \/>Direcci\u00f3n de correo electr\u00f3nico:\u00a0<a href=\"mailto:privacy@worldmeetings.nl\">privacy@worldmeetings.nl<\/a><\/p><p><strong>10. Cambios en nuestra declaraci\u00f3n de privacidad<\/strong><\/p><p>Worldmeetings.com se reserva el derecho a modificar la declaraci\u00f3n de privacidad. La versi\u00f3n m\u00e1s actualizada puede consultarse en nuestro sitio web.<\/p><p>La Haya, 2024<\/p><\/li><\/ol>\t\t\t\t\t\t\t\t<\/div>\n\t\t\t\t<\/div>\n\t\t\t\t\t<\/div>\n\t\t\t\t<\/div>\n\t\t\t\t<\/div>","protected":false},"excerpt":{"rendered":"<p>Privacy Statement Worldmeetings.com is zich er van bewust dat een passende verwerking van persoonsgegevens een onmisbaar aspect is van het privacy recht. Om dit recht te waarborgen, kunt u in deze verklaring nagaan wat er met uw gegevens gebeurt. De handelswijze van Worldmeetings.com is vanzelfsprekend in overeenstemming met de Algemene Verordening Gegevensbescherming. Dit privacy statement [&hellip;]<\/p>\n","protected":false},"author":11,"featured_media":0,"parent":0,"menu_order":0,"comment_status":"closed","ping_status":"closed","template":"","meta":{"_acf_changed":false,"footnotes":""},"class_list":["post-2743","page","type-page","status-publish","hentry"],"acf":[],"yoast_head":"<!-- This site is optimized with the Yoast SEO plugin v27.3 - https:\/\/yoast.com\/product\/yoast-seo-wordpress\/ -->\n<title>Privacy Statement - Worldmeetings<\/title>\n<meta name=\"robots\" content=\"index, follow, max-snippet:-1, max-image-preview:large, max-video-preview:-1\" \/>\n<link rel=\"canonical\" href=\"https:\/\/www.worldmeetings.com\/es\/privacy-statement\/\" \/>\n<meta property=\"og:locale\" content=\"es_ES\" \/>\n<meta property=\"og:type\" content=\"article\" \/>\n<meta property=\"og:title\" content=\"Privacy Statement - Worldmeetings\" \/>\n<meta property=\"og:description\" content=\"Privacy Statement Worldmeetings.com is zich er van bewust dat een passende verwerking van persoonsgegevens een onmisbaar aspect is van het privacy recht. Om dit recht te waarborgen, kunt u in deze verklaring nagaan wat er met uw gegevens gebeurt. De handelswijze van Worldmeetings.com is vanzelfsprekend in overeenstemming met de Algemene Verordening Gegevensbescherming. Dit privacy statement [&hellip;]\" \/>\n<meta property=\"og:url\" content=\"https:\/\/www.worldmeetings.com\/es\/privacy-statement\/\" \/>\n<meta property=\"og:site_name\" content=\"Worldmeetings\" \/>\n<meta property=\"article:modified_time\" content=\"2024-04-08T14:44:24+00:00\" \/>\n<meta name=\"twitter:card\" content=\"summary_large_image\" \/>\n<meta name=\"twitter:label1\" content=\"Est. reading time\" \/>\n\t<meta name=\"twitter:data1\" content=\"6 minutos\" \/>\n<script type=\"application\/ld+json\" class=\"yoast-schema-graph\">{\"@context\":\"https:\\\/\\\/schema.org\",\"@graph\":[{\"@type\":\"WebPage\",\"@id\":\"https:\\\/\\\/www.worldmeetings.com\\\/nl\\\/privacy-statement\\\/\",\"url\":\"https:\\\/\\\/www.worldmeetings.com\\\/nl\\\/privacy-statement\\\/\",\"name\":\"Privacy Statement - Worldmeetings\",\"isPartOf\":{\"@id\":\"https:\\\/\\\/www.worldmeetings.com\\\/nl\\\/#website\"},\"datePublished\":\"2024-02-27T09:21:55+00:00\",\"dateModified\":\"2024-04-08T14:44:24+00:00\",\"breadcrumb\":{\"@id\":\"https:\\\/\\\/www.worldmeetings.com\\\/nl\\\/privacy-statement\\\/#breadcrumb\"},\"inLanguage\":\"es\",\"potentialAction\":[{\"@type\":\"ReadAction\",\"target\":[\"https:\\\/\\\/www.worldmeetings.com\\\/nl\\\/privacy-statement\\\/\"]}]},{\"@type\":\"BreadcrumbList\",\"@id\":\"https:\\\/\\\/www.worldmeetings.com\\\/nl\\\/privacy-statement\\\/#breadcrumb\",\"itemListElement\":[{\"@type\":\"ListItem\",\"position\":1,\"name\":\"Home\",\"item\":\"https:\\\/\\\/www.worldmeetings.com\\\/nl\\\/\"},{\"@type\":\"ListItem\",\"position\":2,\"name\":\"Privacy Statement\"}]},{\"@type\":\"WebSite\",\"@id\":\"https:\\\/\\\/www.worldmeetings.com\\\/nl\\\/#website\",\"url\":\"https:\\\/\\\/www.worldmeetings.com\\\/nl\\\/\",\"name\":\"Worldmeetings\",\"description\":\"\",\"publisher\":{\"@id\":\"https:\\\/\\\/www.worldmeetings.com\\\/nl\\\/#organization\"},\"potentialAction\":[{\"@type\":\"SearchAction\",\"target\":{\"@type\":\"EntryPoint\",\"urlTemplate\":\"https:\\\/\\\/www.worldmeetings.com\\\/nl\\\/?s={search_term_string}\"},\"query-input\":{\"@type\":\"PropertyValueSpecification\",\"valueRequired\":true,\"valueName\":\"search_term_string\"}}],\"inLanguage\":\"es\"},{\"@type\":\"Organization\",\"@id\":\"https:\\\/\\\/www.worldmeetings.com\\\/nl\\\/#organization\",\"name\":\"Worldmeetings\",\"url\":\"https:\\\/\\\/www.worldmeetings.com\\\/nl\\\/\",\"logo\":{\"@type\":\"ImageObject\",\"inLanguage\":\"es\",\"@id\":\"https:\\\/\\\/www.worldmeetings.com\\\/nl\\\/#\\\/schema\\\/logo\\\/image\\\/\",\"url\":\"https:\\\/\\\/www.worldmeetings.com\\\/app\\\/uploads\\\/2024\\\/01\\\/worldmeetings.svg\",\"contentUrl\":\"https:\\\/\\\/www.worldmeetings.com\\\/app\\\/uploads\\\/2024\\\/01\\\/worldmeetings.svg\",\"width\":208,\"height\":79,\"caption\":\"Worldmeetings\"},\"image\":{\"@id\":\"https:\\\/\\\/www.worldmeetings.com\\\/nl\\\/#\\\/schema\\\/logo\\\/image\\\/\"}}]}<\/script>\n<!-- \/ Yoast SEO plugin. -->","yoast_head_json":{"title":"Privacy Statement - Worldmeetings","robots":{"index":"index","follow":"follow","max-snippet":"max-snippet:-1","max-image-preview":"max-image-preview:large","max-video-preview":"max-video-preview:-1"},"canonical":"https:\/\/www.worldmeetings.com\/es\/privacy-statement\/","og_locale":"es_ES","og_type":"article","og_title":"Privacy Statement - Worldmeetings","og_description":"Privacy Statement Worldmeetings.com is zich er van bewust dat een passende verwerking van persoonsgegevens een onmisbaar aspect is van het privacy recht. Om dit recht te waarborgen, kunt u in deze verklaring nagaan wat er met uw gegevens gebeurt. De handelswijze van Worldmeetings.com is vanzelfsprekend in overeenstemming met de Algemene Verordening Gegevensbescherming. Dit privacy statement [&hellip;]","og_url":"https:\/\/www.worldmeetings.com\/es\/privacy-statement\/","og_site_name":"Worldmeetings","article_modified_time":"2024-04-08T14:44:24+00:00","twitter_card":"summary_large_image","twitter_misc":{"Est. reading time":"6 minutos"},"schema":{"@context":"https:\/\/schema.org","@graph":[{"@type":"WebPage","@id":"https:\/\/www.worldmeetings.com\/nl\/privacy-statement\/","url":"https:\/\/www.worldmeetings.com\/nl\/privacy-statement\/","name":"Privacy Statement - Worldmeetings","isPartOf":{"@id":"https:\/\/www.worldmeetings.com\/nl\/#website"},"datePublished":"2024-02-27T09:21:55+00:00","dateModified":"2024-04-08T14:44:24+00:00","breadcrumb":{"@id":"https:\/\/www.worldmeetings.com\/nl\/privacy-statement\/#breadcrumb"},"inLanguage":"es","potentialAction":[{"@type":"ReadAction","target":["https:\/\/www.worldmeetings.com\/nl\/privacy-statement\/"]}]},{"@type":"BreadcrumbList","@id":"https:\/\/www.worldmeetings.com\/nl\/privacy-statement\/#breadcrumb","itemListElement":[{"@type":"ListItem","position":1,"name":"Home","item":"https:\/\/www.worldmeetings.com\/nl\/"},{"@type":"ListItem","position":2,"name":"Privacy Statement"}]},{"@type":"WebSite","@id":"https:\/\/www.worldmeetings.com\/nl\/#website","url":"https:\/\/www.worldmeetings.com\/nl\/","name":"Reuniones mundiales","description":"","publisher":{"@id":"https:\/\/www.worldmeetings.com\/nl\/#organization"},"potentialAction":[{"@type":"SearchAction","target":{"@type":"EntryPoint","urlTemplate":"https:\/\/www.worldmeetings.com\/nl\/?s={search_term_string}"},"query-input":{"@type":"PropertyValueSpecification","valueRequired":true,"valueName":"search_term_string"}}],"inLanguage":"es"},{"@type":"Organization","@id":"https:\/\/www.worldmeetings.com\/nl\/#organization","name":"Reuniones mundiales","url":"https:\/\/www.worldmeetings.com\/nl\/","logo":{"@type":"ImageObject","inLanguage":"es","@id":"https:\/\/www.worldmeetings.com\/nl\/#\/schema\/logo\/image\/","url":"https:\/\/www.worldmeetings.com\/app\/uploads\/2024\/01\/worldmeetings.svg","contentUrl":"https:\/\/www.worldmeetings.com\/app\/uploads\/2024\/01\/worldmeetings.svg","width":208,"height":79,"caption":"Worldmeetings"},"image":{"@id":"https:\/\/www.worldmeetings.com\/nl\/#\/schema\/logo\/image\/"}}]}},"_links":{"self":[{"href":"https:\/\/www.worldmeetings.com\/es\/wp-json\/wp\/v2\/pages\/2743","targetHints":{"allow":["GET"]}}],"collection":[{"href":"https:\/\/www.worldmeetings.com\/es\/wp-json\/wp\/v2\/pages"}],"about":[{"href":"https:\/\/www.worldmeetings.com\/es\/wp-json\/wp\/v2\/types\/page"}],"author":[{"embeddable":true,"href":"https:\/\/www.worldmeetings.com\/es\/wp-json\/wp\/v2\/users\/11"}],"replies":[{"embeddable":true,"href":"https:\/\/www.worldmeetings.com\/es\/wp-json\/wp\/v2\/comments?post=2743"}],"version-history":[{"count":17,"href":"https:\/\/www.worldmeetings.com\/es\/wp-json\/wp\/v2\/pages\/2743\/revisions"}],"predecessor-version":[{"id":6874,"href":"https:\/\/www.worldmeetings.com\/es\/wp-json\/wp\/v2\/pages\/2743\/revisions\/6874"}],"wp:attachment":[{"href":"https:\/\/www.worldmeetings.com\/es\/wp-json\/wp\/v2\/media?parent=2743"}],"curies":[{"name":"wp","href":"https:\/\/api.w.org\/{rel}","templated":true}]}}