{"id":4616,"date":"2024-03-12T10:43:44","date_gmt":"2024-03-12T10:43:44","guid":{"rendered":"https:\/\/www.worldmeetings.com\/?page_id=4616"},"modified":"2024-03-12T10:45:56","modified_gmt":"2024-03-12T10:45:56","slug":"hoe-krijgt-mijn-locatie-aanvragen-binnen","status":"publish","type":"page","link":"https:\/\/www.worldmeetings.com\/de\/over-ons\/faq\/hoe-krijgt-mijn-locatie-aanvragen-binnen\/","title":{"rendered":"Wie erh\u00e4lt mein Veranstaltungsort die Bewerbungen?"},"content":{"rendered":"<div data-elementor-type=\"wp-page\" data-elementor-id=\"4616\" class=\"elementor elementor-4616\" data-elementor-post-type=\"page\">\n\t\t\t\t<div class=\"elementor-element elementor-element-4a70a6ac e-con-full e-flex e-con e-parent\" data-id=\"4a70a6ac\" data-element_type=\"container\" data-e-type=\"container\" data-settings=\"{&quot;background_background&quot;:&quot;classic&quot;,&quot;jet_parallax_layout_list&quot;:[]}\">\n\t\t<div class=\"elementor-element elementor-element-6c88f910 e-con-full e-flex e-con e-child\" data-id=\"6c88f910\" data-element_type=\"container\" data-e-type=\"container\" data-settings=\"{&quot;background_background&quot;:&quot;classic&quot;,&quot;jet_parallax_layout_list&quot;:[]}\">\n\t\t<div class=\"elementor-element elementor-element-7efc6414 e-flex e-con-boxed e-con e-child\" data-id=\"7efc6414\" data-element_type=\"container\" data-e-type=\"container\" data-settings=\"{&quot;jet_parallax_layout_list&quot;:[]}\">\n\t\t\t\t\t<div class=\"e-con-inner\">\n\t\t\t\t\t<\/div>\n\t\t\t\t<\/div>\n\t\t\t\t<div class=\"elementor-element elementor-element-8e0d1d8 elementor-widget elementor-widget-heading\" data-id=\"8e0d1d8\" data-element_type=\"widget\" data-e-type=\"widget\" data-widget_type=\"heading.default\">\n\t\t\t\t<div class=\"elementor-widget-container\">\n\t\t\t\t\t<h1 class=\"elementor-heading-title elementor-size-default\">Wie wird mein Standort <br><br><br><br><strong>Bewerbungen ein?<\/strong><\/h1>\t\t\t\t<\/div>\n\t\t\t\t<\/div>\n\t\t\t\t<\/div>\n\t\t\t\t<\/div>\n\t\t<div class=\"elementor-element elementor-element-c6bdb52 e-flex e-con-boxed elementor-invisible e-con e-parent\" data-id=\"c6bdb52\" data-element_type=\"container\" data-e-type=\"container\" data-settings=\"{&quot;jet_parallax_layout_list&quot;:[],&quot;background_background&quot;:&quot;classic&quot;,&quot;animation&quot;:&quot;fadeInUp&quot;}\">\n\t\t\t\t\t<div class=\"e-con-inner\">\n\t\t<div class=\"elementor-element elementor-element-250ac5aa e-con-full e-flex e-con e-child\" data-id=\"250ac5aa\" data-element_type=\"container\" data-e-type=\"container\" data-settings=\"{&quot;jet_parallax_layout_list&quot;:[]}\">\n\t\t\t\t<div class=\"elementor-element elementor-element-66061ad4 elementor-widget elementor-widget-heading\" data-id=\"66061ad4\" data-element_type=\"widget\" data-e-type=\"widget\" data-widget_type=\"heading.default\">\n\t\t\t\t<div class=\"elementor-widget-container\">\n\t\t\t\t\t<h2 class=\"elementor-heading-title elementor-size-default\">Auf diese Weise erh\u00e4lt Ihr Veranstaltungsort Bewerbungen:<\/h2>\t\t\t\t<\/div>\n\t\t\t\t<\/div>\n\t\t\t\t<div class=\"elementor-element elementor-element-1954025d elementor-widget elementor-widget-text-editor\" data-id=\"1954025d\" data-element_type=\"widget\" data-e-type=\"widget\" data-widget_type=\"text-editor.default\">\n\t\t\t\t<div class=\"elementor-widget-container\">\n\t\t\t\t\t\t\t\t\t<p>Als Veranstaltungsort erhalten Sie Anfragen f\u00fcr Hotelunterbringung, eint\u00e4gige Tagungen, mehrt\u00e4gige Tagungen und mehrt\u00e4gige Tagungen mit Hotelunterbringung. Wir erkl\u00e4ren f\u00fcr jede Art von Anfrage, wie sie zu bearbeiten ist.<\/p><h3>Anfrage f\u00fcr eine \u00dcbernachtung<\/h3><p>Haben Sie einen mit uns verbundenen Channel Manager? Dann trifft dies nicht auf Sie zu. Es sei denn, es handelt sich um eine Gruppenanfrage oder Ihr Channel Manager ist in der N\u00e4he. In diesem Fall erhalten Sie trotzdem ein eBird.<\/p><p>Wir erkl\u00e4ren in nur 4 Schritten, wie Sie den \u00dcbernachtungsantrag bearbeiten.<\/p><ol><li>Klicken Sie auf den Link in der Mail<\/li><li>Anmeldung zum <a href=\"https:\/\/cms.worldmeetings.com\/accommodationtool\/dispatcher\/LoginAction\">CMS-Werkzeug<\/a> und klicken Sie auf das ge\u00f6ffnete eBird.<\/li><li>\u00d6ffnen Sie die aktuellste Anwendung, die sich oben befindet<\/li><li>\u00dcberpr\u00fcfen Sie die Details des Antrags, akzeptieren Sie ihn oder lehnen Sie ihn ab.<\/li><\/ol><p>Wenn Sie die Anfrage annehmen, erhalten Sie eine Best\u00e4tigung in Ihrer E-Mail. Vergessen Sie nicht, die Reservierung auch in Ihrem eigenen System zu speichern.<\/p><p><strong>Bitte beachten Sie! Es gibt eine Frist f\u00fcr die Ablehnung oder Annahme des Antrags. F\u00fcr Zimmer betr\u00e4gt diese an Wochentagen 2 Stunden.<\/strong><\/p><h3>Antrag auf ein Treffen oder ein Treffen mit \u00dcbernachtung<\/h3><p>Haben Sie eine Anfrage f\u00fcr ein eint\u00e4giges Treffen oder ein mehrt\u00e4giges Treffen mit oder ohne \u00dcbernachtung? In 7 Schritten erkl\u00e4ren wir Ihnen, wie Sie Ihre Anfrage bearbeiten k\u00f6nnen<\/p><ol><li>Klicken Sie auf den Link in der Mail<\/li><li>Anmeldung zum <a href=\"https:\/\/cms.worldmeetings.com\/accommodationtool\/dispatcher\/LoginAction\">CMS-zu<\/a>l und klicken Sie auf das ge\u00f6ffnete eBird<\/li><li>\u00d6ffnen Sie die aktuellste Anwendung, die sich ganz oben befindet.<\/li><li>Unter der Rubrik Info Anwendung finden Sie allgemeine Informationen \u00fcber die Anwendung<\/li><li>Geben Sie Ihre Tarife unter der Rubrik Tarife ein<\/li><li>Beantworten Sie die Fragen, die unter der \u00dcberschrift Fragen<\/li><li>Sie k\u00f6nnen den Antrag nun annehmen oder ablehnen<\/li><\/ol><p>Wenn Sie die Anfrage annehmen, erhalten Sie eine Best\u00e4tigung in Ihrer E-Mail. Vergessen Sie nicht, die Reservierung auch in Ihrem eigenen System zu speichern.<\/p><p><strong>Bitte beachten Sie! Es gibt eine Frist f\u00fcr die Ablehnung oder Annahme des Antrags. Bei Sitzungen betr\u00e4gt diese Frist werktags 24 Stunden.<\/strong><\/p>\t\t\t\t\t\t\t\t<\/div>\n\t\t\t\t<\/div>\n\t\t\t\t<div class=\"elementor-element elementor-element-4cc4e369 elementor-align-left elementor-widget elementor-widget-button\" data-id=\"4cc4e369\" data-element_type=\"widget\" data-e-type=\"widget\" data-widget_type=\"button.default\">\n\t\t\t\t<div class=\"elementor-widget-container\">\n\t\t\t\t\t\t\t\t\t<div class=\"elementor-button-wrapper\">\n\t\t\t\t\t<a class=\"elementor-button elementor-button-link elementor-size-sm\" href=\"https:\/\/www.worldmeetings.com\/de\/over-ons\/faq\/\">\n\t\t\t\t\t\t<span class=\"elementor-button-content-wrapper\">\n\t\t\t\t\t\t\t\t\t<span class=\"elementor-button-text\">Zur\u00fcck zur \u00dcbersicht<\/span>\n\t\t\t\t\t<\/span>\n\t\t\t\t\t<\/a>\n\t\t\t\t<\/div>\n\t\t\t\t\t\t\t\t<\/div>\n\t\t\t\t<\/div>\n\t\t\t\t<\/div>\n\t\t\t\t\t<\/div>\n\t\t\t\t<\/div>\n\t\t<div class=\"elementor-element elementor-element-627fc38 e-flex e-con-boxed e-con e-parent\" data-id=\"627fc38\" data-element_type=\"container\" data-e-type=\"container\" data-settings=\"{&quot;background_background&quot;:&quot;classic&quot;,&quot;jet_parallax_layout_list&quot;:[]}\">\n\t\t\t\t\t<div class=\"e-con-inner\">\n\t\t\t\t<div class=\"elementor-element elementor-element-b62f94d elementor-widget elementor-widget-heading\" data-id=\"b62f94d\" data-element_type=\"widget\" data-e-type=\"widget\" data-widget_type=\"heading.default\">\n\t\t\t\t<div class=\"elementor-widget-container\">\n\t\t\t\t\t<h2 class=\"elementor-heading-title elementor-size-default\"><br><br><br><br><br><br><br><br><br><br><br>Weitere Fragen finden Sie in unseren FAQ<\/h2>\t\t\t\t<\/div>\n\t\t\t\t<\/div>\n\t\t\t\t<div class=\"elementor-element elementor-element-7416754 elementor-align-right elementor-widget elementor-widget-button\" data-id=\"7416754\" data-element_type=\"widget\" data-e-type=\"widget\" data-widget_type=\"button.default\">\n\t\t\t\t<div class=\"elementor-widget-container\">\n\t\t\t\t\t\t\t\t\t<div class=\"elementor-button-wrapper\">\n\t\t\t\t\t<a class=\"elementor-button elementor-button-link elementor-size-sm\" href=\"https:\/\/www.worldmeetings.com\/de\/over-ons\/faq\/\">\n\t\t\t\t\t\t<span class=\"elementor-button-content-wrapper\">\n\t\t\t\t\t\t\t\t\t<span class=\"elementor-button-text\">        FAQ<\/span>\n\t\t\t\t\t<\/span>\n\t\t\t\t\t<\/a>\n\t\t\t\t<\/div>\n\t\t\t\t\t\t\t\t<\/div>\n\t\t\t\t<\/div>\n\t\t\t\t\t<\/div>\n\t\t\t\t<\/div>\n\t\t\t\t<\/div>","protected":false},"excerpt":{"rendered":"<p>Hoe krijgt mijn locatie aanvragen binnen? Zo krijgt uw locatie aanvragen binnen: Als locatie zult u aanvragen ontvangen voor hotelovernachtingen, eendaagse vergaderingen, meerdaagse vergaderingen en meerdaagse vergaderingen met hotelovernachting. We leggen per type uit hoe u de aanvraag in behandeling neemt. Aanvraag voor een overnachting Heeft u een channelmanager die met ons gekoppeld is? Dan [&hellip;]<\/p>\n","protected":false},"author":10,"featured_media":0,"parent":2769,"menu_order":0,"comment_status":"closed","ping_status":"closed","template":"","meta":{"_acf_changed":false,"footnotes":""},"class_list":["post-4616","page","type-page","status-publish","hentry"],"acf":[],"yoast_head":"<!-- This site is optimized with the Yoast SEO plugin v27.3 - https:\/\/yoast.com\/product\/yoast-seo-wordpress\/ -->\n<title>Hoe krijgt mijn locatie aanvragen binnen? - Worldmeetings<\/title>\n<meta name=\"robots\" content=\"index, follow, max-snippet:-1, max-image-preview:large, max-video-preview:-1\" \/>\n<link rel=\"canonical\" href=\"https:\/\/www.worldmeetings.com\/de\/over-ons\/faq\/hoe-krijgt-mijn-locatie-aanvragen-binnen\/\" \/>\n<meta property=\"og:locale\" content=\"de_DE\" \/>\n<meta property=\"og:type\" content=\"article\" \/>\n<meta property=\"og:title\" content=\"Hoe krijgt mijn locatie aanvragen binnen? - Worldmeetings\" \/>\n<meta property=\"og:description\" content=\"Hoe krijgt mijn locatie aanvragen binnen? Zo krijgt uw locatie aanvragen binnen: Als locatie zult u aanvragen ontvangen voor hotelovernachtingen, eendaagse vergaderingen, meerdaagse vergaderingen en meerdaagse vergaderingen met hotelovernachting. We leggen per type uit hoe u de aanvraag in behandeling neemt. Aanvraag voor een overnachting Heeft u een channelmanager die met ons gekoppeld is? Dan [&hellip;]\" \/>\n<meta property=\"og:url\" content=\"https:\/\/www.worldmeetings.com\/de\/over-ons\/faq\/hoe-krijgt-mijn-locatie-aanvragen-binnen\/\" \/>\n<meta property=\"og:site_name\" content=\"Worldmeetings\" \/>\n<meta property=\"article:modified_time\" content=\"2024-03-12T10:45:56+00:00\" \/>\n<meta name=\"twitter:card\" content=\"summary_large_image\" \/>\n<meta name=\"twitter:label1\" content=\"Est. reading time\" \/>\n\t<meta name=\"twitter:data1\" content=\"1\u00a0Minute\" \/>\n<script type=\"application\/ld+json\" class=\"yoast-schema-graph\">{\"@context\":\"https:\\\/\\\/schema.org\",\"@graph\":[{\"@type\":\"WebPage\",\"@id\":\"https:\\\/\\\/www.worldmeetings.com\\\/over-ons\\\/faq\\\/hoe-krijgt-mijn-locatie-aanvragen-binnen\\\/\",\"url\":\"https:\\\/\\\/www.worldmeetings.com\\\/over-ons\\\/faq\\\/hoe-krijgt-mijn-locatie-aanvragen-binnen\\\/\",\"name\":\"Hoe krijgt mijn locatie aanvragen binnen? - Worldmeetings\",\"isPartOf\":{\"@id\":\"https:\\\/\\\/www.worldmeetings.com\\\/nl\\\/#website\"},\"datePublished\":\"2024-03-12T10:43:44+00:00\",\"dateModified\":\"2024-03-12T10:45:56+00:00\",\"breadcrumb\":{\"@id\":\"https:\\\/\\\/www.worldmeetings.com\\\/over-ons\\\/faq\\\/hoe-krijgt-mijn-locatie-aanvragen-binnen\\\/#breadcrumb\"},\"inLanguage\":\"de\",\"potentialAction\":[{\"@type\":\"ReadAction\",\"target\":[\"https:\\\/\\\/www.worldmeetings.com\\\/over-ons\\\/faq\\\/hoe-krijgt-mijn-locatie-aanvragen-binnen\\\/\"]}]},{\"@type\":\"BreadcrumbList\",\"@id\":\"https:\\\/\\\/www.worldmeetings.com\\\/over-ons\\\/faq\\\/hoe-krijgt-mijn-locatie-aanvragen-binnen\\\/#breadcrumb\",\"itemListElement\":[{\"@type\":\"ListItem\",\"position\":1,\"name\":\"Home\",\"item\":\"https:\\\/\\\/www.worldmeetings.com\\\/nl\\\/\"},{\"@type\":\"ListItem\",\"position\":2,\"name\":\"Over ons\",\"item\":\"https:\\\/\\\/www.worldmeetings.com\\\/over-ons\\\/\"},{\"@type\":\"ListItem\",\"position\":3,\"name\":\"FAQ\",\"item\":\"https:\\\/\\\/www.worldmeetings.com\\\/over-ons\\\/faq\\\/\"},{\"@type\":\"ListItem\",\"position\":4,\"name\":\"Hoe krijgt mijn locatie aanvragen binnen?\"}]},{\"@type\":\"WebSite\",\"@id\":\"https:\\\/\\\/www.worldmeetings.com\\\/nl\\\/#website\",\"url\":\"https:\\\/\\\/www.worldmeetings.com\\\/nl\\\/\",\"name\":\"Worldmeetings\",\"description\":\"\",\"publisher\":{\"@id\":\"https:\\\/\\\/www.worldmeetings.com\\\/nl\\\/#organization\"},\"potentialAction\":[{\"@type\":\"SearchAction\",\"target\":{\"@type\":\"EntryPoint\",\"urlTemplate\":\"https:\\\/\\\/www.worldmeetings.com\\\/nl\\\/?s={search_term_string}\"},\"query-input\":{\"@type\":\"PropertyValueSpecification\",\"valueRequired\":true,\"valueName\":\"search_term_string\"}}],\"inLanguage\":\"de\"},{\"@type\":\"Organization\",\"@id\":\"https:\\\/\\\/www.worldmeetings.com\\\/nl\\\/#organization\",\"name\":\"Worldmeetings\",\"url\":\"https:\\\/\\\/www.worldmeetings.com\\\/nl\\\/\",\"logo\":{\"@type\":\"ImageObject\",\"inLanguage\":\"de\",\"@id\":\"https:\\\/\\\/www.worldmeetings.com\\\/nl\\\/#\\\/schema\\\/logo\\\/image\\\/\",\"url\":\"https:\\\/\\\/www.worldmeetings.com\\\/app\\\/uploads\\\/2024\\\/01\\\/worldmeetings.svg\",\"contentUrl\":\"https:\\\/\\\/www.worldmeetings.com\\\/app\\\/uploads\\\/2024\\\/01\\\/worldmeetings.svg\",\"width\":208,\"height\":79,\"caption\":\"Worldmeetings\"},\"image\":{\"@id\":\"https:\\\/\\\/www.worldmeetings.com\\\/nl\\\/#\\\/schema\\\/logo\\\/image\\\/\"}}]}<\/script>\n<!-- \/ Yoast SEO plugin. -->","yoast_head_json":{"title":"Hoe krijgt mijn locatie aanvragen binnen? - Worldmeetings","robots":{"index":"index","follow":"follow","max-snippet":"max-snippet:-1","max-image-preview":"max-image-preview:large","max-video-preview":"max-video-preview:-1"},"canonical":"https:\/\/www.worldmeetings.com\/de\/over-ons\/faq\/hoe-krijgt-mijn-locatie-aanvragen-binnen\/","og_locale":"de_DE","og_type":"article","og_title":"Hoe krijgt mijn locatie aanvragen binnen? - Worldmeetings","og_description":"Hoe krijgt mijn locatie aanvragen binnen? Zo krijgt uw locatie aanvragen binnen: Als locatie zult u aanvragen ontvangen voor hotelovernachtingen, eendaagse vergaderingen, meerdaagse vergaderingen en meerdaagse vergaderingen met hotelovernachting. We leggen per type uit hoe u de aanvraag in behandeling neemt. Aanvraag voor een overnachting Heeft u een channelmanager die met ons gekoppeld is? Dan [&hellip;]","og_url":"https:\/\/www.worldmeetings.com\/de\/over-ons\/faq\/hoe-krijgt-mijn-locatie-aanvragen-binnen\/","og_site_name":"Worldmeetings","article_modified_time":"2024-03-12T10:45:56+00:00","twitter_card":"summary_large_image","twitter_misc":{"Est. reading time":"1\u00a0Minute"},"schema":{"@context":"https:\/\/schema.org","@graph":[{"@type":"WebPage","@id":"https:\/\/www.worldmeetings.com\/over-ons\/faq\/hoe-krijgt-mijn-locatie-aanvragen-binnen\/","url":"https:\/\/www.worldmeetings.com\/over-ons\/faq\/hoe-krijgt-mijn-locatie-aanvragen-binnen\/","name":"Hoe krijgt mijn locatie aanvragen binnen? - Worldmeetings","isPartOf":{"@id":"https:\/\/www.worldmeetings.com\/nl\/#website"},"datePublished":"2024-03-12T10:43:44+00:00","dateModified":"2024-03-12T10:45:56+00:00","breadcrumb":{"@id":"https:\/\/www.worldmeetings.com\/over-ons\/faq\/hoe-krijgt-mijn-locatie-aanvragen-binnen\/#breadcrumb"},"inLanguage":"de","potentialAction":[{"@type":"ReadAction","target":["https:\/\/www.worldmeetings.com\/over-ons\/faq\/hoe-krijgt-mijn-locatie-aanvragen-binnen\/"]}]},{"@type":"BreadcrumbList","@id":"https:\/\/www.worldmeetings.com\/over-ons\/faq\/hoe-krijgt-mijn-locatie-aanvragen-binnen\/#breadcrumb","itemListElement":[{"@type":"ListItem","position":1,"name":"Home","item":"https:\/\/www.worldmeetings.com\/nl\/"},{"@type":"ListItem","position":2,"name":"Over ons","item":"https:\/\/www.worldmeetings.com\/over-ons\/"},{"@type":"ListItem","position":3,"name":"FAQ","item":"https:\/\/www.worldmeetings.com\/over-ons\/faq\/"},{"@type":"ListItem","position":4,"name":"Hoe krijgt mijn locatie aanvragen binnen?"}]},{"@type":"WebSite","@id":"https:\/\/www.worldmeetings.com\/nl\/#website","url":"https:\/\/www.worldmeetings.com\/nl\/","name":"Weltbegegnungen","description":"","publisher":{"@id":"https:\/\/www.worldmeetings.com\/nl\/#organization"},"potentialAction":[{"@type":"SearchAction","target":{"@type":"EntryPoint","urlTemplate":"https:\/\/www.worldmeetings.com\/nl\/?s={search_term_string}"},"query-input":{"@type":"PropertyValueSpecification","valueRequired":true,"valueName":"search_term_string"}}],"inLanguage":"de"},{"@type":"Organization","@id":"https:\/\/www.worldmeetings.com\/nl\/#organization","name":"Weltbegegnungen","url":"https:\/\/www.worldmeetings.com\/nl\/","logo":{"@type":"ImageObject","inLanguage":"de","@id":"https:\/\/www.worldmeetings.com\/nl\/#\/schema\/logo\/image\/","url":"https:\/\/www.worldmeetings.com\/app\/uploads\/2024\/01\/worldmeetings.svg","contentUrl":"https:\/\/www.worldmeetings.com\/app\/uploads\/2024\/01\/worldmeetings.svg","width":208,"height":79,"caption":"Worldmeetings"},"image":{"@id":"https:\/\/www.worldmeetings.com\/nl\/#\/schema\/logo\/image\/"}}]}},"_links":{"self":[{"href":"https:\/\/www.worldmeetings.com\/de\/wp-json\/wp\/v2\/pages\/4616","targetHints":{"allow":["GET"]}}],"collection":[{"href":"https:\/\/www.worldmeetings.com\/de\/wp-json\/wp\/v2\/pages"}],"about":[{"href":"https:\/\/www.worldmeetings.com\/de\/wp-json\/wp\/v2\/types\/page"}],"author":[{"embeddable":true,"href":"https:\/\/www.worldmeetings.com\/de\/wp-json\/wp\/v2\/users\/10"}],"replies":[{"embeddable":true,"href":"https:\/\/www.worldmeetings.com\/de\/wp-json\/wp\/v2\/comments?post=4616"}],"version-history":[{"count":4,"href":"https:\/\/www.worldmeetings.com\/de\/wp-json\/wp\/v2\/pages\/4616\/revisions"}],"predecessor-version":[{"id":4620,"href":"https:\/\/www.worldmeetings.com\/de\/wp-json\/wp\/v2\/pages\/4616\/revisions\/4620"}],"up":[{"embeddable":true,"href":"https:\/\/www.worldmeetings.com\/de\/wp-json\/wp\/v2\/pages\/2769"}],"wp:attachment":[{"href":"https:\/\/www.worldmeetings.com\/de\/wp-json\/wp\/v2\/media?parent=4616"}],"curies":[{"name":"wp","href":"https:\/\/api.w.org\/{rel}","templated":true}]}}