{"id":4598,"date":"2024-03-12T10:31:05","date_gmt":"2024-03-12T10:31:05","guid":{"rendered":"https:\/\/www.worldmeetings.com\/?page_id=4598"},"modified":"2024-03-12T10:34:01","modified_gmt":"2024-03-12T10:34:01","slug":"wat-doet-worlmdeetings","status":"publish","type":"page","link":"https:\/\/www.worldmeetings.com\/de\/over-ons\/faq\/wat-doet-worlmdeetings\/","title":{"rendered":"Was macht Worldmeetings?"},"content":{"rendered":"<div data-elementor-type=\"wp-page\" data-elementor-id=\"4598\" class=\"elementor elementor-4598\" data-elementor-post-type=\"page\">\n\t\t\t\t<div class=\"elementor-element elementor-element-4a70a6ac e-con-full e-flex e-con e-parent\" data-id=\"4a70a6ac\" data-element_type=\"container\" data-settings=\"{&quot;background_background&quot;:&quot;classic&quot;,&quot;jet_parallax_layout_list&quot;:[]}\">\n\t\t<div class=\"elementor-element elementor-element-6c88f910 e-con-full e-flex e-con e-child\" data-id=\"6c88f910\" data-element_type=\"container\" data-settings=\"{&quot;background_background&quot;:&quot;classic&quot;,&quot;jet_parallax_layout_list&quot;:[]}\">\n\t\t<div class=\"elementor-element elementor-element-7efc6414 e-flex e-con-boxed e-con e-child\" data-id=\"7efc6414\" data-element_type=\"container\" data-settings=\"{&quot;jet_parallax_layout_list&quot;:[]}\">\n\t\t\t\t\t<div class=\"e-con-inner\">\n\t\t\t\t\t<\/div>\n\t\t\t\t<\/div>\n\t\t\t\t<div class=\"elementor-element elementor-element-8e0d1d8 elementor-widget elementor-widget-heading\" data-id=\"8e0d1d8\" data-element_type=\"widget\" data-widget_type=\"heading.default\">\n\t\t\t\t<div class=\"elementor-widget-container\">\n\t\t\t\t\t<h1 class=\"elementor-heading-title elementor-size-default\">Was bedeutet<br><br><br><br><strong>worldmeetings?<\/strong><\/h1>\t\t\t\t<\/div>\n\t\t\t\t<\/div>\n\t\t\t\t<\/div>\n\t\t\t\t<\/div>\n\t\t<div class=\"elementor-element elementor-element-c6bdb52 e-flex e-con-boxed elementor-invisible e-con e-parent\" data-id=\"c6bdb52\" data-element_type=\"container\" data-settings=\"{&quot;jet_parallax_layout_list&quot;:[],&quot;background_background&quot;:&quot;classic&quot;,&quot;animation&quot;:&quot;fadeInUp&quot;}\">\n\t\t\t\t\t<div class=\"e-con-inner\">\n\t\t<div class=\"elementor-element elementor-element-250ac5aa e-con-full e-flex e-con e-child\" data-id=\"250ac5aa\" data-element_type=\"container\" data-settings=\"{&quot;jet_parallax_layout_list&quot;:[]}\">\n\t\t\t\t<div class=\"elementor-element elementor-element-66061ad4 elementor-widget elementor-widget-heading\" data-id=\"66061ad4\" data-element_type=\"widget\" data-widget_type=\"heading.default\">\n\t\t\t\t<div class=\"elementor-widget-container\">\n\t\t\t\t\t<h2 class=\"elementor-heading-title elementor-size-default\">Das ist die Aufgabe von worldmeetings: <\/h2>\t\t\t\t<\/div>\n\t\t\t\t<\/div>\n\t\t\t\t<div class=\"elementor-element elementor-element-1954025d elementor-widget elementor-widget-text-editor\" data-id=\"1954025d\" data-element_type=\"widget\" data-widget_type=\"text-editor.default\">\n\t\t\t\t<div class=\"elementor-widget-container\">\n\t\t\t\t\t\t\t\t\t<p>Worldmeetings ist ein Vermittler f\u00fcr alle Ihre Gesch\u00e4ftstreffen. Denken Sie an die Buchung von Besprechungsr\u00e4umen au\u00dferhalb des B\u00fcros, Hotelunterk\u00fcnften, Veranstaltungen und einem Tisch in einem Restaurant. Wir nehmen Unternehmen die Sorgen ab, die mit dem Finden, Buchen, Verwalten und Bezahlen von Meetings verbunden sind.<\/p><p>Mit Worldmeetings. haben Unternehmen eine einzige Anlaufstelle f\u00fcr die Suche, Buchung und Abrechnung von Tagungsorten. Dar\u00fcber hinaus stellen wir unseren Kunden umfassende Managementinformationen zur Verf\u00fcgung, die ihnen einen Einblick in ihre Ausgaben f\u00fcr externe Tagungen geben.<\/p><p>Die Zusammenarbeit mit Worldmeetings beseitigt den \u00c4rger und die Unklarheiten, die entstehen, wenn Abteilungen ihre Meetings auf eigene Faust buchen. Was folgt, ist Klarheit und Einfachheit. Die Kunden sparen auch Geld, weil wir mit den Locations Rabatte vereinbaren. Wir k\u00f6nnen sie anbieten, weil wir als Vermittler viele Buchungen vornehmen.<\/p><p>Die angeschlossenen Veranstaltungsorte k\u00f6nnen im Gegenzug \u00fcber Worldmeetings.com Buchungen von Gro\u00dfkunden erhalten. Daher ist eine Partnerschaft mit Worldmeetings.com eine Win-Win-Situation f\u00fcr beide Seiten, Kunden und Veranstaltungsorte.<\/p><h3>Online-Plattform f\u00fcr die Suche, Buchung und Verwaltung von externen Sitzungsr\u00e4umen<\/h3><p>Unsere Plattform verkn\u00fcpft Angebot und Nachfrage. Wenn ein Veranstaltungsort mit uns verbunden ist, erscheint er im Buchungstool des Buchenden. Ein Veranstaltungsort entscheidet selbst, welche Texte und Fotos im Buchungstool angezeigt werden.<\/p><p>Buchende suchen, finden und buchen einen Tagungsort in unserem Tool. Es gibt mehr als 2.000 angeschlossene Veranstaltungsorte. Wenn der gew\u00fcnschte Veranstaltungsort nicht aufgelistet ist, kontaktiert Worldmeetings den Veranstaltungsort, um ihn zu verbinden.<\/p><p>Worldmeetings k\u00fcmmert sich auch um die gesamte finanzielle Abwicklung. Wir sind ein einziger Ansprechpartner f\u00fcr alle externen Meetings des Kunden. Auf diese Weise gibt es nur einen Kreditor f\u00fcr alle externen Meetings und nicht f\u00fcr jedes Meeting einen neuen Kreditor.<\/p><p>Sowohl f\u00fcr Kunden als auch f\u00fcr Standorte stellen wir bei Bedarf eine Verbindung zu Channel-Managern, Beschaffungs- und Abrechnungssystemen her.<\/p>\t\t\t\t\t\t\t\t<\/div>\n\t\t\t\t<\/div>\n\t\t\t\t<div class=\"elementor-element elementor-element-4cc4e369 elementor-align-left elementor-widget elementor-widget-button\" data-id=\"4cc4e369\" data-element_type=\"widget\" data-widget_type=\"button.default\">\n\t\t\t\t<div class=\"elementor-widget-container\">\n\t\t\t\t\t\t\t\t\t<div class=\"elementor-button-wrapper\">\n\t\t\t\t\t<a class=\"elementor-button elementor-button-link elementor-size-sm\" href=\"https:\/\/www.worldmeetings.com\/de\/voor-wie\/\">\n\t\t\t\t\t\t<span class=\"elementor-button-content-wrapper\">\n\t\t\t\t\t\t\t\t\t<span class=\"elementor-button-text\">Mehr lesen<\/span>\n\t\t\t\t\t<\/span>\n\t\t\t\t\t<\/a>\n\t\t\t\t<\/div>\n\t\t\t\t\t\t\t\t<\/div>\n\t\t\t\t<\/div>\n\t\t\t\t<\/div>\n\t\t\t\t\t<\/div>\n\t\t\t\t<\/div>\n\t\t<div class=\"elementor-element elementor-element-627fc38 e-flex e-con-boxed e-con e-parent\" data-id=\"627fc38\" data-element_type=\"container\" data-settings=\"{&quot;background_background&quot;:&quot;classic&quot;,&quot;jet_parallax_layout_list&quot;:[]}\">\n\t\t\t\t\t<div class=\"e-con-inner\">\n\t\t\t\t<div class=\"elementor-element elementor-element-b62f94d elementor-widget elementor-widget-heading\" data-id=\"b62f94d\" data-element_type=\"widget\" data-widget_type=\"heading.default\">\n\t\t\t\t<div class=\"elementor-widget-container\">\n\t\t\t\t\t<h2 class=\"elementor-heading-title elementor-size-default\"><br><br><br><br><br><br><br><br><br><br><br>Weitere Fragen finden Sie in unseren FAQ<\/h2>\t\t\t\t<\/div>\n\t\t\t\t<\/div>\n\t\t\t\t<div class=\"elementor-element elementor-element-7416754 elementor-align-right elementor-widget elementor-widget-button\" data-id=\"7416754\" data-element_type=\"widget\" data-widget_type=\"button.default\">\n\t\t\t\t<div class=\"elementor-widget-container\">\n\t\t\t\t\t\t\t\t\t<div class=\"elementor-button-wrapper\">\n\t\t\t\t\t<a class=\"elementor-button elementor-button-link elementor-size-sm\" href=\"https:\/\/www.worldmeetings.com\/de\/over-ons\/faq\/\">\n\t\t\t\t\t\t<span class=\"elementor-button-content-wrapper\">\n\t\t\t\t\t\t\t\t\t<span class=\"elementor-button-text\">        FAQ<\/span>\n\t\t\t\t\t<\/span>\n\t\t\t\t\t<\/a>\n\t\t\t\t<\/div>\n\t\t\t\t\t\t\t\t<\/div>\n\t\t\t\t<\/div>\n\t\t\t\t\t<\/div>\n\t\t\t\t<\/div>\n\t\t\t\t<\/div>","protected":false},"excerpt":{"rendered":"<p>Was macht worldmeetings? Das ist die Aufgabe von worldmeetings: Worldmeetings ist ein Vermittler f\u00fcr alle Ihre gesch\u00e4ftlichen Treffen. Denken Sie an die Buchung von Besprechungsr\u00e4umen au\u00dferhalb des B\u00fcros, Hotelunterk\u00fcnften, Veranstaltungen und einem Tisch in einem Restaurant. Wir nehmen Unternehmen die Sorgen ab, die mit dem Finden, Buchen, Verwalten und Bezahlen von Meetings verbunden sind. Organisationen haben mit Worldmeetings einen einzigen Ansprechpartner [...]<\/p>","protected":false},"author":10,"featured_media":0,"parent":2769,"menu_order":0,"comment_status":"closed","ping_status":"closed","template":"","meta":{"_acf_changed":false,"footnotes":""},"class_list":["post-4598","page","type-page","status-publish","hentry"],"acf":[],"yoast_head":"<!-- This site is optimized with the Yoast SEO plugin v26.5 - https:\/\/yoast.com\/wordpress\/plugins\/seo\/ -->\n<title>Wat doet Worldmeetings? - Worldmeetings<\/title>\n<meta name=\"robots\" content=\"index, follow, max-snippet:-1, max-image-preview:large, max-video-preview:-1\" \/>\n<link rel=\"canonical\" href=\"https:\/\/www.worldmeetings.com\/de\/over-ons\/faq\/wat-doet-worlmdeetings\/\" \/>\n<meta property=\"og:locale\" content=\"de_DE\" \/>\n<meta property=\"og:type\" content=\"article\" \/>\n<meta property=\"og:title\" content=\"Wat doet Worldmeetings? - Worldmeetings\" \/>\n<meta property=\"og:description\" content=\"Wat doet worldmeetings? Dit doet worldmeetings: Worldmeetings is een intermediair voor al uw zakelijke bijeenkomsten. Denk aan het boeken van vergaderruimtes buiten kantoor, hotelovernachtingen, events en een tafeltje in een restaurant. We nemen organisaties zorgen uit handen die komen kijken bij het zoeken, boeken, administreren en betalen van vergaderingen. Organisaties hebben met Worldmeetings. \u00e9\u00e9n aanspreekpunt [&hellip;]\" \/>\n<meta property=\"og:url\" content=\"https:\/\/www.worldmeetings.com\/de\/over-ons\/faq\/wat-doet-worlmdeetings\/\" \/>\n<meta property=\"og:site_name\" content=\"Worldmeetings\" \/>\n<meta property=\"article:modified_time\" content=\"2024-03-12T10:34:01+00:00\" \/>\n<meta name=\"twitter:card\" content=\"summary_large_image\" \/>\n<meta name=\"twitter:label1\" content=\"Est. reading time\" \/>\n\t<meta name=\"twitter:data1\" content=\"2\u00a0Minuten\" \/>\n<script type=\"application\/ld+json\" class=\"yoast-schema-graph\">{\"@context\":\"https:\/\/schema.org\",\"@graph\":[{\"@type\":\"WebPage\",\"@id\":\"https:\/\/www.worldmeetings.com\/over-ons\/faq\/wat-doet-worlmdeetings\/\",\"url\":\"https:\/\/www.worldmeetings.com\/over-ons\/faq\/wat-doet-worlmdeetings\/\",\"name\":\"Wat doet Worldmeetings? - Worldmeetings\",\"isPartOf\":{\"@id\":\"https:\/\/www.worldmeetings.com\/nl\/#website\"},\"datePublished\":\"2024-03-12T10:31:05+00:00\",\"dateModified\":\"2024-03-12T10:34:01+00:00\",\"breadcrumb\":{\"@id\":\"https:\/\/www.worldmeetings.com\/over-ons\/faq\/wat-doet-worlmdeetings\/#breadcrumb\"},\"inLanguage\":\"de\",\"potentialAction\":[{\"@type\":\"ReadAction\",\"target\":[\"https:\/\/www.worldmeetings.com\/over-ons\/faq\/wat-doet-worlmdeetings\/\"]}]},{\"@type\":\"BreadcrumbList\",\"@id\":\"https:\/\/www.worldmeetings.com\/over-ons\/faq\/wat-doet-worlmdeetings\/#breadcrumb\",\"itemListElement\":[{\"@type\":\"ListItem\",\"position\":1,\"name\":\"Home\",\"item\":\"https:\/\/www.worldmeetings.com\/nl\/\"},{\"@type\":\"ListItem\",\"position\":2,\"name\":\"Over ons\",\"item\":\"https:\/\/www.worldmeetings.com\/over-ons\/\"},{\"@type\":\"ListItem\",\"position\":3,\"name\":\"FAQ\",\"item\":\"https:\/\/www.worldmeetings.com\/over-ons\/faq\/\"},{\"@type\":\"ListItem\",\"position\":4,\"name\":\"Wat doet Worldmeetings?\"}]},{\"@type\":\"WebSite\",\"@id\":\"https:\/\/www.worldmeetings.com\/nl\/#website\",\"url\":\"https:\/\/www.worldmeetings.com\/nl\/\",\"name\":\"Worldmeetings\",\"description\":\"\",\"publisher\":{\"@id\":\"https:\/\/www.worldmeetings.com\/nl\/#organization\"},\"potentialAction\":[{\"@type\":\"SearchAction\",\"target\":{\"@type\":\"EntryPoint\",\"urlTemplate\":\"https:\/\/www.worldmeetings.com\/nl\/?s={search_term_string}\"},\"query-input\":{\"@type\":\"PropertyValueSpecification\",\"valueRequired\":true,\"valueName\":\"search_term_string\"}}],\"inLanguage\":\"de\"},{\"@type\":\"Organization\",\"@id\":\"https:\/\/www.worldmeetings.com\/nl\/#organization\",\"name\":\"Worldmeetings\",\"url\":\"https:\/\/www.worldmeetings.com\/nl\/\",\"logo\":{\"@type\":\"ImageObject\",\"inLanguage\":\"de\",\"@id\":\"https:\/\/www.worldmeetings.com\/nl\/#\/schema\/logo\/image\/\",\"url\":\"https:\/\/www.worldmeetings.com\/app\/uploads\/2024\/01\/worldmeetings.svg\",\"contentUrl\":\"https:\/\/www.worldmeetings.com\/app\/uploads\/2024\/01\/worldmeetings.svg\",\"width\":208,\"height\":79,\"caption\":\"Worldmeetings\"},\"image\":{\"@id\":\"https:\/\/www.worldmeetings.com\/nl\/#\/schema\/logo\/image\/\"}}]}<\/script>\n<!-- \/ Yoast SEO plugin. -->","yoast_head_json":{"title":"Wat doet Worldmeetings? - Worldmeetings","robots":{"index":"index","follow":"follow","max-snippet":"max-snippet:-1","max-image-preview":"max-image-preview:large","max-video-preview":"max-video-preview:-1"},"canonical":"https:\/\/www.worldmeetings.com\/de\/over-ons\/faq\/wat-doet-worlmdeetings\/","og_locale":"de_DE","og_type":"article","og_title":"Wat doet Worldmeetings? - Worldmeetings","og_description":"Wat doet worldmeetings? Dit doet worldmeetings: Worldmeetings is een intermediair voor al uw zakelijke bijeenkomsten. Denk aan het boeken van vergaderruimtes buiten kantoor, hotelovernachtingen, events en een tafeltje in een restaurant. We nemen organisaties zorgen uit handen die komen kijken bij het zoeken, boeken, administreren en betalen van vergaderingen. Organisaties hebben met Worldmeetings. \u00e9\u00e9n aanspreekpunt [&hellip;]","og_url":"https:\/\/www.worldmeetings.com\/de\/over-ons\/faq\/wat-doet-worlmdeetings\/","og_site_name":"Worldmeetings","article_modified_time":"2024-03-12T10:34:01+00:00","twitter_card":"summary_large_image","twitter_misc":{"Est. reading time":"2\u00a0Minuten"},"schema":{"@context":"https:\/\/schema.org","@graph":[{"@type":"WebPage","@id":"https:\/\/www.worldmeetings.com\/over-ons\/faq\/wat-doet-worlmdeetings\/","url":"https:\/\/www.worldmeetings.com\/over-ons\/faq\/wat-doet-worlmdeetings\/","name":"Wat doet Worldmeetings? - Worldmeetings","isPartOf":{"@id":"https:\/\/www.worldmeetings.com\/nl\/#website"},"datePublished":"2024-03-12T10:31:05+00:00","dateModified":"2024-03-12T10:34:01+00:00","breadcrumb":{"@id":"https:\/\/www.worldmeetings.com\/over-ons\/faq\/wat-doet-worlmdeetings\/#breadcrumb"},"inLanguage":"de","potentialAction":[{"@type":"ReadAction","target":["https:\/\/www.worldmeetings.com\/over-ons\/faq\/wat-doet-worlmdeetings\/"]}]},{"@type":"BreadcrumbList","@id":"https:\/\/www.worldmeetings.com\/over-ons\/faq\/wat-doet-worlmdeetings\/#breadcrumb","itemListElement":[{"@type":"ListItem","position":1,"name":"Home","item":"https:\/\/www.worldmeetings.com\/nl\/"},{"@type":"ListItem","position":2,"name":"Over ons","item":"https:\/\/www.worldmeetings.com\/over-ons\/"},{"@type":"ListItem","position":3,"name":"FAQ","item":"https:\/\/www.worldmeetings.com\/over-ons\/faq\/"},{"@type":"ListItem","position":4,"name":"Wat doet Worldmeetings?"}]},{"@type":"WebSite","@id":"https:\/\/www.worldmeetings.com\/nl\/#website","url":"https:\/\/www.worldmeetings.com\/nl\/","name":"Weltbegegnungen","description":"","publisher":{"@id":"https:\/\/www.worldmeetings.com\/nl\/#organization"},"potentialAction":[{"@type":"SearchAction","target":{"@type":"EntryPoint","urlTemplate":"https:\/\/www.worldmeetings.com\/nl\/?s={search_term_string}"},"query-input":{"@type":"PropertyValueSpecification","valueRequired":true,"valueName":"search_term_string"}}],"inLanguage":"de"},{"@type":"Organization","@id":"https:\/\/www.worldmeetings.com\/nl\/#organization","name":"Weltbegegnungen","url":"https:\/\/www.worldmeetings.com\/nl\/","logo":{"@type":"ImageObject","inLanguage":"de","@id":"https:\/\/www.worldmeetings.com\/nl\/#\/schema\/logo\/image\/","url":"https:\/\/www.worldmeetings.com\/app\/uploads\/2024\/01\/worldmeetings.svg","contentUrl":"https:\/\/www.worldmeetings.com\/app\/uploads\/2024\/01\/worldmeetings.svg","width":208,"height":79,"caption":"Worldmeetings"},"image":{"@id":"https:\/\/www.worldmeetings.com\/nl\/#\/schema\/logo\/image\/"}}]}},"_links":{"self":[{"href":"https:\/\/www.worldmeetings.com\/de\/wp-json\/wp\/v2\/pages\/4598","targetHints":{"allow":["GET"]}}],"collection":[{"href":"https:\/\/www.worldmeetings.com\/de\/wp-json\/wp\/v2\/pages"}],"about":[{"href":"https:\/\/www.worldmeetings.com\/de\/wp-json\/wp\/v2\/types\/page"}],"author":[{"embeddable":true,"href":"https:\/\/www.worldmeetings.com\/de\/wp-json\/wp\/v2\/users\/10"}],"replies":[{"embeddable":true,"href":"https:\/\/www.worldmeetings.com\/de\/wp-json\/wp\/v2\/comments?post=4598"}],"version-history":[{"count":5,"href":"https:\/\/www.worldmeetings.com\/de\/wp-json\/wp\/v2\/pages\/4598\/revisions"}],"predecessor-version":[{"id":4604,"href":"https:\/\/www.worldmeetings.com\/de\/wp-json\/wp\/v2\/pages\/4598\/revisions\/4604"}],"up":[{"embeddable":true,"href":"https:\/\/www.worldmeetings.com\/de\/wp-json\/wp\/v2\/pages\/2769"}],"wp:attachment":[{"href":"https:\/\/www.worldmeetings.com\/de\/wp-json\/wp\/v2\/media?parent=4598"}],"curies":[{"name":"wp","href":"https:\/\/api.w.org\/{rel}","templated":true}]}}