{"id":4590,"date":"2024-03-12T09:45:26","date_gmt":"2024-03-12T09:45:26","guid":{"rendered":"https:\/\/www.worldmeetings.com\/?page_id=4590"},"modified":"2024-03-12T09:56:00","modified_gmt":"2024-03-12T09:56:00","slug":"wat-is-een-ebird","status":"publish","type":"page","link":"https:\/\/www.worldmeetings.com\/de\/over-ons\/faq\/wat-is-een-ebird\/","title":{"rendered":"Was ist ein eBird?"},"content":{"rendered":"<div data-elementor-type=\"wp-page\" data-elementor-id=\"4590\" class=\"elementor elementor-4590\" data-elementor-post-type=\"page\">\n\t\t\t\t<div class=\"elementor-element elementor-element-4a70a6ac e-con-full e-flex e-con e-parent\" data-id=\"4a70a6ac\" data-element_type=\"container\" data-e-type=\"container\" data-settings=\"{&quot;background_background&quot;:&quot;classic&quot;,&quot;jet_parallax_layout_list&quot;:[]}\">\n\t\t<div class=\"elementor-element elementor-element-6c88f910 e-con-full e-flex e-con e-child\" data-id=\"6c88f910\" data-element_type=\"container\" data-e-type=\"container\" data-settings=\"{&quot;background_background&quot;:&quot;classic&quot;,&quot;jet_parallax_layout_list&quot;:[]}\">\n\t\t<div class=\"elementor-element elementor-element-7efc6414 e-flex e-con-boxed e-con e-child\" data-id=\"7efc6414\" data-element_type=\"container\" data-e-type=\"container\" data-settings=\"{&quot;jet_parallax_layout_list&quot;:[]}\">\n\t\t\t\t\t<div class=\"e-con-inner\">\n\t\t\t\t\t<\/div>\n\t\t\t\t<\/div>\n\t\t\t\t<div class=\"elementor-element elementor-element-8e0d1d8 elementor-widget elementor-widget-heading\" data-id=\"8e0d1d8\" data-element_type=\"widget\" data-e-type=\"widget\" data-widget_type=\"heading.default\">\n\t\t\t\t<div class=\"elementor-widget-container\">\n\t\t\t\t\t<h1 class=\"elementor-heading-title elementor-size-default\">Was ist ein<br><br><br><br><strong>Ebird?<\/strong><\/h1>\t\t\t\t<\/div>\n\t\t\t\t<\/div>\n\t\t\t\t<\/div>\n\t\t\t\t<\/div>\n\t\t<div class=\"elementor-element elementor-element-c6bdb52 e-flex e-con-boxed elementor-invisible e-con e-parent\" data-id=\"c6bdb52\" data-element_type=\"container\" data-e-type=\"container\" data-settings=\"{&quot;jet_parallax_layout_list&quot;:[],&quot;background_background&quot;:&quot;classic&quot;,&quot;animation&quot;:&quot;fadeInUp&quot;}\">\n\t\t\t\t\t<div class=\"e-con-inner\">\n\t\t<div class=\"elementor-element elementor-element-250ac5aa e-con-full e-flex e-con e-child\" data-id=\"250ac5aa\" data-element_type=\"container\" data-e-type=\"container\" data-settings=\"{&quot;jet_parallax_layout_list&quot;:[]}\">\n\t\t\t\t<div class=\"elementor-element elementor-element-66061ad4 elementor-widget elementor-widget-heading\" data-id=\"66061ad4\" data-element_type=\"widget\" data-e-type=\"widget\" data-widget_type=\"heading.default\">\n\t\t\t\t<div class=\"elementor-widget-container\">\n\t\t\t\t\t<h2 class=\"elementor-heading-title elementor-size-default\">Dies ist ein Ebird: <\/h2>\t\t\t\t<\/div>\n\t\t\t\t<\/div>\n\t\t\t\t<div class=\"elementor-element elementor-element-1954025d elementor-widget elementor-widget-text-editor\" data-id=\"1954025d\" data-element_type=\"widget\" data-e-type=\"widget\" data-widget_type=\"text-editor.default\">\n\t\t\t\t<div class=\"elementor-widget-container\">\n\t\t\t\t\t\t\t\t\t<p>eBird ist ein Chatsystem, mit dem Sie ganz einfach mit Worldmeetings kommunizieren k\u00f6nnen. Dank eBird findet die gesamte Kommunikation \u00fcber eine Buchung an einem Ort statt.<\/p>\n<h3><strong>Wie kann ich eBirds versenden?<\/strong><\/h3>\n<p>Sie sind Kunde und haben Fragen zu einer Buchung oder Rechnung? Dann k\u00f6nnen Sie uns \u00fcber eBird kontaktieren. Loggen Sie sich ein und gehen Sie zu Meine Datei. Suchen Sie Ihre Reservierung und \u00f6ffnen Sie sie. Klicken Sie auf die Schaltfl\u00e4che \"eBird\". Sie finden sie auf dem Reservierungsbildschirm.<\/p>\n<p>Sind Sie ein Standort und m\u00f6chten ein eBird senden? Dann loggen Sie sich in das CMS-Tool ein und gehen Sie zu Buchungen, Rechnungen und Zahlungen. Suchen Sie dort die Buchung oder Rechnung, um die es geht. \u00d6ffnen Sie sie. Es \u00f6ffnet sich ein Bildschirm, auf dem Sie die Schaltfl\u00e4che \"eBird\" finden. Wenn Sie auf diese Schaltfl\u00e4che klicken, kontaktieren Sie unser Serviceteam.<\/p>\n<h3><strong>Wie kann ich eBirds empfangen?<\/strong><\/h3>\n<p>Wenn wir Informationen von Ihnen ben\u00f6tigen, werden wir Ihnen ein eBird schicken. Sie werden dar\u00fcber per E-Mail benachrichtigt. Die E-Mail enth\u00e4lt einen Link. Klicken Sie auf den Link und melden Sie sich an. Sie gelangen dann zu Meine Datei (f\u00fcr Kunden) oder zum CMS-Tool (f\u00fcr Standorte). Dort k\u00f6nnen Sie die Informationen eingeben, die wir derzeit f\u00fcr eine Reservierung oder Rechnung ben\u00f6tigen<\/p>\n<h3><strong>Wie funktioniert das?<\/strong><\/h3>\n<p>Sie haben eine Reservierung \u00fcber das Buchungstool vorgenommen. Danach ben\u00f6tigen wir oft zus\u00e4tzliche Informationen von Ihnen. Denken Sie an die Ausr\u00fcstung, die Sie verwenden m\u00f6chten. Oder die Anforderungen an Speisen und Getr\u00e4nke. \u00dcber eBird werden Ihnen automatisch Fragen gestellt, die f\u00fcr Ihre Buchung wichtig sind. Es weist Sie zum Beispiel auch auf die Stornierungsfrist hin.<\/p>\n<p>Dar\u00fcber hinaus ist eBird wichtig, um Fragen zu stellen. \u00dcber eBird k\u00f6nnen Sie direkt mit unserem Serviceteam chatten. Dieses wird sich sofort um Ihre Anfrage k\u00fcmmern. Anrufe werden durch eBird \u00fcberfl\u00fcssig. Es geht sogar schneller, ein eBird zu senden als anzurufen. Au\u00dferdem ist es effizienter, weil sich alle Informationen an einem Ort befinden.<\/p>\n<p><strong>F\u00fcr Standorte<\/strong><\/p>\n<p>Wenn ein eBird an Ihren Standort gesendet wird, erhalten Sie eine Benachrichtigung dar\u00fcber per Post. Nachdem Sie sich bei uns angemeldet haben, sehen Sie auf dem Hauptbildschirm sofort die Benachrichtigung, dass ein eBird bereit ist. Wenn Sie es \u00f6ffnen, sehen Sie sofort eine \u00dcbersicht aller eBird-Chats. Sie k\u00f6nnen also auf diese eBirds reagieren.<\/p>\n<p>Standorte k\u00f6nnen auch selbst einen eBird-Chat starten. Dies kann auf 2 Arten geschehen.<\/p>\n<ul>\n<li><em>Fragen zu einer Reservierung<\/em><br>Wenn eine Reservierung best\u00e4tigt ist, k\u00f6nnen Sie von der Reservierung aus ein eBird senden. Wenn Sie die Reservierungsnummer in Ihren Buchungen nachschlagen und die Reservierung \u00f6ffnen, sehen Sie oben rechts die Schaltfl\u00e4che eBird-Chat starten. Auf diese Weise wird Ihre Frage zur Reservierung direkt an die richtige Person weitergeleitet.<\/li>\n<li><em>Allgemeine Fragen<\/em><br>Wenn Sie eine allgemeine Frage haben, die sich nicht auf eine Reservierung bezieht, k\u00f6nnen Sie eine allgemeine eBird-Nachricht verschicken. Diese Schaltfl\u00e4che finden Sie auf dem Hauptbildschirm unter der \u00dcberschrift Sonstiges.<br>Mutationen werden auch \u00fcber eBird gesendet. Wenn sich z.B. eine Sitzung \u00e4ndert, leitet unser Serviceteam eine Mutation dar\u00fcber weiter. Sie erhalten dar\u00fcber auch eine Benachrichtigung per Post.<\/li>\n<\/ul>\n<p><strong><em>Bitte beachten Sie, dass der Versand eines eBirds bei optionalen Buchungen nicht m\u00f6glich ist. Kommentare k\u00f6nnen in das Kommentarfeld des Angebots eingetragen werden.<\/em><\/strong><\/p>\n<h3>Arten von eBirds<\/h3>\n<p>Wenn Sie uns ein eBird schicken, geht es sofort bei uns ein. So k\u00f6nnen wir sofort mit der Bearbeitung Ihrer Anfrage beginnen. Wir versenden eBirds je nach Dringlichkeit: Es gibt 3 Arten von eBirds, die wir versenden:<\/p>\n<ul>\n<li><strong>Normale eBirds<\/strong> werden einmal t\u00e4glich um 6 Uhr morgens verschickt.<\/li>\n<li><strong>Prio eBirds<\/strong> werden f\u00fcr neue Anfragen verwendet. Wir verschicken sie dreimal t\u00e4glich. Dadurch erhalten Sie eine schnellere Antwort auf Ihre Anfrage.<\/li>\n<li><strong>Geschwindigkeit eBirds<\/strong> werden direkt an Sie gesendet, wenn die Nachricht nicht auf die normale oder prio eBird-Runde warten kann.<\/li>\n<\/ul>\n<h3>eBird statt E-Mail<\/h3>\n<p>eBirds haben die vielen Hin- und Her-E-Mails zwischen dem Kunden, Worldmeetings und den Veranstaltungsorten ersetzt. Das eBird-System b\u00fcndelt die Kommunikation \u00fcber eine Buchung an einem Ort. F\u00fcr Kunden ist dies Mein Dossier, f\u00fcr Veranstaltungsorte das CMS-Tool.<\/p>\n<p>Eine E-Mail ist also nicht mehr n\u00f6tig. Wir schicken nur noch eine E-Mail, wenn ein neues eBird f\u00fcr Sie bereitsteht. Diese E-Mail enth\u00e4lt dann auch einen Link zu Ihren eBirds, damit Sie schnell darauf zugreifen k\u00f6nnen.<\/p>\t\t\t\t\t\t\t\t<\/div>\n\t\t\t\t<\/div>\n\t\t\t\t<div class=\"elementor-element elementor-element-4cc4e369 elementor-align-left elementor-widget elementor-widget-button\" data-id=\"4cc4e369\" data-element_type=\"widget\" data-e-type=\"widget\" data-widget_type=\"button.default\">\n\t\t\t\t<div class=\"elementor-widget-container\">\n\t\t\t\t\t\t\t\t\t<div class=\"elementor-button-wrapper\">\n\t\t\t\t\t<a class=\"elementor-button elementor-button-link elementor-size-sm\" href=\"https:\/\/www.worldmeetings.com\/de\/over-ons\/faq\/\">\n\t\t\t\t\t\t<span class=\"elementor-button-content-wrapper\">\n\t\t\t\t\t\t\t\t\t<span class=\"elementor-button-text\">Zur\u00fcck zur \u00dcbersicht<\/span>\n\t\t\t\t\t<\/span>\n\t\t\t\t\t<\/a>\n\t\t\t\t<\/div>\n\t\t\t\t\t\t\t\t<\/div>\n\t\t\t\t<\/div>\n\t\t\t\t<\/div>\n\t\t\t\t\t<\/div>\n\t\t\t\t<\/div>\n\t\t<div class=\"elementor-element elementor-element-627fc38 e-flex e-con-boxed e-con e-parent\" data-id=\"627fc38\" data-element_type=\"container\" data-e-type=\"container\" data-settings=\"{&quot;background_background&quot;:&quot;classic&quot;,&quot;jet_parallax_layout_list&quot;:[]}\">\n\t\t\t\t\t<div class=\"e-con-inner\">\n\t\t\t\t<div class=\"elementor-element elementor-element-b62f94d elementor-widget elementor-widget-heading\" data-id=\"b62f94d\" data-element_type=\"widget\" data-e-type=\"widget\" data-widget_type=\"heading.default\">\n\t\t\t\t<div class=\"elementor-widget-container\">\n\t\t\t\t\t<h2 class=\"elementor-heading-title elementor-size-default\"><br><br><br><br><br><br><br><br><br><br><br>Weitere Fragen finden Sie in unseren FAQ<\/h2>\t\t\t\t<\/div>\n\t\t\t\t<\/div>\n\t\t\t\t<div class=\"elementor-element elementor-element-7416754 elementor-align-right elementor-widget elementor-widget-button\" data-id=\"7416754\" data-element_type=\"widget\" data-e-type=\"widget\" data-widget_type=\"button.default\">\n\t\t\t\t<div class=\"elementor-widget-container\">\n\t\t\t\t\t\t\t\t\t<div class=\"elementor-button-wrapper\">\n\t\t\t\t\t<a class=\"elementor-button elementor-button-link elementor-size-sm\" href=\"https:\/\/www.worldmeetings.com\/de\/over-ons\/faq\/\">\n\t\t\t\t\t\t<span class=\"elementor-button-content-wrapper\">\n\t\t\t\t\t\t\t\t\t<span class=\"elementor-button-text\">        FAQ<\/span>\n\t\t\t\t\t<\/span>\n\t\t\t\t\t<\/a>\n\t\t\t\t<\/div>\n\t\t\t\t\t\t\t\t<\/div>\n\t\t\t\t<\/div>\n\t\t\t\t\t<\/div>\n\t\t\t\t<\/div>\n\t\t\t\t<\/div>","protected":false},"excerpt":{"rendered":"<p>Wat is een Ebird? Dit is een ebird: eBird is een chatsysteem waarmee u makkelijk kunt communiceren met Worldmeetings. Dankzij eBird staat de hele communicatie over een reservering op \u00e9\u00e9n plek. Hoe kan ik eBirds versturen? Bent u opdrachtgever en heeft u vragen over een reservering of factuur? Dan kunt u via eBird contact met [&hellip;]<\/p>\n","protected":false},"author":10,"featured_media":0,"parent":2769,"menu_order":0,"comment_status":"closed","ping_status":"closed","template":"","meta":{"_acf_changed":false,"footnotes":""},"class_list":["post-4590","page","type-page","status-publish","hentry"],"acf":[],"yoast_head":"<!-- This site is optimized with the Yoast SEO plugin v27.3 - https:\/\/yoast.com\/product\/yoast-seo-wordpress\/ -->\n<title>Wat is een eBird? - Worldmeetings<\/title>\n<meta name=\"robots\" content=\"index, follow, max-snippet:-1, max-image-preview:large, max-video-preview:-1\" \/>\n<link rel=\"canonical\" href=\"https:\/\/www.worldmeetings.com\/de\/over-ons\/faq\/wat-is-een-ebird\/\" \/>\n<meta property=\"og:locale\" content=\"de_DE\" \/>\n<meta property=\"og:type\" content=\"article\" \/>\n<meta property=\"og:title\" content=\"Wat is een eBird? - Worldmeetings\" \/>\n<meta property=\"og:description\" content=\"Wat is een Ebird? Dit is een ebird: eBird is een chatsysteem waarmee u makkelijk kunt communiceren met Worldmeetings. Dankzij eBird staat de hele communicatie over een reservering op \u00e9\u00e9n plek. Hoe kan ik eBirds versturen? Bent u opdrachtgever en heeft u vragen over een reservering of factuur? Dan kunt u via eBird contact met [&hellip;]\" \/>\n<meta property=\"og:url\" content=\"https:\/\/www.worldmeetings.com\/de\/over-ons\/faq\/wat-is-een-ebird\/\" \/>\n<meta property=\"og:site_name\" content=\"Worldmeetings\" \/>\n<meta property=\"article:modified_time\" content=\"2024-03-12T09:56:00+00:00\" \/>\n<meta name=\"twitter:card\" content=\"summary_large_image\" \/>\n<meta name=\"twitter:label1\" content=\"Est. reading time\" \/>\n\t<meta name=\"twitter:data1\" content=\"4\u00a0Minuten\" \/>\n<script type=\"application\/ld+json\" class=\"yoast-schema-graph\">{\"@context\":\"https:\\\/\\\/schema.org\",\"@graph\":[{\"@type\":\"WebPage\",\"@id\":\"https:\\\/\\\/www.worldmeetings.com\\\/over-ons\\\/faq\\\/wat-is-een-ebird\\\/\",\"url\":\"https:\\\/\\\/www.worldmeetings.com\\\/over-ons\\\/faq\\\/wat-is-een-ebird\\\/\",\"name\":\"Wat is een eBird? - Worldmeetings\",\"isPartOf\":{\"@id\":\"https:\\\/\\\/www.worldmeetings.com\\\/nl\\\/#website\"},\"datePublished\":\"2024-03-12T09:45:26+00:00\",\"dateModified\":\"2024-03-12T09:56:00+00:00\",\"breadcrumb\":{\"@id\":\"https:\\\/\\\/www.worldmeetings.com\\\/over-ons\\\/faq\\\/wat-is-een-ebird\\\/#breadcrumb\"},\"inLanguage\":\"de\",\"potentialAction\":[{\"@type\":\"ReadAction\",\"target\":[\"https:\\\/\\\/www.worldmeetings.com\\\/over-ons\\\/faq\\\/wat-is-een-ebird\\\/\"]}]},{\"@type\":\"BreadcrumbList\",\"@id\":\"https:\\\/\\\/www.worldmeetings.com\\\/over-ons\\\/faq\\\/wat-is-een-ebird\\\/#breadcrumb\",\"itemListElement\":[{\"@type\":\"ListItem\",\"position\":1,\"name\":\"Home\",\"item\":\"https:\\\/\\\/www.worldmeetings.com\\\/nl\\\/\"},{\"@type\":\"ListItem\",\"position\":2,\"name\":\"Over ons\",\"item\":\"https:\\\/\\\/www.worldmeetings.com\\\/over-ons\\\/\"},{\"@type\":\"ListItem\",\"position\":3,\"name\":\"FAQ\",\"item\":\"https:\\\/\\\/www.worldmeetings.com\\\/over-ons\\\/faq\\\/\"},{\"@type\":\"ListItem\",\"position\":4,\"name\":\"Wat is een eBird?\"}]},{\"@type\":\"WebSite\",\"@id\":\"https:\\\/\\\/www.worldmeetings.com\\\/nl\\\/#website\",\"url\":\"https:\\\/\\\/www.worldmeetings.com\\\/nl\\\/\",\"name\":\"Worldmeetings\",\"description\":\"\",\"publisher\":{\"@id\":\"https:\\\/\\\/www.worldmeetings.com\\\/nl\\\/#organization\"},\"potentialAction\":[{\"@type\":\"SearchAction\",\"target\":{\"@type\":\"EntryPoint\",\"urlTemplate\":\"https:\\\/\\\/www.worldmeetings.com\\\/nl\\\/?s={search_term_string}\"},\"query-input\":{\"@type\":\"PropertyValueSpecification\",\"valueRequired\":true,\"valueName\":\"search_term_string\"}}],\"inLanguage\":\"de\"},{\"@type\":\"Organization\",\"@id\":\"https:\\\/\\\/www.worldmeetings.com\\\/nl\\\/#organization\",\"name\":\"Worldmeetings\",\"url\":\"https:\\\/\\\/www.worldmeetings.com\\\/nl\\\/\",\"logo\":{\"@type\":\"ImageObject\",\"inLanguage\":\"de\",\"@id\":\"https:\\\/\\\/www.worldmeetings.com\\\/nl\\\/#\\\/schema\\\/logo\\\/image\\\/\",\"url\":\"https:\\\/\\\/www.worldmeetings.com\\\/app\\\/uploads\\\/2024\\\/01\\\/worldmeetings.svg\",\"contentUrl\":\"https:\\\/\\\/www.worldmeetings.com\\\/app\\\/uploads\\\/2024\\\/01\\\/worldmeetings.svg\",\"width\":208,\"height\":79,\"caption\":\"Worldmeetings\"},\"image\":{\"@id\":\"https:\\\/\\\/www.worldmeetings.com\\\/nl\\\/#\\\/schema\\\/logo\\\/image\\\/\"}}]}<\/script>\n<!-- \/ Yoast SEO plugin. -->","yoast_head_json":{"title":"Wat is een eBird? - Worldmeetings","robots":{"index":"index","follow":"follow","max-snippet":"max-snippet:-1","max-image-preview":"max-image-preview:large","max-video-preview":"max-video-preview:-1"},"canonical":"https:\/\/www.worldmeetings.com\/de\/over-ons\/faq\/wat-is-een-ebird\/","og_locale":"de_DE","og_type":"article","og_title":"Wat is een eBird? - Worldmeetings","og_description":"Wat is een Ebird? Dit is een ebird: eBird is een chatsysteem waarmee u makkelijk kunt communiceren met Worldmeetings. Dankzij eBird staat de hele communicatie over een reservering op \u00e9\u00e9n plek. Hoe kan ik eBirds versturen? Bent u opdrachtgever en heeft u vragen over een reservering of factuur? Dan kunt u via eBird contact met [&hellip;]","og_url":"https:\/\/www.worldmeetings.com\/de\/over-ons\/faq\/wat-is-een-ebird\/","og_site_name":"Worldmeetings","article_modified_time":"2024-03-12T09:56:00+00:00","twitter_card":"summary_large_image","twitter_misc":{"Est. reading time":"4\u00a0Minuten"},"schema":{"@context":"https:\/\/schema.org","@graph":[{"@type":"WebPage","@id":"https:\/\/www.worldmeetings.com\/over-ons\/faq\/wat-is-een-ebird\/","url":"https:\/\/www.worldmeetings.com\/over-ons\/faq\/wat-is-een-ebird\/","name":"Wat is een eBird? - Worldmeetings","isPartOf":{"@id":"https:\/\/www.worldmeetings.com\/nl\/#website"},"datePublished":"2024-03-12T09:45:26+00:00","dateModified":"2024-03-12T09:56:00+00:00","breadcrumb":{"@id":"https:\/\/www.worldmeetings.com\/over-ons\/faq\/wat-is-een-ebird\/#breadcrumb"},"inLanguage":"de","potentialAction":[{"@type":"ReadAction","target":["https:\/\/www.worldmeetings.com\/over-ons\/faq\/wat-is-een-ebird\/"]}]},{"@type":"BreadcrumbList","@id":"https:\/\/www.worldmeetings.com\/over-ons\/faq\/wat-is-een-ebird\/#breadcrumb","itemListElement":[{"@type":"ListItem","position":1,"name":"Home","item":"https:\/\/www.worldmeetings.com\/nl\/"},{"@type":"ListItem","position":2,"name":"Over ons","item":"https:\/\/www.worldmeetings.com\/over-ons\/"},{"@type":"ListItem","position":3,"name":"FAQ","item":"https:\/\/www.worldmeetings.com\/over-ons\/faq\/"},{"@type":"ListItem","position":4,"name":"Wat is een eBird?"}]},{"@type":"WebSite","@id":"https:\/\/www.worldmeetings.com\/nl\/#website","url":"https:\/\/www.worldmeetings.com\/nl\/","name":"Weltbegegnungen","description":"","publisher":{"@id":"https:\/\/www.worldmeetings.com\/nl\/#organization"},"potentialAction":[{"@type":"SearchAction","target":{"@type":"EntryPoint","urlTemplate":"https:\/\/www.worldmeetings.com\/nl\/?s={search_term_string}"},"query-input":{"@type":"PropertyValueSpecification","valueRequired":true,"valueName":"search_term_string"}}],"inLanguage":"de"},{"@type":"Organization","@id":"https:\/\/www.worldmeetings.com\/nl\/#organization","name":"Weltbegegnungen","url":"https:\/\/www.worldmeetings.com\/nl\/","logo":{"@type":"ImageObject","inLanguage":"de","@id":"https:\/\/www.worldmeetings.com\/nl\/#\/schema\/logo\/image\/","url":"https:\/\/www.worldmeetings.com\/app\/uploads\/2024\/01\/worldmeetings.svg","contentUrl":"https:\/\/www.worldmeetings.com\/app\/uploads\/2024\/01\/worldmeetings.svg","width":208,"height":79,"caption":"Worldmeetings"},"image":{"@id":"https:\/\/www.worldmeetings.com\/nl\/#\/schema\/logo\/image\/"}}]}},"_links":{"self":[{"href":"https:\/\/www.worldmeetings.com\/de\/wp-json\/wp\/v2\/pages\/4590","targetHints":{"allow":["GET"]}}],"collection":[{"href":"https:\/\/www.worldmeetings.com\/de\/wp-json\/wp\/v2\/pages"}],"about":[{"href":"https:\/\/www.worldmeetings.com\/de\/wp-json\/wp\/v2\/types\/page"}],"author":[{"embeddable":true,"href":"https:\/\/www.worldmeetings.com\/de\/wp-json\/wp\/v2\/users\/10"}],"replies":[{"embeddable":true,"href":"https:\/\/www.worldmeetings.com\/de\/wp-json\/wp\/v2\/comments?post=4590"}],"version-history":[{"count":4,"href":"https:\/\/www.worldmeetings.com\/de\/wp-json\/wp\/v2\/pages\/4590\/revisions"}],"predecessor-version":[{"id":4597,"href":"https:\/\/www.worldmeetings.com\/de\/wp-json\/wp\/v2\/pages\/4590\/revisions\/4597"}],"up":[{"embeddable":true,"href":"https:\/\/www.worldmeetings.com\/de\/wp-json\/wp\/v2\/pages\/2769"}],"wp:attachment":[{"href":"https:\/\/www.worldmeetings.com\/de\/wp-json\/wp\/v2\/media?parent=4590"}],"curies":[{"name":"wp","href":"https:\/\/api.w.org\/{rel}","templated":true}]}}