{"id":3033,"date":"2024-02-26T14:17:53","date_gmt":"2024-02-26T14:17:53","guid":{"rendered":"https:\/\/www.worldmeetings.com\/?page_id=3033"},"modified":"2024-03-06T22:57:23","modified_gmt":"2024-03-06T22:57:23","slug":"voor-wie","status":"publish","type":"page","link":"https:\/\/www.worldmeetings.com\/de\/voor-wie\/","title":{"rendered":"F\u00fcr wen"},"content":{"rendered":"<div data-elementor-type=\"wp-page\" data-elementor-id=\"3033\" class=\"elementor elementor-3033\" data-elementor-post-type=\"page\">\n\t\t\t\t<div class=\"elementor-element elementor-element-4a70a6ac e-con-full e-flex e-con e-parent\" data-id=\"4a70a6ac\" data-element_type=\"container\" data-e-type=\"container\" data-settings=\"{&quot;background_background&quot;:&quot;classic&quot;,&quot;jet_parallax_layout_list&quot;:[]}\">\n\t\t<div class=\"elementor-element elementor-element-6c88f910 e-con-full e-flex e-con e-child\" data-id=\"6c88f910\" data-element_type=\"container\" data-e-type=\"container\" data-settings=\"{&quot;background_background&quot;:&quot;classic&quot;,&quot;jet_parallax_layout_list&quot;:[]}\">\n\t\t<div class=\"elementor-element elementor-element-7efc6414 e-flex e-con-boxed e-con e-child\" data-id=\"7efc6414\" data-element_type=\"container\" data-e-type=\"container\" data-settings=\"{&quot;jet_parallax_layout_list&quot;:[]}\">\n\t\t\t\t\t<div class=\"e-con-inner\">\n\t\t\t\t\t<\/div>\n\t\t\t\t<\/div>\n\t\t\t\t<div class=\"elementor-element elementor-element-e85489a elementor-widget elementor-widget-heading\" data-id=\"e85489a\" data-element_type=\"widget\" data-e-type=\"widget\" data-widget_type=\"heading.default\">\n\t\t\t\t<div class=\"elementor-widget-container\">\n\t\t\t\t\t<h1 class=\"elementor-heading-title elementor-size-default\">Ein Werkzeug. <br><br><br><br><strong>F\u00fcr alle<\/strong><\/h1>\t\t\t\t<\/div>\n\t\t\t\t<\/div>\n\t\t\t\t<\/div>\n\t\t\t\t<\/div>\n\t\t<div class=\"elementor-element elementor-element-6e3b7a2 e-flex e-con-boxed elementor-invisible e-con e-parent\" data-id=\"6e3b7a2\" data-element_type=\"container\" data-e-type=\"container\" data-settings=\"{&quot;background_background&quot;:&quot;classic&quot;,&quot;animation&quot;:&quot;fadeInUp&quot;,&quot;jet_parallax_layout_list&quot;:[]}\">\n\t\t\t\t\t<div class=\"e-con-inner\">\n\t\t<div class=\"elementor-element elementor-element-1d9f0c7 e-con-full e-flex e-con e-child\" data-id=\"1d9f0c7\" data-element_type=\"container\" data-e-type=\"container\" data-settings=\"{&quot;background_background&quot;:&quot;classic&quot;,&quot;jet_parallax_layout_list&quot;:[]}\">\n\t\t<div class=\"elementor-element elementor-element-352a2c8 ctaInfo e-flex e-con-boxed e-con e-child\" data-id=\"352a2c8\" data-element_type=\"container\" data-e-type=\"container\" data-settings=\"{&quot;background_background&quot;:&quot;classic&quot;,&quot;jet_parallax_layout_list&quot;:[]}\">\n\t\t\t\t\t<div class=\"e-con-inner\">\n\t\t\t\t<div class=\"elementor-element elementor-element-afd8bb0 elementor-widget elementor-widget-heading\" data-id=\"afd8bb0\" data-element_type=\"widget\" data-e-type=\"widget\" data-widget_type=\"heading.default\">\n\t\t\t\t<div class=\"elementor-widget-container\">\n\t\t\t\t\t<h2 class=\"elementor-heading-title elementor-size-default\">Kunden<\/h2>\t\t\t\t<\/div>\n\t\t\t\t<\/div>\n\t\t\t\t<div class=\"elementor-element elementor-element-3b84154 elementor-widget elementor-widget-text-editor\" data-id=\"3b84154\" data-element_type=\"widget\" data-e-type=\"widget\" data-widget_type=\"text-editor.default\">\n\t\t\t\t<div class=\"elementor-widget-container\">\n\t\t\t\t\t\t\t\t\tSparen Sie wertvolle Zeit, gewinnen Sie Einblick in die Ausgaben und treffen Sie fundierte, nachhaltige Entscheidungen.\t\t\t\t\t\t\t\t<\/div>\n\t\t\t\t<\/div>\n\t\t\t\t<div class=\"elementor-element elementor-element-7d04bdd elementor-align-center elementor-widget elementor-widget-button\" data-id=\"7d04bdd\" data-element_type=\"widget\" data-e-type=\"widget\" data-widget_type=\"button.default\">\n\t\t\t\t<div class=\"elementor-widget-container\">\n\t\t\t\t\t\t\t\t\t<div class=\"elementor-button-wrapper\">\n\t\t\t\t\t<a class=\"elementor-button elementor-button-link elementor-size-sm elementor-animation-grow\" href=\"https:\/\/www.worldmeetings.com\/de\/opdrachtgevers\/\">\n\t\t\t\t\t\t<span class=\"elementor-button-content-wrapper\">\n\t\t\t\t\t\t\t\t\t<span class=\"elementor-button-text\">Mehr lesen<\/span>\n\t\t\t\t\t<\/span>\n\t\t\t\t\t<\/a>\n\t\t\t\t<\/div>\n\t\t\t\t\t\t\t\t<\/div>\n\t\t\t\t<\/div>\n\t\t\t\t\t<\/div>\n\t\t\t\t<\/div>\n\t\t\t\t<\/div>\n\t\t<div class=\"elementor-element elementor-element-81e9f98 e-con-full e-flex e-con e-child\" data-id=\"81e9f98\" data-element_type=\"container\" data-e-type=\"container\" data-settings=\"{&quot;background_background&quot;:&quot;classic&quot;,&quot;jet_parallax_layout_list&quot;:[]}\">\n\t\t<div class=\"elementor-element elementor-element-ce282c6 ctaInfo e-flex e-con-boxed e-con e-child\" data-id=\"ce282c6\" data-element_type=\"container\" data-e-type=\"container\" data-settings=\"{&quot;background_background&quot;:&quot;classic&quot;,&quot;jet_parallax_layout_list&quot;:[]}\">\n\t\t\t\t\t<div class=\"e-con-inner\">\n\t\t\t\t<div class=\"elementor-element elementor-element-87b55d9 elementor-widget elementor-widget-heading\" data-id=\"87b55d9\" data-element_type=\"widget\" data-e-type=\"widget\" data-widget_type=\"heading.default\">\n\t\t\t\t<div class=\"elementor-widget-container\">\n\t\t\t\t\t<h2 class=\"elementor-heading-title elementor-size-default\">Bookers<\/h2>\t\t\t\t<\/div>\n\t\t\t\t<\/div>\n\t\t\t\t<div class=\"elementor-element elementor-element-baf241e elementor-widget elementor-widget-text-editor\" data-id=\"baf241e\" data-element_type=\"widget\" data-e-type=\"widget\" data-widget_type=\"text-editor.default\">\n\t\t\t\t<div class=\"elementor-widget-container\">\n\t\t\t\t\t\t\t\t\tErleben Sie den Komfort von WorldMeetings bei der Suche und Buchung Ihres perfekten Tagungsortes.\"\t\t\t\t\t\t\t\t<\/div>\n\t\t\t\t<\/div>\n\t\t\t\t<div class=\"elementor-element elementor-element-95e0cf5 elementor-align-center elementor-widget elementor-widget-button\" data-id=\"95e0cf5\" data-element_type=\"widget\" data-e-type=\"widget\" data-widget_type=\"button.default\">\n\t\t\t\t<div class=\"elementor-widget-container\">\n\t\t\t\t\t\t\t\t\t<div class=\"elementor-button-wrapper\">\n\t\t\t\t\t<a class=\"elementor-button elementor-button-link elementor-size-sm elementor-animation-grow\" href=\"https:\/\/www.worldmeetings.com\/de\/voor-wie-boekers-2\/\">\n\t\t\t\t\t\t<span class=\"elementor-button-content-wrapper\">\n\t\t\t\t\t\t\t\t\t<span class=\"elementor-button-text\">Mehr lesen<\/span>\n\t\t\t\t\t<\/span>\n\t\t\t\t\t<\/a>\n\t\t\t\t<\/div>\n\t\t\t\t\t\t\t\t<\/div>\n\t\t\t\t<\/div>\n\t\t\t\t\t<\/div>\n\t\t\t\t<\/div>\n\t\t\t\t<\/div>\n\t\t<div class=\"elementor-element elementor-element-882a9f4 e-con-full e-flex e-con e-child\" data-id=\"882a9f4\" data-element_type=\"container\" data-e-type=\"container\" data-settings=\"{&quot;background_background&quot;:&quot;classic&quot;,&quot;jet_parallax_layout_list&quot;:[]}\">\n\t\t<div class=\"elementor-element elementor-element-79a3f0c ctaInfo e-flex e-con-boxed e-con e-child\" data-id=\"79a3f0c\" data-element_type=\"container\" data-e-type=\"container\" data-settings=\"{&quot;background_background&quot;:&quot;classic&quot;,&quot;jet_parallax_layout_list&quot;:[]}\">\n\t\t\t\t\t<div class=\"e-con-inner\">\n\t\t\t\t<div class=\"elementor-element elementor-element-f9aa561 elementor-widget elementor-widget-heading\" data-id=\"f9aa561\" data-element_type=\"widget\" data-e-type=\"widget\" data-widget_type=\"heading.default\">\n\t\t\t\t<div class=\"elementor-widget-container\">\n\t\t\t\t\t<h2 class=\"elementor-heading-title elementor-size-default\">Standorte<\/h2>\t\t\t\t<\/div>\n\t\t\t\t<\/div>\n\t\t\t\t<div class=\"elementor-element elementor-element-7feb3bf elementor-widget elementor-widget-text-editor\" data-id=\"7feb3bf\" data-element_type=\"widget\" data-e-type=\"widget\" data-widget_type=\"text-editor.default\">\n\t\t\t\t<div class=\"elementor-widget-container\">\n\t\t\t\t\t\t\t\t\tWerden Sie ein gesch\u00e4tzter Partner von WorldMeetings und erweitern Sie Ihre Reichweite als Tagungsort\".\t\t\t\t\t\t\t\t<\/div>\n\t\t\t\t<\/div>\n\t\t\t\t<div class=\"elementor-element elementor-element-64fe61c elementor-align-center elementor-widget elementor-widget-button\" data-id=\"64fe61c\" data-element_type=\"widget\" data-e-type=\"widget\" data-widget_type=\"button.default\">\n\t\t\t\t<div class=\"elementor-widget-container\">\n\t\t\t\t\t\t\t\t\t<div class=\"elementor-button-wrapper\">\n\t\t\t\t\t<a class=\"elementor-button elementor-button-link elementor-size-sm elementor-animation-grow\" href=\"https:\/\/www.worldmeetings.com\/de\/voor-wie\/locatiepartners\/\">\n\t\t\t\t\t\t<span class=\"elementor-button-content-wrapper\">\n\t\t\t\t\t\t\t\t\t<span class=\"elementor-button-text\">Mehr lesen<\/span>\n\t\t\t\t\t<\/span>\n\t\t\t\t\t<\/a>\n\t\t\t\t<\/div>\n\t\t\t\t\t\t\t\t<\/div>\n\t\t\t\t<\/div>\n\t\t\t\t\t<\/div>\n\t\t\t\t<\/div>\n\t\t\t\t<\/div>\n\t\t\t\t\t<\/div>\n\t\t\t\t<\/div>\n\t\t\t\t<\/div>","protected":false},"excerpt":{"rendered":"<p>Ein Werkzeug. F\u00fcr alle Kunden Sparen Sie wertvolle Zeit, gewinnen Sie Einblick in die Kosten und treffen Sie fundierte, nachhaltige Entscheidungen. Lesen Sie mehr Bucher Erleben Sie den Komfort von WorldMeetings bei der Suche und Buchung Ihres perfekten Tagungsortes.\" Lesen Sie mehr Veranstaltungsorte Werden Sie ein gesch\u00e4tzter Partner von WorldMeetings und vergr\u00f6\u00dfern Sie Ihre Reichweite als Veranstaltungsort.\" Mehr lesen<\/p>","protected":false},"author":9,"featured_media":0,"parent":0,"menu_order":0,"comment_status":"closed","ping_status":"closed","template":"","meta":{"_acf_changed":false,"footnotes":""},"class_list":["post-3033","page","type-page","status-publish","hentry"],"acf":[],"yoast_head":"<!-- This site is optimized with the Yoast SEO plugin v27.3 - https:\/\/yoast.com\/product\/yoast-seo-wordpress\/ -->\n<title>Voor wie - Worldmeetings<\/title>\n<meta name=\"description\" content=\"Ontdek het gemak van vergaderingen boeken bij WorldMeetings. Profiteer van onze deskundige ondersteuning voor een vlekkeloze ontmoeting.\" \/>\n<meta name=\"robots\" content=\"index, follow, max-snippet:-1, max-image-preview:large, max-video-preview:-1\" \/>\n<link rel=\"canonical\" href=\"https:\/\/www.worldmeetings.com\/de\/voor-wie\/\" \/>\n<meta property=\"og:locale\" content=\"de_DE\" \/>\n<meta property=\"og:type\" content=\"article\" \/>\n<meta property=\"og:title\" content=\"Voor wie - Worldmeetings\" \/>\n<meta property=\"og:description\" content=\"Ontdek het gemak van vergaderingen boeken bij WorldMeetings. Profiteer van onze deskundige ondersteuning voor een vlekkeloze ontmoeting.\" \/>\n<meta property=\"og:url\" content=\"https:\/\/www.worldmeetings.com\/de\/voor-wie\/\" \/>\n<meta property=\"og:site_name\" content=\"Worldmeetings\" \/>\n<meta property=\"article:modified_time\" content=\"2024-03-06T22:57:23+00:00\" \/>\n<meta name=\"twitter:card\" content=\"summary_large_image\" \/>\n<meta name=\"twitter:label1\" content=\"Est. reading time\" \/>\n\t<meta name=\"twitter:data1\" content=\"1\u00a0Minute\" \/>\n<script type=\"application\/ld+json\" class=\"yoast-schema-graph\">{\"@context\":\"https:\\\/\\\/schema.org\",\"@graph\":[{\"@type\":\"WebPage\",\"@id\":\"https:\\\/\\\/www.worldmeetings.com\\\/nl\\\/voor-wie\\\/\",\"url\":\"https:\\\/\\\/www.worldmeetings.com\\\/nl\\\/voor-wie\\\/\",\"name\":\"Voor wie - Worldmeetings\",\"isPartOf\":{\"@id\":\"https:\\\/\\\/www.worldmeetings.com\\\/nl\\\/#website\"},\"datePublished\":\"2024-02-26T14:17:53+00:00\",\"dateModified\":\"2024-03-06T22:57:23+00:00\",\"description\":\"Ontdek het gemak van vergaderingen boeken bij WorldMeetings. Profiteer van onze deskundige ondersteuning voor een vlekkeloze ontmoeting.\",\"breadcrumb\":{\"@id\":\"https:\\\/\\\/www.worldmeetings.com\\\/nl\\\/voor-wie\\\/#breadcrumb\"},\"inLanguage\":\"de\",\"potentialAction\":[{\"@type\":\"ReadAction\",\"target\":[\"https:\\\/\\\/www.worldmeetings.com\\\/nl\\\/voor-wie\\\/\"]}]},{\"@type\":\"BreadcrumbList\",\"@id\":\"https:\\\/\\\/www.worldmeetings.com\\\/nl\\\/voor-wie\\\/#breadcrumb\",\"itemListElement\":[{\"@type\":\"ListItem\",\"position\":1,\"name\":\"Home\",\"item\":\"https:\\\/\\\/www.worldmeetings.com\\\/nl\\\/\"},{\"@type\":\"ListItem\",\"position\":2,\"name\":\"Voor wie\"}]},{\"@type\":\"WebSite\",\"@id\":\"https:\\\/\\\/www.worldmeetings.com\\\/nl\\\/#website\",\"url\":\"https:\\\/\\\/www.worldmeetings.com\\\/nl\\\/\",\"name\":\"Worldmeetings\",\"description\":\"\",\"publisher\":{\"@id\":\"https:\\\/\\\/www.worldmeetings.com\\\/nl\\\/#organization\"},\"potentialAction\":[{\"@type\":\"SearchAction\",\"target\":{\"@type\":\"EntryPoint\",\"urlTemplate\":\"https:\\\/\\\/www.worldmeetings.com\\\/nl\\\/?s={search_term_string}\"},\"query-input\":{\"@type\":\"PropertyValueSpecification\",\"valueRequired\":true,\"valueName\":\"search_term_string\"}}],\"inLanguage\":\"de\"},{\"@type\":\"Organization\",\"@id\":\"https:\\\/\\\/www.worldmeetings.com\\\/nl\\\/#organization\",\"name\":\"Worldmeetings\",\"url\":\"https:\\\/\\\/www.worldmeetings.com\\\/nl\\\/\",\"logo\":{\"@type\":\"ImageObject\",\"inLanguage\":\"de\",\"@id\":\"https:\\\/\\\/www.worldmeetings.com\\\/nl\\\/#\\\/schema\\\/logo\\\/image\\\/\",\"url\":\"https:\\\/\\\/www.worldmeetings.com\\\/app\\\/uploads\\\/2024\\\/01\\\/worldmeetings.svg\",\"contentUrl\":\"https:\\\/\\\/www.worldmeetings.com\\\/app\\\/uploads\\\/2024\\\/01\\\/worldmeetings.svg\",\"width\":208,\"height\":79,\"caption\":\"Worldmeetings\"},\"image\":{\"@id\":\"https:\\\/\\\/www.worldmeetings.com\\\/nl\\\/#\\\/schema\\\/logo\\\/image\\\/\"}}]}<\/script>\n<!-- \/ Yoast SEO plugin. -->","yoast_head_json":{"title":"Voor wie - Worldmeetings","description":"Entdecken Sie die Bequemlichkeit, Meetings mit WorldMeetings zu buchen. Profitieren Sie von unserer fachkundigen Unterst\u00fctzung f\u00fcr ein perfektes Meeting.","robots":{"index":"index","follow":"follow","max-snippet":"max-snippet:-1","max-image-preview":"max-image-preview:large","max-video-preview":"max-video-preview:-1"},"canonical":"https:\/\/www.worldmeetings.com\/de\/voor-wie\/","og_locale":"de_DE","og_type":"article","og_title":"Voor wie - Worldmeetings","og_description":"Ontdek het gemak van vergaderingen boeken bij WorldMeetings. Profiteer van onze deskundige ondersteuning voor een vlekkeloze ontmoeting.","og_url":"https:\/\/www.worldmeetings.com\/de\/voor-wie\/","og_site_name":"Worldmeetings","article_modified_time":"2024-03-06T22:57:23+00:00","twitter_card":"summary_large_image","twitter_misc":{"Est. reading time":"1\u00a0Minute"},"schema":{"@context":"https:\/\/schema.org","@graph":[{"@type":"WebPage","@id":"https:\/\/www.worldmeetings.com\/nl\/voor-wie\/","url":"https:\/\/www.worldmeetings.com\/nl\/voor-wie\/","name":"Voor wie - Worldmeetings","isPartOf":{"@id":"https:\/\/www.worldmeetings.com\/nl\/#website"},"datePublished":"2024-02-26T14:17:53+00:00","dateModified":"2024-03-06T22:57:23+00:00","description":"Entdecken Sie die Bequemlichkeit, Meetings mit WorldMeetings zu buchen. Profitieren Sie von unserer fachkundigen Unterst\u00fctzung f\u00fcr ein perfektes Meeting.","breadcrumb":{"@id":"https:\/\/www.worldmeetings.com\/nl\/voor-wie\/#breadcrumb"},"inLanguage":"de","potentialAction":[{"@type":"ReadAction","target":["https:\/\/www.worldmeetings.com\/nl\/voor-wie\/"]}]},{"@type":"BreadcrumbList","@id":"https:\/\/www.worldmeetings.com\/nl\/voor-wie\/#breadcrumb","itemListElement":[{"@type":"ListItem","position":1,"name":"Home","item":"https:\/\/www.worldmeetings.com\/nl\/"},{"@type":"ListItem","position":2,"name":"Voor wie"}]},{"@type":"WebSite","@id":"https:\/\/www.worldmeetings.com\/nl\/#website","url":"https:\/\/www.worldmeetings.com\/nl\/","name":"Weltbegegnungen","description":"","publisher":{"@id":"https:\/\/www.worldmeetings.com\/nl\/#organization"},"potentialAction":[{"@type":"SearchAction","target":{"@type":"EntryPoint","urlTemplate":"https:\/\/www.worldmeetings.com\/nl\/?s={search_term_string}"},"query-input":{"@type":"PropertyValueSpecification","valueRequired":true,"valueName":"search_term_string"}}],"inLanguage":"de"},{"@type":"Organization","@id":"https:\/\/www.worldmeetings.com\/nl\/#organization","name":"Weltbegegnungen","url":"https:\/\/www.worldmeetings.com\/nl\/","logo":{"@type":"ImageObject","inLanguage":"de","@id":"https:\/\/www.worldmeetings.com\/nl\/#\/schema\/logo\/image\/","url":"https:\/\/www.worldmeetings.com\/app\/uploads\/2024\/01\/worldmeetings.svg","contentUrl":"https:\/\/www.worldmeetings.com\/app\/uploads\/2024\/01\/worldmeetings.svg","width":208,"height":79,"caption":"Worldmeetings"},"image":{"@id":"https:\/\/www.worldmeetings.com\/nl\/#\/schema\/logo\/image\/"}}]}},"_links":{"self":[{"href":"https:\/\/www.worldmeetings.com\/de\/wp-json\/wp\/v2\/pages\/3033","targetHints":{"allow":["GET"]}}],"collection":[{"href":"https:\/\/www.worldmeetings.com\/de\/wp-json\/wp\/v2\/pages"}],"about":[{"href":"https:\/\/www.worldmeetings.com\/de\/wp-json\/wp\/v2\/types\/page"}],"author":[{"embeddable":true,"href":"https:\/\/www.worldmeetings.com\/de\/wp-json\/wp\/v2\/users\/9"}],"replies":[{"embeddable":true,"href":"https:\/\/www.worldmeetings.com\/de\/wp-json\/wp\/v2\/comments?post=3033"}],"version-history":[{"count":14,"href":"https:\/\/www.worldmeetings.com\/de\/wp-json\/wp\/v2\/pages\/3033\/revisions"}],"predecessor-version":[{"id":4393,"href":"https:\/\/www.worldmeetings.com\/de\/wp-json\/wp\/v2\/pages\/3033\/revisions\/4393"}],"wp:attachment":[{"href":"https:\/\/www.worldmeetings.com\/de\/wp-json\/wp\/v2\/media?parent=3033"}],"curies":[{"name":"wp","href":"https:\/\/api.w.org\/{rel}","templated":true}]}}