{"id":2880,"date":"2024-02-23T15:40:18","date_gmt":"2024-02-23T15:40:18","guid":{"rendered":"https:\/\/www.worldmeetings.com\/?page_id=2880"},"modified":"2024-03-21T11:11:30","modified_gmt":"2024-03-21T11:11:30","slug":"opdrachtgevers","status":"publish","type":"page","link":"https:\/\/www.worldmeetings.com\/de\/kennis\/business-cases\/opdrachtgevers\/","title":{"rendered":"Kunden"},"content":{"rendered":"<div data-elementor-type=\"wp-page\" data-elementor-id=\"2880\" class=\"elementor elementor-2880\" data-elementor-post-type=\"page\">\n\t\t\t\t<div class=\"elementor-element elementor-element-102c7e3d e-con-full e-flex e-con e-parent\" data-id=\"102c7e3d\" data-element_type=\"container\" data-e-type=\"container\" data-settings=\"{&quot;background_background&quot;:&quot;classic&quot;,&quot;jet_parallax_layout_list&quot;:[]}\">\n\t\t<div class=\"elementor-element elementor-element-1ff8ca90 e-con-full e-flex e-con e-child\" data-id=\"1ff8ca90\" data-element_type=\"container\" data-e-type=\"container\" data-settings=\"{&quot;background_background&quot;:&quot;classic&quot;,&quot;jet_parallax_layout_list&quot;:[]}\">\n\t\t<div class=\"elementor-element elementor-element-27835d4b e-flex e-con-boxed e-con e-child\" data-id=\"27835d4b\" data-element_type=\"container\" data-e-type=\"container\" data-settings=\"{&quot;jet_parallax_layout_list&quot;:[]}\">\n\t\t\t\t\t<div class=\"e-con-inner\">\n\t\t\t\t\t<\/div>\n\t\t\t\t<\/div>\n\t\t\t\t<div class=\"elementor-element elementor-element-2effe593 elementor-widget elementor-widget-heading\" data-id=\"2effe593\" data-element_type=\"widget\" data-e-type=\"widget\" data-widget_type=\"heading.default\">\n\t\t\t\t<div class=\"elementor-widget-container\">\n\t\t\t\t\t<h2 class=\"elementor-heading-title elementor-size-default\">Business Case <br><br><br><br><strong>Kunden.<\/strong><\/h2>\t\t\t\t<\/div>\n\t\t\t\t<\/div>\n\t\t\t\t<\/div>\n\t\t\t\t<\/div>\n\t\t<div class=\"elementor-element elementor-element-423c3d05 e-flex e-con-boxed elementor-invisible e-con e-parent\" data-id=\"423c3d05\" data-element_type=\"container\" data-e-type=\"container\" data-settings=\"{&quot;jet_parallax_layout_list&quot;:[],&quot;background_background&quot;:&quot;classic&quot;,&quot;animation&quot;:&quot;fadeInUp&quot;}\">\n\t\t\t\t\t<div class=\"e-con-inner\">\n\t\t<div class=\"elementor-element elementor-element-1ca9fd00 e-con-full e-flex e-con e-child\" data-id=\"1ca9fd00\" data-element_type=\"container\" data-e-type=\"container\" data-settings=\"{&quot;jet_parallax_layout_list&quot;:[]}\">\n\t\t\t\t<div class=\"elementor-element elementor-element-6609d025 elementor-widget elementor-widget-heading\" data-id=\"6609d025\" data-element_type=\"widget\" data-e-type=\"widget\" data-widget_type=\"heading.default\">\n\t\t\t\t<div class=\"elementor-widget-container\">\n\t\t\t\t\t<h2 class=\"elementor-heading-title elementor-size-default\">Worldmeetings arbeitet gerne mit:<\/h2>\t\t\t\t<\/div>\n\t\t\t\t<\/div>\n\t\t\t\t<div class=\"elementor-element elementor-element-36fc393e elementor-widget elementor-widget-text-editor\" data-id=\"36fc393e\" data-element_type=\"widget\" data-e-type=\"widget\" data-widget_type=\"text-editor.default\">\n\t\t\t\t<div class=\"elementor-widget-container\">\n\t\t\t\t\t\t\t\t\t<p>Worldmeetings verf\u00fcgt \u00fcber langj\u00e4hrige Erfahrung in der Buchung von Tagungen und \u00dcbernachtungen. Nat\u00fcrlich k\u00f6nnen wir dies nicht ohne unsere Kunden und Veranstaltungspartner tun, mit denen wir seit vielen Jahren gut zusammenarbeiten. Die Business Cases demonstrieren diese gute Zusammenarbeit f\u00fcr unsere potenziellen neuen Partner.<\/p>\t\t\t\t\t\t\t\t<\/div>\n\t\t\t\t<\/div>\n\t\t\t\t<\/div>\n\t\t\t\t\t<\/div>\n\t\t\t\t<\/div>\n\t\t<div class=\"elementor-element elementor-element-7f5f6930 e-con-full e-flex e-con e-parent\" data-id=\"7f5f6930\" data-element_type=\"container\" data-e-type=\"container\" data-settings=\"{&quot;jet_parallax_layout_list&quot;:[]}\">\n\t\t\t\t<div class=\"elementor-element elementor-element-2bd28918 elementor--h-position-center elementor--v-position-middle elementor-arrows-position-inside elementor-pagination-position-inside elementor-widget elementor-widget-slides\" data-id=\"2bd28918\" data-element_type=\"widget\" data-e-type=\"widget\" data-settings=\"{&quot;navigation&quot;:&quot;both&quot;,&quot;autoplay&quot;:&quot;yes&quot;,&quot;pause_on_hover&quot;:&quot;yes&quot;,&quot;pause_on_interaction&quot;:&quot;yes&quot;,&quot;autoplay_speed&quot;:5000,&quot;infinite&quot;:&quot;yes&quot;,&quot;transition&quot;:&quot;slide&quot;,&quot;transition_speed&quot;:500}\" data-widget_type=\"slides.default\">\n\t\t\t\t<div class=\"elementor-widget-container\">\n\t\t\t\t\t\t\t\t\t<div class=\"elementor-swiper\">\n\t\t\t\t\t<div class=\"elementor-slides-wrapper elementor-main-swiper swiper\" role=\"region\" aria-roledescription=\"carousel\" aria-label=\"Folien\" dir=\"ltr\" data-animation=\"fadeInUp\">\n\t\t\t\t<div class=\"swiper-wrapper elementor-slides\">\n\t\t\t\t\t\t\t\t\t\t<div class=\"elementor-repeater-item-f7b483b swiper-slide\" role=\"group\" aria-roledescription=\"slide\"><div class=\"swiper-slide-bg\" role=\"img\" aria-label=\"Business-Hotelbuchung\"><\/div><a class=\"swiper-slide-inner\" href=\"https:\/\/www.worldmeetings.com\/de\/business-case\/business-case-uwv\/\"><div class=\"swiper-slide-contents\"><div class=\"elementor-slide-heading\">UWV<\/div><div class=\"elementor-slide-description\">Worldmeetings.com \u00fcbernimmt f\u00fcr die UWV den gesamten Prozess der Beschaffung, Suche, Auswahl, Buchung, Verwaltung und finanziellen Abwicklung von Tagungen und \u00dcbernachtungen innerhalb der Niederlande. <\/div><div  class=\"elementor-button elementor-slide-button elementor-size-sm\">Mehr lesen<\/div><\/div><\/a><\/div><div class=\"elementor-repeater-item-83296d6 swiper-slide\" role=\"group\" aria-roledescription=\"slide\"><div class=\"swiper-slide-bg\" role=\"img\" aria-label=\"Gesch\u00e4ftliche Besprechungen\"><\/div><a class=\"swiper-slide-inner\" href=\"https:\/\/www.worldmeetings.com\/de\/business-case\/business-case-eneco\/\"><div class=\"swiper-slide-contents\"><div class=\"elementor-slide-heading\">Eneco<\/div><div class=\"elementor-slide-description\">\"Die Eneco-Gruppe hat in Worldmeetings.com einen Partner gefunden, der sowohl auf operativer als auch auf strategischer Ebene mitdenken kann. \"<\/div><div  class=\"elementor-button elementor-slide-button elementor-size-sm\">mehr lesen<\/div><\/div><\/a><\/div>\t\t\t\t<\/div>\n\t\t\t\t\t\t\t\t\t\t\t\t\t\t\t<div class=\"elementor-swiper-button elementor-swiper-button-prev\" role=\"button\" tabindex=\"0\" aria-label=\"Vorheriges Dia\">\n\t\t\t\t\t\t\t<svg aria-hidden=\"true\" class=\"e-font-icon-svg e-eicon-chevron-left\" viewbox=\"0 0 1000 1000\" xmlns=\"http:\/\/www.w3.org\/2000\/svg\"><path d=\"M646 125C629 125 613 133 604 142L308 442C296 454 292 471 292 487 292 504 296 521 308 533L604 854C617 867 629 875 646 875 663 875 679 871 692 858 704 846 713 829 713 812 713 796 708 779 692 767L438 487 692 225C700 217 708 204 708 187 708 171 704 154 692 142 675 129 663 125 646 125Z\"><\/path><\/svg>\t\t\t\t\t\t<\/div>\n\t\t\t\t\t\t<div class=\"elementor-swiper-button elementor-swiper-button-next\" role=\"button\" tabindex=\"0\" aria-label=\"N\u00e4chste Folie\">\n\t\t\t\t\t\t\t<svg aria-hidden=\"true\" class=\"e-font-icon-svg e-eicon-chevron-right\" viewbox=\"0 0 1000 1000\" xmlns=\"http:\/\/www.w3.org\/2000\/svg\"><path d=\"M696 533C708 521 713 504 713 487 713 471 708 454 696 446L400 146C388 133 375 125 354 125 338 125 325 129 313 142 300 154 292 171 292 187 292 204 296 221 308 233L563 492 304 771C292 783 288 800 288 817 288 833 296 850 308 863 321 871 338 875 354 875 371 875 388 867 400 854L696 533Z\"><\/path><\/svg>\t\t\t\t\t\t<\/div>\n\t\t\t\t\t\t\t\t\t\t\t\t\t\t\t\t<div class=\"swiper-pagination\"><\/div>\n\t\t\t\t\t\t\t\t\t\t\t\t<\/div>\n\t\t\t\t<\/div>\n\t\t\t\t\t\t\t\t<\/div>\n\t\t\t\t<\/div>\n\t\t\t\t<\/div>\n\t\t<div class=\"elementor-element elementor-element-c03b1a9 e-flex e-con-boxed e-con e-parent\" data-id=\"c03b1a9\" data-element_type=\"container\" data-e-type=\"container\" data-settings=\"{&quot;jet_parallax_layout_list&quot;:[]}\">\n\t\t\t\t\t<div class=\"e-con-inner\">\n\t\t<div class=\"elementor-element elementor-element-b97b840 e-con-full e-flex e-con e-child\" data-id=\"b97b840\" data-element_type=\"container\" data-e-type=\"container\" data-settings=\"{&quot;jet_parallax_layout_list&quot;:[]}\">\n\t\t\t\t<\/div>\n\t\t<div class=\"elementor-element elementor-element-dc586f4 e-con-full e-flex e-con e-child\" data-id=\"dc586f4\" data-element_type=\"container\" data-e-type=\"container\" data-settings=\"{&quot;jet_parallax_layout_list&quot;:[]}\">\n\t\t\t\t<\/div>\n\t\t\t\t\t<\/div>\n\t\t\t\t<\/div>\n\t\t\t\t<\/div>","protected":false},"excerpt":{"rendered":"<p>Business case Opdrachtgevers. Worldmeetings werkt graag met: Worldmeetings heeft jarenlange ervaring met het boeken van vergaderingen en overnachtingen. Dit kunnen wij natuurlijk niet zonder onze opdrachtgevers en locatie partners met wie wij al jarenlang een goede samenwerking hebben. De business cases laten deze goede samenwerking voor onze potenti\u00eble nieuwe partners zien. UWVWorldmeetings.com verzorgt voor UWV [&hellip;]<\/p>\n","protected":false},"author":10,"featured_media":0,"parent":2865,"menu_order":0,"comment_status":"closed","ping_status":"closed","template":"","meta":{"_acf_changed":false,"footnotes":""},"class_list":["post-2880","page","type-page","status-publish","hentry"],"acf":[],"yoast_head":"<!-- This site is optimized with the Yoast SEO plugin v27.3 - https:\/\/yoast.com\/product\/yoast-seo-wordpress\/ -->\n<title>Opdrachtgevers - Worldmeetings<\/title>\n<meta name=\"robots\" content=\"index, follow, max-snippet:-1, max-image-preview:large, max-video-preview:-1\" \/>\n<link rel=\"canonical\" href=\"https:\/\/www.worldmeetings.com\/de\/kennis\/business-cases\/opdrachtgevers\/\" \/>\n<meta property=\"og:locale\" content=\"de_DE\" \/>\n<meta property=\"og:type\" content=\"article\" \/>\n<meta property=\"og:title\" content=\"Opdrachtgevers - Worldmeetings\" \/>\n<meta property=\"og:description\" content=\"Business case Opdrachtgevers. Worldmeetings werkt graag met: Worldmeetings heeft jarenlange ervaring met het boeken van vergaderingen en overnachtingen. Dit kunnen wij natuurlijk niet zonder onze opdrachtgevers en locatie partners met wie wij al jarenlang een goede samenwerking hebben. De business cases laten deze goede samenwerking voor onze potenti\u00eble nieuwe partners zien. UWVWorldmeetings.com verzorgt voor UWV [&hellip;]\" \/>\n<meta property=\"og:url\" content=\"https:\/\/www.worldmeetings.com\/de\/kennis\/business-cases\/opdrachtgevers\/\" \/>\n<meta property=\"og:site_name\" content=\"Worldmeetings\" \/>\n<meta property=\"article:modified_time\" content=\"2024-03-21T11:11:30+00:00\" \/>\n<meta name=\"twitter:card\" content=\"summary_large_image\" \/>\n<meta name=\"twitter:label1\" content=\"Est. reading time\" \/>\n\t<meta name=\"twitter:data1\" content=\"1\u00a0Minute\" \/>\n<script type=\"application\/ld+json\" class=\"yoast-schema-graph\">{\"@context\":\"https:\\\/\\\/schema.org\",\"@graph\":[{\"@type\":\"WebPage\",\"@id\":\"https:\\\/\\\/www.worldmeetings.com\\\/en\\\/kennis\\\/business-cases\\\/opdrachtgevers\\\/\",\"url\":\"https:\\\/\\\/www.worldmeetings.com\\\/en\\\/kennis\\\/business-cases\\\/opdrachtgevers\\\/\",\"name\":\"Opdrachtgevers - Worldmeetings\",\"isPartOf\":{\"@id\":\"https:\\\/\\\/www.worldmeetings.com\\\/nl\\\/#website\"},\"datePublished\":\"2024-02-23T15:40:18+00:00\",\"dateModified\":\"2024-03-21T11:11:30+00:00\",\"breadcrumb\":{\"@id\":\"https:\\\/\\\/www.worldmeetings.com\\\/en\\\/kennis\\\/business-cases\\\/opdrachtgevers\\\/#breadcrumb\"},\"inLanguage\":\"de\",\"potentialAction\":[{\"@type\":\"ReadAction\",\"target\":[\"https:\\\/\\\/www.worldmeetings.com\\\/en\\\/kennis\\\/business-cases\\\/opdrachtgevers\\\/\"]}]},{\"@type\":\"BreadcrumbList\",\"@id\":\"https:\\\/\\\/www.worldmeetings.com\\\/en\\\/kennis\\\/business-cases\\\/opdrachtgevers\\\/#breadcrumb\",\"itemListElement\":[{\"@type\":\"ListItem\",\"position\":1,\"name\":\"Home\",\"item\":\"https:\\\/\\\/www.worldmeetings.com\\\/nl\\\/\"},{\"@type\":\"ListItem\",\"position\":2,\"name\":\"Kennis\",\"item\":\"https:\\\/\\\/www.worldmeetings.com\\\/nl\\\/kennis\\\/\"},{\"@type\":\"ListItem\",\"position\":3,\"name\":\"Business cases\",\"item\":\"https:\\\/\\\/www.worldmeetings.com\\\/fr\\\/kennis\\\/business-cases\\\/\"},{\"@type\":\"ListItem\",\"position\":4,\"name\":\"Opdrachtgevers\"}]},{\"@type\":\"WebSite\",\"@id\":\"https:\\\/\\\/www.worldmeetings.com\\\/nl\\\/#website\",\"url\":\"https:\\\/\\\/www.worldmeetings.com\\\/nl\\\/\",\"name\":\"Worldmeetings\",\"description\":\"\",\"publisher\":{\"@id\":\"https:\\\/\\\/www.worldmeetings.com\\\/nl\\\/#organization\"},\"potentialAction\":[{\"@type\":\"SearchAction\",\"target\":{\"@type\":\"EntryPoint\",\"urlTemplate\":\"https:\\\/\\\/www.worldmeetings.com\\\/nl\\\/?s={search_term_string}\"},\"query-input\":{\"@type\":\"PropertyValueSpecification\",\"valueRequired\":true,\"valueName\":\"search_term_string\"}}],\"inLanguage\":\"de\"},{\"@type\":\"Organization\",\"@id\":\"https:\\\/\\\/www.worldmeetings.com\\\/nl\\\/#organization\",\"name\":\"Worldmeetings\",\"url\":\"https:\\\/\\\/www.worldmeetings.com\\\/nl\\\/\",\"logo\":{\"@type\":\"ImageObject\",\"inLanguage\":\"de\",\"@id\":\"https:\\\/\\\/www.worldmeetings.com\\\/nl\\\/#\\\/schema\\\/logo\\\/image\\\/\",\"url\":\"https:\\\/\\\/www.worldmeetings.com\\\/app\\\/uploads\\\/2024\\\/01\\\/worldmeetings.svg\",\"contentUrl\":\"https:\\\/\\\/www.worldmeetings.com\\\/app\\\/uploads\\\/2024\\\/01\\\/worldmeetings.svg\",\"width\":208,\"height\":79,\"caption\":\"Worldmeetings\"},\"image\":{\"@id\":\"https:\\\/\\\/www.worldmeetings.com\\\/nl\\\/#\\\/schema\\\/logo\\\/image\\\/\"}}]}<\/script>\n<!-- \/ Yoast SEO plugin. -->","yoast_head_json":{"title":"Opdrachtgevers - Worldmeetings","robots":{"index":"index","follow":"follow","max-snippet":"max-snippet:-1","max-image-preview":"max-image-preview:large","max-video-preview":"max-video-preview:-1"},"canonical":"https:\/\/www.worldmeetings.com\/de\/kennis\/business-cases\/opdrachtgevers\/","og_locale":"de_DE","og_type":"article","og_title":"Opdrachtgevers - Worldmeetings","og_description":"Business case Opdrachtgevers. Worldmeetings werkt graag met: Worldmeetings heeft jarenlange ervaring met het boeken van vergaderingen en overnachtingen. Dit kunnen wij natuurlijk niet zonder onze opdrachtgevers en locatie partners met wie wij al jarenlang een goede samenwerking hebben. De business cases laten deze goede samenwerking voor onze potenti\u00eble nieuwe partners zien. UWVWorldmeetings.com verzorgt voor UWV [&hellip;]","og_url":"https:\/\/www.worldmeetings.com\/de\/kennis\/business-cases\/opdrachtgevers\/","og_site_name":"Worldmeetings","article_modified_time":"2024-03-21T11:11:30+00:00","twitter_card":"summary_large_image","twitter_misc":{"Est. reading time":"1\u00a0Minute"},"schema":{"@context":"https:\/\/schema.org","@graph":[{"@type":"WebPage","@id":"https:\/\/www.worldmeetings.com\/en\/kennis\/business-cases\/opdrachtgevers\/","url":"https:\/\/www.worldmeetings.com\/en\/kennis\/business-cases\/opdrachtgevers\/","name":"Opdrachtgevers - Worldmeetings","isPartOf":{"@id":"https:\/\/www.worldmeetings.com\/nl\/#website"},"datePublished":"2024-02-23T15:40:18+00:00","dateModified":"2024-03-21T11:11:30+00:00","breadcrumb":{"@id":"https:\/\/www.worldmeetings.com\/en\/kennis\/business-cases\/opdrachtgevers\/#breadcrumb"},"inLanguage":"de","potentialAction":[{"@type":"ReadAction","target":["https:\/\/www.worldmeetings.com\/en\/kennis\/business-cases\/opdrachtgevers\/"]}]},{"@type":"BreadcrumbList","@id":"https:\/\/www.worldmeetings.com\/en\/kennis\/business-cases\/opdrachtgevers\/#breadcrumb","itemListElement":[{"@type":"ListItem","position":1,"name":"Home","item":"https:\/\/www.worldmeetings.com\/nl\/"},{"@type":"ListItem","position":2,"name":"Kennis","item":"https:\/\/www.worldmeetings.com\/nl\/kennis\/"},{"@type":"ListItem","position":3,"name":"Business cases","item":"https:\/\/www.worldmeetings.com\/fr\/kennis\/business-cases\/"},{"@type":"ListItem","position":4,"name":"Opdrachtgevers"}]},{"@type":"WebSite","@id":"https:\/\/www.worldmeetings.com\/nl\/#website","url":"https:\/\/www.worldmeetings.com\/nl\/","name":"Weltbegegnungen","description":"","publisher":{"@id":"https:\/\/www.worldmeetings.com\/nl\/#organization"},"potentialAction":[{"@type":"SearchAction","target":{"@type":"EntryPoint","urlTemplate":"https:\/\/www.worldmeetings.com\/nl\/?s={search_term_string}"},"query-input":{"@type":"PropertyValueSpecification","valueRequired":true,"valueName":"search_term_string"}}],"inLanguage":"de"},{"@type":"Organization","@id":"https:\/\/www.worldmeetings.com\/nl\/#organization","name":"Weltbegegnungen","url":"https:\/\/www.worldmeetings.com\/nl\/","logo":{"@type":"ImageObject","inLanguage":"de","@id":"https:\/\/www.worldmeetings.com\/nl\/#\/schema\/logo\/image\/","url":"https:\/\/www.worldmeetings.com\/app\/uploads\/2024\/01\/worldmeetings.svg","contentUrl":"https:\/\/www.worldmeetings.com\/app\/uploads\/2024\/01\/worldmeetings.svg","width":208,"height":79,"caption":"Worldmeetings"},"image":{"@id":"https:\/\/www.worldmeetings.com\/nl\/#\/schema\/logo\/image\/"}}]}},"_links":{"self":[{"href":"https:\/\/www.worldmeetings.com\/de\/wp-json\/wp\/v2\/pages\/2880","targetHints":{"allow":["GET"]}}],"collection":[{"href":"https:\/\/www.worldmeetings.com\/de\/wp-json\/wp\/v2\/pages"}],"about":[{"href":"https:\/\/www.worldmeetings.com\/de\/wp-json\/wp\/v2\/types\/page"}],"author":[{"embeddable":true,"href":"https:\/\/www.worldmeetings.com\/de\/wp-json\/wp\/v2\/users\/10"}],"replies":[{"embeddable":true,"href":"https:\/\/www.worldmeetings.com\/de\/wp-json\/wp\/v2\/comments?post=2880"}],"version-history":[{"count":39,"href":"https:\/\/www.worldmeetings.com\/de\/wp-json\/wp\/v2\/pages\/2880\/revisions"}],"predecessor-version":[{"id":4049,"href":"https:\/\/www.worldmeetings.com\/de\/wp-json\/wp\/v2\/pages\/2880\/revisions\/4049"}],"up":[{"embeddable":true,"href":"https:\/\/www.worldmeetings.com\/de\/wp-json\/wp\/v2\/pages\/2865"}],"wp:attachment":[{"href":"https:\/\/www.worldmeetings.com\/de\/wp-json\/wp\/v2\/media?parent=2880"}],"curies":[{"name":"wp","href":"https:\/\/api.w.org\/{rel}","templated":true}]}}