{"id":2743,"date":"2024-02-27T09:21:55","date_gmt":"2024-02-27T09:21:55","guid":{"rendered":"https:\/\/www.worldmeetings.com\/?page_id=2743"},"modified":"2024-04-08T14:44:24","modified_gmt":"2024-04-08T14:44:24","slug":"privacy-statement","status":"publish","type":"page","link":"https:\/\/www.worldmeetings.com\/de\/privacy-statement\/","title":{"rendered":"Erkl\u00e4rung zum Datenschutz"},"content":{"rendered":"<div data-elementor-type=\"wp-page\" data-elementor-id=\"2743\" class=\"elementor elementor-2743\" data-elementor-post-type=\"page\">\n\t\t\t\t<div class=\"elementor-element elementor-element-bf1af52 e-con-full e-flex e-con e-parent\" data-id=\"bf1af52\" data-element_type=\"container\" data-e-type=\"container\" data-settings=\"{&quot;jet_parallax_layout_list&quot;:[]}\">\n\t\t<div class=\"elementor-element elementor-element-1f553a2 e-con-full e-flex e-con e-child\" data-id=\"1f553a2\" data-element_type=\"container\" data-e-type=\"container\" data-settings=\"{&quot;background_background&quot;:&quot;classic&quot;,&quot;jet_parallax_layout_list&quot;:[]}\">\n\t\t<div class=\"elementor-element elementor-element-ca5ae4a e-con-full e-flex e-con e-child\" data-id=\"ca5ae4a\" data-element_type=\"container\" data-e-type=\"container\" data-settings=\"{&quot;background_background&quot;:&quot;classic&quot;,&quot;jet_parallax_layout_list&quot;:[]}\">\n\t\t<div class=\"elementor-element elementor-element-831d203 e-flex e-con-boxed e-con e-child\" data-id=\"831d203\" data-element_type=\"container\" data-e-type=\"container\" data-settings=\"{&quot;jet_parallax_layout_list&quot;:[]}\">\n\t\t\t\t\t<div class=\"e-con-inner\">\n\t\t\t\t<div class=\"elementor-element elementor-element-6119a5d blokborder2 elementor-widget elementor-widget-heading\" data-id=\"6119a5d\" data-element_type=\"widget\" data-e-type=\"widget\" data-widget_type=\"heading.default\">\n\t\t\t\t<div class=\"elementor-widget-container\">\n\t\t\t\t\t<h1 class=\"elementor-heading-title elementor-size-default\">Erkl\u00e4rung zum Datenschutz<\/h1>\t\t\t\t<\/div>\n\t\t\t\t<\/div>\n\t\t\t\t\t<\/div>\n\t\t\t\t<\/div>\n\t\t\t\t<\/div>\n\t\t\t\t<\/div>\n\t\t\t\t<\/div>\n\t\t<div class=\"elementor-element elementor-element-3dc2821 e-flex e-con-boxed e-con e-parent\" data-id=\"3dc2821\" data-element_type=\"container\" data-e-type=\"container\" data-settings=\"{&quot;jet_parallax_layout_list&quot;:[]}\">\n\t\t\t\t\t<div class=\"e-con-inner\">\n\t\t\t\t<div class=\"elementor-element elementor-element-acc37b0 elementor-widget elementor-widget-text-editor\" data-id=\"acc37b0\" data-element_type=\"widget\" data-e-type=\"widget\" data-widget_type=\"text-editor.default\">\n\t\t\t\t<div class=\"elementor-widget-container\">\n\t\t\t\t\t\t\t\t\t<ol><li><p>Worldmeetings.com ist sich bewusst, dass die angemessene Verarbeitung personenbezogener Daten ein unverzichtbarer Aspekt des Datenschutzrechts ist. Um dieses Recht zu gew\u00e4hrleisten, k\u00f6nnen Sie sich in dieser Erkl\u00e4rung dar\u00fcber informieren, was mit Ihren Daten geschieht. Das Vorgehen von Worldmeetings.com steht selbstverst\u00e4ndlich im Einklang mit der Allgemeinen Datenschutzverordnung.<\/p><p>Diese Datenschutzerkl\u00e4rung ist wie folgt aufgebaut:<\/p><ol><li>Welche personenbezogenen Daten verarbeiten wir?<\/li><li>Verarbeitet Worldmeetings.com auch besondere personenbezogene Daten?<\/li><li>Zu welchem Zweck verarbeiten wir Ihre personenbezogenen Daten?<\/li><li>Wie sch\u00fctzen wir Ihre Privatsph\u00e4re?<\/li><li>Wie lange bewahren wir Ihre personenbezogenen Daten auf?<\/li><li>Weitergabe von personenbezogenen Daten an Dritte<\/li><li>Ihr Recht auf Privatsph\u00e4re<\/li><li>Verwendung von Cookies<\/li><li>Kontaktangaben<\/li><li>\u00c4nderungen an unserer Datenschutzerkl\u00e4rung<\/li><\/ol><p><strong>1. Welche personenbezogenen Daten verarbeiten wir?<\/strong><\/p><p>Worldmeetings.com kann personenbezogene Daten verarbeiten, weil Sie unsere Dienste nutzen und\/oder weil Sie uns diese Daten beim Ausf\u00fcllen eines Kontaktformulars selbst zur Verf\u00fcgung gestellt haben. Indem Sie diese Dienste nutzen, stimmen Sie der Verarbeitung Ihrer personenbezogenen Daten zu. Worldmeetings.com kann die folgenden personenbezogenen Daten \u00fcber Sie verarbeiten:<\/p><p><strong>Bearbeitung von Reservierungen und Buchungen von R\u00e4umen und\/oder Sitzungen f\u00fcr unsere Kunden:<\/strong><\/p><ul><li>Kontaktdaten des Buchenden (Name, E-Mail-Adresse, Telefonnummer)<\/li><li>Namen der G\u00e4ste<\/li><li>Anmeldedaten (bei Verwendung einer Online-Buchungswebsite)<\/li><li>Zahlungsangaben (falls erforderlich)<\/li><li>Geschlecht<\/li><\/ul><p><strong>Bearbeitung von Buchungen und Reservierungen an (angeschlossenen) Veranstaltungsorten:<\/strong><\/p><ul><li>Kontaktinformationen (Name, E-Mail-Adresse, Telefonnummer)<\/li><li>Videomaterial (falls zutreffend und nach Genehmigung)<\/li><li>Einzelheiten zur Zahlung<\/li><li>Geschlecht<\/li><\/ul><p><strong>F\u00fcr die Zwecke der Gesch\u00e4ftst\u00e4tigkeit (z. B. Marketing, Personalwesen oder Vertragsmanagement):<\/strong><\/p><ul><li>Kontaktdaten des Lieferanten (Name, E-Mail-Adresse, Telefonnummer)<\/li><li>Geschlecht<\/li><li>Einzelheiten zur Zahlung<\/li><li>Lebenslauf bei der Bewerbung<\/li><\/ul><p><strong>2. Verarbeitet Worldmeetings.com auch besondere personenbezogene Daten?<\/strong><\/p><p>Besondere personenbezogene Daten sind sensible Daten, zum Beispiel \u00fcber Gesundheit, Religion, kriminelle Vergangenheit oder Geburtsland. Worldmeetings.com, als verantwortlicher Verarbeiter, verarbeitet besondere personenbezogene Daten nur dann, wenn dies aufgrund einer gesetzlichen Verpflichtung oder nach Einwilligung f\u00fcr die Erf\u00fcllung einer Vereinbarung oder eines Vertrages erforderlich ist.<\/p><p><strong>3. Zu welchem Zweck verarbeiten wir Ihre Daten?<\/strong><\/p><p>Worldmeetings.com verarbeitet Ihre Daten f\u00fcr die folgenden Zwecke:<\/p><ul><li>Buchungen und Reservierungen: Wir verwenden Ihre personenbezogenen Daten, um Ihre Reservierungen und Buchungen f\u00fcr R\u00e4ume und\/oder Sitzungen durchzuf\u00fchren und zu verwalten.<\/li><li>Marketing und Kommunikation: Wenn Sie Ihre E-Mail-Adresse angegeben haben, z. B. um einen Newsletter zu erhalten, kann diese verwendet werden, um Sie \u00fcber Worldmeetings.com-Dienste zu informieren, die f\u00fcr Sie relevant und \u00e4hnlich sind. Dies ist auch m\u00f6glich, wenn Worldmeetings.com eine Vereinbarung und\/oder eine Abrechnungsbeziehung mit Ihrer Organisation hat und Sie als Bucher benannt sind. Wenn Sie den Erhalt von Informationen nicht (mehr) w\u00fcnschen, k\u00f6nnen Sie sich jederzeit abmelden.<\/li><li>Wir verwenden Ihre Kontaktdaten, um Ihnen Informationen \u00fcber unsere Dienstleistungen und\/oder Angebote zukommen zu lassen, unter anderem<\/li><li>Verbesserung unserer (Online-)Dienste: Wir verwenden personenbezogene Daten auch f\u00fcr analytische Zwecke. Dies ist Teil unserer Bem\u00fchungen, unsere Dienste und die Benutzererfahrung zu verbessern, kann aber auch zu Testzwecken, zur Fehlersuche und zur Verbesserung der Funktionalit\u00e4t und Qualit\u00e4t unserer Online-Dienste verwendet werden. Der Hauptzweck besteht darin, unsere Online-Plattform zu optimieren und an Ihre Bed\u00fcrfnisse anzupassen und die Nutzung unserer Website einfacher und angenehmer zu gestalten.<\/li><li>Management- und Qualit\u00e4tszwecke: einschlie\u00dflich Managementinformationen, Bereitstellung interner Kontrollen und Unternehmenssicherheit sowie Durchf\u00fchrung von Audits, Rechnungspr\u00fcfungen und Zertifizierungen<\/li><li>Einstellung und Auswahl: die Einstellung und Auswahl von internen Worldmeetings.com-Mitarbeitern<\/li><li>Personalverwaltung: F\u00fchren von Personalakten f\u00fcr die internen Mitarbeiter von Worldmeetings.com und f\u00fcr die Einhaltung der geltenden Gesetze und Vorschriften<\/li><\/ul><p><strong>4. Wie sch\u00fctzen wir Ihre Privatsph\u00e4re?<\/strong><\/p><p>Wir nehmen den Schutz Ihrer Daten ernst und ergreifen geeignete Ma\u00dfnahmen, um Missbrauch, Verlust, unbefugtem Zugriff, unerw\u00fcnschter Offenlegung und unbefugter \u00c4nderung entgegenzuwirken. Worldmeetings.com hat sich deshalb nach ISO27001, Informationssicherheit, zertifizieren lassen. Unsere Systeme und Programme sind gut gesichert. Wir verf\u00fcgen \u00fcber Verfahren, die sicherstellen, dass Unbefugte keinen Zugriff auf Ihre Daten haben. Dar\u00fcber hinaus sind alle unsere Mitarbeiter zur Vertraulichkeit verpflichtet. Sollten Sie dennoch der Meinung sein, dass Daten missbraucht worden sind, wenden Sie sich bitte an uns. Unsere Kontaktdaten finden Sie in Abschnitt 9.<\/p><p><strong>5. Wie lange bewahren wir Ihre personenbezogenen Daten auf?<\/strong><\/p><p>Wir bewahren personenbezogene Daten sorgf\u00e4ltig und nicht l\u00e4nger auf, als es f\u00fcr die Verwirklichung der Zwecke, f\u00fcr die sie uns zur Verf\u00fcgung gestellt wurden, erforderlich ist. Auf diese Weise halten wir nat\u00fcrlich auch die gesetzlichen Aufbewahrungsfristen f\u00fcr personenbezogene Daten ein.<\/p><p><strong>6. Weitergabe von personenbezogenen Daten an Dritte<\/strong><\/p><p>Wir geben Ihre personenbezogenen Daten nur auf der Grundlage eines berechtigten Interesses, einer rechtlichen Verpflichtung und\/oder zur Erf\u00fcllung des Vertrags gem\u00e4\u00df den in Kapitel 3 genannten Zwecken weiter. Wir schlie\u00dfen mit Unternehmen, die Ihre Daten in unserem Auftrag verarbeiten, einen Auftragsverarbeitungsvertrag ab, um das gleiche Niveau an Sicherheit und Vertraulichkeit Ihrer Daten zu gew\u00e4hrleisten.<\/p><p><strong>7. Ihr Recht auf Privatsph\u00e4re<\/strong><\/p><p>Wenn Sie wissen m\u00f6chten, ob alle personenbezogenen Daten, die Worldmeetings.com \u00fcber Sie besitzt, korrekt sind, k\u00f6nnen Sie uns bitten, Ihnen eine Zusammenfassung dieser Daten zuzusenden. Wenn die Daten Ihrer Meinung nach unrichtig, unvollst\u00e4ndig oder \u00fcberfl\u00fcssig sind, k\u00f6nnen Sie uns auffordern, sie zu \u00e4ndern, zu erg\u00e4nzen oder zu l\u00f6schen. Einen Antrag auf Einsichtnahme, Berichtigung oder L\u00f6schung k\u00f6nnen Sie uns \u00fcber die in Kapitel 9 aufgef\u00fchrten Kontaktdaten zukommen lassen. Wir werden Ihren Antrag so schnell wie m\u00f6glich, in jedem Fall aber innerhalb von 4 Wochen beantworten.  Sie haben auch das Recht, eine Beschwerde bei der nationalen Aufsichtsbeh\u00f6rde, der Beh\u00f6rde f\u00fcr personenbezogene Daten, einzureichen. Sie k\u00f6nnen dies auf der Website der Beh\u00f6rde f\u00fcr personenbezogene Daten tun.<\/p><p><strong>8. Verwendung von Cookies<\/strong><\/p><p>Im Allgemeinen kann unsere Website besucht werden, ohne dass Ihre pers\u00f6nlichen Daten an uns \u00fcbermittelt werden. Wie viele andere Websites erfasst jedoch auch diese Website automatisch bestimmte nicht identifizierbare Informationen \u00fcber die Nutzer der Website, wie z. B. die Internetprotokolladresse (IP-Adresse) Ihres Computers. Diese technischen Informationen werden zu Zwecken der Website- und Systemverwaltung sowie zur Verbesserung der Website und ihrer Nutzung verwendet. Diese technischen Daten k\u00f6nnen an Dritte weitergegeben und f\u00fcr zuk\u00fcnftige Zwecke dauerhaft gespeichert werden.<\/p><p>Worldmeetings.com verwendet:<\/p><ul><li><strong>Javascripts<\/strong>Diese erm\u00f6glichen es Ihrem Browser, Informationen zu sammeln. Diese Informationen werden dann umgewandelt in;<\/li><li><strong>Cookies<\/strong>Dies sind kleine Dateien, die Informationen \u00fcber (unter anderem) Ihr Surfverhalten enthalten und im Browser Ihres Computers, Tablets oder Smartphones gespeichert werden, wenn Sie unsere Website zum ersten Mal besuchen. Es gibt drei Arten von Cookies, n\u00e4mlich \"funktionale Cookies\", \"analytische Cookies\" und \"Tracking-Cookies\". Funktionale Cookies sorgen daf\u00fcr, dass unsere Website ordnungsgem\u00e4\u00df funktioniert und dass beispielsweise Ihre bevorzugten Einstellungen gespeichert werden. Au\u00dferdem sammeln wir statistische Daten (Analytik) \u00fcber die Nutzer unserer Website. Wir verwenden diese Informationen, um unsere Website kontinuierlich zu verbessern. Schlie\u00dflich setzen wir auch Cookies, die Ihr Surfverhalten verfolgen (Tracking-Cookies), damit wir Ihnen ma\u00dfgeschneiderte Inhalte und Werbung anbieten k\u00f6nnen. Bei Ihrem ersten Besuch auf unserer Website informieren wir Sie \u00fcber diese Cookies und Sie haben die M\u00f6glichkeit, sie zu akzeptieren oder nicht. Wenn Sie sich entscheiden, Cookies nicht zu akzeptieren, k\u00f6nnen Sie unsere Website m\u00f6glicherweise nicht in vollem Umfang nutzen. Dar\u00fcber hinaus k\u00f6nnen Sie Cookies auch \u00fcber Ihre Browsereinstellungen l\u00f6schen.<\/li><li><strong>Google Analytics; <\/strong>zur Analyse des Besucherverhaltens. <br \/>Bitte lesen Sie die Datenschutzbestimmungen von Google f\u00fcr weitere Informationen. Hier finden Sie auch die Datenschutzbestimmungen von Google Analytics. Google verwendet diese Informationen, um zu verfolgen, wie unsere Website genutzt wird, um Berichte \u00fcber die Website zu erstellen und um seinen Werbekunden Informationen \u00fcber die Wirksamkeit ihrer Kampagnen zu liefern. <br \/>Auch wird Google diese Informationen gegebenenfalls an Dritte \u00fcbertragen, sofern dies gesetzlich vorgeschrieben ist oder soweit Dritte diese Daten im Auftrag von Google verarbeiten. Worldmeetings.com hat hierauf keinen Einfluss. Worldmeetings.com hat Google keine Erlaubnis erteilt, die durch Google erhaltenen Analytics-Informationen f\u00fcr andere Google-Dienste zu verwenden.<\/li><li><strong>Hubspot<\/strong>; zur Identifizierung und Anreicherung von Besucherprofilen. Sie werden finden <a href=\"https:\/\/legal.hubspot.com\/privacy-policy\">hier<\/a> auch die Datenschutzrichtlinie von Hubspot.\u00a0<\/li><\/ul><p><strong>9. Kontaktangaben<\/strong><\/p><p>Wenn Sie Fragen oder Beschwerden \u00fcber die Verarbeitung Ihrer pers\u00f6nlichen Daten durch Worldmeetings.com haben, wenden Sie sich bitte an unseren Sicherheitsbeauftragten.<\/p><p>Name: Marco Ingels<br \/>E-Mail Adresse:\u00a0<a href=\"mailto:privacy@worldmeetings.nl\">privacy@worldmeetings.nl<\/a><\/p><p><strong>10. \u00c4nderungen an unserer Datenschutzerkl\u00e4rung<\/strong><\/p><p>Worldmeetings.com beh\u00e4lt sich das Recht vor, die Datenschutzbestimmungen zu \u00e4ndern. Die aktuellste Version ist auf unserer Website zu finden.<\/p><p>Den Haag, 2024<\/p><\/li><\/ol>\t\t\t\t\t\t\t\t<\/div>\n\t\t\t\t<\/div>\n\t\t\t\t\t<\/div>\n\t\t\t\t<\/div>\n\t\t\t\t<\/div>","protected":false},"excerpt":{"rendered":"<p>Privacy Statement Worldmeetings.com is zich er van bewust dat een passende verwerking van persoonsgegevens een onmisbaar aspect is van het privacy recht. Om dit recht te waarborgen, kunt u in deze verklaring nagaan wat er met uw gegevens gebeurt. De handelswijze van Worldmeetings.com is vanzelfsprekend in overeenstemming met de Algemene Verordening Gegevensbescherming. Dit privacy statement [&hellip;]<\/p>\n","protected":false},"author":11,"featured_media":0,"parent":0,"menu_order":0,"comment_status":"closed","ping_status":"closed","template":"","meta":{"_acf_changed":false,"footnotes":""},"class_list":["post-2743","page","type-page","status-publish","hentry"],"acf":[],"yoast_head":"<!-- This site is optimized with the Yoast SEO plugin v27.3 - https:\/\/yoast.com\/product\/yoast-seo-wordpress\/ -->\n<title>Privacy Statement - Worldmeetings<\/title>\n<meta name=\"robots\" content=\"index, follow, max-snippet:-1, max-image-preview:large, max-video-preview:-1\" \/>\n<link rel=\"canonical\" href=\"https:\/\/www.worldmeetings.com\/de\/privacy-statement\/\" \/>\n<meta property=\"og:locale\" content=\"de_DE\" \/>\n<meta property=\"og:type\" content=\"article\" \/>\n<meta property=\"og:title\" content=\"Privacy Statement - Worldmeetings\" \/>\n<meta property=\"og:description\" content=\"Privacy Statement Worldmeetings.com is zich er van bewust dat een passende verwerking van persoonsgegevens een onmisbaar aspect is van het privacy recht. Om dit recht te waarborgen, kunt u in deze verklaring nagaan wat er met uw gegevens gebeurt. De handelswijze van Worldmeetings.com is vanzelfsprekend in overeenstemming met de Algemene Verordening Gegevensbescherming. Dit privacy statement [&hellip;]\" \/>\n<meta property=\"og:url\" content=\"https:\/\/www.worldmeetings.com\/de\/privacy-statement\/\" \/>\n<meta property=\"og:site_name\" content=\"Worldmeetings\" \/>\n<meta property=\"article:modified_time\" content=\"2024-04-08T14:44:24+00:00\" \/>\n<meta name=\"twitter:card\" content=\"summary_large_image\" \/>\n<meta name=\"twitter:label1\" content=\"Est. reading time\" \/>\n\t<meta name=\"twitter:data1\" content=\"6\u00a0Minuten\" \/>\n<script type=\"application\/ld+json\" class=\"yoast-schema-graph\">{\"@context\":\"https:\\\/\\\/schema.org\",\"@graph\":[{\"@type\":\"WebPage\",\"@id\":\"https:\\\/\\\/www.worldmeetings.com\\\/nl\\\/privacy-statement\\\/\",\"url\":\"https:\\\/\\\/www.worldmeetings.com\\\/nl\\\/privacy-statement\\\/\",\"name\":\"Privacy Statement - Worldmeetings\",\"isPartOf\":{\"@id\":\"https:\\\/\\\/www.worldmeetings.com\\\/nl\\\/#website\"},\"datePublished\":\"2024-02-27T09:21:55+00:00\",\"dateModified\":\"2024-04-08T14:44:24+00:00\",\"breadcrumb\":{\"@id\":\"https:\\\/\\\/www.worldmeetings.com\\\/nl\\\/privacy-statement\\\/#breadcrumb\"},\"inLanguage\":\"de\",\"potentialAction\":[{\"@type\":\"ReadAction\",\"target\":[\"https:\\\/\\\/www.worldmeetings.com\\\/nl\\\/privacy-statement\\\/\"]}]},{\"@type\":\"BreadcrumbList\",\"@id\":\"https:\\\/\\\/www.worldmeetings.com\\\/nl\\\/privacy-statement\\\/#breadcrumb\",\"itemListElement\":[{\"@type\":\"ListItem\",\"position\":1,\"name\":\"Home\",\"item\":\"https:\\\/\\\/www.worldmeetings.com\\\/nl\\\/\"},{\"@type\":\"ListItem\",\"position\":2,\"name\":\"Privacy Statement\"}]},{\"@type\":\"WebSite\",\"@id\":\"https:\\\/\\\/www.worldmeetings.com\\\/nl\\\/#website\",\"url\":\"https:\\\/\\\/www.worldmeetings.com\\\/nl\\\/\",\"name\":\"Worldmeetings\",\"description\":\"\",\"publisher\":{\"@id\":\"https:\\\/\\\/www.worldmeetings.com\\\/nl\\\/#organization\"},\"potentialAction\":[{\"@type\":\"SearchAction\",\"target\":{\"@type\":\"EntryPoint\",\"urlTemplate\":\"https:\\\/\\\/www.worldmeetings.com\\\/nl\\\/?s={search_term_string}\"},\"query-input\":{\"@type\":\"PropertyValueSpecification\",\"valueRequired\":true,\"valueName\":\"search_term_string\"}}],\"inLanguage\":\"de\"},{\"@type\":\"Organization\",\"@id\":\"https:\\\/\\\/www.worldmeetings.com\\\/nl\\\/#organization\",\"name\":\"Worldmeetings\",\"url\":\"https:\\\/\\\/www.worldmeetings.com\\\/nl\\\/\",\"logo\":{\"@type\":\"ImageObject\",\"inLanguage\":\"de\",\"@id\":\"https:\\\/\\\/www.worldmeetings.com\\\/nl\\\/#\\\/schema\\\/logo\\\/image\\\/\",\"url\":\"https:\\\/\\\/www.worldmeetings.com\\\/app\\\/uploads\\\/2024\\\/01\\\/worldmeetings.svg\",\"contentUrl\":\"https:\\\/\\\/www.worldmeetings.com\\\/app\\\/uploads\\\/2024\\\/01\\\/worldmeetings.svg\",\"width\":208,\"height\":79,\"caption\":\"Worldmeetings\"},\"image\":{\"@id\":\"https:\\\/\\\/www.worldmeetings.com\\\/nl\\\/#\\\/schema\\\/logo\\\/image\\\/\"}}]}<\/script>\n<!-- \/ Yoast SEO plugin. -->","yoast_head_json":{"title":"Privacy Statement - Worldmeetings","robots":{"index":"index","follow":"follow","max-snippet":"max-snippet:-1","max-image-preview":"max-image-preview:large","max-video-preview":"max-video-preview:-1"},"canonical":"https:\/\/www.worldmeetings.com\/de\/privacy-statement\/","og_locale":"de_DE","og_type":"article","og_title":"Privacy Statement - Worldmeetings","og_description":"Privacy Statement Worldmeetings.com is zich er van bewust dat een passende verwerking van persoonsgegevens een onmisbaar aspect is van het privacy recht. Om dit recht te waarborgen, kunt u in deze verklaring nagaan wat er met uw gegevens gebeurt. De handelswijze van Worldmeetings.com is vanzelfsprekend in overeenstemming met de Algemene Verordening Gegevensbescherming. Dit privacy statement [&hellip;]","og_url":"https:\/\/www.worldmeetings.com\/de\/privacy-statement\/","og_site_name":"Worldmeetings","article_modified_time":"2024-04-08T14:44:24+00:00","twitter_card":"summary_large_image","twitter_misc":{"Est. reading time":"6\u00a0Minuten"},"schema":{"@context":"https:\/\/schema.org","@graph":[{"@type":"WebPage","@id":"https:\/\/www.worldmeetings.com\/nl\/privacy-statement\/","url":"https:\/\/www.worldmeetings.com\/nl\/privacy-statement\/","name":"Privacy Statement - Worldmeetings","isPartOf":{"@id":"https:\/\/www.worldmeetings.com\/nl\/#website"},"datePublished":"2024-02-27T09:21:55+00:00","dateModified":"2024-04-08T14:44:24+00:00","breadcrumb":{"@id":"https:\/\/www.worldmeetings.com\/nl\/privacy-statement\/#breadcrumb"},"inLanguage":"de","potentialAction":[{"@type":"ReadAction","target":["https:\/\/www.worldmeetings.com\/nl\/privacy-statement\/"]}]},{"@type":"BreadcrumbList","@id":"https:\/\/www.worldmeetings.com\/nl\/privacy-statement\/#breadcrumb","itemListElement":[{"@type":"ListItem","position":1,"name":"Home","item":"https:\/\/www.worldmeetings.com\/nl\/"},{"@type":"ListItem","position":2,"name":"Privacy Statement"}]},{"@type":"WebSite","@id":"https:\/\/www.worldmeetings.com\/nl\/#website","url":"https:\/\/www.worldmeetings.com\/nl\/","name":"Weltbegegnungen","description":"","publisher":{"@id":"https:\/\/www.worldmeetings.com\/nl\/#organization"},"potentialAction":[{"@type":"SearchAction","target":{"@type":"EntryPoint","urlTemplate":"https:\/\/www.worldmeetings.com\/nl\/?s={search_term_string}"},"query-input":{"@type":"PropertyValueSpecification","valueRequired":true,"valueName":"search_term_string"}}],"inLanguage":"de"},{"@type":"Organization","@id":"https:\/\/www.worldmeetings.com\/nl\/#organization","name":"Weltbegegnungen","url":"https:\/\/www.worldmeetings.com\/nl\/","logo":{"@type":"ImageObject","inLanguage":"de","@id":"https:\/\/www.worldmeetings.com\/nl\/#\/schema\/logo\/image\/","url":"https:\/\/www.worldmeetings.com\/app\/uploads\/2024\/01\/worldmeetings.svg","contentUrl":"https:\/\/www.worldmeetings.com\/app\/uploads\/2024\/01\/worldmeetings.svg","width":208,"height":79,"caption":"Worldmeetings"},"image":{"@id":"https:\/\/www.worldmeetings.com\/nl\/#\/schema\/logo\/image\/"}}]}},"_links":{"self":[{"href":"https:\/\/www.worldmeetings.com\/de\/wp-json\/wp\/v2\/pages\/2743","targetHints":{"allow":["GET"]}}],"collection":[{"href":"https:\/\/www.worldmeetings.com\/de\/wp-json\/wp\/v2\/pages"}],"about":[{"href":"https:\/\/www.worldmeetings.com\/de\/wp-json\/wp\/v2\/types\/page"}],"author":[{"embeddable":true,"href":"https:\/\/www.worldmeetings.com\/de\/wp-json\/wp\/v2\/users\/11"}],"replies":[{"embeddable":true,"href":"https:\/\/www.worldmeetings.com\/de\/wp-json\/wp\/v2\/comments?post=2743"}],"version-history":[{"count":17,"href":"https:\/\/www.worldmeetings.com\/de\/wp-json\/wp\/v2\/pages\/2743\/revisions"}],"predecessor-version":[{"id":6874,"href":"https:\/\/www.worldmeetings.com\/de\/wp-json\/wp\/v2\/pages\/2743\/revisions\/6874"}],"wp:attachment":[{"href":"https:\/\/www.worldmeetings.com\/de\/wp-json\/wp\/v2\/media?parent=2743"}],"curies":[{"name":"wp","href":"https:\/\/api.w.org\/{rel}","templated":true}]}}