{"id":2691,"date":"2024-02-21T22:49:27","date_gmt":"2024-02-21T22:49:27","guid":{"rendered":"https:\/\/www.worldmeetings.com\/?page_id=2691"},"modified":"2025-03-06T13:58:41","modified_gmt":"2025-03-06T13:58:41","slug":"diensten-restaurantservice","status":"publish","type":"page","link":"https:\/\/www.worldmeetings.com\/de\/diensten\/diensten-restaurantservice\/","title":{"rendered":"Restaurant-Service"},"content":{"rendered":"<div data-elementor-type=\"wp-page\" data-elementor-id=\"2691\" class=\"elementor elementor-2691\" data-elementor-post-type=\"page\">\n\t\t\t\t<div class=\"elementor-element elementor-element-4a70a6ac e-con-full e-flex e-con e-parent\" data-id=\"4a70a6ac\" data-element_type=\"container\" data-e-type=\"container\" data-settings=\"{&quot;background_background&quot;:&quot;classic&quot;,&quot;jet_parallax_layout_list&quot;:[]}\">\n\t\t<div class=\"elementor-element elementor-element-6c88f910 e-con-full e-flex e-con e-child\" data-id=\"6c88f910\" data-element_type=\"container\" data-e-type=\"container\" data-settings=\"{&quot;background_background&quot;:&quot;classic&quot;,&quot;jet_parallax_layout_list&quot;:[]}\">\n\t\t<div class=\"elementor-element elementor-element-7efc6414 e-flex e-con-boxed e-con e-child\" data-id=\"7efc6414\" data-element_type=\"container\" data-e-type=\"container\" data-settings=\"{&quot;jet_parallax_layout_list&quot;:[]}\">\n\t\t\t\t\t<div class=\"e-con-inner\">\n\t\t\t\t\t<\/div>\n\t\t\t\t<\/div>\n\t\t\t\t<div class=\"elementor-element elementor-element-8e0d1d8 elementor-widget elementor-widget-heading\" data-id=\"8e0d1d8\" data-element_type=\"widget\" data-e-type=\"widget\" data-widget_type=\"heading.default\">\n\t\t\t\t<div class=\"elementor-widget-container\">\n\t\t\t\t\t<h2 class=\"elementor-heading-title elementor-size-default\">Ihr Abendessen. <br><br><br><br><strong>also gebucht<\/strong><\/h2>\t\t\t\t<\/div>\n\t\t\t\t<\/div>\n\t\t\t\t<\/div>\n\t\t\t\t<\/div>\n\t\t<div class=\"elementor-element elementor-element-64382b1c e-flex e-con-boxed e-con e-parent\" data-id=\"64382b1c\" data-element_type=\"container\" data-e-type=\"container\" data-settings=\"{&quot;jet_parallax_layout_list&quot;:[]}\">\n\t\t\t\t\t<div class=\"e-con-inner\">\n\t\t<div class=\"elementor-element elementor-element-54c35ee6 e-con-full e-flex e-con e-child\" data-id=\"54c35ee6\" data-element_type=\"container\" data-e-type=\"container\" data-settings=\"{&quot;jet_parallax_layout_list&quot;:[]}\">\n\t\t\t\t<div class=\"elementor-element elementor-element-4d15209c elementor-widget elementor-widget-heading\" data-id=\"4d15209c\" data-element_type=\"widget\" data-e-type=\"widget\" data-widget_type=\"heading.default\">\n\t\t\t\t<div class=\"elementor-widget-container\">\n\t\t\t\t\t<h1 class=\"elementor-heading-title elementor-size-default\">Unser Restaurant-Service<\/h1>\t\t\t\t<\/div>\n\t\t\t\t<\/div>\n\t\t\t\t<div class=\"elementor-element elementor-element-3fbccf5b elementor-widget elementor-widget-text-editor\" data-id=\"3fbccf5b\" data-element_type=\"widget\" data-e-type=\"widget\" data-widget_type=\"text-editor.default\">\n\t\t\t\t<div class=\"elementor-widget-container\">\n\t\t\t\t\t\t\t\t\tDer Komfort einer einzigen Rechnung f\u00fcr alle Ihre Restaurantreservierungen. Keine Dutzende von Rechnungen von allen m\u00f6glichen Restaurants. Nichts von alledem. Wenn wir Sie unterst\u00fctzen, nehmen wir Ihnen die gesamte Verwaltung ab.\n\nVon der Angebotsanfrage bis zur Rechnungsstellung. Alles mit Ihrer Zustimmung und Sie erhalten lediglich unsere Rechnung.\t\t\t\t\t\t\t\t<\/div>\n\t\t\t\t<\/div>\n\t\t\t\t<div class=\"elementor-element elementor-element-6fd76813 elementor-widget elementor-widget-button\" data-id=\"6fd76813\" data-element_type=\"widget\" data-e-type=\"widget\" data-widget_type=\"button.default\">\n\t\t\t\t<div class=\"elementor-widget-container\">\n\t\t\t\t\t\t\t\t\t<div class=\"elementor-button-wrapper\">\n\t\t\t\t\t<a class=\"elementor-button elementor-button-link elementor-size-sm\" href=\"https:\/\/www.worldmeetings.com\/de\/app\/uploads\/2025\/03\/WM24_025-Besparen-whitepaper.pdf\/\" target=\"_blank\">\n\t\t\t\t\t\t<span class=\"elementor-button-content-wrapper\">\n\t\t\t\t\t\t\t\t\t<span class=\"elementor-button-text\">Brosch\u00fcre herunterladen<\/span>\n\t\t\t\t\t<\/span>\n\t\t\t\t\t<\/a>\n\t\t\t\t<\/div>\n\t\t\t\t\t\t\t\t<\/div>\n\t\t\t\t<\/div>\n\t\t\t\t<\/div>\n\t\t<div class=\"elementor-element elementor-element-3a90b75e e-con-full blokborder2 e-flex elementor-invisible e-con e-child\" data-id=\"3a90b75e\" data-element_type=\"container\" data-e-type=\"container\" data-settings=\"{&quot;jet_parallax_layout_list&quot;:[],&quot;background_background&quot;:&quot;classic&quot;,&quot;animation&quot;:&quot;fadeInLeft&quot;}\">\n\t\t\t\t<\/div>\n\t\t\t\t\t<\/div>\n\t\t\t\t<\/div>\n\t\t<div class=\"elementor-element elementor-element-59f03113 e-con-full e-flex elementor-invisible e-con e-parent\" data-id=\"59f03113\" data-element_type=\"container\" data-e-type=\"container\" data-settings=\"{&quot;jet_parallax_layout_list&quot;:[],&quot;background_background&quot;:&quot;classic&quot;,&quot;animation&quot;:&quot;fadeInUp&quot;}\">\n\t\t<div class=\"elementor-element elementor-element-58eeebe e-flex e-con-boxed e-con e-child\" data-id=\"58eeebe\" data-element_type=\"container\" data-e-type=\"container\" data-settings=\"{&quot;jet_parallax_layout_list&quot;:[]}\">\n\t\t\t\t\t<div class=\"e-con-inner\">\n\t\t\t\t<div class=\"elementor-element elementor-element-7d0b8e6e elementor-widget elementor-widget-heading\" data-id=\"7d0b8e6e\" data-element_type=\"widget\" data-e-type=\"widget\" data-widget_type=\"heading.default\">\n\t\t\t\t<div class=\"elementor-widget-container\">\n\t\t\t\t\t<h2 class=\"elementor-heading-title elementor-size-default\">Inspiration<\/h2>\t\t\t\t<\/div>\n\t\t\t\t<\/div>\n\t\t\t\t<div class=\"elementor-element elementor-element-2ed3a26c elementor-widget elementor-widget-heading\" data-id=\"2ed3a26c\" data-element_type=\"widget\" data-e-type=\"widget\" data-widget_type=\"heading.default\">\n\t\t\t\t<div class=\"elementor-widget-container\">\n\t\t\t\t\t<h2 class=\"elementor-heading-title elementor-size-default\">Lassen Sie sich kulinarisch von unserer vielf\u00e4ltigen Auswahl an Restaurants inspirieren, die von der gehobenen K\u00fcche bis zu gem\u00fctlichen Lokalen reicht. Entdecken Sie schmackhafte Gerichte und exzellenten Service in stimmungsvoller Umgebung, ideal f\u00fcr Gesch\u00e4ftsessen oder informelle Treffen.<\/h2>\t\t\t\t<\/div>\n\t\t\t\t<\/div>\n\t\t\t\t<div class=\"elementor-element elementor-element-21523c4d elementor-widget elementor-widget-gallery\" data-id=\"21523c4d\" data-element_type=\"widget\" data-e-type=\"widget\" data-settings=\"{&quot;columns&quot;:3,&quot;columns_tablet&quot;:3,&quot;columns_mobile&quot;:2,&quot;lazyload&quot;:&quot;yes&quot;,&quot;gallery_layout&quot;:&quot;grid&quot;,&quot;gap&quot;:{&quot;unit&quot;:&quot;px&quot;,&quot;size&quot;:10,&quot;sizes&quot;:[]},&quot;gap_tablet&quot;:{&quot;unit&quot;:&quot;px&quot;,&quot;size&quot;:10,&quot;sizes&quot;:[]},&quot;gap_mobile&quot;:{&quot;unit&quot;:&quot;px&quot;,&quot;size&quot;:10,&quot;sizes&quot;:[]},&quot;aspect_ratio&quot;:&quot;3:2&quot;,&quot;content_hover_animation&quot;:&quot;fade-in&quot;}\" data-widget_type=\"gallery.default\">\n\t\t\t\t<div class=\"elementor-widget-container\">\n\t\t\t\t\t\t\t<div class=\"elementor-gallery__container\">\n\t\t\t\t\t\t\t<div class=\"e-gallery-item elementor-gallery-item elementor-animated-content\">\n\t\t\t\t\t<div class=\"e-gallery-image elementor-gallery-item__image\" data-thumbnail=\"https:\/\/www.worldmeetings.com\/app\/uploads\/2024\/02\/Ontwerp-zonder-titel-1-kopie-5-1024x431.png\" data-width=\"800\" data-height=\"337\" aria-label=\"Restaurant-Service\" role=\"img\" ><\/div>\n\t\t\t\t\t\t\t\t\t\t\t\t\t\t<\/div>\n\t\t\t\t\t\t\t<div class=\"e-gallery-item elementor-gallery-item elementor-animated-content\">\n\t\t\t\t\t<div class=\"e-gallery-image elementor-gallery-item__image\" data-thumbnail=\"https:\/\/www.worldmeetings.com\/app\/uploads\/2024\/02\/44-1024x576.png\" data-width=\"800\" data-height=\"450\" aria-label=\"Kopfzeile Standortpartner\" role=\"img\" ><\/div>\n\t\t\t\t\t\t\t\t\t\t\t\t\t\t<\/div>\n\t\t\t\t\t\t\t<div class=\"e-gallery-item elementor-gallery-item elementor-animated-content\">\n\t\t\t\t\t<div class=\"e-gallery-image elementor-gallery-item__image\" data-thumbnail=\"https:\/\/www.worldmeetings.com\/app\/uploads\/2024\/03\/Ontwerp-zonder-titel-1-1-1024x544.png\" data-width=\"800\" data-height=\"425\" aria-label=\"Restaurantbetrieb\" role=\"img\" ><\/div>\n\t\t\t\t\t\t\t\t\t\t\t\t\t\t<\/div>\n\t\t\t\t\t\t\t<div class=\"e-gallery-item elementor-gallery-item elementor-animated-content\">\n\t\t\t\t\t<div class=\"e-gallery-image elementor-gallery-item__image\" data-thumbnail=\"https:\/\/www.worldmeetings.com\/app\/uploads\/2024\/02\/50-1024x576.png\" data-width=\"800\" data-height=\"450\" aria-label=\"Kopfzeile Standortpartner\" role=\"img\" ><\/div>\n\t\t\t\t\t\t\t\t\t\t\t\t\t\t<\/div>\n\t\t\t\t\t\t\t<div class=\"e-gallery-item elementor-gallery-item elementor-animated-content\">\n\t\t\t\t\t<div class=\"e-gallery-image elementor-gallery-item__image\" data-thumbnail=\"https:\/\/www.worldmeetings.com\/app\/uploads\/2024\/02\/3-1024x431.png\" data-width=\"800\" data-height=\"337\" aria-label=\"Partner vor Ort\" role=\"img\" ><\/div>\n\t\t\t\t\t\t\t\t\t\t\t\t\t\t<\/div>\n\t\t\t\t\t\t\t<div class=\"e-gallery-item elementor-gallery-item elementor-animated-content\">\n\t\t\t\t\t<div class=\"e-gallery-image elementor-gallery-item__image\" data-thumbnail=\"https:\/\/www.worldmeetings.com\/app\/uploads\/2024\/02\/Kapel-U-vorm-1024x683.jpg\" data-width=\"800\" data-height=\"534\" aria-label=\"Gesch\u00e4ftstreffen\" role=\"img\" ><\/div>\n\t\t\t\t\t\t\t\t\t\t\t\t\t\t<\/div>\n\t\t\t\t\t<\/div>\n\t\t\t\t\t<\/div>\n\t\t\t\t<\/div>\n\t\t\t\t<div class=\"elementor-element elementor-element-60b54ea elementor-align-right elementor-widget elementor-widget-button\" data-id=\"60b54ea\" data-element_type=\"widget\" data-e-type=\"widget\" data-widget_type=\"button.default\">\n\t\t\t\t<div class=\"elementor-widget-container\">\n\t\t\t\t\t\t\t\t\t<div class=\"elementor-button-wrapper\">\n\t\t\t\t\t<a class=\"elementor-button elementor-button-link elementor-size-sm\" href=\"https:\/\/www.worldmeetings.com\/en\/locations\/\">\n\t\t\t\t\t\t<span class=\"elementor-button-content-wrapper\">\n\t\t\t\t\t\t\t\t\t<span class=\"elementor-button-text\">Mehr entdecken<\/span>\n\t\t\t\t\t<\/span>\n\t\t\t\t\t<\/a>\n\t\t\t\t<\/div>\n\t\t\t\t\t\t\t\t<\/div>\n\t\t\t\t<\/div>\n\t\t\t\t\t<\/div>\n\t\t\t\t<\/div>\n\t\t\t\t<\/div>\n\t\t<div class=\"elementor-element elementor-element-14982e2d e-flex e-con-boxed e-con e-parent\" data-id=\"14982e2d\" data-element_type=\"container\" data-e-type=\"container\" data-settings=\"{&quot;jet_parallax_layout_list&quot;:[],&quot;background_background&quot;:&quot;classic&quot;}\">\n\t\t\t\t\t<div class=\"e-con-inner\">\n\t\t<div class=\"elementor-element elementor-element-55e952de e-con-full e-flex e-con e-child\" data-id=\"55e952de\" data-element_type=\"container\" data-e-type=\"container\" data-settings=\"{&quot;jet_parallax_layout_list&quot;:[]}\">\n\t\t\t\t<div class=\"elementor-element elementor-element-1b707f89 elementor-widget elementor-widget-heading\" data-id=\"1b707f89\" data-element_type=\"widget\" data-e-type=\"widget\" data-widget_type=\"heading.default\">\n\t\t\t\t<div class=\"elementor-widget-container\">\n\t\t\t\t\t<h2 class=\"elementor-heading-title elementor-size-default\">einen Experten zu Rate ziehen?<\/h2>\t\t\t\t<\/div>\n\t\t\t\t<\/div>\n\t\t\t\t<div class=\"elementor-element elementor-element-3b094dce elementor-widget elementor-widget-heading\" data-id=\"3b094dce\" data-element_type=\"widget\" data-e-type=\"widget\" data-widget_type=\"heading.default\">\n\t\t\t\t<div class=\"elementor-widget-container\">\n\t\t\t\t\t<p class=\"elementor-heading-title elementor-size-default\">Sie m\u00f6chten sich lieber von einem Experten informieren lassen? Vereinbaren Sie gleich einen Termin mit einem unserer Spezialisten. Wir sind f\u00fcr Sie da!<br><br><\/p>\t\t\t\t<\/div>\n\t\t\t\t<\/div>\n\t\t\t\t<div class=\"elementor-element elementor-element-4d8d8931 elementor-widget elementor-widget-button\" data-id=\"4d8d8931\" data-element_type=\"widget\" data-e-type=\"widget\" data-widget_type=\"button.default\">\n\t\t\t\t<div class=\"elementor-widget-container\">\n\t\t\t\t\t\t\t\t\t<div class=\"elementor-button-wrapper\">\n\t\t\t\t\t<a class=\"elementor-button elementor-button-link elementor-size-sm\" href=\"https:\/\/www.worldmeetings.com\/de\/afspraak-page-froukje\/\">\n\t\t\t\t\t\t<span class=\"elementor-button-content-wrapper\">\n\t\t\t\t\t\t\t\t\t<span class=\"elementor-button-text\">Termin vereinbaren<\/span>\n\t\t\t\t\t<\/span>\n\t\t\t\t\t<\/a>\n\t\t\t\t<\/div>\n\t\t\t\t\t\t\t\t<\/div>\n\t\t\t\t<\/div>\n\t\t\t\t<\/div>\n\t\t<div class=\"elementor-element elementor-element-308dbafd e-con-full blokborder2 e-flex elementor-invisible e-con e-child\" data-id=\"308dbafd\" data-element_type=\"container\" data-e-type=\"container\" data-settings=\"{&quot;jet_parallax_layout_list&quot;:[],&quot;background_background&quot;:&quot;classic&quot;,&quot;animation&quot;:&quot;fadeInRight&quot;}\">\n\t\t\t\t<\/div>\n\t\t\t\t\t<\/div>\n\t\t\t\t<\/div>\n\t\t\t\t<\/div>","protected":false},"excerpt":{"rendered":"<p>Uw dinner. zo geboekt Onze Restaurantservice Het gemak van \u00e9\u00e9n factuur voor al uw restaurantreserveringen. Geen tientallen facturen van allerlei restaurants. Niets van dat. Wanneer wij u ondersteunen dan nemen we de gehele administratie van u over. Van offerteaanvragen tot facturatie. Alles met uw akkoord en u ontvangt louter onze factuur. Download brochure inspiratie Laat [&hellip;]<\/p>\n","protected":false},"author":9,"featured_media":0,"parent":3047,"menu_order":0,"comment_status":"closed","ping_status":"closed","template":"","meta":{"_acf_changed":false,"footnotes":""},"class_list":["post-2691","page","type-page","status-publish","hentry"],"acf":[],"yoast_head":"<!-- This site is optimized with the Yoast SEO plugin v27.3 - https:\/\/yoast.com\/product\/yoast-seo-wordpress\/ -->\n<title>Restaurantservice - Worldmeetings<\/title>\n<meta name=\"robots\" content=\"index, follow, max-snippet:-1, max-image-preview:large, max-video-preview:-1\" \/>\n<link rel=\"canonical\" href=\"https:\/\/www.worldmeetings.com\/de\/diensten\/diensten-restaurantservice\/\" \/>\n<meta property=\"og:locale\" content=\"de_DE\" \/>\n<meta property=\"og:type\" content=\"article\" \/>\n<meta property=\"og:title\" content=\"Restaurantservice - Worldmeetings\" \/>\n<meta property=\"og:description\" content=\"Uw dinner. zo geboekt Onze Restaurantservice Het gemak van \u00e9\u00e9n factuur voor al uw restaurantreserveringen. Geen tientallen facturen van allerlei restaurants. Niets van dat. Wanneer wij u ondersteunen dan nemen we de gehele administratie van u over. Van offerteaanvragen tot facturatie. Alles met uw akkoord en u ontvangt louter onze factuur. Download brochure inspiratie Laat [&hellip;]\" \/>\n<meta property=\"og:url\" content=\"https:\/\/www.worldmeetings.com\/de\/diensten\/diensten-restaurantservice\/\" \/>\n<meta property=\"og:site_name\" content=\"Worldmeetings\" \/>\n<meta property=\"article:modified_time\" content=\"2025-03-06T13:58:41+00:00\" \/>\n<meta name=\"twitter:card\" content=\"summary_large_image\" \/>\n<meta name=\"twitter:label1\" content=\"Est. reading time\" \/>\n\t<meta name=\"twitter:data1\" content=\"1\u00a0Minute\" \/>\n<script type=\"application\/ld+json\" class=\"yoast-schema-graph\">{\"@context\":\"https:\\\/\\\/schema.org\",\"@graph\":[{\"@type\":\"WebPage\",\"@id\":\"https:\\\/\\\/www.worldmeetings.com\\\/nl\\\/diensten\\\/diensten-restaurantservice\\\/\",\"url\":\"https:\\\/\\\/www.worldmeetings.com\\\/nl\\\/diensten\\\/diensten-restaurantservice\\\/\",\"name\":\"Restaurantservice - Worldmeetings\",\"isPartOf\":{\"@id\":\"https:\\\/\\\/www.worldmeetings.com\\\/nl\\\/#website\"},\"datePublished\":\"2024-02-21T22:49:27+00:00\",\"dateModified\":\"2025-03-06T13:58:41+00:00\",\"breadcrumb\":{\"@id\":\"https:\\\/\\\/www.worldmeetings.com\\\/nl\\\/diensten\\\/diensten-restaurantservice\\\/#breadcrumb\"},\"inLanguage\":\"de\",\"potentialAction\":[{\"@type\":\"ReadAction\",\"target\":[\"https:\\\/\\\/www.worldmeetings.com\\\/nl\\\/diensten\\\/diensten-restaurantservice\\\/\"]}]},{\"@type\":\"BreadcrumbList\",\"@id\":\"https:\\\/\\\/www.worldmeetings.com\\\/nl\\\/diensten\\\/diensten-restaurantservice\\\/#breadcrumb\",\"itemListElement\":[{\"@type\":\"ListItem\",\"position\":1,\"name\":\"Home\",\"item\":\"https:\\\/\\\/www.worldmeetings.com\\\/nl\\\/\"},{\"@type\":\"ListItem\",\"position\":2,\"name\":\"Diensten\",\"item\":\"https:\\\/\\\/www.worldmeetings.com\\\/en\\\/diensten\\\/\"},{\"@type\":\"ListItem\",\"position\":3,\"name\":\"Restaurantservice\"}]},{\"@type\":\"WebSite\",\"@id\":\"https:\\\/\\\/www.worldmeetings.com\\\/nl\\\/#website\",\"url\":\"https:\\\/\\\/www.worldmeetings.com\\\/nl\\\/\",\"name\":\"Worldmeetings\",\"description\":\"\",\"publisher\":{\"@id\":\"https:\\\/\\\/www.worldmeetings.com\\\/nl\\\/#organization\"},\"potentialAction\":[{\"@type\":\"SearchAction\",\"target\":{\"@type\":\"EntryPoint\",\"urlTemplate\":\"https:\\\/\\\/www.worldmeetings.com\\\/nl\\\/?s={search_term_string}\"},\"query-input\":{\"@type\":\"PropertyValueSpecification\",\"valueRequired\":true,\"valueName\":\"search_term_string\"}}],\"inLanguage\":\"de\"},{\"@type\":\"Organization\",\"@id\":\"https:\\\/\\\/www.worldmeetings.com\\\/nl\\\/#organization\",\"name\":\"Worldmeetings\",\"url\":\"https:\\\/\\\/www.worldmeetings.com\\\/nl\\\/\",\"logo\":{\"@type\":\"ImageObject\",\"inLanguage\":\"de\",\"@id\":\"https:\\\/\\\/www.worldmeetings.com\\\/nl\\\/#\\\/schema\\\/logo\\\/image\\\/\",\"url\":\"https:\\\/\\\/www.worldmeetings.com\\\/app\\\/uploads\\\/2024\\\/01\\\/worldmeetings.svg\",\"contentUrl\":\"https:\\\/\\\/www.worldmeetings.com\\\/app\\\/uploads\\\/2024\\\/01\\\/worldmeetings.svg\",\"width\":208,\"height\":79,\"caption\":\"Worldmeetings\"},\"image\":{\"@id\":\"https:\\\/\\\/www.worldmeetings.com\\\/nl\\\/#\\\/schema\\\/logo\\\/image\\\/\"}}]}<\/script>\n<!-- \/ Yoast SEO plugin. -->","yoast_head_json":{"title":"Restaurantservice - Worldmeetings","robots":{"index":"index","follow":"follow","max-snippet":"max-snippet:-1","max-image-preview":"max-image-preview:large","max-video-preview":"max-video-preview:-1"},"canonical":"https:\/\/www.worldmeetings.com\/de\/diensten\/diensten-restaurantservice\/","og_locale":"de_DE","og_type":"article","og_title":"Restaurantservice - Worldmeetings","og_description":"Uw dinner. zo geboekt Onze Restaurantservice Het gemak van \u00e9\u00e9n factuur voor al uw restaurantreserveringen. Geen tientallen facturen van allerlei restaurants. Niets van dat. Wanneer wij u ondersteunen dan nemen we de gehele administratie van u over. Van offerteaanvragen tot facturatie. Alles met uw akkoord en u ontvangt louter onze factuur. Download brochure inspiratie Laat [&hellip;]","og_url":"https:\/\/www.worldmeetings.com\/de\/diensten\/diensten-restaurantservice\/","og_site_name":"Worldmeetings","article_modified_time":"2025-03-06T13:58:41+00:00","twitter_card":"summary_large_image","twitter_misc":{"Est. reading time":"1\u00a0Minute"},"schema":{"@context":"https:\/\/schema.org","@graph":[{"@type":"WebPage","@id":"https:\/\/www.worldmeetings.com\/nl\/diensten\/diensten-restaurantservice\/","url":"https:\/\/www.worldmeetings.com\/nl\/diensten\/diensten-restaurantservice\/","name":"Restaurantservice - Worldmeetings","isPartOf":{"@id":"https:\/\/www.worldmeetings.com\/nl\/#website"},"datePublished":"2024-02-21T22:49:27+00:00","dateModified":"2025-03-06T13:58:41+00:00","breadcrumb":{"@id":"https:\/\/www.worldmeetings.com\/nl\/diensten\/diensten-restaurantservice\/#breadcrumb"},"inLanguage":"de","potentialAction":[{"@type":"ReadAction","target":["https:\/\/www.worldmeetings.com\/nl\/diensten\/diensten-restaurantservice\/"]}]},{"@type":"BreadcrumbList","@id":"https:\/\/www.worldmeetings.com\/nl\/diensten\/diensten-restaurantservice\/#breadcrumb","itemListElement":[{"@type":"ListItem","position":1,"name":"Home","item":"https:\/\/www.worldmeetings.com\/nl\/"},{"@type":"ListItem","position":2,"name":"Diensten","item":"https:\/\/www.worldmeetings.com\/en\/diensten\/"},{"@type":"ListItem","position":3,"name":"Restaurantservice"}]},{"@type":"WebSite","@id":"https:\/\/www.worldmeetings.com\/nl\/#website","url":"https:\/\/www.worldmeetings.com\/nl\/","name":"Weltbegegnungen","description":"","publisher":{"@id":"https:\/\/www.worldmeetings.com\/nl\/#organization"},"potentialAction":[{"@type":"SearchAction","target":{"@type":"EntryPoint","urlTemplate":"https:\/\/www.worldmeetings.com\/nl\/?s={search_term_string}"},"query-input":{"@type":"PropertyValueSpecification","valueRequired":true,"valueName":"search_term_string"}}],"inLanguage":"de"},{"@type":"Organization","@id":"https:\/\/www.worldmeetings.com\/nl\/#organization","name":"Weltbegegnungen","url":"https:\/\/www.worldmeetings.com\/nl\/","logo":{"@type":"ImageObject","inLanguage":"de","@id":"https:\/\/www.worldmeetings.com\/nl\/#\/schema\/logo\/image\/","url":"https:\/\/www.worldmeetings.com\/app\/uploads\/2024\/01\/worldmeetings.svg","contentUrl":"https:\/\/www.worldmeetings.com\/app\/uploads\/2024\/01\/worldmeetings.svg","width":208,"height":79,"caption":"Worldmeetings"},"image":{"@id":"https:\/\/www.worldmeetings.com\/nl\/#\/schema\/logo\/image\/"}}]}},"_links":{"self":[{"href":"https:\/\/www.worldmeetings.com\/de\/wp-json\/wp\/v2\/pages\/2691","targetHints":{"allow":["GET"]}}],"collection":[{"href":"https:\/\/www.worldmeetings.com\/de\/wp-json\/wp\/v2\/pages"}],"about":[{"href":"https:\/\/www.worldmeetings.com\/de\/wp-json\/wp\/v2\/types\/page"}],"author":[{"embeddable":true,"href":"https:\/\/www.worldmeetings.com\/de\/wp-json\/wp\/v2\/users\/9"}],"replies":[{"embeddable":true,"href":"https:\/\/www.worldmeetings.com\/de\/wp-json\/wp\/v2\/comments?post=2691"}],"version-history":[{"count":54,"href":"https:\/\/www.worldmeetings.com\/de\/wp-json\/wp\/v2\/pages\/2691\/revisions"}],"predecessor-version":[{"id":8050,"href":"https:\/\/www.worldmeetings.com\/de\/wp-json\/wp\/v2\/pages\/2691\/revisions\/8050"}],"up":[{"embeddable":true,"href":"https:\/\/www.worldmeetings.com\/de\/wp-json\/wp\/v2\/pages\/3047"}],"wp:attachment":[{"href":"https:\/\/www.worldmeetings.com\/de\/wp-json\/wp\/v2\/media?parent=2691"}],"curies":[{"name":"wp","href":"https:\/\/api.w.org\/{rel}","templated":true}]}}